{"id":360447,"date":"2026-03-18T13:19:59","date_gmt":"2026-03-18T11:19:59","guid":{"rendered":"https:\/\/staging.met-industry.hu\/?post_type=product&#038;p=360447"},"modified":"2026-03-23T18:31:09","modified_gmt":"2026-03-23T16:31:09","slug":"duoram-k36-2-jab-j-a-becker-sohne","status":"publish","type":"product","link":"https:\/\/staging.met-industry.hu\/en\/uzlet\/duoram-k36-2-jab-j-a-becker-sohne\/","title":{"rendered":"DuoRam K36.2 \u2013 JAB | J.A. Becker &amp; S\u00f6hne"},"content":{"rendered":"<p># J.A. Becker &#038; S\u00f6hne DuoRam K36.2 \u2013 Kett\u0151s Teleszk\u00f3pos Billen\u0151 Karos Emel\u0151rendszer<\/p>\n<p>A J.A. Becker &#038; S\u00f6hne DuoRam K36.2 emel\u0151rendszere a legmodernebb megold\u00e1st k\u00edn\u00e1lja szinte b\u00e1rmilyen szem\u00e9lyg\u00e9pkocsi \u00e9s kisteherg\u00e9pj\u00e1rm\u0171 emel\u00e9s\u00e9hez. A dupla teleszk\u00f3pos billen\u0151 karoknak k\u00f6sz\u00f6nhet\u0151en rendk\u00edv\u00fcli rugalmass\u00e1got \u00e9s hozz\u00e1f\u00e9rhet\u0151s\u00e9get biztos\u00edt a szervizmunk\u00e1k sor\u00e1n. Az innovat\u00edv JAB dugaszolhat\u00f3 r\u00f6gz\u00edt\u0151rendszer garant\u00e1lja a k\u00fcl\u00f6nb\u00f6z\u0151, j\u00e1rm\u0171specifikus \u2013 ak\u00e1r formatart\u00f3 \u2013 felf\u00fcggeszt\u00e9sek gyors cser\u00e9j\u00e9t, maximaliz\u00e1lva ezzel a m\u0171hely hat\u00e9konys\u00e1g\u00e1t.<\/p>\n<p>This premium category lift is not just a standard tool; in line with JAB's philosophy, it is a non-standard product born in the spirit of safety, redundancy, and long service life.<\/p>\n<p>## Main Features and Benefits (Highlights)<\/p>\n<p>In the design of the DuoRam K36.2, maximum safety and the optimization of service work were the central focus:<\/p>\n<p>*   **Redundant Design:** Two independent hydraulic cylinders ensure safe and reliable operation, thus increasing the system's safety margin.<br \/>\n*   **Excellent Anti-Rotation System:** The anti-rotation mechanism extending over the entire stroke length guarantees the vehicle's stable position during lifting.<br \/>\n*   **Moment Absorption:** Additional guide rods absorb all occurring load moments, thereby protecting the lifting structure and ensuring precise travel.<br \/>\n*   **Directly Flanged Hydraulic Unit:** The direct mounting of the hydraulic unit allows for simpler maintenance and optimal space utilization.<br \/>\n*   **Excellent Accessibility:** The design ensures optimal access to the wheels, brake system, engine bonnet, vehicle cabin, and body for any repair or maintenance task.<br \/>\n*   **High Mounting Versatility:** The system is capable of safely mounting and lifting an extremely wide range of vehicles.<\/p>\n<p>## Technical Data<\/p>\n<p>The DuoRam K36.2 lift is the result of precise engineering work, featuring the following key parameters:<\/p>\n<p>| Parameter | Value | Remarks |<br \/>\n| :&#8212; | :&#8212; | :&#8212; |<br \/>\n| **Load Capacity** | 3,500 kg | For passenger cars and light commercial vehicles |<br \/>\n| **Lifting Height** | 1,880 mm | Maximum working height |<br \/>\n| **Pass-through Height (Crossbar Height)** | 109 mm | Minimum height above floor level |<br \/>\n| **Installation Depth** | 2,350 mm | Required depth for in-floor installation |<br \/>\n| **Oil Volume** | 10 liters | Required volume for filling the hydraulic system |<br \/>\n| **Connection Power** | 2 kW | Power of the electric drive |<\/p>\n<p>## Product Information on the DuoRam K36.2<\/p>\n<p>The DuoRam K 36.2 features double telescopic tilting arms that allow for the symmetric or asymmetric positioning of vehicles for maximum flexibility. The JAB plug-in fastening system (pluggable mounting points) allows the service technician to quickly switch between the specially designed mounting elements required for different vehicle models. This system is not only fast but also guarantees optimal fit to the vehicle's underbody.<\/p>\n<p>The K36.2 model is the ideal choice for workshops where, in addition to meeting high safety requirements, quick changeover time and full access are essential for efficient work. The 1880 mm lifting height provides sufficient space for most underbody and drivetrain work, while the low 109 mm pass-through height minimizes the blind spot under the vehicle when the lift is not in use.<\/p>\n<p>A DuoRam K36.2 minden szempontb\u00f3l egy els\u0151 oszt\u00e1ly\u00fa term\u00e9k, amely a J.A. Becker &#038; S\u00f6hne \u00e9vtizedes tapasztalat\u00e1t \u00e9s min\u0151s\u00e9g\u00e9t k\u00e9pviseli a j\u00e1rm\u0171emel\u00e9si technol\u00f3gi\u00e1k ter\u00e9n. A robusztus fel\u00e9p\u00edt\u00e9s \u00e9s a redund\u00e1ns biztons\u00e1gi rendszerek hossz\u00fa t\u00e1v\u00fa, probl\u00e9mamentes \u00fczemeltet\u00e9st garant\u00e1lnak.<\/p>","protected":false},"excerpt":{"rendered":"<p>The DuoRam K36.2 double telescopic tilting arm lifting system offers the most modern solution for lifting almost any passenger car.<\/p>","protected":false},"featured_media":314664,"template":"","meta":[],"product_brand":[13680],"product_cat":[12998],"product_tag":[],"class_list":{"0":"post-360447","1":"product","2":"type-product","3":"status-publish","4":"has-post-thumbnail","6":"product_brand-jab-becker","7":"product_cat-egyeb-termekek","9":"first","10":"instock","11":"shipping-taxable","12":"product-type-simple"},"_links":{"self":[{"href":"https:\/\/staging.met-industry.hu\/en\/wp-json\/wp\/v2\/product\/360447","targetHints":{"allow":["GET"]}}],"collection":[{"href":"https:\/\/staging.met-industry.hu\/en\/wp-json\/wp\/v2\/product"}],"about":[{"href":"https:\/\/staging.met-industry.hu\/en\/wp-json\/wp\/v2\/types\/product"}],"version-history":[{"count":0,"href":"https:\/\/staging.met-industry.hu\/en\/wp-json\/wp\/v2\/product\/360447\/revisions"}],"wp:featuredmedia":[{"embeddable":true,"href":"https:\/\/staging.met-industry.hu\/en\/wp-json\/wp\/v2\/media\/314664"}],"wp:attachment":[{"href":"https:\/\/staging.met-industry.hu\/en\/wp-json\/wp\/v2\/media?parent=360447"}],"wp:term":[{"taxonomy":"product_brand","embeddable":true,"href":"https:\/\/staging.met-industry.hu\/en\/wp-json\/wp\/v2\/product_brand?post=360447"},{"taxonomy":"product_cat","embeddable":true,"href":"https:\/\/staging.met-industry.hu\/en\/wp-json\/wp\/v2\/product_cat?post=360447"},{"taxonomy":"product_tag","embeddable":true,"href":"https:\/\/staging.met-industry.hu\/en\/wp-json\/wp\/v2\/product_tag?post=360447"}],"curies":[{"name":"wp","href":"https:\/\/api.w.org\/{rel}","templated":true}]}}