{"id":360541,"date":"2026-03-18T13:20:26","date_gmt":"2026-03-18T11:20:26","guid":{"rendered":"https:\/\/staging.met-industry.hu\/?post_type=product&#038;p=360541"},"modified":"2026-03-23T18:31:06","modified_gmt":"2026-03-23T16:31:06","slug":"sv-1400-60-ng-jab-j-a-becker-sohne-haromlepcsos-foldgazkompresszor","status":"publish","type":"product","link":"https:\/\/staging.met-industry.hu\/en\/uzlet\/sv-1400-60-ng-jab-j-a-becker-sohne-haromlepcsos-foldgazkompresszor\/","title":{"rendered":"SV 1400\/60 NG \u2013 JAB | J.A. Becker &amp; S\u00f6hne Three-Stage Natural Gas Compressor"},"content":{"rendered":"<p># SV 1400\/60 NG \u2013 Three-stage Natural Gas Compressor<\/p>\n<p>Az SV 1400\/60 NG egy cs\u00facskateg\u00f3ri\u00e1s, h\u00e1roml\u00e9pcs\u0151s f\u00f6ldg\u00e1zkompresszor, amelyet a J.A. Becker &#038; S\u00f6hne fejlesztett ki a legmagasabb teljes\u00edtm\u00e9ny \u00e9s megb\u00edzhat\u00f3s\u00e1g biztos\u00edt\u00e1s\u00e1ra. Ez a modell kiv\u00e1l\u00f3an alkalmas olyan ipari alkalmaz\u00e1sokhoz, ahol nagy nyom\u00e1s\u00fa f\u00f6ldg\u00e1z sz\u00e1ll\u00edt\u00e1s\u00e1ra van sz\u00fcks\u00e9g, 60 bar maxim\u00e1lis \u00fczemi nyom\u00e1s el\u00e9r\u00e9s\u00e9vel. A k\u00e9sz\u00fcl\u00e9k a hat\u00e9konys\u00e1g, a hossz\u00fa \u00e9lettartam \u00e9s az automatiz\u00e1lt m\u0171k\u00f6d\u00e9s \u00f6tv\u00f6zet\u00e9t k\u00edn\u00e1lja.<\/p>\n<p>## Main Features and Advantages<\/p>\n<p>The SV 1400\/60 NG compressor is not a \u201estandard product,\u201d but a premium solution featuring several outstanding characteristics:<\/p>\n<p>*   **Exceptional Efficiency Cooling:** The advanced cooling system ensures optimal operating temperature, which increases the compressor's service life and reduces energy consumption. Efficient heat dissipation is crucial during high-performance gas compression.<br \/>\n*   **Fully Automatic Discharge:** The unit is capable of automatic pressure release (discharge), which facilitates maintenance and ensures a safe shutdown. This function significantly simplifies operation.<br \/>\n*   **Long Maintenance Intervals:** The robust construction and high-quality components guarantee less frequent servicing, thereby minimizing downtime and operating costs.<br \/>\n*   **Kiv\u00e1l\u00f3 min\u0151s\u00e9g minden szempontb\u00f3l:** A Becker &#038; S\u00f6hne elk\u00f6telezetts\u00e9ge a min\u0151s\u00e9g ir\u00e1nt minden egyes alkatr\u00e9szben megmutatkozik, biztos\u00edtva a megb\u00edzhat\u00f3 \u00e9s tart\u00f3s m\u0171k\u00f6d\u00e9st.<\/p>\n<p>## Technical Data<\/p>\n<p>The performance and parameters of the SV 1400\/60 NG compressor are detailed in the following table:<\/p>\n<p>| Parameter | Value | Remarks |<br \/>\n| :&#8212; | :&#8212; | :&#8212; |<br \/>\n| **Inlet Pressure** | 0.02 \/ 0.3 bar | Two different inlet ranges |<br \/>\n| **Volume Flow (Suction)** | 1,420 l\/min | |<br \/>\n| **Volume Flow (Suction)** | 1,810 l\/min | |<br \/>\n| **Maximum Operating Pressure** | 60 bar | For high-pressure applications |<br \/>\n| **Compression Stages \/ Cylinder** | 3 \/ 3 | Three-stage compression |<br \/>\n| **Electric Motor Power** | 30 kW | |<br \/>\n| **Rotational Speed** | 1,500 rpm | |<\/p>\n<p>### Performance Summary<\/p>\n<p>This three-stage natural gas compressor can handle a volume flow rate of 85.2 \u2013 108.6 m\u00b3\/h at an operating pressure of 60 bar. The 30 kW electric motor drives the system at a speed of 1500 revolutions per minute, performing gas compression in three separate pressure stages. It is also capable of handling extremely low inlet pressures (as low as 0.02 bar), which provides flexibility under varying gas supply conditions.<\/p>\n<p>## Product Information and Documentation<\/p>\n<p>Further detailed information about the product, including the complete technical datasheet and product brochure, is also available for download:<\/p>\n<p>*   **Download Technical Datasheet:** Detailed technical specifications for natural gas compressors.<br \/>\n*   **Download Brochure:** Comprehensive product information and application areas.<\/p>\n<p>Az SV 1400\/60 NG ide\u00e1lis v\u00e1laszt\u00e1s minden olyan ipari felhaszn\u00e1l\u00f3 sz\u00e1m\u00e1ra, aki megb\u00edzhat\u00f3, nagy teljes\u00edtm\u00e9ny\u0171 \u00e9s hat\u00e9kony f\u00f6ldg\u00e1zkompresszorra van sz\u00fcks\u00e9ge a legmagasabb nyom\u00e1sig\u00e9nyek kiel\u00e9g\u00edt\u00e9s\u00e9re. A Becker &#038; S\u00f6hne m\u00e9rn\u00f6ki precizit\u00e1sa garant\u00e1lja a hossz\u00fa t\u00e1v\u00fa, probl\u00e9mamentes m\u0171k\u00f6d\u00e9st.<\/p>","protected":false},"excerpt":{"rendered":"<p>Cs\u00facskateg\u00f3ri\u00e1s J.A. Becker &#038; S\u00f6hne SV 1400\/60 NG h\u00e1roml\u00e9pcs\u0151s f\u00f6ldg\u00e1zkompresszor, maxim\u00e1lis teljes\u00edtm\u00e9nyre \u00e9s megb\u00edzhat\u00f3s\u00e1gra tervezve.<\/p>","protected":false},"featured_media":314892,"template":"","meta":[],"product_brand":[13680],"product_cat":[12998],"product_tag":[],"class_list":{"0":"post-360541","1":"product","2":"type-product","3":"status-publish","4":"has-post-thumbnail","6":"product_brand-jab-becker","7":"product_cat-egyeb-termekek","9":"first","10":"instock","11":"shipping-taxable","12":"product-type-simple"},"_links":{"self":[{"href":"https:\/\/staging.met-industry.hu\/en\/wp-json\/wp\/v2\/product\/360541","targetHints":{"allow":["GET"]}}],"collection":[{"href":"https:\/\/staging.met-industry.hu\/en\/wp-json\/wp\/v2\/product"}],"about":[{"href":"https:\/\/staging.met-industry.hu\/en\/wp-json\/wp\/v2\/types\/product"}],"version-history":[{"count":0,"href":"https:\/\/staging.met-industry.hu\/en\/wp-json\/wp\/v2\/product\/360541\/revisions"}],"wp:featuredmedia":[{"embeddable":true,"href":"https:\/\/staging.met-industry.hu\/en\/wp-json\/wp\/v2\/media\/314892"}],"wp:attachment":[{"href":"https:\/\/staging.met-industry.hu\/en\/wp-json\/wp\/v2\/media?parent=360541"}],"wp:term":[{"taxonomy":"product_brand","embeddable":true,"href":"https:\/\/staging.met-industry.hu\/en\/wp-json\/wp\/v2\/product_brand?post=360541"},{"taxonomy":"product_cat","embeddable":true,"href":"https:\/\/staging.met-industry.hu\/en\/wp-json\/wp\/v2\/product_cat?post=360541"},{"taxonomy":"product_tag","embeddable":true,"href":"https:\/\/staging.met-industry.hu\/en\/wp-json\/wp\/v2\/product_tag?post=360541"}],"curies":[{"name":"wp","href":"https:\/\/api.w.org\/{rel}","templated":true}]}}