{"id":360682,"date":"2026-03-18T13:20:59","date_gmt":"2026-03-18T11:20:59","guid":{"rendered":"https:\/\/staging.met-industry.hu\/?post_type=product&#038;p=360682"},"modified":"2026-03-23T18:30:55","modified_gmt":"2026-03-23T16:30:55","slug":"v-5345-2-40-15-kw-jab-j-a-becker-sohne-egyfokozatu-legkompresszor","status":"publish","type":"product","link":"https:\/\/staging.met-industry.hu\/en\/uzlet\/v-5345-2-40-15-kw-jab-j-a-becker-sohne-egyfokozatu-legkompresszor\/","title":{"rendered":"V 5345-2\/40 15 kW \u2013 JAB | J.A. Becker &amp; S\u00f6hne Single-stage Air Compressor"},"content":{"rendered":"<p># V 5345-2\/40 15 kW Single-Stage Air Compressor<\/p>\n<p>A J.A. Becker &#038; S\u00f6hne V 5345-2\/40 t\u00edpus\u00fa, 15 kW teljes\u00edtm\u00e9ny\u0171, egyfokozat\u00fa l\u00e9gkompresszora kiv\u00e1l\u00f3 v\u00e1laszt\u00e1s azok sz\u00e1m\u00e1ra, akik megb\u00edzhat\u00f3, nagy teljes\u00edtm\u00e9ny\u0171 s\u0171r\u00edtett leveg\u0151 el\u0151\u00e1ll\u00edt\u00e1si megold\u00e1st keresnek. Ez a modell rugalmasan konfigur\u00e1lhat\u00f3, hogy megfeleljen a k\u00fcl\u00f6nb\u00f6z\u0151 nyom\u00e1s- \u00e9s t\u00e9rfogat\u00e1ram-ig\u00e9nyeknek, 20 \u00e9s 40 bar k\u00f6z\u00f6tti \u00fczemi nyom\u00e1startom\u00e1nyt \u00e9s 61,8 \u00e9s 154,8 m\u00b3\/h k\u00f6z\u00f6tti t\u00e9rfogat\u00e1ramot biztos\u00edtva.<\/p>\n<p>JAB compressors are not \u201eoff-the-shelf products\u201d; the design prioritized the highest quality and efficiency, guaranteeing long service life and low maintenance requirements.<\/p>\n<p>## Main Features (Highlights)<\/p>\n<p>This compressor family has the following outstanding characteristics:<\/p>\n<p>*   **High-Efficiency Cooling:** Excellent heat management ensures optimal operating temperature, thereby maximizing efficiency and extending service life.<br \/>\n*   **Fully Automatic Operation:** The built-in automatic lubrication system simplifies maintenance and ensures the system's optimal condition even during downtimes.<br \/>\n*   **Long Maintenance Intervals:** Due to the robust construction and high-quality components, maintenance cycles have been significantly extended, reducing downtime and operating costs.<br \/>\n*   **Kiv\u00e1l\u00f3 min\u0151s\u00e9g minden szempontb\u00f3l:** A term\u00e9k a J.A. Becker &#038; S\u00f6hne m\u00e9rn\u00f6ki precizit\u00e1s\u00e1t t\u00fckr\u00f6zi, biztos\u00edtva a megb\u00edzhat\u00f3 \u00e9s folyamatos m\u0171k\u00f6d\u00e9st.<\/p>\n<p>## Technical Data<\/p>\n<p>The V 5345-2\/40 model is a single-stage, 2-cylinder design, operating at 1500 rpm. The compressor is available in several configurations, depending on the inlet pressure and the desired maximum operating pressure.<\/p>\n<p>The table below details the different performance specifications:<\/p>\n<p>| Inlet Pressure | Max. Operating Pressure | Volume Flow |<br \/>\n| :&#8212; | :&#8212; | :&#8212; |<br \/>\n| **7.5 bar** | 30 bar | 1520 l\/min |<br \/>\n| **7.5 bar** | 40 bar | 1450 l\/min |<br \/>\n| **10 bar** | 20 bar | 2050 l\/min |<br \/>\n| **10 bar** | 30 bar | 1950 l\/min |<br \/>\n| **10 bar** | 40 bar | 1865 l\/min |<br \/>\n| **13 bar** | 20 bar | 2580 l\/min |<br \/>\n| **13 bar** | 30 bar | 2460 l\/min |<br \/>\n| **13 bar** | 40 bar | 2340 l\/min |<\/p>\n<p>**General Specifications:**<\/p>\n<p>*   **Power:** 15 kW<br \/>\n*   **Number of Stages:** 1 pressure stage<br \/>\n*   **Number of Cylinders:** 2<br \/>\n*   **Rotational Speed:** 1500 rpm<br \/>\n*   **Volume flow range:** 61.8 \u2013 154.8 m\u00b3\/h (converted based on specifications)<br \/>\n*   **Operating pressure range:** 20 \u2013 40 bar<\/p>\n<p>## Product Information and Application Areas<\/p>\n<p>This compressor is the ideal choice for industrial applications requiring high pressure but a relatively medium volume flow of compressed air. The maximum pressure capability of 40 bar can be particularly advantageous when driving special hydraulic or pneumatic systems where conventional compressors are insufficient.<\/p>\n<p>A J.A. Becker &#038; S\u00f6hne elk\u00f6telezett a standard megold\u00e1sok elker\u00fcl\u00e9se mellett, minden egyes egys\u00e9get \u00fagy tervezve, hogy a legmagasabb ipari elv\u00e1r\u00e1soknak is megfeleljen. A kiv\u00e1l\u00f3 h\u0171t\u00e9si rendszer biztos\u00edtja, hogy a kompresszor m\u00e9g intenz\u00edv terhel\u00e9s mellett is stabilan m\u0171k\u00f6dj\u00f6n, minimaliz\u00e1lva a h\u0151 okozta teljes\u00edtm\u00e9nyvesztes\u00e9get.<\/p>\n<p>Detailed data sheets and brochures are available for the product to provide further technical details. Thanks to its robust design and components engineered for a long service life, the V 5345-2\/40 offers a cost-effective solution for compressed air generation over the long term.<\/p>","protected":false},"excerpt":{"rendered":"<p>15 kW-os egyfokozat\u00fa J.A. Becker &#038; S\u00f6hne V 5345-2\/40 l\u00e9gkompresszor. Ide\u00e1lis v\u00e1laszt\u00e1s nagy teljes\u00edtm\u00e9ny\u0171, folyamatos s\u0171r\u00edtett leveg\u0151 ell\u00e1t\u00e1shoz.<\/p>","protected":false},"featured_media":315497,"template":"","meta":[],"product_brand":[13680],"product_cat":[12998],"product_tag":[],"class_list":{"0":"post-360682","1":"product","2":"type-product","3":"status-publish","4":"has-post-thumbnail","6":"product_brand-jab-becker","7":"product_cat-egyeb-termekek","9":"first","10":"instock","11":"shipping-taxable","12":"product-type-simple"},"_links":{"self":[{"href":"https:\/\/staging.met-industry.hu\/en\/wp-json\/wp\/v2\/product\/360682","targetHints":{"allow":["GET"]}}],"collection":[{"href":"https:\/\/staging.met-industry.hu\/en\/wp-json\/wp\/v2\/product"}],"about":[{"href":"https:\/\/staging.met-industry.hu\/en\/wp-json\/wp\/v2\/types\/product"}],"version-history":[{"count":0,"href":"https:\/\/staging.met-industry.hu\/en\/wp-json\/wp\/v2\/product\/360682\/revisions"}],"wp:featuredmedia":[{"embeddable":true,"href":"https:\/\/staging.met-industry.hu\/en\/wp-json\/wp\/v2\/media\/315497"}],"wp:attachment":[{"href":"https:\/\/staging.met-industry.hu\/en\/wp-json\/wp\/v2\/media?parent=360682"}],"wp:term":[{"taxonomy":"product_brand","embeddable":true,"href":"https:\/\/staging.met-industry.hu\/en\/wp-json\/wp\/v2\/product_brand?post=360682"},{"taxonomy":"product_cat","embeddable":true,"href":"https:\/\/staging.met-industry.hu\/en\/wp-json\/wp\/v2\/product_cat?post=360682"},{"taxonomy":"product_tag","embeddable":true,"href":"https:\/\/staging.met-industry.hu\/en\/wp-json\/wp\/v2\/product_tag?post=360682"}],"curies":[{"name":"wp","href":"https:\/\/api.w.org\/{rel}","templated":true}]}}