{"id":360686,"date":"2026-03-18T13:20:59","date_gmt":"2026-03-18T11:20:59","guid":{"rendered":"https:\/\/staging.met-industry.hu\/?post_type=product&#038;p=360686"},"modified":"2026-03-23T18:30:54","modified_gmt":"2026-03-23T16:30:54","slug":"v-5461-2-40-22-kw-jab-j-a-becker-sohne-egyfokozatu-legkompresszor","status":"publish","type":"product","link":"https:\/\/staging.met-industry.hu\/en\/uzlet\/v-5461-2-40-22-kw-jab-j-a-becker-sohne-egyfokozatu-legkompresszor\/","title":{"rendered":"V 5461-2\/40 22 kW \u2013 JAB | J.A. Becker &amp; S\u00f6hne Single-Stage Air Compressor"},"content":{"rendered":"<p># V 5461-2\/40 22 kW Single-Stage Air Compressor<\/p>\n<p>A J.A. Becker &#038; S\u00f6hne V 5461-2\/40 t\u00edpus\u00fa, 22 kW teljes\u00edtm\u00e9ny\u0171, egyfokozat\u00fa l\u00e9gkompresszora kiv\u00e1l\u00f3 v\u00e1laszt\u00e1s azok sz\u00e1m\u00e1ra, akik megb\u00edzhat\u00f3, nagy teljes\u00edtm\u00e9ny\u0171 \u00e9s hat\u00e9kony s\u0171r\u00edtett leveg\u0151 el\u0151\u00e1ll\u00edt\u00e1si megold\u00e1st keresnek. Ez a modell a JAB kompresszorcsal\u00e1d kiemelked\u0151 darabja, amelyet \u00fagy terveztek, hogy megfeleljen a legmagasabb ipari elv\u00e1r\u00e1soknak is, k\u00fcl\u00f6n\u00f6sen a magas nyom\u00e1s\u00fa alkalmaz\u00e1sok ter\u00e9n.<\/p>\n<p>Ez a kompresszor nem egy &#8222;tucatterm\u00e9k&#8221;; a J.A. Becker &#038; S\u00f6hne elk\u00f6telezett a min\u0151s\u00e9g \u00e9s a szem\u00e9lyre szabott megold\u00e1sok ir\u00e1nt, ami a V 5461-2\/40 minden egyes elem\u00e9ben megmutatkozik.<\/p>\n<p>## Main Features and Advantages<\/p>\n<p>The V 5461-2\/40 series was developed with durability, efficiency, and long service life in mind.<\/p>\n<p>*   **Outstandingly Efficient Cooling:** Advanced cooling technology ensures optimal operating temperature, which increases the compressor's lifespan and maintains high performance even under intensive load.<br \/>\n*   **Fully Automatic Draining:** The built-in automatic condensate drain system ensures the system remains dry, minimizing maintenance requirements and preventing corrosion.<br \/>\n*   **Long Maintenance Cycles:** As a result of excellent quality components and precise engineering work, maintenance intervals have been significantly extended, reducing downtime and operating costs.<br \/>\n*   **Flexible Configuration:** The unit is available with various combinations of inlet pressure and outlet pressure\/flow rate, allowing it to be precisely adapted to the specific application.<\/p>\n<p>## Technical Data Summary<\/p>\n<p>The V 5461-2\/40 is a single-stage, two-cylinder compressor operating at 1500 rpm, equipped with a 22 kW drive motor. Performance data varies significantly depending on the inlet pressure, covering a wide range of operating pressures between 20 bar and 40 bar.<\/p>\n<p>| Parameter | Value | Remarks |<br \/>\n| :&#8212; | :&#8212; | :&#8212; |<br \/>\n| **Model** | V 5461-2\/40 | Single-Stage Air Compressor |<br \/>\n| **Drive Motor Power** | 22 kW | Nominal Power |<br \/>\n| **Number of Cylinders** | 2 | Two-cylinder design |<br \/>\n| **Speed** | 1500 rpm | Constant operating speed |<br \/>\n| **Operating Pressure Range** | 20 \u2013 40 bar | Maximum operating pressure depending on configuration |<br \/>\n| **Flow Rate Range** | 228.6 \u2013 456.0 m\u00b3\/h | Dependent on inlet and outlet parameters |<\/p>\n<p>### Detailed Performance Configurations<\/p>\n<p>The flexibility of the compressor is illustrated in the following table, which shows the flow rates and maximum operating pressures corresponding to different inlet pressures (suction pressure):<\/p>\n<p>#### 1. Configurations at 7.5 bar Inlet Pressure<\/p>\n<p>| Flow Rate (l\/min) | Flow Rate (m\u00b3\/h) | Maximum Operating Pressure (bar) |<br \/>\n| :&#8212; | :&#8212; | :&#8212; |<br \/>\n| 4000 l\/min | 240.0 m\u00b3\/h | 30 bar |<br \/>\n| 3810 l\/min | 228.6 m\u00b3\/h | 40 bar |<\/p>\n<p>#### 2. Configurations at 10 bar Inlet Pressure<\/p>\n<p>| Flow Rate (l\/min) | Flow Rate (m\u00b3\/h) | Maximum Operating Pressure (bar) |<br \/>\n| :&#8212; | :&#8212; | :&#8212; |<br \/>\n| 5890 l\/min | 353.4 m\u00b3\/h | 20 bar |<br \/>\n| 5610 l\/min | 336.6 m\u00b3\/h | 30 bar |<br \/>\n| 5350 l\/min | 321.0 m\u00b3\/h | 40 bar |<\/p>\n<p>#### 3. Configurations at 13 bar Inlet Pressure<\/p>\n<p>| Flow Rate (l\/min) | Flow Rate (m\u00b3\/h) | Maximum Operating Pressure (bar) |<br \/>\n| :&#8212; | :&#8212; | :&#8212; |<br \/>\n| 7600 l\/min | 456.0 m\u00b3\/h | 20 bar |<br \/>\n| 7240 l\/min | 434.4 m\u00b3\/h | 30 bar |<br \/>\n| 6895 l\/min | 413.7 m\u00b3\/h | 40 bar |<\/p>\n<p>*Note: The volumetric flow rates (l\/min and m\u00b3\/h) refer to the specified inlet pressure values and reflect the compression ratio required to reach the maximum operating pressure.*<\/p>\n<p>## Exceptional Quality in Every Aspect<\/p>\n<p>A V 5461-2\/40 modell a J.A. Becker &#038; S\u00f6hne m\u00e9rn\u00f6ki filoz\u00f3fi\u00e1j\u00e1nak megtestes\u00edt\u0151je: robusztus fel\u00e9p\u00edt\u00e9s, megb\u00edzhat\u00f3 m\u0171k\u00f6d\u00e9s \u00e9s hossz\u00fa t\u00e1v\u00fa gazdas\u00e1goss\u00e1g. A k\u00e9sz\u00fcl\u00e9k kialak\u00edt\u00e1sa garant\u00e1lja, hogy a s\u0171r\u00edtett leveg\u0151 el\u0151\u00e1ll\u00edt\u00e1sa a legig\u00e9nyesebb ipari k\u00f6rnyezetekben is stabil maradjon.<\/p>\n<p>This compressor is the ideal choice for areas where a continuous and reliable supply of high-pressure air is essential, such as in high-pressure pneumatic systems, special manufacturing processes, or where subsequent air compression (booster function) is required.<\/p>\n<p>Further detailed information regarding the product, including technical data sheets and brochures, can be downloaded from the manufacturer's official sources.<\/p>","protected":false},"excerpt":{"rendered":"<p>Nagy teljes\u00edtm\u00e9ny\u0171, 22 kW-os egyfokozat\u00fa J.A. Becker &#038; S\u00f6hne V 5461-2\/40 l\u00e9gkompresszor. Kiv\u00e1l\u00f3an alkalmas folyamatos \u00fczemre.<\/p>","protected":false},"featured_media":315521,"template":"","meta":[],"product_brand":[13680],"product_cat":[12998],"product_tag":[],"class_list":{"0":"post-360686","1":"product","2":"type-product","3":"status-publish","4":"has-post-thumbnail","6":"product_brand-jab-becker","7":"product_cat-egyeb-termekek","9":"first","10":"instock","11":"shipping-taxable","12":"product-type-simple"},"_links":{"self":[{"href":"https:\/\/staging.met-industry.hu\/en\/wp-json\/wp\/v2\/product\/360686","targetHints":{"allow":["GET"]}}],"collection":[{"href":"https:\/\/staging.met-industry.hu\/en\/wp-json\/wp\/v2\/product"}],"about":[{"href":"https:\/\/staging.met-industry.hu\/en\/wp-json\/wp\/v2\/types\/product"}],"version-history":[{"count":0,"href":"https:\/\/staging.met-industry.hu\/en\/wp-json\/wp\/v2\/product\/360686\/revisions"}],"wp:featuredmedia":[{"embeddable":true,"href":"https:\/\/staging.met-industry.hu\/en\/wp-json\/wp\/v2\/media\/315521"}],"wp:attachment":[{"href":"https:\/\/staging.met-industry.hu\/en\/wp-json\/wp\/v2\/media?parent=360686"}],"wp:term":[{"taxonomy":"product_brand","embeddable":true,"href":"https:\/\/staging.met-industry.hu\/en\/wp-json\/wp\/v2\/product_brand?post=360686"},{"taxonomy":"product_cat","embeddable":true,"href":"https:\/\/staging.met-industry.hu\/en\/wp-json\/wp\/v2\/product_cat?post=360686"},{"taxonomy":"product_tag","embeddable":true,"href":"https:\/\/staging.met-industry.hu\/en\/wp-json\/wp\/v2\/product_tag?post=360686"}],"curies":[{"name":"wp","href":"https:\/\/api.w.org\/{rel}","templated":true}]}}