{"id":360688,"date":"2026-03-18T13:20:59","date_gmt":"2026-03-18T11:20:59","guid":{"rendered":"https:\/\/staging.met-industry.hu\/?post_type=product&#038;p=360688"},"modified":"2026-03-23T18:30:54","modified_gmt":"2026-03-23T16:30:54","slug":"v-5461-3-40-30-kw-jab-j-a-becker-sohne-egyfokozatu-legkompresszor","status":"publish","type":"product","link":"https:\/\/staging.met-industry.hu\/en\/uzlet\/v-5461-3-40-30-kw-jab-j-a-becker-sohne-egyfokozatu-legkompresszor\/","title":{"rendered":"V 5461-3\/40 30 kW \u2013 JAB | J.A. Becker &amp; S\u00f6hne Single-stage Air Compressor"},"content":{"rendered":"<p># V 5461-3\/40 30 kW Single-Stage Air Compressor<\/p>\n<p>A J.A. Becker &#038; S\u00f6hne V 5461-3\/40 t\u00edpus\u00fa, 30 kW teljes\u00edtm\u00e9ny\u0171, egyfokozat\u00fa l\u00e9gkompresszora kiv\u00e1l\u00f3 v\u00e1laszt\u00e1s azok sz\u00e1m\u00e1ra, akik megb\u00edzhat\u00f3, nagy teljes\u00edtm\u00e9ny\u0171 \u00e9s hat\u00e9kony s\u0171r\u00edtett leveg\u0151 el\u0151\u00e1ll\u00edt\u00e1si megold\u00e1st keresnek. Ez a modell a robusztus fel\u00e9p\u00edt\u00e9st \u00f6tv\u00f6zi a rugalmas \u00fczemeltet\u00e9si param\u00e9terekkel, sz\u00e9les tartom\u00e1nyban lefedve az ipari ig\u00e9nyeket.<\/p>\n<p>Ez a kompresszor nem egy &#8222;tucatterm\u00e9k&#8221;; a J.A. Becker &#038; S\u00f6hne elk\u00f6telezett a min\u0151s\u00e9g \u00e9s a hossz\u00fa \u00e9lettartam mellett, ami garant\u00e1lja a berendez\u00e9s optim\u00e1lis m\u0171k\u00f6d\u00e9s\u00e9t m\u00e9g a legig\u00e9nyesebb k\u00f6rnyezetben is.<\/p>\n<p>## Main Features and Advantages<\/p>\n<p>The V 5461-3\/40 series is made special by outstanding technical solutions:<\/p>\n<p>*   **Excellent Efficiency Cooling:** The advanced cooling system ensures optimal operating temperature, which increases the compressor's lifespan and maintains high efficiency even under continuous load.<br \/>\n*   **Fully Automatic Discharge (Condensate Drainage):** The built-in, fully automatic condensate drainage minimizes maintenance requirements and ensures that the compressed air remains dry, protecting connected systems from corrosion and damage.<br \/>\n*   **Long Maintenance Cycles:** Thanks to high-quality components and precise engineering work, maintenance intervals have been significantly extended, thus reducing downtime and operating costs.<br \/>\n*   **Robust Design:** The compressor features 3 cylinders and a speed of 1500 rpm, guaranteeing stable and reliable operation.<\/p>\n<p>## Technical Data Summary<\/p>\n<p>The V 5461-3\/40 model is equipped with a 30 kW motor and has a single-stage design. The performance (flow rate) and maximum operating pressure are extremely flexibly configurable depending on the inlet pressure.<\/p>\n<p>| Parameter | Value | Remarks |<br \/>\n| :&#8212; | :&#8212; | :&#8212; |<br \/>\n| **Power** | 30 kW | Electric motor power |<br \/>\n| **Number of Cylinders** | 3 | |<br \/>\n| **Number of Stages** | 1 | Single-stage compression |<br \/>\n| **Speed** | 1500 rpm | |<br \/>\n| **Flow Rate Range** | 348.9 \u2013 666.0 m\u00b3\/h | Depending on inlet pressure |<br \/>\n| **Operating Pressure Range** | 20 \u2013 40 bar | Depending on inlet pressure |<\/p>\n<p>### Detailed Performance Table<\/p>\n<p>The compressor performance (flow rate and maximum pressure) adjusts to the given inlet pressure (suction side pressure):<\/p>\n<p>#### Case 1: 7.5 bar Inlet Pressure<\/p>\n<p>| Maximum Operating Pressure | Flow Rate (l\/min) | Flow Rate (m\u00b3\/h) |<br \/>\n| :&#8212; | :&#8212; | :&#8212; |<br \/>\n| 30 bar | 6100 l\/min | Approx. 366 m\u00b3\/h |<br \/>\n| 40 bar | 5815 l\/min | Approx. 348.9 m\u00b3\/h |<\/p>\n<p>#### Case 2: 10 bar Inlet Pressure<\/p>\n<p>| Maximum Operating Pressure | Flow Rate (l\/min) | Flow Rate (m\u00b3\/h) |<br \/>\n| :&#8212; | :&#8212; | :&#8212; |<br \/>\n| 20 bar | 8770 l\/min | Approx. 526.2 m\u00b3\/h |<br \/>\n| 30 bar | 8350 l\/min | Approx. 501 m\u00b3\/h |<br \/>\n| 40 bar | 7950 l\/min | Approx. 477 m\u00b3\/h |<\/p>\n<p>#### Case 3: 13 bar Inlet Pressure<\/p>\n<p>| Maximum Operating Pressure | Flow Rate (l\/min) | Flow Rate (m\u00b3\/h) |<br \/>\n| :&#8212; | :&#8212; | :&#8212; |<br \/>\n| 20 bar | 11,100 l\/min | Approx. 666 m\u00b3\/h |<br \/>\n| 30 bar | 10,560 l\/min | Approx. 633.6 m\u00b3\/h |<br \/>\n| 40 bar | 10,060 l\/min | Approx. 603.6 m\u00b3\/h |<\/p>\n<p>*Note: The m\u00b3\/h values above were calculated based on the specified l\/min values (1 hour = 60 minutes).*<\/p>\n<p>## Product Information and Application Areas<\/p>\n<p>The V 5461-3\/40 compressor is the ideal choice for industrial processes requiring high-pressure, clean, and stable compressed air. The flexible pressure and volume flow range allows for precise dimensioning of the equipment to user requirements.<\/p>\n<p>**Ideal Application Areas:**<\/p>\n<p>*   High-pressure pneumatic systems.<br \/>\n*   Special manufacturing processes where pressure exceeding 20 bar is essential.<br \/>\n*   Plants where reliability and long service life are critical factors.<\/p>\n<p>Ez a kompresszor minden szempontb\u00f3l els\u0151 oszt\u00e1ly\u00fa term\u00e9k, amely garant\u00e1lja a hat\u00e9kony \u00e9s gazdas\u00e1gos \u00fczemeltet\u00e9st a J.A. Becker &#038; S\u00f6hne min\u0151s\u00e9gi standardjainak megfelel\u0151en. A r\u00e9szletes m\u0171szaki dokument\u00e1ci\u00f3k (adatlapok \u00e9s prospektusok) let\u00f6lthet\u0151k a tov\u00e1bbi inform\u00e1ci\u00f3k\u00e9rt.<\/p>","protected":false},"excerpt":{"rendered":"<p>Er\u0151teljes, 30 kW-os egyfokozat\u00fa J.A. Becker &#038; S\u00f6hne V 5461-3\/40 l\u00e9gkompresszor. Maxim\u00e1lis hat\u00e9konys\u00e1g \u00e9s megb\u00edzhat\u00f3s\u00e1g nagy ig\u00e9nyekhez.<\/p>","protected":false},"featured_media":315534,"template":"","meta":[],"product_brand":[13680],"product_cat":[12998],"product_tag":[],"class_list":{"0":"post-360688","1":"product","2":"type-product","3":"status-publish","4":"has-post-thumbnail","6":"product_brand-jab-becker","7":"product_cat-egyeb-termekek","9":"first","10":"instock","11":"shipping-taxable","12":"product-type-simple"},"_links":{"self":[{"href":"https:\/\/staging.met-industry.hu\/en\/wp-json\/wp\/v2\/product\/360688","targetHints":{"allow":["GET"]}}],"collection":[{"href":"https:\/\/staging.met-industry.hu\/en\/wp-json\/wp\/v2\/product"}],"about":[{"href":"https:\/\/staging.met-industry.hu\/en\/wp-json\/wp\/v2\/types\/product"}],"version-history":[{"count":0,"href":"https:\/\/staging.met-industry.hu\/en\/wp-json\/wp\/v2\/product\/360688\/revisions"}],"wp:featuredmedia":[{"embeddable":true,"href":"https:\/\/staging.met-industry.hu\/en\/wp-json\/wp\/v2\/media\/315534"}],"wp:attachment":[{"href":"https:\/\/staging.met-industry.hu\/en\/wp-json\/wp\/v2\/media?parent=360688"}],"wp:term":[{"taxonomy":"product_brand","embeddable":true,"href":"https:\/\/staging.met-industry.hu\/en\/wp-json\/wp\/v2\/product_brand?post=360688"},{"taxonomy":"product_cat","embeddable":true,"href":"https:\/\/staging.met-industry.hu\/en\/wp-json\/wp\/v2\/product_cat?post=360688"},{"taxonomy":"product_tag","embeddable":true,"href":"https:\/\/staging.met-industry.hu\/en\/wp-json\/wp\/v2\/product_tag?post=360688"}],"curies":[{"name":"wp","href":"https:\/\/api.w.org\/{rel}","templated":true}]}}