{"id":361637,"date":"2026-03-18T13:24:36","date_gmt":"2026-03-18T11:24:36","guid":{"rendered":"https:\/\/staging.met-industry.hu\/?post_type=product&#038;p=361637"},"modified":"2026-03-23T18:28:59","modified_gmt":"2026-03-23T16:28:59","slug":"consul-1-dugattyus-sullyesztett-emelo-1-40-mda","status":"publish","type":"product","link":"https:\/\/staging.met-industry.hu\/en\/uzlet\/consul-1-dugattyus-sullyesztett-emelo-1-40-mda\/","title":{"rendered":"Consul 1-ram inground lift 1.40 MDA - CONSUL Lifting platforms made i"},"content":{"rendered":"<p># Consul 1-Ram Be\u00e1ll\u00f3 (Talajba S\u00fcllyeszthet\u0151) Emel\u0151, 1.40 MDA<\/p>\n<p>A Consul 1-Ram 1.40 MDA egy kiv\u00e1l\u00f3 min\u0151s\u00e9g\u0171, egyhengeres, talajba s\u00fcllyeszthet\u0151 (inground) j\u00e1rm\u0171emel\u0151, amelyet kifejezetten a legig\u00e9nyesebb m\u0171helyk\u00f6rnyezetek, k\u00fcl\u00f6n\u00f6sen a **mos\u00f3csarnokok** m\u0171k\u00f6d\u00e9si k\u00f6vetelm\u00e9nyeinek kiel\u00e9g\u00edt\u00e9s\u00e9re terveztek. A 1800 mm-es emel\u00e9si magass\u00e1g\u00e1val \u00e9s karcs\u00fa kialak\u00edt\u00e1s\u00e1val ide\u00e1lis megold\u00e1st ny\u00fajt j\u00e1rm\u0171vek emel\u00e9s\u00e9re, m\u00e9g akkor is, ha a megl\u00e9v\u0151 hengerb\u00e9l\u00e9sek sz\u0171k m\u00e9retekkel rendelkeznek.<\/p>\n<p>Ez az emel\u0151rendszer maxim\u00e1lis rugalmass\u00e1got biztos\u00edt a j\u00e1rm\u0171vek s\u00faly\u00e1nak kezel\u00e9s\u00e9ben, ak\u00e1r **4000 kg** \u00f6sszt\u00f6megig, felt\u00e9ve, hogy a megfelel\u0151 emel\u0151alv\u00e1zat (chassis) v\u00e1lasztj\u00e1k hozz\u00e1. Fontos megjegyezni, hogy az emel\u0151 **mindig k\u00fcl\u00f6n alv\u00e1zzal kombin\u00e1lva** haszn\u00e1lhat\u00f3.<\/p>\n<p>## Main Features and Advantages<\/p>\n<p>This model prioritizes reliability, durability, and safety, making it an ideal choice for professional services:<\/p>\n<p>* **Kifejezetten Mos\u00f3csarnokokhoz Tervezve:** Az emel\u0151 kialak\u00edt\u00e1sa ellen\u00e1ll a nedves k\u00f6rnyezetnek, biztos\u00edtva a hossz\u00fa \u00e9lettartamot \u00e9s a megb\u00edzhat\u00f3 m\u0171k\u00f6d\u00e9st a magas p\u00e1ratartalm\u00fa vagy k\u00f6zvetlen v\u00edzhat\u00e1snak kitett ter\u00fcleteken.<br \/>\n* **Kompakt \u00e9s Karcs\u00fa Kialak\u00edt\u00e1s:** A diz\u00e1jn lehet\u0151v\u00e9 teszi a be\u00e9p\u00edt\u00e9st r\u00e9gebbi, sz\u0171kebb hengerb\u00e9l\u00e9sekbe is, minimaliz\u00e1lva az \u00e1talak\u00edt\u00e1si ig\u00e9nyeket.<br \/>\n* **Kem\u00e9nykr\u00f3mozott Henger:** A hidraulikus henger fel\u00fclete kem\u00e9nykr\u00f3mozott, ami kiv\u00e1l\u00f3 korr\u00f3zi\u00f3v\u00e9delmet \u00e9s sima, kop\u00e1s\u00e1ll\u00f3 m\u0171k\u00f6d\u00e9st garant\u00e1l.<br \/>\n* **Elektrohidraulikus Meghajt\u00e1s:** A meghajt\u00f3 egys\u00e9g egy k\u00fcl\u00f6n\u00e1ll\u00f3 olajtart\u00e1lyban helyezkedik el, ami optim\u00e1lis h\u0151elvezet\u00e9st \u00e9s k\u00f6nny\u0171 karbantart\u00e1st tesz lehet\u0151v\u00e9.<br \/>\n* **V\u00edz\u00e1ll\u00f3 Vez\u00e9rl\u0151egys\u00e9g:** A kezel\u0151egys\u00e9g k\u00fcl\u00f6n h\u00e1zban tal\u00e1lhat\u00f3, amely **IP65 v\u00e9detts\u00e9gi oszt\u00e1llyal** rendelkezik, \u00edgy garant\u00e1ltan v\u00e9dett a fr\u00f6ccsen\u0151 v\u00edz \u00e9s a por ellen, ide\u00e1lis nedves helyis\u00e9gekbe.<br \/>\n* **Forg\u00e1sg\u00e1tl\u00f3 Mechanizmus:** A be\u00e9p\u00edtett forg\u00e1sg\u00e1tl\u00f3 biztos\u00edtja, hogy az emelt j\u00e1rm\u0171 stabil maradjon az emel\u00e9s \u00e9s s\u00fcllyeszt\u00e9s sor\u00e1n.<br \/>\n* **Teljes K\u00f6r\u0171 Szabv\u00e1nyoknak Megfelel\u00e9s:** Az emel\u0151 rendelkezik **GS-tan\u00fas\u00edtv\u00e1nnyal**, megfelel az **DIN EN 1493** szabv\u00e1nynak, \u00e9s **CE-jel\u00f6l\u00e9ssel** ell\u00e1tott, ami a legmagasabb eur\u00f3pai biztons\u00e1gi \u00e9s min\u0151s\u00e9gi el\u0151\u00edr\u00e1soknak val\u00f3 megfelel\u00e9st igazolja.<\/p>\n<p>## Technical Data<\/p>\n<p>The table below details the critical technical parameters of the Consul 1-Ram 1.40 MDA lift:<\/p>\n<p>| Feature | Value | Notes |<br \/>\n| :&#8212; | :&#8212; | :&#8212; |<br \/>\n| **Cikksz\u00e1m (SKU)** | 266353 | |<br \/>\n| **Gy\u00e1ri sz\u00e1m (HAN)** | 9553 | |<br \/>\n| **Kateg\u00f3ria** | Egyhengeres Talajba S\u00fcllyeszthet\u0151 Emel\u0151k | |<br \/>\n| **N\u00e9vleges teherb\u00edr\u00e1s** | max. 4.000 kg | A haszn\u00e1lt alv\u00e1z t\u00edpus\u00e1t\u00f3l f\u00fcgg\u0151en. |<br \/>\n| **Emel\u00e9si magass\u00e1g** | 1.800 mm (v\u00e1ltoztathat\u00f3) | |<br \/>\n| **Lifting Time (loaded)** | approx. 40 seconds | |<br \/>\n| **Power Supply** | 400 V \/ 50 Hz | Three-phase network required. |<br \/>\n| **Drive Power** | 2.2 kW | |<br \/>\n| **Fuse Protection** | 16 A slow-blow | |<br \/>\n| **Olajig\u00e9ny** | kb. 80 liter | 1.800 mm-es l\u00f6kethosszhoz. |<br \/>\n| **Henger \u00e1tm\u00e9r\u0151** | kb. 180 mm | |<br \/>\n| **Vez\u00e9rl\u0151egys\u00e9g v\u00e9detts\u00e9ge** | IP65 | Nedves helyis\u00e9gekbe alkalmas. |<\/p>\n<p>## Accessories and Spares<\/p>\n<p>For maximum functionality and to meet service requirements, numerous accessories are available for the lift (these must be ordered separately):<\/p>\n<p>### Alapvet\u0151 Szerel\u00e9si Komponensek<\/p>\n<p>* **R\u00f6gz\u00edt\u0151 S\u00ednek:** 1 szett r\u00f6gz\u00edt\u0151 s\u00edn \u00e9s r\u00f6gz\u00edt\u0151anyag a sz\u00e1ll\u00edt\u00e1si terjedelem r\u00e9sze.<br \/>\n* **Be\u00e9p\u00edt\u0151 Keret (Installation Cassette):** 1.800 mm-es l\u00f6kethosszhoz tervezett be\u00e9p\u00edt\u0151 keret (k\u00fcl\u00f6n cikksz\u00e1mon el\u00e9rhet\u0151), amely elengedhetetlen a talajba s\u00fcllyeszt\u00e9shez.<\/p>\n<p>### Optional Accessories<\/p>\n<p>* **Konzolos R\u00e1csbor\u00edt\u00e1s (Grid Covering):** 2 x 4 m\u00e9teres m\u00e9retben, al\u00e9p\u00edtm\u00e9nnyel egy\u00fctt el\u00e9rhet\u0151 r\u00e1csbor\u00edt\u00e1s, amely lehet\u0151v\u00e9 teszi a teljes padl\u00f3fel\u00fclet helyre\u00e1ll\u00edt\u00e1s\u00e1t, amikor az emel\u0151 nincs haszn\u00e1latban.<br \/>\n* **Konzolos Hidraulika Olaj (5 literes tart\u00e1ly):** HLP 22 min\u0151s\u00e9g\u0171 hidraulikaolaj, amely minden Consul hidraulikus meghajt\u00e1s\u00fa emel\u0151h\u00f6z alkalmas. A sz\u00fcks\u00e9ges mennyis\u00e9g az emel\u0151 t\u00edpus\u00e1t\u00f3l f\u00fcgg.<br \/>\n* **Sziv\u00e1rg\u00e1sjelz\u0151 (Leakage Oil Display):** Csak a 28707.8 cikksz\u00e1m\u00fa be\u00e9p\u00edt\u0151 kerettel egy\u00fctt haszn\u00e1lhat\u00f3, a hidraulika rendszer sziv\u00e1rg\u00e1s\u00e1nak vizu\u00e1lis ellen\u0151rz\u00e9s\u00e9re szolg\u00e1l.<br \/>\n* **Vez\u00e9rl\u0151egys\u00e9g OEM Szabv\u00e1ny szerint:** Speci\u00e1lis vez\u00e9rl\u0151egys\u00e9g, amely megfelel az OEM (Original Equipment Manufacturer) ipar\u00e1gi szabv\u00e1nyoknak. Rendel\u00e9skor az OEM megjel\u00f6l\u00e9se sz\u00fcks\u00e9ges.<\/p>\n<p>## Documentation<\/p>\n<p>Detailed technical and installation documentation is available for the product in PDF format:<\/p>\n<p>* **Term\u00e9kismertet\u0151 Bros\u00fara:** R\u00e9szletes \u00e1ttekint\u00e9s az emel\u0151 funkci\u00f3ir\u00f3l.<br \/>\n* **Alaprajz (Foundation Plan):** Pontos be\u00e9p\u00edt\u00e9si rajzok \u00e9s m\u00e9retek a szakszer\u0171 telep\u00edt\u00e9shez.<\/p>\n<p>This Consul 1-Ram 1.40 MDA is a robust, reliable solution that meets even the strictest industrial requirements, significantly increasing the efficiency of your workshop, especially during vehicle washing and maintenance processes.<\/p>","protected":false},"excerpt":{"rendered":"<p>High-quality, single-cylinder, in-ground installable Consul 1-Ram 1.40 MDA vehicle lift. Ideal for the most demanding workshop environments.<\/p>","protected":false},"featured_media":326776,"template":"","meta":[],"product_brand":[13683],"product_cat":[12998],"product_tag":[],"class_list":{"0":"post-361637","1":"product","2":"type-product","3":"status-publish","4":"has-post-thumbnail","6":"product_brand-consul-gmbh","7":"product_cat-egyeb-termekek","9":"first","10":"instock","11":"shipping-taxable","12":"product-type-simple"},"_links":{"self":[{"href":"https:\/\/staging.met-industry.hu\/en\/wp-json\/wp\/v2\/product\/361637","targetHints":{"allow":["GET"]}}],"collection":[{"href":"https:\/\/staging.met-industry.hu\/en\/wp-json\/wp\/v2\/product"}],"about":[{"href":"https:\/\/staging.met-industry.hu\/en\/wp-json\/wp\/v2\/types\/product"}],"version-history":[{"count":0,"href":"https:\/\/staging.met-industry.hu\/en\/wp-json\/wp\/v2\/product\/361637\/revisions"}],"wp:featuredmedia":[{"embeddable":true,"href":"https:\/\/staging.met-industry.hu\/en\/wp-json\/wp\/v2\/media\/326776"}],"wp:attachment":[{"href":"https:\/\/staging.met-industry.hu\/en\/wp-json\/wp\/v2\/media?parent=361637"}],"wp:term":[{"taxonomy":"product_brand","embeddable":true,"href":"https:\/\/staging.met-industry.hu\/en\/wp-json\/wp\/v2\/product_brand?post=361637"},{"taxonomy":"product_cat","embeddable":true,"href":"https:\/\/staging.met-industry.hu\/en\/wp-json\/wp\/v2\/product_cat?post=361637"},{"taxonomy":"product_tag","embeddable":true,"href":"https:\/\/staging.met-industry.hu\/en\/wp-json\/wp\/v2\/product_tag?post=361637"}],"curies":[{"name":"wp","href":"https:\/\/api.w.org\/{rel}","templated":true}]}}