{"id":361930,"date":"2026-03-18T13:25:47","date_gmt":"2026-03-18T11:25:47","guid":{"rendered":"https:\/\/staging.met-industry.hu\/?post_type=product&#038;p=361930"},"modified":"2026-03-23T18:28:09","modified_gmt":"2026-03-23T16:28:09","slug":"adatgyujtes-hs-wim-szalagerzekelokkel","status":"publish","type":"product","link":"https:\/\/staging.met-industry.hu\/en\/uzlet\/adatgyujtes-hs-wim-szalagerzekelokkel\/","title":{"rendered":"Data acquisition with HS-WIM Belt Weighers"},"content":{"rendered":"<p># Intercomp M\u00e9rlegrendszerek ITS\/Ellen\u0151rz\u00e9si Alkalmaz\u00e1sokhoz: S\u00faly-M\u00e9r\u00e9s Mozg\u00e1s K\u00f6zben (Weigh-In-Motion)<\/p>\n<p>Az Intercomp m\u00e9rlegrendszerek sz\u00e9les sk\u00e1l\u00e1j\u00e1t k\u00edn\u00e1lja a K\u00f6zleked\u00e9si Intelligencia Rendszerek (ITS) \u00e9s a s\u00falyellen\u0151rz\u00e9si feladatok sz\u00e1m\u00e1ra, kiemelten a **S\u00faly-M\u00e9r\u00e9s Mozg\u00e1s K\u00f6zben (Weigh-In-Motion, WIM)** technol\u00f3gi\u00e1ra f\u00f3kusz\u00e1lva. Ezek a nagy pontoss\u00e1g\u00fa, robusztus megold\u00e1sok elengedhetetlenek a k\u00f6z\u00fati forgalom hat\u00e9kony monitoroz\u00e1s\u00e1hoz, a t\u00fals\u00falyos j\u00e1rm\u0171vek azonos\u00edt\u00e1s\u00e1hoz, valamint a forgalmi adatok gy\u0171jt\u00e9s\u00e9hez an\u00e9lk\u00fcl, hogy a forgalmat le kellene \u00e1ll\u00edtani.<\/p>\n<p>Below, we detail the main product families and technological solutions that serve the needs of ITS and enforcement applications.<\/p>\n<p>\u2014<\/p>\n<p>## I. S\u00faly-M\u00e9r\u00e9s Mozg\u00e1s K\u00f6zben (WIM) Megold\u00e1sok<\/p>\n<p>WIM systems allow for the measurement of vehicle axle and gross weights while they pass over weighing points at specific, low speeds. This technology increases enforcement efficiency and reduces operational costs.<\/p>\n<p>### A. Be\u00e9p\u00edtett (In-Ground) WIM Rendszerek<\/p>\n<p>These systems are permanently installed, integrated into the road surface, making them ideal for high-traffic motorways and permanent inspection points.<\/p>\n<p>| Term\u00e9kcsal\u00e1d | Le\u00edr\u00e1s | F\u0151bb Jellemz\u0151k |<br \/>\n| :&#8212; | :&#8212; | :&#8212; |<br \/>\n| **WIM Szalag\u00e9rz\u00e9kel\u0151k (Strip Sensors)** | Rendk\u00edv\u00fcl v\u00e9kony, nagy teherb\u00edr\u00e1s\u00fa \u00e9rz\u00e9kel\u0151k, amelyek az aszfalt al\u00e1 vagy fel\u00fclet\u00e9re ker\u00fclnek be\u00e9p\u00edt\u00e9sre. | Kiv\u00e1l\u00f3 pontoss\u00e1g, minim\u00e1lis \u00fatfel\u00fclet-beavatkoz\u00e1s, nagy sebess\u00e9g\u0171 m\u00e9r\u00e9sre is alkalmasak lehetnek (alkalmaz\u00e1st\u00f3l f\u00fcgg\u0151en). |<br \/>\n| **LS-WIM\u00ae S\u00faly-M\u00e9r\u00e9s Mozg\u00e1s K\u00f6zben Tengelym\u00e9rleg** | Modul\u00e1ris, be\u00e9p\u00edtett tengelym\u00e9rleg rendszer, amely megb\u00edzhat\u00f3 WIM adatgy\u0171jt\u00e9st biztos\u00edt. | Magas ism\u00e9telhet\u0151s\u00e9g, tart\u00f3s kivitel, integr\u00e1lhat\u00f3 megl\u00e9v\u0151 ITS infrastrukt\u00far\u00e1kba. |<br \/>\n| **WIM Platform M\u00e9rlegek (WIM Platform Scales)** | Teljes platformos megold\u00e1sok be\u00e9p\u00edtett WIM funkci\u00f3val, amelyek a tengelyterhel\u00e9s mellett a teljes s\u00falyt is k\u00e9pesek m\u00e9rni mozg\u00e1s k\u00f6zben. | Teljes j\u00e1rm\u0171 s\u00faly\u00e1nak m\u00e9r\u00e9se WIM m\u00f3dban, nagy pontoss\u00e1g\u00fa statikus m\u00e9r\u00e9sre is alkalmas. |<\/p>\n<p>### B. Hordozhat\u00f3 (Portable) WIM Rendszerek<\/p>\n<p>Portable WIM systems provide flexibility for temporary inspection sites or dynamic traffic management.<\/p>\n<p>| Term\u00e9kcsal\u00e1d | Le\u00edr\u00e1s | F\u0151bb Jellemz\u0151k |<br \/>\n| :&#8212; | :&#8212; | :&#8212; |<br \/>\n| **LS788-WIM\u2122 Hordozhat\u00f3 WIM M\u00e9rleg** | Teljes \u00e9rt\u00e9k\u0171, gyorsan telep\u00edthet\u0151 WIM rendszer, amely ide\u00e1lis mobil ellen\u0151rz\u00e9si m\u0171veletekhez. | Gyors telep\u00edt\u00e9s \u00e9s bont\u00e1s, megb\u00edzhat\u00f3 WIM m\u00e9r\u00e9s \u00fatsz\u0171k\u00edt\u00e9sekn\u00e9l vagy ideiglenes ellen\u0151rz\u0151 pontokon. |<br \/>\n| **LS630-WIM\u2122 Hordozhat\u00f3 Alacsony Sebess\u00e9g\u0171 WIM M\u00e9rleg** | Kifejezetten alacsony sebess\u00e9g\u0171 (Low-Speed) m\u00e9r\u00e9sre optimaliz\u00e1lt hordozhat\u00f3 megold\u00e1s. | Kiv\u00e1l\u00f3 pontoss\u00e1g alacsony sebess\u00e9gn\u00e9l, k\u00f6nny\u0171 sz\u00e1ll\u00edt\u00e1s \u00e9s kezel\u00e9s. |<\/p>\n<p>\u2014<\/p>\n<p>## II. Hordozhat\u00f3 Statikus M\u00e9rlegek ITS\/Ellen\u0151rz\u00e9si C\u00e9lokra<\/p>\n<p>These systems provide a solution for on-site, fast, and accurate weight inspection where vehicles are stopped for measurement.<\/p>\n<p>### A. Hordozhat\u00f3 Ker\u00e9k- \u00e9s Tengelyterhel\u00e9s M\u00e9rlegek<\/p>\n<p>These scales measure the load on individual wheels or axles of the vehicle, making it possible to quickly determine the total weight and individual axle loads.<\/p>\n<p>* **LTR788\u2122 K\u00e9tkerekes Terhel\u00e9sm\u00e9r\u0151 (Dual Wheel Load Scale):** Kialak\u00edt\u00e1sa lehet\u0151v\u00e9 teszi, hogy egyszerre m\u00e9rje a dupla ker\u00e9kp\u00e1r terhel\u00e9s\u00e9t, n\u00f6velve a m\u00e9r\u00e9s sebess\u00e9g\u00e9t.<br \/>\n* **PT300\u2122 Ker\u00e9kterhel\u00e9s M\u00e9rleg:** Standard, megb\u00edzhat\u00f3 megold\u00e1s egyedi ker\u00e9kterhel\u00e9sek m\u00e9r\u00e9s\u00e9re.<br \/>\n* **PT300DW\u2122 Sz\u00e9les Ker\u00e9kterhel\u00e9s M\u00e9rleg:** Kifejezetten sz\u00e9les nyomt\u00e1v\u00fa vagy speci\u00e1lis j\u00e1rm\u0171vekhez tervezve.<br \/>\n* **AX900\u2122 Tengelym\u00e9r\u0151 H\u00edd Rendszerek (Axle Scale Systems):** Teljes tengelyterhel\u00e9s m\u00e9r\u00e9s\u00e9re szolg\u00e1l\u00f3, robusztus, hordozhat\u00f3 m\u00e9r\u0151hidak.<\/p>\n<p>### B. Hordozhat\u00f3 Alacsony Profil\u00fa M\u00e9rlegek (Low-Profile)<\/p>\n<p>The low-profile design facilitates vehicle approach, especially in areas with low ground clearance or difficult access.<\/p>\n<p>* **LP788\u2122 Alacsony Profil\u00fa Ker\u00e9kterhel\u00e9s M\u00e9rleg:** K\u00f6nnyen telep\u00edthet\u0151, ide\u00e1lis gyors helysz\u00edni ellen\u0151rz\u00e9sekhez.<\/p>\n<p>\u2014<\/p>\n<p>## III. Kieg\u00e9sz\u00edt\u0151 Eszk\u00f6z\u00f6k \u00e9s Szoftverek<\/p>\n<p>Intercomp offers comprehensive accessories and software for processing measurement data and calibrating systems.<\/p>\n<p>### A. Indik\u00e1torok, Megjelen\u00edt\u0151k \u00e9s Szoftverek<\/p>\n<p>Essential for real-time display and recording of measurements:<\/p>\n<p>* **Indik\u00e1torok, Megjelen\u00edt\u0151k \u00e9s Szoftverek ITS\/Rend\u00e9szeti C\u00e9lokra:** Ezek az egys\u00e9gek biztos\u00edtj\u00e1k a m\u00e9r\u00e9sek megjelen\u00edt\u00e9s\u00e9t, adatgy\u0171jt\u00e9st, \u00e9s gyakran k\u00e9pesek a t\u00fals\u00falyos j\u00e1rm\u0171vek automatikus riaszt\u00e1s\u00e1ra.<br \/>\n* **Adatgy\u0171jt\u00e9si Funkci\u00f3k:** A szoftverek t\u00e1mogatj\u00e1k a forgalmi adatok (j\u00e1rm\u0171t\u00edpus, tengelykonfigur\u00e1ci\u00f3, s\u00faly) r\u00f6gz\u00edt\u00e9s\u00e9t k\u00e9s\u0151bbi elemz\u00e9s c\u00e9lj\u00e1b\u00f3l.<\/p>\n<p>### B. Er\u0151m\u00e9r\u0151 Vizsg\u00e1l\u00f3\u00e1llv\u00e1nyok (Force Measurement Test Stands)<\/p>\n<p>These tools ensure the maintenance of measurement system accuracy and the execution of necessary force calibrations.<\/p>\n<p>* **Er\u0151m\u00e9r\u0151 Vizsg\u00e1l\u00f3\u00e1llv\u00e1nyok J\u00e1rm\u0171 Ellen\u0151rz\u00e9si M\u00e9rlegekhez:** Kalibr\u00e1ci\u00f3s c\u00e9lokra haszn\u00e1lt, nagy pontoss\u00e1g\u00fa eszk\u00f6z\u00f6k, amelyek garant\u00e1lj\u00e1k a m\u00e9rlegek megfelel\u0151s\u00e9g\u00e9t a jogszab\u00e1lyi el\u0151\u00edr\u00e1soknak.<\/p>\n<p>\u2014<\/p>\n<p>## IV. Alkalmaz\u00e1si Ter\u00fcletek az ITS \u00e9s Ellen\u0151rz\u00e9s Szegmensben<\/p>\n<p>Intercomp scales are used in numerous critical areas by authorities and traffic professionals:<\/p>\n<p>1. **Rend\u00e9szeti Ellen\u0151rz\u00e9s (Hordozhat\u00f3 \u00e9s Be\u00e9p\u00edtett):** A t\u00fals\u00falyos j\u00e1rm\u0171vek azonos\u00edt\u00e1sa a k\u00f6z\u00fati balesetek megel\u0151z\u00e9se \u00e9s az \u00fath\u00e1l\u00f3zat v\u00e9delme \u00e9rdek\u00e9ben.<br \/>\n2. **Adatgy\u0171jt\u00e9s (Data Collection):** \u00c1tfog\u00f3 forgalmi mint\u00e1k, tengelyterhel\u00e9si eloszl\u00e1sok \u00e9s j\u00e1rm\u0171azonos\u00edt\u00e1si adatok gy\u0171jt\u00e9se az \u00fath\u00e1l\u00f3zat tervez\u00e9s\u00e9hez \u00e9s karbantart\u00e1s\u00e1hoz.<br \/>\n3. **Kik\u00f6t\u0151k \u00e9s Kapuk (Ports\/Gates):** A kont\u00e9nerek \u00e9s j\u00e1rm\u0171vek s\u00faly\u00e1nak ellen\u0151rz\u00e9se a biztons\u00e1gi protokollok \u00e9s a maxim\u00e1lis terhel\u00e9si korl\u00e1toz\u00e1sok betart\u00e1sa \u00e9rdek\u00e9ben.<br \/>\n4. **Elektronikus \u00datd\u00edjbeszed\u00e9s (Tolling\/ETC):** A j\u00e1rm\u0171kateg\u00f3ri\u00e1k pontos azonos\u00edt\u00e1sa az automatiz\u00e1lt \u00fatd\u00edjrendszerek t\u00e1mogat\u00e1s\u00e1ra.<br \/>\n5. **Ideiglenes Munkahelysz\u00ednek (Temporary Job Sites):** Rugalmas m\u00e9r\u00e9s \u00e9p\u00edtkez\u00e9seken vagy \u00e1tmeneti forgalomir\u00e1ny\u00edt\u00e1si pontokon.<\/p>\n<p>\u2014<\/p>\n<p>## \u00d6sszefoglal\u00f3 Technikai El\u0151ny\u00f6k<\/p>\n<p>Intercomp ITS\/Enforcement scales offer the following fundamental advantages:<\/p>\n<p>* **Nagy Pontoss\u00e1g:** A legszigor\u00fabb ipar\u00e1gi \u00e9s hat\u00f3s\u00e1gi szabv\u00e1nyoknak is megfelelnek, biztos\u00edtva a hiteles m\u00e9r\u00e9seket.<br \/>\n* **Robusztus Kivitel:** \u00dagy tervezt\u00e9k, hogy ellen\u00e1lljanak a sz\u00e9ls\u0151s\u00e9ges id\u0151j\u00e1r\u00e1si viszonyoknak \u00e9s a nagy forgalom okozta mechanikai ig\u00e9nybev\u00e9telnek.<br \/>\n* **Modul\u00e1ris Kialak\u00edt\u00e1s:** Lehet\u0151v\u00e9 teszi a rendszerek testreszab\u00e1s\u00e1t a specifikus alkalmaz\u00e1si ig\u00e9nyekhez, legyen sz\u00f3 alacsony sebess\u00e9g\u0171 WIM-r\u0151l vagy nagy kapacit\u00e1s\u00fa statikus m\u00e9r\u00e9sr\u0151l.<br \/>\n* **Hordozhat\u00f3s\u00e1g \u00e9s Gyors Telep\u00edt\u00e9s:** A hordozhat\u00f3 egys\u00e9gek minim\u00e1lis \u00e1ll\u00e1sid\u0151vel helyezhet\u0151k \u00fczembe, maxim\u00e1lis rugalmass\u00e1got biztos\u00edtva az ellen\u0151rz\u00e9si strat\u00e9gi\u00e1kban.<\/p>\n<p>These advanced measurement solutions are crucial for the efficient operation of modern road safety and infrastructure management systems.<\/p>","protected":false},"excerpt":{"rendered":"<p>Intercomp weighing systems for ITS\/Inspection applications, in-motion weight measurement (WIM) in high-traffic areas.<\/p>","protected":false},"featured_media":331704,"template":"","meta":[],"product_brand":[13685],"product_cat":[12998],"product_tag":[16303],"class_list":{"0":"post-361930","1":"product","2":"type-product","3":"status-publish","4":"has-post-thumbnail","6":"product_brand-intercompcompany","7":"product_cat-egyeb-termekek","8":"product_tag-intercomp-megoldasok-osszes","10":"first","11":"instock","12":"shipping-taxable","13":"product-type-simple"},"_links":{"self":[{"href":"https:\/\/staging.met-industry.hu\/en\/wp-json\/wp\/v2\/product\/361930","targetHints":{"allow":["GET"]}}],"collection":[{"href":"https:\/\/staging.met-industry.hu\/en\/wp-json\/wp\/v2\/product"}],"about":[{"href":"https:\/\/staging.met-industry.hu\/en\/wp-json\/wp\/v2\/types\/product"}],"version-history":[{"count":0,"href":"https:\/\/staging.met-industry.hu\/en\/wp-json\/wp\/v2\/product\/361930\/revisions"}],"wp:featuredmedia":[{"embeddable":true,"href":"https:\/\/staging.met-industry.hu\/en\/wp-json\/wp\/v2\/media\/331704"}],"wp:attachment":[{"href":"https:\/\/staging.met-industry.hu\/en\/wp-json\/wp\/v2\/media?parent=361930"}],"wp:term":[{"taxonomy":"product_brand","embeddable":true,"href":"https:\/\/staging.met-industry.hu\/en\/wp-json\/wp\/v2\/product_brand?post=361930"},{"taxonomy":"product_cat","embeddable":true,"href":"https:\/\/staging.met-industry.hu\/en\/wp-json\/wp\/v2\/product_cat?post=361930"},{"taxonomy":"product_tag","embeddable":true,"href":"https:\/\/staging.met-industry.hu\/en\/wp-json\/wp\/v2\/product_tag?post=361930"}],"curies":[{"name":"wp","href":"https:\/\/api.w.org\/{rel}","templated":true}]}}