{"id":361937,"date":"2026-03-18T13:25:47","date_gmt":"2026-03-18T11:25:47","guid":{"rendered":"https:\/\/staging.met-industry.hu\/?post_type=product&#038;p=361937"},"modified":"2026-03-23T18:28:08","modified_gmt":"2026-03-23T16:28:08","slug":"merlegrendszerek-autonom-tehergepjarmu-fejleszteshez","status":"publish","type":"product","link":"https:\/\/staging.met-industry.hu\/en\/uzlet\/merlegrendszerek-autonom-tehergepjarmu-fejleszteshez\/","title":{"rendered":"Weighing Systems for Autonomous Trucks"},"content":{"rendered":"<p># Nagy Teherb\u00edr\u00e1s\u00fa M\u00e9rlegrendszerek Auton\u00f3m Teherg\u00e9pj\u00e1rm\u0171 Fejleszt\u00e9shez<\/p>\n<p>This product description focuses on high-precision weighing systems offered by Intercomp, specifically tailored for the needs of autonomous vehicle development projects. Testing and inspection of autonomous vehicles are critically important for safe and efficient operation, which cannot be achieved without precise weighing data. Our weighing systems ensure the necessary accuracy for real-time monitoring of vehicle weight distribution, axle loads, and total mass during the development phases.<\/p>\n<p>## \u00c1tfog\u00f3 Megold\u00e1sok Auton\u00f3m J\u00e1rm\u0171vekhez<\/p>\n<p>The development of autonomous trucks is an extremely complex task that requires precise weight data to support vehicle dynamics, sensor calibration, and software algorithms. Intercomp scales are ideal for this environment as they are robust, portable, and extremely accurate, even under extreme conditions.<\/p>\n<p>### F\u0151bb Alkalmaz\u00e1si Ter\u00fcletek az Auton\u00f3m J\u00e1rm\u0171 Fejleszt\u00e9sben:<\/p>\n<p>* **S\u00falyeloszl\u00e1s Valid\u00e1ci\u00f3:** A k\u00fcl\u00f6nb\u00f6z\u0151 vezet\u00e9si szitu\u00e1ci\u00f3kban (gyors\u00edt\u00e1s, f\u00e9kez\u00e9s, kanyarod\u00e1s) fell\u00e9p\u0151 s\u00falyeltol\u00f3d\u00e1sok m\u00e9r\u00e9se a j\u00e1rm\u0171 stabilit\u00e1s\u00e1nak \u00e9s a fut\u00f3m\u0171 terhel\u00e9s\u00e9nek optimaliz\u00e1l\u00e1sa \u00e9rdek\u00e9ben.<br \/>\n* **Szenzor Kalibr\u00e1ci\u00f3:** A fed\u00e9lzeti teher\u00e9rz\u00e9kel\u0151k \u00e9s a j\u00e1rm\u0171dinamikai rendszerek (pl.: ESP, menetstabiliz\u00e1tor) kalibr\u00e1l\u00e1sa referenciak\u00e9nt szolg\u00e1l\u00f3, rendk\u00edv\u00fcl pontos k\u00fcls\u0151 s\u00falym\u00e9r\u00e9sekkel.<br \/>\n* **Protot\u00edpus Tesztel\u00e9s:** K\u00fcl\u00f6nb\u00f6z\u0151 hardver- \u00e9s szoftverkonfigur\u00e1ci\u00f3k s\u00faly\u00e1nak gyors \u00e9s ism\u00e9telhet\u0151 m\u00e9r\u00e9se a teljes\u00edtm\u00e9nyv\u00e1ltoz\u00e1sok nyomon k\u00f6vet\u00e9s\u00e9hez.<br \/>\n* **Tengelyterhel\u00e9s Monitoroz\u00e1s:** A jogszab\u00e1lyi hat\u00e1r\u00e9rt\u00e9kek betart\u00e1s\u00e1nak ellen\u0151rz\u00e9se, valamint a terhel\u00e9s optim\u00e1lis eloszt\u00e1s\u00e1nak biztos\u00edt\u00e1sa a gumiabroncsok \u00e9lettartam\u00e1nak maximaliz\u00e1l\u00e1sa \u00e9rdek\u00e9ben.<\/p>\n<p>## Technikai Jellemz\u0151k \u00e9s El\u0151ny\u00f6k<\/p>\n<p>Our systems are designed to withstand the challenges of high-traffic test tracks and varying weather conditions while providing industry-leading accuracy.<\/p>\n<p>### Main Advantages:<\/p>\n<p>1. **Kiemelked\u0151 Pontoss\u00e1g:** A legmodernebb terhel\u00e9s\u00e9rz\u00e9kel\u0151 technol\u00f3gia garant\u00e1lja a minim\u00e1lis m\u00e9r\u00e9si hib\u00e1t, ami elengedhetetlen a kifinomult auton\u00f3m rendszerek fejleszt\u00e9s\u00e9hez.<br \/>\n2. **Robusztus Kialak\u00edt\u00e1s:** Az ipari min\u0151s\u00e9g\u0171 anyagokb\u00f3l k\u00e9sz\u00fclt m\u00e9r\u0151padok \u00e9s \u00e9rz\u00e9kel\u0151k hossz\u00fa \u00e9lettartamot biztos\u00edtanak intenz\u00edv haszn\u00e1lat mellett is.<br \/>\n3. **Hordozhat\u00f3s\u00e1g \u00e9s Gyors Telep\u00edt\u00e9s:** A hordozhat\u00f3 rendszerek lehet\u0151v\u00e9 teszik a m\u00e9r\u00e9sek elv\u00e9gz\u00e9s\u00e9t a tesztp\u00e1lya b\u00e1rmely pontj\u00e1n, minim\u00e1lis \u00e1ll\u00e1si id\u0151vel.<br \/>\n4. **Integr\u00e1lhat\u00f3s\u00e1g:** Kompatibilit\u00e1s a legk\u00fcl\u00f6nf\u00e9l\u00e9bb kijelz\u0151kkel, adatgy\u0171jt\u0151 rendszerekkel \u00e9s szoftverekkel, bele\u00e9rtve a vezet\u00e9k n\u00e9lk\u00fcli adat\u00e1tviteli lehet\u0151s\u00e9geket.<\/p>\n<p>## Term\u00e9kcsal\u00e1d \u00e9s Specifik\u00e1ci\u00f3k<\/p>\n<p>Although the raw text did not contain a specific model number for this application, based on Intercomp's wide portfolio, the most relevant categories and their general characteristics for autonomous truck development are as follows:<\/p>\n<p>### 1. Hordozhat\u00f3 Teherg\u00e9pj\u00e1rm\u0171 M\u00e9rlegek<\/p>\n<p>These systems are ideal for flexible testing workflows where the measurement station needs to be relocated quickly.<\/p>\n<p>| Feature | Description |<br \/>\n| :&#8212; | :&#8212; |<br \/>\n| **T\u00edpusok** | LTR788\u2122 K\u00e9tkerekes Terhel\u00e9sm\u00e9r\u0151, PT300\u2122\/PT300DW\u2122 Ker\u00e9km\u00e9r\u0151 padok, AX900\u2122 Tengelyh\u00edd rendszerek, SW\u2122 Hordozhat\u00f3 M\u00e9r\u0151padok |<br \/>\n| **Kapacit\u00e1s** | Tengelyenk\u00e9nti vagy ker\u00e9kenk\u00e9nti m\u00e9r\u00e9sre optimaliz\u00e1lva, sz\u00e9les tartom\u00e1nyban. |<br \/>\n| **Pontoss\u00e1g** | \u00c1ltal\u00e1ban \u00b10.1% vagy jobb a teljes sk\u00e1l\u00e1n. |<br \/>\n| **Kijelz\u0151** | RFX\u00ae vezet\u00e9k n\u00e9lk\u00fcli kijelz\u0151kkel vagy dedik\u00e1lt indik\u00e1torokkal (pl.: TAC30\u2122 kompatibilit\u00e1s). |<br \/>\n| **Alkalmaz\u00e1s** | Statikus tengelyterhel\u00e9s m\u00e9r\u00e9s, gyors helysz\u00edni ellen\u0151rz\u00e9s. |<\/p>\n<p>### 2. Alacsony Profil\u00fa M\u00e9rlegek<\/p>\n<p>These systems offer stability similar to built-in solutions but are easier to install and move than permanently installed weighbridges.<\/p>\n<p>| Feature | Description |<br \/>\n| :&#8212; | :&#8212; |<br \/>\n| **T\u00edpusok** | LP600\u2122 \/ LP600-15T\u2122 \/ LP788\u2122 Hordozhat\u00f3 Alacsony Profil\u00fa M\u00e9rlegek |<br \/>\n| **Profil Magass\u00e1g** | Rendk\u00edv\u00fcl alacsony profil, minimaliz\u00e1lja a r\u00e1hajt\u00e1si sz\u00f6get \u00e9s a j\u00e1rm\u0171 dinamik\u00e1j\u00e1nak befoly\u00e1sol\u00e1s\u00e1t. |<br \/>\n| **Kapacit\u00e1s** | Nagy teherb\u00edr\u00e1s\u00fa, alkalmas teljes teherg\u00e9pj\u00e1rm\u0171vek m\u00e9r\u00e9s\u00e9re. |<br \/>\n| **Telep\u00edt\u00e9s** | Gyors telep\u00edt\u00e9s a talajszintre, ide\u00e1lis ideiglenes tesztk\u00f6rnyezetekhez. |<\/p>\n<p>### 3. S\u00faly-M\u00e9r\u00e9s Mozg\u00e1s K\u00f6zben (Weigh-In-Motion &#8211; WIM) Rendszerek<\/p>\n<p>Weighing while in motion is essential for understanding the real-time behavior of autonomous systems.<\/p>\n<p>* **LS630-WIM\u2122 \/ LS-WIM\u00ae:** Ezek a rendszerek lehet\u0151v\u00e9 teszik a teherg\u00e9pj\u00e1rm\u0171vek lass\u00fa halad\u00e1sa k\u00f6zbeni tengelyterhel\u00e9s m\u00e9r\u00e9s\u00e9t.<br \/>\n* **El\u0151ny:** Folyamatos adatgy\u0171jt\u00e9s a j\u00e1rm\u0171 \u00e1thalad\u00e1sa alatt, ami szimul\u00e1lja a val\u00f3s forgalmi k\u00f6r\u00fclm\u00e9nyeket.<br \/>\n* **Technol\u00f3gia:** Speci\u00e1lis cs\u00edkm\u00e9rlegek vagy teljes platformok haszn\u00e1lata.<br \/>\n* **Pontoss\u00e1g:** Magas sebess\u00e9g\u0171 WIM rendszerekhez k\u00e9pest kiv\u00e1l\u00f3 pontoss\u00e1g alacsony sebess\u00e9gn\u00e9l (Low-Speed WIM).<\/p>\n<p>## Indik\u00e1torok, Szoftverek \u00e9s Adatkezel\u00e9s<\/p>\n<p>The quality of the measurement data depends directly on the processing unit. Intercomp offers a wide selection for recording and analyzing measurements:<\/p>\n<p>### Indik\u00e1torok \u00e9s Kijelz\u0151k:<\/p>\n<p>* **\u00c9rint\u0151k\u00e9perny\u0151s CPU-k (pl. TAC30\u2122):** Intuit\u00edv kezel\u0151fel\u00fclet, amely megk\u00f6nny\u00edti a komplex m\u00e9r\u00e9si szekvenci\u00e1k be\u00e1ll\u00edt\u00e1s\u00e1t \u00e9s a val\u00f3s idej\u0171 adatok megjelen\u00edt\u00e9s\u00e9t.<br \/>\n* **RFX\u00ae Vezet\u00e9k N\u00e9lk\u00fcli K\u00e9zi Indik\u00e1torok:** Lehet\u0151v\u00e9 teszik a kezel\u0151 sz\u00e1m\u00e1ra, hogy biztons\u00e1gos t\u00e1vols\u00e1gb\u00f3l monitorozza a m\u00e9r\u00e9seket, n\u00f6velve ezzel a biztons\u00e1got a tesztp\u00e1ly\u00e1n.<br \/>\n* **Adatgy\u0171jt\u00e9si K\u00e9pess\u00e9gek:** A kijelz\u0151k k\u00e9pesek a s\u00falyadatok, tengelyterhel\u00e9sek \u00e9s a teljes j\u00e1rm\u0171s\u00faly r\u00f6gz\u00edt\u00e9s\u00e9re, id\u0151b\u00e9lyeggel ell\u00e1tva.<\/p>\n<p>### Szoftveres T\u00e1mogat\u00e1s:<\/p>\n<p>Az auton\u00f3m j\u00e1rm\u0171vek fejleszt\u00e9s\u00e9hez elengedhetetlen a m\u00e9r\u00e9sek ut\u00f3lagos elemz\u00e9se. A szoftveres megold\u00e1sok (mint p\u00e9ld\u00e1ul az **ACWeigh\u2122** vagy az ahhoz hasonl\u00f3 analitikai eszk\u00f6z\u00f6k) lehet\u0151v\u00e9 teszik:<\/p>\n<p>1. **Adatexport:** A m\u00e9rt adatok szabv\u00e1nyos form\u00e1tum\u00fa export\u00e1l\u00e1sa (pl. CSV, XML) a j\u00e1rm\u0171dinamikai szimul\u00e1ci\u00f3s \u00e9s elemz\u0151 szoftverekbe.<br \/>\n2. **Grafikus Megjelen\u00edt\u00e9s:** A s\u00falyv\u00e1ltoz\u00e1sok vizualiz\u00e1l\u00e1sa id\u0151ben vagy megtett t\u00e1vols\u00e1g f\u00fcggv\u00e9ny\u00e9ben.<br \/>\n3. **Napl\u00f3z\u00e1s \u00e9s Audit\u00e1l\u00e1s:** Minden m\u00e9r\u00e9s r\u00e9szletes napl\u00f3z\u00e1sa a fejleszt\u00e9si folyamat nyomon k\u00f6vethet\u0151s\u00e9ge \u00e9rdek\u00e9ben.<\/p>\n<p>## Alkalmaz\u00e1si Megjegyz\u00e9sek az Auton\u00f3m J\u00e1rm\u0171vekhez<\/p>\n<p>During the development of autonomous systems, weight data are not just static values. The system must be capable of accurately measuring the shifting of the vehicle's load between the wheels. This is especially important when optimizing the vehicle's steering and braking systems.<\/p>\n<p>The highly accurate, portable wheel weighing scales (such as PT300DW\u2122 types) are ideally suited for measuring the vehicle under different load conditions (empty, half-loaded, fully loaded) and using this data for fine-tuning the vehicle model. The reliability of the system ensures that software developers can rely on the actual physical parameters of the vehicle rather than estimated values.<\/p>\n<p>**\u00d6sszefoglalva:** Az Intercomp m\u00e9rlegrendszerek az auton\u00f3m teherg\u00e9pj\u00e1rm\u0171-fejleszt\u00e9s alapk\u00f6vei, amelyek garant\u00e1lj\u00e1k a sz\u00fcks\u00e9ges precizit\u00e1st a biztons\u00e1gos \u00e9s hat\u00e9kony j\u00f6v\u0151beli k\u00f6zleked\u00e9si megold\u00e1sok megval\u00f3s\u00edt\u00e1s\u00e1hoz.<\/p>","protected":false},"excerpt":{"rendered":"<p>Heavy-duty weighing systems customized for the needs of autonomous truck development projects. Precise weight data for testing.<\/p>","protected":false},"featured_media":347269,"template":"","meta":[],"product_brand":[13685],"product_cat":[12998],"product_tag":[16303],"class_list":{"0":"post-361937","1":"product","2":"type-product","3":"status-publish","4":"has-post-thumbnail","6":"product_brand-intercompcompany","7":"product_cat-egyeb-termekek","8":"product_tag-intercomp-megoldasok-osszes","10":"first","11":"instock","12":"featured","13":"shipping-taxable","14":"product-type-simple"},"_links":{"self":[{"href":"https:\/\/staging.met-industry.hu\/en\/wp-json\/wp\/v2\/product\/361937","targetHints":{"allow":["GET"]}}],"collection":[{"href":"https:\/\/staging.met-industry.hu\/en\/wp-json\/wp\/v2\/product"}],"about":[{"href":"https:\/\/staging.met-industry.hu\/en\/wp-json\/wp\/v2\/types\/product"}],"version-history":[{"count":0,"href":"https:\/\/staging.met-industry.hu\/en\/wp-json\/wp\/v2\/product\/361937\/revisions"}],"wp:featuredmedia":[{"embeddable":true,"href":"https:\/\/staging.met-industry.hu\/en\/wp-json\/wp\/v2\/media\/347269"}],"wp:attachment":[{"href":"https:\/\/staging.met-industry.hu\/en\/wp-json\/wp\/v2\/media?parent=361937"}],"wp:term":[{"taxonomy":"product_brand","embeddable":true,"href":"https:\/\/staging.met-industry.hu\/en\/wp-json\/wp\/v2\/product_brand?post=361937"},{"taxonomy":"product_cat","embeddable":true,"href":"https:\/\/staging.met-industry.hu\/en\/wp-json\/wp\/v2\/product_cat?post=361937"},{"taxonomy":"product_tag","embeddable":true,"href":"https:\/\/staging.met-industry.hu\/en\/wp-json\/wp\/v2\/product_tag?post=361937"}],"curies":[{"name":"wp","href":"https:\/\/api.w.org\/{rel}","templated":true}]}}