{"id":361938,"date":"2026-03-18T13:25:47","date_gmt":"2026-03-18T11:25:47","guid":{"rendered":"https:\/\/staging.met-industry.hu\/?post_type=product&#038;p=361938"},"modified":"2026-03-23T18:28:08","modified_gmt":"2026-03-23T16:28:08","slug":"tehergepjarmu-merlegek-kereskedelmi-flottak-szamara","status":"publish","type":"product","link":"https:\/\/staging.met-industry.hu\/en\/uzlet\/tehergepjarmu-merlegek-kereskedelmi-flottak-szamara\/","title":{"rendered":"Truck Scales for Commercial  Fleets"},"content":{"rendered":"<p># Nagy Teljes\u00edtm\u00e9ny\u0171 Teherg\u00e9pj\u00e1rm\u0171 M\u00e9rlegek Flott\u00e1k Sz\u00e1m\u00e1ra: Statikus \u00e9s Forgalmi M\u00e9r\u00e9s (WIM) Megold\u00e1sok<\/p>\n<p>The Intercomp group offers a wide range of professional weighing systems for commercial fleets, logistics centers, and industrial facilities, specialized for precise axle and full vehicle weighing, as well as Weigh-In-Motion (WIM) measurement. These systems ensure efficient operation, compliance with regulations, and load optimization.<\/p>\n<p>Our product range extends from portable, quickly deployable solutions to built-in, high-throughput systems, guaranteeing the highest accuracy and reliability in all cases.<\/p>\n<p>\u2014<\/p>\n<p>## F\u0151bb Term\u00e9kkateg\u00f3ri\u00e1k \u00e9s Alkalmaz\u00e1si Ter\u00fcletek<\/p>\n<p>Our systems are designed to meet the complex demands of modern fleet management, including electric vehicles, autonomous systems, and strict regulatory checks.<\/p>\n<p>### 1. Ker\u00e9k- \u00e9s Tengelym\u00e9rlegek<\/p>\n<p>These systems are excellently suited for measuring axle loads, individual wheel weights, and full vehicle weights, whether for static or dynamic applications.<\/p>\n<p>#### A. Forgalmi Sebess\u00e9g\u0171 Tengelym\u00e9rlegek (Weigh-In-Motion &#8211; WIM)<\/p>\n<p>WIM systems enable continuous measurement of vehicles at slow or even normal traffic speeds, ideal for high-traffic entrances and regulatory checkpoints.<\/p>\n<p>* **LS630-WIM\u2122 Hordozhat\u00f3 LS-WIM Teherg\u00e9pj\u00e1rm\u0171 M\u00e9rlegek:**<br \/>\n* **Jellemz\u0151k:** Hordozhat\u00f3 kialak\u00edt\u00e1s, gyors telep\u00edt\u00e9s, ide\u00e1lis ideiglenes helysz\u00ednekhez vagy rugalmas m\u00e9r\u00e9si pontokhoz. K\u00e9pes forgalmi sebess\u00e9g\u0171 m\u00e9r\u00e9sre.<br \/>\n* **LS-WIM\u00ae Forgalmi Sebess\u00e9g\u0171 Tengelym\u00e9rlegek:**<br \/>\n* **Jellemz\u0151k:** Nagy pontoss\u00e1g\u00fa, be\u00e9p\u00edtett vagy f\u00e9l-be\u00e9p\u00edtett megold\u00e1sok, amelyek folyamatos adatgy\u0171jt\u00e9st tesznek lehet\u0151v\u00e9.<br \/>\n* **Forgalmi Sebess\u00e9g\u0171 Cs\u00edkm\u00e9rlegek:**<br \/>\n* **Jellemz\u0151k:** Diszkr\u00e9t, alacsony profil\u00fa szenzorok, amelyek megl\u00e9v\u0151 \u00fatfel\u00fcletbe integr\u00e1lhat\u00f3k WIM rendszerekhez.<\/p>\n<p>#### B. Alacsony Profil\u00fa Teherg\u00e9pj\u00e1rm\u0171 M\u00e9rlegek<\/p>\n<p>Specifically designed for sites where installation depth is limited or quick installation is required.<\/p>\n<p>* **LP600\u2122 Alacsony Profil\u00fa M\u00e9rleg:**<br \/>\n* **Jellemz\u0151k:** Robusztus kialak\u00edt\u00e1s, kiv\u00e1l\u00f3 pontoss\u00e1g, minim\u00e1lis r\u00e1mpaig\u00e9ny.<br \/>\n* **LP600-15T\u2122 Alacsony Profil\u00fa M\u00e9rleg:**<br \/>\n* **Jellemz\u0151k:** Megn\u00f6velt teherb\u00edr\u00e1si k\u00e9pess\u00e9g, ide\u00e1lis neh\u00e9z teherg\u00e9pj\u00e1rm\u0171vekhez.<br \/>\n* **LP788\u2122 Hordozhat\u00f3 Alacsony Profil\u00fa M\u00e9rleg:**<br \/>\n* **Jellemz\u0151k:** K\u00f6nnyen mozgathat\u00f3, gyorsan \u00fczembe helyezhet\u0151, ide\u00e1lis v\u00e1ltoz\u00f3 helysz\u00ednekhez.<\/p>\n<p>#### C. Hordozhat\u00f3 Teherg\u00e9pj\u00e1rm\u0171 M\u00e9rlegek<\/p>\n<p>They provide maximum flexibility, making it possible to weigh wherever needed.<\/p>\n<p>* **LTR788\u2122 Kett\u0151s Ker\u00e9km\u00e9r\u0151 M\u00e9rleg:**<br \/>\n* **Jellemz\u0151k:** K\u00e9t ker\u00e9k egyidej\u0171 m\u00e9r\u00e9s\u00e9re optimaliz\u00e1lt, nagy pontoss\u00e1g\u00fa hordozhat\u00f3 egys\u00e9g.<br \/>\n* **PT300\u2122 Ker\u00e9km\u00e9r\u0151 M\u00e9rleg:**<br \/>\n* **Jellemz\u0151k:** Kompakt, k\u00f6nnyen kezelhet\u0151, ide\u00e1lis tengelyterhel\u00e9s m\u00e9r\u00e9s\u00e9re.<br \/>\n* **PT300DW\u2122 Sz\u00e9les Ker\u00e9km\u00e9r\u0151 M\u00e9rleg:**<br \/>\n* **Jellemz\u0151k:** Kifejezetten sz\u00e9les fut\u00f3fel\u00fclet\u0171 vagy dupla kerekes tengelyek m\u00e9r\u00e9s\u00e9re optimaliz\u00e1lva.<br \/>\n* **AX900\u2122 H\u00eddm\u00e9rlegek:**<br \/>\n* **Jellemz\u0151k:** Nagy teherb\u00edr\u00e1s\u00fa, modul\u00e1ris hordozhat\u00f3 m\u00e9r\u0151h\u00edd rendszerek.<br \/>\n* **SW\u2122 Hordozhat\u00f3 M\u00e9r\u0151padok:**<br \/>\n* **Jellemz\u0151k:** Rendk\u00edv\u00fcl mobil megold\u00e1s, amely gyorsan fel\u00e1ll\u00edthat\u00f3 ideiglenes ellen\u0151rz\u0151 pontokhoz.<\/p>\n<p>### 2. ITS\/Hat\u00f3s\u00e1gi Ellen\u0151rz\u0151 M\u00e9rlegek<\/p>\n<p>These systems are designed for traffic safety and weight enforcement tasks, often integrated into traffic management systems.<\/p>\n<p>#### A. Be\u00e9p\u00edtett Forgalmi Sebess\u00e9g\u0171 M\u00e9r\u00e9s<\/p>\n<p>* **WIM Platform M\u00e9rlegek:** Fixen telep\u00edtett, nagy forgalm\u00fa helysz\u00ednekre sz\u00e1nt, nagy pontoss\u00e1g\u00fa platformok.<br \/>\n* **LS-WIM\u00ae Forgalmi Sebess\u00e9g\u0171 Tengelym\u00e9rleg:** Be\u00e9p\u00edtett, nagy sebess\u00e9g\u0171 m\u00e9r\u00e9sre alkalmas egys\u00e9g.<\/p>\n<p>#### B. Hordozhat\u00f3 Forgalmi Sebess\u00e9g\u0171 M\u00e9r\u00e9s<\/p>\n<p>* **LS788-WIM\u2122 Hordozhat\u00f3 Forgalmi Sebess\u00e9g\u0171 M\u00e9rleg:** Hordozhat\u00f3 egys\u00e9g, amely lehet\u0151v\u00e9 teszi a forgalmi sebess\u00e9g\u0171 m\u00e9r\u00e9st ideiglenes helysz\u00edneken.<br \/>\n* **LS630-WIM\u2122 Hordozhat\u00f3 Alacsony Sebess\u00e9g\u0171 Forgalmi Sebess\u00e9g\u0171 M\u00e9rleg:** Lass\u00edtott forgalomn\u00e1l t\u00f6rt\u00e9n\u0151, nagy pontoss\u00e1g\u00fa m\u00e9r\u00e9sre optimaliz\u00e1lt hordozhat\u00f3 megold\u00e1s.<\/p>\n<p>#### C. Hordozhat\u00f3 Statikus M\u00e9rlegek<\/p>\n<p>* **LP788\u2122 Alacsony Profil\u00fa Ker\u00e9km\u00e9r\u0151 M\u00e9rlegek:** Hat\u00f3s\u00e1gi ellen\u0151rz\u00e9sekhez haszn\u00e1lt, k\u00f6nnyen telep\u00edthet\u0151 statikus m\u00e9r\u0151egys\u00e9gek.<br \/>\n* **AX900\u2122 Tengelym\u00e9r\u0151 Rendszerek:** Teljes tengelyterhel\u00e9s statikus m\u00e9r\u00e9s\u00e9re szolg\u00e1l\u00f3 hordozhat\u00f3 rendszerek.<\/p>\n<p>\u2014<\/p>\n<p>## M\u0171szaki Adatok \u00e9s Kieg\u00e9sz\u00edt\u0151k<\/p>\n<p>We offer a wide selection of accessories, indicators, and software to ensure measurement accuracy and system functionality.<\/p>\n<p>### Kijelz\u0151k, Szoftverek \u00e9s Alkalmaz\u00e1sok<\/p>\n<p>Data processing and display of measurements are critically important.<\/p>\n<p>* **Indik\u00e1torok, Kijelz\u0151k, Szoftverek \u00e9s Alkalmaz\u00e1sok:**<br \/>\n* K\u00fcl\u00f6nb\u00f6z\u0151 t\u00edpus\u00fa digit\u00e1lis kijelz\u0151k, amelyek val\u00f3s idej\u0171 s\u00falyadatokat jelen\u00edtenek meg.<br \/>\n* Fejlett szoftverek a m\u00e9r\u00e9sek r\u00f6gz\u00edt\u00e9s\u00e9re, elemz\u00e9s\u00e9re \u00e9s jelent\u00e9sek k\u00e9sz\u00edt\u00e9s\u00e9re.<br \/>\n* Mobilalkalmaz\u00e1sok a vezet\u00e9k n\u00e9lk\u00fcli adatgy\u0171jt\u00e9shez \u00e9s -kezel\u00e9shez.<\/p>\n<p>### Kalibr\u00e1ci\u00f3s \u00e9s Tesztel\u0151 Berendez\u00e9sek<\/p>\n<p>To maintain the accuracy of the scales:<\/p>\n<p>* **Er\u0151m\u00e9r\u0151 Vizsg\u00e1l\u00f3\u00e1llv\u00e1nyok:**<br \/>\n* Kalibr\u00e1l\u00e1si \u00e9s ellen\u0151rz\u00e9si c\u00e9lokra szolg\u00e1l\u00f3 prec\u00edzi\u00f3s eszk\u00f6z\u00f6k.<\/p>\n<p>### Application Areas Details<\/p>\n<p>We have tailored our systems specifically to the needs of the following industrial segments:<\/p>\n<p>| Alkalmaz\u00e1si Ter\u00fclet | F\u0151bb El\u0151ny\u00f6k | Relev\u00e1ns Term\u00e9kek |<br \/>\n| :&#8212; | :&#8212; | :&#8212; |<br \/>\n| **Kereskedelmi Flott\u00e1k** | Rakom\u00e1nyoptimaliz\u00e1l\u00e1s, \u00fatd\u00edj- \u00e9s s\u00falyellen\u0151rz\u00e9s. | LP600, LS-WIM, PT300 |<br \/>\n| **Auton\u00f3m Teherg\u00e9pj\u00e1rm\u0171vek** | Az \u00faj gener\u00e1ci\u00f3s j\u00e1rm\u0171vek s\u00faly\u00e1nak kezel\u00e9se. | Speci\u00e1lis WIM \u00e9s tengelym\u00e9r\u0151 megold\u00e1sok |<br \/>\n| **Elektromos J\u00e1rm\u0171vek** | Az akkumul\u00e1torok okozta elt\u00e9r\u0151 s\u00falyeloszl\u00e1s kezel\u00e9se. | Elektromos j\u00e1rm\u0171 specifikus m\u00e9r\u0151rendszerek |<br \/>\n| **K\u00f6zm\u0171vek** | Szersz\u00e1mok, felszerel\u00e9sek s\u00faly\u00e1nak nyomon k\u00f6vet\u00e9se. | Hordozhat\u00f3 ker\u00e9km\u00e9r\u0151k |<br \/>\n| **Rakod\u00e1si \u00e9s Kirakod\u00e1si Pontok** | Pontos rakom\u00e1ny-ellen\u0151rz\u00e9s a folyamat sor\u00e1n. | Hordozhat\u00f3 padok (SW\u2122), Alacsony profil\u00fa m\u00e9rlegek |<br \/>\n| **Ideiglenes Munkahelysz\u00ednek** | Gyorsan telep\u00edthet\u0151, robusztus m\u00e9r\u00e9si megold\u00e1sok. | LS630-WIM\u2122, AX900\u2122 |<br \/>\n| **SOLAS Kont\u00e9ner M\u00e9r\u00e9s** | A tengeri sz\u00e1ll\u00edt\u00e1sra vonatkoz\u00f3 nemzetk\u00f6zi s\u00falyoz\u00e1si el\u0151\u00edr\u00e1sok (SOLAS) betart\u00e1sa. | Speci\u00e1lis kont\u00e9ner m\u00e9r\u0151rendszerek |<\/p>\n<p>\u2014<\/p>\n<p>## Technikai Le\u00edr\u00e1s \u00e9s El\u0151ny\u00f6k<\/p>\n<p>In the design of Intercomp scales, durability, accuracy, and user-friendly handling are the focus.<\/p>\n<p>**Robust Design:**<br \/>\nDesigned for use in commercial and regulatory environments, these weighing units withstand extreme weather conditions and high mechanical loads. The low-profile design minimizes the vehicle's angle of inclination, thereby reducing the risk of accidents and wear.<\/p>\n<p>**Dinamikus Pontoss\u00e1g:**<br \/>\nThanks to advanced signal processing technology, WIM systems are capable of recording vehicle weights with high accuracy while moving, which is essential for inspection without obstructing traffic. Software often includes weight correction algorithms to convert dynamic measurements into static values.<\/p>\n<p>**Hordozhat\u00f3s\u00e1g \u00e9s Rugalmass\u00e1g:**<br \/>\nPortable systems (e.g., PT300, LP788) can be quickly transported and installed, ideal for periodic checks or sites where fixed installation is not possible. The modular design allows the system's size and capacity to be scaled to meet current needs.<\/p>\n<p>**Adatkezel\u00e9s \u00e9s Integr\u00e1ci\u00f3:**<br \/>\nModern indicators and software (e.g., ACWeigh\u2122, RFX\u00ae Wireless Handheld Indicator) ensure easy recording, storage, and export of measurements. This is crucial for fleet management for tracking load data, overload cases, and maintenance schedules. Wireless technology (RFX\u00ae) increases operator safety and measurement speed.<\/p>\n<p>These professional weighing solutions guarantee that commercial fleets always operate with the most accurate weight data, maximizing efficiency and minimizing legal risks.<\/p>","protected":false},"excerpt":{"rendered":"<p>Professional truck weighing systems for commercial fleets. Static and Weigh-In-Motion (WIM) solutions.<\/p>","protected":false},"featured_media":347259,"template":"","meta":[],"product_brand":[13685],"product_cat":[12998],"product_tag":[16303],"class_list":{"0":"post-361938","1":"product","2":"type-product","3":"status-publish","4":"has-post-thumbnail","6":"product_brand-intercompcompany","7":"product_cat-egyeb-termekek","8":"product_tag-intercomp-megoldasok-osszes","10":"first","11":"instock","12":"featured","13":"shipping-taxable","14":"product-type-simple"},"_links":{"self":[{"href":"https:\/\/staging.met-industry.hu\/en\/wp-json\/wp\/v2\/product\/361938","targetHints":{"allow":["GET"]}}],"collection":[{"href":"https:\/\/staging.met-industry.hu\/en\/wp-json\/wp\/v2\/product"}],"about":[{"href":"https:\/\/staging.met-industry.hu\/en\/wp-json\/wp\/v2\/types\/product"}],"version-history":[{"count":0,"href":"https:\/\/staging.met-industry.hu\/en\/wp-json\/wp\/v2\/product\/361938\/revisions"}],"wp:featuredmedia":[{"embeddable":true,"href":"https:\/\/staging.met-industry.hu\/en\/wp-json\/wp\/v2\/media\/347259"}],"wp:attachment":[{"href":"https:\/\/staging.met-industry.hu\/en\/wp-json\/wp\/v2\/media?parent=361938"}],"wp:term":[{"taxonomy":"product_brand","embeddable":true,"href":"https:\/\/staging.met-industry.hu\/en\/wp-json\/wp\/v2\/product_brand?post=361938"},{"taxonomy":"product_cat","embeddable":true,"href":"https:\/\/staging.met-industry.hu\/en\/wp-json\/wp\/v2\/product_cat?post=361938"},{"taxonomy":"product_tag","embeddable":true,"href":"https:\/\/staging.met-industry.hu\/en\/wp-json\/wp\/v2\/product_tag?post=361938"}],"curies":[{"name":"wp","href":"https:\/\/api.w.org\/{rel}","templated":true}]}}