{"id":362217,"date":"2026-03-18T13:27:01","date_gmt":"2026-03-18T11:27:01","guid":{"rendered":"https:\/\/staging.met-industry.hu\/?post_type=product&#038;p=362217"},"modified":"2026-03-23T18:27:50","modified_gmt":"2026-03-23T16:27:50","slug":"smart-pressure-gate-ventilatorvezerlessel-0-10-v-spg-901_004","status":"publish","type":"product","link":"https:\/\/staging.met-industry.hu\/en\/uzlet\/smart-pressure-gate-ventilatorvezerlessel-0-10-v-spg-901_004\/","title":{"rendered":"Smart Pressure Gate with fan control 0\u202610 V (SPG 901_004)"},"content":{"rendered":"<p># Smart Pressure Gate FC\/CC &#8211; 0..10V &#8211; CO2 (SPG 901_004) \u2013 Intelligens Nyom\u00e1svez\u00e9rl\u00e9s CO\u2082 H\u0171t\u0151rendszerekhez<\/p>\n<p>The Leitenberger Smart Pressure Gate (SPG) model 901_004 is an extremely advanced, intelligent pressure monitoring and control device specifically developed for high-pressure applications in carbon dioxide (R744) based refrigeration systems. This device ensures precise monitoring and control through digital interfaces and high-precision sensors, thereby optimizing energy efficiency and system safety.<\/p>\n<p>This modern solution is capable of replacing conventional mechanical pressure gauges, pressure switches, and analog pressure sensors (with 0\u202610 V output), integrating the functions into a single, robust unit.<\/p>\n<p>## Main Features and Advantages<\/p>\n<p>The Smart Pressure Gate 901_004 offers several key advantages for refrigeration technology professionals:<\/p>\n<p>### Optimization for CO\u2082 (R744) High-Pressure Refrigeration Systems<br \/>\nThis device is specifically designed for the special requirements of systems operating with carbon dioxide as a natural refrigerant, where managing high operating pressure is critical.<\/p>\n<p>*   **Extreme Pressure Stability:** The device withstands extremely high pressures, operating reliably even in ranges up to **160 bar**.<br \/>\n*   **Excellent Measurement Accuracy:** Thanks to the extremely precise sensors, the measurement accuracy is **0.5 % FSS** (Full Scale Span \u2013 expressed as a percentage of the full measuring range), which guarantees precise regulation.<\/p>\n<p>### Flexible Control Options<br \/>\nThe digital outputs of the SPG 901_004 enable fine-tuning of systems and minimization of energy consumption.<\/p>\n<p>*   **EC Fan Speed Control:** Supports the speed control of EC (electronically commutated) fans, resulting in maximum energy efficiency during cooling processes.<br \/>\n*   **Helyettes\u00edt\u0151 Funkci\u00f3:** Egyetlen eszk\u00f6zk\u00e9nt k\u00e9pes kiv\u00e1ltani a mechanikus manom\u00e9tereket, a nyom\u00e1skapcsol\u00f3kat \u00e9s a hagyom\u00e1nyos 0&#8230;10 V anal\u00f3g kimenet\u0171 nyom\u00e1sjelad\u00f3kat.<\/p>\n<p>### Digital Monitoring and Remote Maintenance<br \/>\nThe built-in digital communication interfaces allow the device to be integrated into modern monitoring systems (BMS\/SCADA).<\/p>\n<p>*   **Modbus RTU &#038; RS485 Interf\u00e9sz:** Ez a protokoll biztos\u00edtja a k\u00fcls\u0151 vez\u00e9rl\u00e9st, a val\u00f3s idej\u0171 adatgy\u0171jt\u00e9st \u00e9s a t\u00e1voli diagnosztik\u00e1t.<\/p>\n<p>### Simple Installation and Retrofitting<br \/>\nDuring design, great emphasis was placed on ease of installation, minimizing downtime.<\/p>\n<p>*   **Compatible with Existing Connections:** The device fits existing connections, eliminating the need for adaptations or modifications to the existing infrastructure.<\/p>\n<p>## Technical Data<\/p>\n<p>The detailed technical specifications of the SPG 901_004 device ensure long-term, reliable operation even in the most demanding industrial environments.<\/p>\n<p>| Parameter | Low Pressure (LP) | High Pressure (HP) |<br \/>\n| :&#8212; | :&#8212; | :&#8212; |<br \/>\n| **Measuring Range** | 0\u202660 bar | 0\u2026160 bar |<br \/>\n| **Measuring Range (psi)** | 0\u2026870 psi | 0\u20262320 psi |<br \/>\n| **Measurement Accuracy** | 0.5 % FSS | 0.5 % FSS |<br \/>\n| **Refrigerant Compatibility** | CO\u2082 (R744) | CO\u2082 (R744) |<br \/>\n| **Folyamat Csatlakoz\u00e1s** | G1\/4 SAE | 7\/16&#8243;-20 UNF |<br \/>\n| **Digital Communication** | Modbus RTU \/ RS485 | Modbus RTU \/ RS485 |<br \/>\n| **Vez\u00e9rl\u0151 Kimenet** | 0&#8230;10 V (Ventil\u00e1tor szab\u00e1lyoz\u00e1shoz) | 0&#8230;10 V (Ventil\u00e1tor szab\u00e1lyoz\u00e1shoz) |<\/p>\n<p>### Further Technical Details<\/p>\n<p>*   **Design:** Intelligent pressure monitor with fan control.<br \/>\n*   **Construction:** Robust, quality made in Germany design.<br \/>\n*   **Area of Application:** Primarily for monitoring CO\u2082 (R744) refrigeration units, compressors, and high-pressure systems.<\/p>\n<p>## Application Areas<\/p>\n<p>The Smart Pressure Gate 901_004 is the ideal choice in the following areas:<\/p>\n<p>1.  **Refrigeration Technology:** Especially in transcritical CO\u2082 systems where precise regulation is required on the high-pressure side (HP).<br \/>\n2.  **Industrial Measurement and Control Technology:** Any industrial process where reliable, digitally communicating pressure data is required.<br \/>\n3.  **Compressor Protection:** Through precise pressure monitoring, it contributes to increasing the service life of compressors and preventing failures.<\/p>\n<p>This device reflects Leitenberger's commitment to high-quality, innovative measurement and control technology solutions, especially regarding future refrigerants and energy efficiency.<\/p>","protected":false},"excerpt":{"rendered":"<p>Intelligent pressure control for CO2 refrigeration systems, with 0-10V output, fan control function, advanced technology.<\/p>","protected":false},"featured_media":335170,"template":"","meta":[],"product_brand":[13687],"product_cat":[12998],"product_tag":[],"class_list":{"0":"post-362217","1":"product","2":"type-product","3":"status-publish","4":"has-post-thumbnail","6":"product_brand-leitenberger-mrt","7":"product_cat-egyeb-termekek","9":"first","10":"instock","11":"shipping-taxable","12":"product-type-simple"},"_links":{"self":[{"href":"https:\/\/staging.met-industry.hu\/en\/wp-json\/wp\/v2\/product\/362217","targetHints":{"allow":["GET"]}}],"collection":[{"href":"https:\/\/staging.met-industry.hu\/en\/wp-json\/wp\/v2\/product"}],"about":[{"href":"https:\/\/staging.met-industry.hu\/en\/wp-json\/wp\/v2\/types\/product"}],"version-history":[{"count":0,"href":"https:\/\/staging.met-industry.hu\/en\/wp-json\/wp\/v2\/product\/362217\/revisions"}],"wp:featuredmedia":[{"embeddable":true,"href":"https:\/\/staging.met-industry.hu\/en\/wp-json\/wp\/v2\/media\/335170"}],"wp:attachment":[{"href":"https:\/\/staging.met-industry.hu\/en\/wp-json\/wp\/v2\/media?parent=362217"}],"wp:term":[{"taxonomy":"product_brand","embeddable":true,"href":"https:\/\/staging.met-industry.hu\/en\/wp-json\/wp\/v2\/product_brand?post=362217"},{"taxonomy":"product_cat","embeddable":true,"href":"https:\/\/staging.met-industry.hu\/en\/wp-json\/wp\/v2\/product_cat?post=362217"},{"taxonomy":"product_tag","embeddable":true,"href":"https:\/\/staging.met-industry.hu\/en\/wp-json\/wp\/v2\/product_tag?post=362217"}],"curies":[{"name":"wp","href":"https:\/\/api.w.org\/{rel}","templated":true}]}}