{"id":362408,"date":"2026-03-18T13:27:40","date_gmt":"2026-03-18T11:27:40","guid":{"rendered":"https:\/\/staging.met-industry.hu\/?post_type=product&#038;p=362408"},"modified":"2026-03-23T18:27:41","modified_gmt":"2026-03-23T16:27:41","slug":"piusi-uzemanyag-es-biouzemanyag-szurok-benzin-vizlevalaszto-rendszerek","status":"publish","type":"product","link":"https:\/\/staging.met-industry.hu\/en\/uzlet\/piusi-uzemanyag-es-biouzemanyag-szurok-benzin-vizlevalaszto-rendszerek\/","title":{"rendered":"Too Many Requests"},"content":{"rendered":"<p># PIUSI Fuel and Biofuel Filters: Advanced Petrol Water Separator Systems<\/p>\n<p>A PIUSI bemutatja a kiv\u00e1l\u00f3 min\u0151s\u00e9g\u0171 **\u00dczemanyag- \u00e9s Bio\u00fczemanyag Sz\u0171r\u0151 (FUEL&#038;BIOFUEL FILTERS)** csal\u00e1dj\u00e1t, amely elengedhetetlen a tiszta folyad\u00e9kell\u00e1t\u00e1s biztos\u00edt\u00e1s\u00e1hoz kritikus ipari \u00e9s kereskedelmi alkalmaz\u00e1sokban. Ezek a sz\u0171r\u0151k \u00fagy lettek kifejlesztve, hogy hat\u00e9konyan t\u00e1vol\u00edts\u00e1k el a szennyez\u0151d\u00e9seket \u00e9s a vizet a g\u00e1zolajb\u00f3l, HVO-b\u00f3l (hidrog\u00e9nezett n\u00f6v\u00e9nyi olaj), XTL-b\u0151l \u00e9s m\u00e1s bio\u00fczemanyagokb\u00f3l, garant\u00e1lva a berendez\u00e9sek hossz\u00fa \u00e9lettartam\u00e1t \u00e9s optim\u00e1lis m\u0171k\u00f6d\u00e9s\u00e9t.<\/p>\n<p>PIUSI filter systems offer the highest level of filtration capacity, down to **30 \u00b5m** fineness, while maintaining high flow rates.<\/p>\n<p>## Main Features and Advantages<\/p>\n<p>This filter family prioritizes reliability and easy maintenance, providing an ideal solution even in the most demanding environments.<\/p>\n<p>*   **Excellent Filtration Efficiency:** Filtration capability up to 30 \u00b5m ensures the fluid is free from harmful particles and water.<br \/>\n*   **Replaceable Insert (Cartridge):** The filter insert is easily replaceable, simplifying periodic maintenance and minimizing downtime.<br \/>\n*   **High Flow Rate:** Models optimized for different flow rates are available, ensuring fast and efficient fuel transfer.<br \/>\n*   **Robust Design:** The filter housings resist high pressures, thanks to a maximum breaking strength pressure of **10 BAR**.<br \/>\n*   **Compact Size:** A low-space design that facilitates integration into existing fluid transfer systems.<br \/>\n*   **Water Separation Capability:** Due to the special design of biofuel filters, they are effectively able to bind and remove water from the fuel.<\/p>\n<p>## Application Areas<\/p>\n<p>PIUSI Fuel and Biofuel Filters are widely used in sectors where fuel cleanliness is critical:<\/p>\n<p>*   **Agriculture:** Protection for tractors, combines, and other agricultural machinery.<br \/>\n*   **Logistics and Transport:** Ensuring fuel supply for fleets.<br \/>\n*   **Mining and Construction:** Supporting the reliable operation of high-capacity, heavy machinery.<br \/>\n*   **Industrial Applications:** Protection for production lines and industrial heating systems.<br \/>\n*   **Marine (Naval) Sector:** Guaranteeing the cleanliness of ship fuel supply.<\/p>\n<p>## Technical Data and Product Selection<\/p>\n<p>PIUSI offers a wide selection for various flow rate requirements and connection sizes. The product range includes complete units equipped with a filter head, standalone filter cartridges, and inline filters.<\/p>\n<p>| Product Code | Description | Flow Rate (approx.) | Connection | Filtration Fineness |<br \/>\n| :&#8212; | :&#8212; | :&#8212; | :&#8212; | :&#8212; |<br \/>\n| **F0777200A** | Sz\u0171r\u0151 fejjel, 1&#8243; GAS | 70 l\/perc | 1&#8243; GAS | Nem specifik\u00e1lt (teljes egys\u00e9g) |<br \/>\n| **F0914900B** | Sz\u0171r\u0151 fejjel | N\/A | 1&#8243; BSP | 10 mikron |<br \/>\n| **F00611C00** | Biofuel Filter | 70 L\/min | N\/A | Water Separator (2 cartridges) |<br \/>\n| **F00611C10** | Biofuel Filter | 100 L\/min | N\/A | Water Separator (1 cartridge + O-ring) |<br \/>\n| **F08950000** | Inline Sz\u0171r\u0151 | N\/A | 1&#8243; BSP \/ 1&#8243; BSP (karim\u00e1s) | N\/A |<\/p>\n<p>### Replaceable Filter Inserts and Heads<\/p>\n<p>For ease of maintenance, the following spare parts are available:<\/p>\n<p>#### Fuel Filter Cartridges<\/p>\n<p>| Product Code | Description | Filtration Fineness | Connection | Packaging |<br \/>\n| :&#8212; | :&#8212; | :&#8212; | :&#8212; | :&#8212; |<br \/>\n| **F0935900A** | Sz\u0171r\u0151 patron | 10 MIC. | 1&#8243; &#8211; 1 1\/4in-IT | Egys\u00e9g |<br \/>\n| **F16483010** | Sz\u0171r\u0151 patron | 10 MIKRON | \u00be&#8221; | PIUSI BOX (15 db) |<\/p>\n<p>#### Biofuel Filter Inserts (BIOFUEL FILTER CARTRIDGE)<\/p>\n<p>These cartridges are specifically optimized for water separation in the case of biofuels.<\/p>\n<p>| Product Code | Description | Flow Rate | Type |<br \/>\n| :&#8212; | :&#8212; | :&#8212; | :&#8212; |<br \/>\n| **F14861000** | Biodiesel Water Separator Cartridge | 70 L\/min | Water Separator |<br \/>\n| **F18496000** | Filter Cartridge | 100 L\/min | CIM-TEK 70075 |<\/p>\n<p>#### Filter Heads (FILTER HEAD)<\/p>\n<p>| Product Code | Description | Connection Sizes |<br \/>\n| :&#8212; | :&#8212; | :&#8212; |<br \/>\n| **F14528000** | Sz\u0171r\u0151 fej | 1&#8243;G 1&#8243;G \u00be&#8221;G |<\/p>\n<p>## Detailed Technical Specifications<\/p>\n<p>During the design of PIUSI filters, the goal was to maximize durability and performance.<\/p>\n<p>| Parameter | Value | Remarks |<br \/>\n| :&#8212; | :&#8212; | :&#8212; |<br \/>\n| **Maximum Pressure** | 10 BAR | Bursting Pressure |<br \/>\n| **Filtration Capacity (Max.)** | 30 \u00b5m | Removal of the finest particles |<br \/>\n| **Product Category** | Fuel | Diesel, HVO, XTL, Biofuels |<br \/>\n| **Application Areas** | Agriculture, Logistics, Mining, Construction, Industrial, Marine | Wide range of use |<br \/>\n| **Design** | Cartridge and Water Absorbing | Tailored to different needs |<\/p>\n<p>These filtration systems ensure that even the most modern engines and equipment are protected from failures caused by contaminants in the fluid, resulting in significant savings on maintenance costs. Thanks to the replaceable cartridges, the system can be flexibly adapted to different filtration requirements.<\/p>","protected":false},"excerpt":{"rendered":"<p>High-quality fuel and biofuel filter family. Advanced gasoline water separator systems for clean fuel supply.<\/p>","protected":false},"featured_media":350142,"template":"","meta":[],"product_brand":[357],"product_cat":[12998],"product_tag":[],"class_list":{"0":"post-362408","1":"product","2":"type-product","3":"status-publish","4":"has-post-thumbnail","6":"product_brand-piusi","7":"product_cat-egyeb-termekek","9":"first","10":"instock","11":"shipping-taxable","12":"product-type-simple"},"_links":{"self":[{"href":"https:\/\/staging.met-industry.hu\/en\/wp-json\/wp\/v2\/product\/362408","targetHints":{"allow":["GET"]}}],"collection":[{"href":"https:\/\/staging.met-industry.hu\/en\/wp-json\/wp\/v2\/product"}],"about":[{"href":"https:\/\/staging.met-industry.hu\/en\/wp-json\/wp\/v2\/types\/product"}],"version-history":[{"count":0,"href":"https:\/\/staging.met-industry.hu\/en\/wp-json\/wp\/v2\/product\/362408\/revisions"}],"wp:featuredmedia":[{"embeddable":true,"href":"https:\/\/staging.met-industry.hu\/en\/wp-json\/wp\/v2\/media\/350142"}],"wp:attachment":[{"href":"https:\/\/staging.met-industry.hu\/en\/wp-json\/wp\/v2\/media?parent=362408"}],"wp:term":[{"taxonomy":"product_brand","embeddable":true,"href":"https:\/\/staging.met-industry.hu\/en\/wp-json\/wp\/v2\/product_brand?post=362408"},{"taxonomy":"product_cat","embeddable":true,"href":"https:\/\/staging.met-industry.hu\/en\/wp-json\/wp\/v2\/product_cat?post=362408"},{"taxonomy":"product_tag","embeddable":true,"href":"https:\/\/staging.met-industry.hu\/en\/wp-json\/wp\/v2\/product_tag?post=362408"}],"curies":[{"name":"wp","href":"https:\/\/api.w.org\/{rel}","templated":true}]}}