{"id":362467,"date":"2026-03-18T13:27:53","date_gmt":"2026-03-18T11:27:53","guid":{"rendered":"https:\/\/staging.met-industry.hu\/?post_type=product&#038;p=362467"},"modified":"2026-03-23T18:26:05","modified_gmt":"2026-03-23T16:26:05","slug":"piusi-k600-3-elektronikus-aramlasmero-kenoolajokhoz-es-fagyallo-folyadekokhoz","status":"publish","type":"product","link":"https:\/\/staging.met-industry.hu\/en\/uzlet\/piusi-k600-3-elektronikus-aramlasmero-kenoolajokhoz-es-fagyallo-folyadekokhoz\/","title":{"rendered":"Too Many Requests"},"content":{"rendered":"<p># PIUSI K600\/3 Electronic Flow Meter for Lubricants and Antifreeze Fluids<\/p>\n<p>The PIUSI K600\/3 electronic gear flow meter offers an excellent solution for the precise control of dispensing lubricating oils and antifreeze fluids in non-commercial applications. This reliable device is the ideal choice for agricultural, mining, construction, and general industrial applications where accurate quantity measurement and dependable operation are essential. The K600\/3 combines PIUSI quality and durability with modern electronic measurement technology.<\/p>\n<p>## Main Features and Advantages<\/p>\n<p>The purpose of the K600\/3 flow meter is to ensure maximum accuracy when dispensing low, medium, and high viscosity fluids, such as lubricating oils and special fluids.<\/p>\n<p>*   **Exceptional Accuracy:** The meter guarantees extremely precise measurement accuracy of **+\/- 0.5%** at the maximum flow rate.<br \/>\n*   **Reliable Construction:** The flow meter features acetal resin oval gears that resist fluids of various viscosities, ensuring a long service life.<br \/>\n*   **Aluminum Measuring Chamber:** The robust aluminum measuring chamber body guarantees structural integrity and long-term reliability.<br \/>\n*   **Integrated Suction Filter:** The built-in suction filter protects the measuring mechanism from potential contamination and deposits, ensuring unimpeded dispensing.<br \/>\n*   **Low Pressure Loss:** At maximum flow rate, it results in only **< 0,5 bar** nyom\u00e1ses\u00e9st eredm\u00e9nyez, ami minim\u00e1lis hat\u00e1ssal van a rendszerek teljes\u00edtm\u00e9ny\u00e9re.\n*   **Alacsony Energiafogyaszt\u00e1s:** Az elektronikus m\u0171k\u00f6d\u00e9s rendk\u00edv\u00fcl energiatakar\u00e9kos.\n*   **Sokoldal\u00fa Alkalmazhat\u00f3s\u00e1g:** Ide\u00e1lis mobil telep\u00edt\u00e9sekhez \u00e9s ipari k\u00f6rnyezetekhez egyar\u00e1nt.\n*   **\u00c1ll\u00edthat\u00f3 Karim\u00e1k:** A rugalmas telep\u00edt\u00e9s \u00e9rdek\u00e9ben \u00e1ll\u00edthat\u00f3 karim\u00e1kkal rendelkezik.\n\n## Kijelz\u0151 \u00e9s Adatkezel\u00e9s\n\nA K600\/3 k\u00e9t f\u0151 v\u00e1ltozatban \u00e9rhet\u0151 el, amelyek elt\u00e9rnek a kijelz\u0151 megl\u00e9t\u00e9t\u0151l \u00e9s az adatgy\u0171jt\u00e9s m\u00f3dj\u00e1t\u00f3l:\n\n### K600\/3 M\u00c9R\u0150 (Kijelz\u0151s Verzi\u00f3)\n\nEz a modell k\u00f6zvetlen\u00fcl a telep\u00edt\u00e9si ponton biztos\u00edt val\u00f3s idej\u0171 visszajelz\u00e9st az adagolt mennyis\u00e9gr\u0151l.\n\n*   **R\u00e9sz\u00f6sszeg (Parci\u00e1lis Tot\u00e1l):** 5 sz\u00e1mjegy (magass\u00e1g: 11,5 mm), lebeg\u0151pontos kijelz\u00e9s 0,001 \u00e9s 999,99 k\u00f6z\u00f6tt.\n*   **Teljes \u00d6sszeg (Total):** 8 sz\u00e1mjegy (magass\u00e1g: 5 mm), 1 \u00e9s 99.999.999 k\u00f6z\u00f6tt, **nem vissza\u00e1ll\u00edthat\u00f3** (tart\u00f3s sz\u00e1ml\u00e1l\u00f3).\n\n### K600\/3 PULSE (Impulzusos Verzi\u00f3)\n\nA PULSE v\u00e1ltozat kijelz\u0151vel nem rendelkezik, de ide\u00e1lis t\u00e1voli m\u00e9r\u00e9shez \u00e9s integr\u00e1lt rendszerekhez.\n\n*   **T\u00e1vvez\u00e9rl\u00e9s:** Ak\u00e1r 10 m\u00e9ter hossz\u00fa csatlakoz\u00f3k\u00e1bellel rendelkezik, amely lehet\u0151v\u00e9 teszi az \u00e1raml\u00e1sm\u00e9r\u0151 t\u00e1voli csatlakoztat\u00e1s\u00e1t egy k\u00fcls\u0151 kijelz\u0151h\u00f6z vagy adatgy\u0171jt\u0151 rendszerhez (pl. PIUSI t\u00e1voli kijelz\u0151 egys\u00e9g). Ez ide\u00e1lis megold\u00e1s, ha az adagol\u00e1s helysz\u00edn\u00e9t\u0151l elk\u00fcl\u00f6n\u00edtett irodai vagy k\u00f6zponti helyen szeretn\u00e9k monitorozni a mennyis\u00e9geket.\n\n## M\u0171szaki Adatok \u00d6sszefoglal\u00e1sa\n\nA K600\/3 \u00e1raml\u00e1sm\u00e9r\u0151 specifik\u00e1ci\u00f3i biztos\u00edtj\u00e1k a megb\u00edzhat\u00f3 teljes\u00edtm\u00e9nyt a legig\u00e9nyesebb ipari k\u00f6rnyezetekben is.\n\n| Param\u00e9ter | \u00c9rt\u00e9k | Megjegyz\u00e9s |\n| :--- | :--- | :--- |\n| **Term\u00e9kkateg\u00f3ria** | Ken\u0151anyagok, Fagy\u00e1ll\u00f3, Olaj | |\n| **Alkalmaz\u00e1si Ter\u00fcletek** | Mez\u0151gazdas\u00e1g, B\u00e1ny\u00e1szat &#038; \u00c9p\u00edt\u0151ipar, Ipar | |\n| **M\u00e9r\u00e9si Elv** | Ov\u00e1lis fogasker\u00e9k (Acet\u00e1l gyanta) | Alacsony\/k\u00f6zepes\/magas viszkozit\u00e1s\u00fa folyad\u00e9kokhoz |\n| **M\u00e9r\u0151kamra Anyaga** | Alum\u00ednium | |\n| **Maxim\u00e1lis \u00c1raml\u00e1si Sebess\u00e9g** | 100 l\/perc | |\n| **M\u00e9r\u00e9si Pontoss\u00e1g** | +\/- 0,5% | |\n| **Ism\u00e9tl\u00e9si Pontoss\u00e1g (Repeatability)** | 0,2% | |\n| **Nyom\u00e1ses\u00e9s** | &lt; 0.5 bar | At maximum flow rate |\n| **Partial Total Display** | 5 digits (11.5 mm) | Only in METER version |\n| **Total Display** | 8 digits (5 mm) | Non-resettable, only in METER version |\n| **Connection** | BSP Thread | |\n\n### Product Codes and Versions\n\nThe K600\/3 is available in two main configurations with different item numbers:\n\n| Product Code | Description | Connection |\n| :--- | :--- | :--- |\n| **F00496A20** | K600\/3 METER \u00be&quot; BSP OIL | With display, integrated display |\n| **F00472A20** | K600\/3 PULSER \u00be&quot; BSP OIL | Pulse version, suitable for remote display |\n\n## Application Areas\n\nThe K600\/3 flow meter is the ideal choice in all industrial and agricultural sectors where the precise dispensing of lubricants and antifreeze fluids is critical:\n\n1.  **Agriculture:** Precise refueling of lubricating oils and hydraulic fluids for machinery and equipment.\n2.  **Mining &amp; Construction:** Maintenance of high-performance machinery (excavators, bulldozers) where minimizing fluid loss is crucial.\n3.  **General Industry:** Monitoring the lubricant supply for production lines, compressors, and other industrial equipment.\n\nThe K600\/3 is not just a measuring device but a reliable partner in optimizing maintenance processes, ensuring that precisely the required amount is always used.\n<\/p>","protected":false},"excerpt":{"rendered":"<p>PIUSI K600\/3 electronic gear flow meter. An excellent solution for the precise measurement of lubricating oils and antifreeze fluids dispensing.<\/p>","protected":false},"featured_media":335686,"template":"","meta":[],"product_brand":[357],"product_cat":[12998],"product_tag":[],"class_list":{"0":"post-362467","1":"product","2":"type-product","3":"status-publish","4":"has-post-thumbnail","6":"product_brand-piusi","7":"product_cat-egyeb-termekek","9":"first","10":"instock","11":"shipping-taxable","12":"product-type-simple"},"_links":{"self":[{"href":"https:\/\/staging.met-industry.hu\/en\/wp-json\/wp\/v2\/product\/362467","targetHints":{"allow":["GET"]}}],"collection":[{"href":"https:\/\/staging.met-industry.hu\/en\/wp-json\/wp\/v2\/product"}],"about":[{"href":"https:\/\/staging.met-industry.hu\/en\/wp-json\/wp\/v2\/types\/product"}],"version-history":[{"count":0,"href":"https:\/\/staging.met-industry.hu\/en\/wp-json\/wp\/v2\/product\/362467\/revisions"}],"wp:featuredmedia":[{"embeddable":true,"href":"https:\/\/staging.met-industry.hu\/en\/wp-json\/wp\/v2\/media\/335686"}],"wp:attachment":[{"href":"https:\/\/staging.met-industry.hu\/en\/wp-json\/wp\/v2\/media?parent=362467"}],"wp:term":[{"taxonomy":"product_brand","embeddable":true,"href":"https:\/\/staging.met-industry.hu\/en\/wp-json\/wp\/v2\/product_brand?post=362467"},{"taxonomy":"product_cat","embeddable":true,"href":"https:\/\/staging.met-industry.hu\/en\/wp-json\/wp\/v2\/product_cat?post=362467"},{"taxonomy":"product_tag","embeddable":true,"href":"https:\/\/staging.met-industry.hu\/en\/wp-json\/wp\/v2\/product_tag?post=362467"}],"curies":[{"name":"wp","href":"https:\/\/api.w.org\/{rel}","templated":true}]}}