{"id":362510,"date":"2026-03-18T13:28:02","date_gmt":"2026-03-18T11:28:02","guid":{"rendered":"https:\/\/staging.met-industry.hu\/?post_type=product&#038;p=362510"},"modified":"2026-03-23T18:26:04","modified_gmt":"2026-03-23T16:26:04","slug":"piusi-mco-2-0-kozponti-folyadekfelugyeleti-rendszer","status":"publish","type":"product","link":"https:\/\/staging.met-industry.hu\/en\/uzlet\/piusi-mco-2-0-kozponti-folyadekfelugyeleti-rendszer\/","title":{"rendered":"Too Many Requests"},"content":{"rendered":"<p># PIUSI MCO 2.0: Central Fluid Monitoring System<\/p>\n<p>The MCO 2.0 is an advanced, centralized fluid monitoring software and hardware system specifically developed for workshops, service centers, and logistics hubs. Its goal is the complete digitalization and control of the dispensing, consumption, and management of lubricants, fuels (diesel, HVO\/XTL), AdBlue\u00ae\/DEF, and other critical fluids. The system helps optimize operational efficiency, minimize human errors, and ensure accurate invoicing.<\/p>\n<p>## Comprehensive Functionality and Advantages<\/p>\n<p>The MCO 2.0 system enables workshops to control, monitor, dispense, and measure all dispensed fluids from a single central interface (PC) during the normal workday.<\/p>\n<p>### Main Advantages in Operational Efficiency:<\/p>\n<p>*   **Full Traceability:** Precisely track **WHO** dispensed the fluid, as every operator has a unique identifier. This increases accountability and reduces unauthorized use.<br \/>\n*   **Precise Quantity Measurement:** The system measures **every single drop** of dispensed fluid with exceptional accuracy, ensuring the amount used exactly matches the data on the work order.<br \/>\n*   **Detailed Transaction Tracking:** Every dispensing event is recorded, ensuring that **every completed job** is included in the final customer invoice, avoiding forgotten or missing items.<br \/>\n*   **Elimination of Human Errors:** Software control and monitoring minimize inaccuracies and mistakes resulting from manual dispensing.<br \/>\n*   **Work Order Management:** The system can manage **work orders**, track their completion and deadlines, thus integrating fluid management into overall workshop management.<\/p>\n<p>## Purpose<\/p>\n<p>The MCO 2.0 fluid monitoring system is specifically designed for service centers and workshops that require **centralized management** over all the fluids they use. This is not exclusively limited to oils and lubricants; the system is also excellently suited for managing diesel, AdBlue\u00ae\/DEF, windshield washer fluid, and other fluids.<\/p>\n<p>## System Components<\/p>\n<p>MCO 2.0 is a modular system consisting of multiple elements connected via Wi-Fi or LAN, ensuring flexible installation and reliable communication:<\/p>\n<p>| Component | Description | Connection |<br \/>\n| :&#8212; | :&#8212; | :&#8212; |<br \/>\n| **MCO 2.0 SOFTWARE** | Central PC-based interface for detailed consumption analysis and comprehensive control. | PC |<br \/>\n| **GPV 2.0** | Valve (solenoid) for fluid monitoring. | LAN Only |<br \/>\n| **Control Unit 2.0** | Central unit for managing all dispensing operations. | Wi-Fi or LAN |<br \/>\n| **Dongle 2.0** | Hardveres eszk\u00f6z, amely lehet\u0151v\u00e9 teszi az \u00f6sszes fel\u00fcgyelt feladat \u00e1ttekint\u00e9s\u00e9t egy pillant\u00e1sra. | &#8211; |<br \/>\n| **Easy View 2.0** | Digit\u00e1lis m\u00e9r\u0151fej (pisztoly) olajadagol\u00e1shoz. | &#8211; |<br \/>\n| **OCIO 2.0** | Tart\u00e1lyszint-figyel\u0151 rendszer a pontos t\u00e1rol\u00f3kapacit\u00e1s-ellen\u0151rz\u00e9shez. | &#8211; |<\/p>\n<p>## Compatible Fluids and Application Areas<\/p>\n<p>The system is highly versatile, capable of handling almost any type of fluid, and applicable across a wide industrial spectrum:<\/p>\n<p>### Manageable Fluids (Product Category):<br \/>\n*   Lubrication Fluid<br \/>\n*   AdBlue\u00ae \/ DEF (Exhaust Gas Aftertreatment Fluid)<br \/>\n*   Antifreeze (Antifreeze)<br \/>\n*   Diesel \/ HVO \/ XTL<br \/>\n*   Food Fluids (Food)<br \/>\n*   Gasoline<br \/>\n*   Grease (Grease)<br \/>\n*   Kerosene (Kerosene)<br \/>\n*   Oils<br \/>\n*   Windscreen washer fluid<br \/>\n*   Water (Water)<\/p>\n<p>### Application Areas:<br \/>\n*   Garage Equipment<br \/>\n* Logistics<br \/>\n*   B\u00e1ny\u00e1szat \u00e9s \u00c9p\u00edt\u0151ipar (Mining &#038; Construction)<br \/>\n*   Industrial<\/p>\n<p>## Customization and Versions<\/p>\n<p>The MCO 2.0 system can be flexibly adapted to user requirements. It is available in different versions that support customized solutions and multi-bay operations.<\/p>\n<p>### Software Versions (USB and WEB based):<\/p>\n<p>PIUSI offers various software packages to cover the scale of user requirements:<\/p>\n<p>| Product Code | Description |<br \/>\n| :&#8212; | :&#8212; |<br \/>\n| F00774000 | MCO 2.0 CLIENT SOFTWARE USB |<br \/>\n| F00774010 | MCO 2.0 BUSINESS ENTRY SOFTWARE USB |<br \/>\n| F00774020 | MCO 2.0 BUSINESS SUITE SOFTWARE USB |<br \/>\n| F00774200 | MCO 2.0 CLIENT &#8211; WEB SZOFTVER |<br \/>\n| F00774210 | MCO 2.0 BUSINESS ENTRY &#8211; WEB SZOFTVER |<br \/>\n| F00774220 | MCO 2.0 BUSINESS SUITE &#8211; WEB SZOFTVER |<\/p>\n<p>### Accessory Hardware and Components:<\/p>\n<p>Numerous accessories are available for system installation and expansion:<\/p>\n<p>| Product Code | Description |<br \/>\n| :&#8212; | :&#8212; |<br \/>\n| F2002100A | TICKET PRINTER WIFI MCO 2.0 |<br \/>\n| F20086000 | INSTALLATION KIT MCO 2.0 (INSTALLER KIT) |<br \/>\n| F20089000 | BARCODE READER USB MCO 2.0 |<br \/>\n| F20592000 | LAN ADAPTER MCO 2.0 |<br \/>\n| F20112000 | FALRA SZEREL\u0150 K\u00c9SZLET CU &#8222;MCO 2.0&#8221; (KIT WALL MOUNT BRACKET CU) |<\/p>\n<p>MCO 2.0 is not just a measuring system; it is a comprehensive management tool that guarantees transparency, accuracy, and efficiency of fluid management processes in modern workshops.<\/p>","protected":false},"excerpt":{"rendered":"<p>Advanced, centralized fluid monitoring software and hardware system for service centers. Comprehensive diesel and AdBlue\u00ae control.<\/p>","protected":false},"featured_media":335787,"template":"","meta":[],"product_brand":[357],"product_cat":[12998],"product_tag":[],"class_list":{"0":"post-362510","1":"product","2":"type-product","3":"status-publish","4":"has-post-thumbnail","6":"product_brand-piusi","7":"product_cat-egyeb-termekek","9":"first","10":"instock","11":"shipping-taxable","12":"product-type-simple"},"_links":{"self":[{"href":"https:\/\/staging.met-industry.hu\/en\/wp-json\/wp\/v2\/product\/362510","targetHints":{"allow":["GET"]}}],"collection":[{"href":"https:\/\/staging.met-industry.hu\/en\/wp-json\/wp\/v2\/product"}],"about":[{"href":"https:\/\/staging.met-industry.hu\/en\/wp-json\/wp\/v2\/types\/product"}],"version-history":[{"count":0,"href":"https:\/\/staging.met-industry.hu\/en\/wp-json\/wp\/v2\/product\/362510\/revisions"}],"wp:featuredmedia":[{"embeddable":true,"href":"https:\/\/staging.met-industry.hu\/en\/wp-json\/wp\/v2\/media\/335787"}],"wp:attachment":[{"href":"https:\/\/staging.met-industry.hu\/en\/wp-json\/wp\/v2\/media?parent=362510"}],"wp:term":[{"taxonomy":"product_brand","embeddable":true,"href":"https:\/\/staging.met-industry.hu\/en\/wp-json\/wp\/v2\/product_brand?post=362510"},{"taxonomy":"product_cat","embeddable":true,"href":"https:\/\/staging.met-industry.hu\/en\/wp-json\/wp\/v2\/product_cat?post=362510"},{"taxonomy":"product_tag","embeddable":true,"href":"https:\/\/staging.met-industry.hu\/en\/wp-json\/wp\/v2\/product_tag?post=362510"}],"curies":[{"name":"wp","href":"https:\/\/api.w.org\/{rel}","templated":true}]}}