{"id":365265,"date":"2026-03-18T13:37:00","date_gmt":"2026-03-18T11:37:00","guid":{"rendered":"https:\/\/staging.met-industry.hu\/?post_type=product&#038;p=365265"},"modified":"2026-03-18T13:37:03","modified_gmt":"2026-03-18T11:37:03","slug":"ultimate-ev-tuzgatlo-takaro-elektromos-autok-tuzvedelme","status":"publish","type":"product","link":"https:\/\/staging.met-industry.hu\/en\/uzlet\/ultimate-ev-tuzgatlo-takaro-elektromos-autok-tuzvedelme\/","title":{"rendered":"ULTIMATE EV Fire Blanket \u2013 Fire Protection for Electric Cars"},"content":{"rendered":"<p>The ULTIMATE EV Fire Blanket is an extremely effective device developed for the fire protection of electric vehicles. Thanks to its excellent temperature resistance (up to 1600 \u00b0C), it prevents the spread of flames, reduces the formation of smoke and toxic gases. By preventing the supply of oxygen, it creates a closed space that aids the effective use of aerosol devices to extinguish flames. The blanket is washable and reusable, making it an ideal choice for the fire protection of light commercial vehicles, electric scooters, and various other vehicles. Available in different sizes, according to individual requirements. The products are tested according to ISO, NFPA, and DIN specifications, thus ensuring the safety of their use. Easily stored either in a cabinet or a bag, the device offers an easy-to-use and environmentally friendly solution for fire prevention.<\/p>\n<p>Highly effective and high-temperature resistant cover, which was<br \/>\nspecifically designed for the conditions surrounding electric vehicle fires and<br \/>\ninsulation. By preventing oxygen supply, the cover<br \/>\nreduces the amount of smoke and toxic gases produced, and creates a sealed<br \/>\nspace required by aerosol devices for the flames to be<br \/>\neffectively extinguished. The fire does not spread further, thus preventing damage to<br \/>\nsurrounding areas.<\/p>\n<p>Fire blankets themselves are not capable of stopping the runaway heat generation in<br \/>\nlithium-ion battery-powered vehicles<br \/>\n(thermal runaway). The blankets help to contain the situation!<\/p>\n<p>Most common sizes:<br \/>\n9 x 6 m, 8 x 6 m, 5 x 5 m, 3 x 3 m, 2 x 2 m<\/p>\n<p>Types:<br \/>\nUltimate, Ultra, Economy<\/p>\n<p>All types of our covers, in the listed sizes and also in custom sizes<br \/>\nare available!<br \/>\nStorage options: in a cabinet, in a leather bag, in a backpack.<br \/>\nStorage in a backpack is recommended for smaller sizes (2 x 2 m and 3 x 3 m).<\/p>\n<p>BL0906 le\u00edr\u00e1sa<br \/>\n1600 \u00b0C (cs\u00facs h\u0151m\u00e9rs\u00e9klet) h\u0151\u00e1ll\u00f3s\u00e1ggal rendelkezik \u00e9s k\u00f6rnyezetbar\u00e1t.<\/p>\n<p>\u25aa Size is 9 x 6 meters.<\/p>\n<p>\u25aa The blanket is capable of withstanding a continuous temperature of 1200 \u00b0C.<\/p>\n<p>\u25aa Az ISO EN 13501-1 (A1 oszt\u00e1lyoz\u00e1s), NFPA701, DIN SPEC 91489 \u00e9s<br \/>\nASTMD6413 szabv\u00e1nyok szerint tesztelve.<\/p>\n<p>\u25aa Datasheet and safety data sheet are available.<\/p>\n<p>\u25aa The fire blanket is reusable (6-7 times) and washable.<\/p>\n<p>\u25aa Easy to use, equipped with colored loops.<\/p>\n<p>\u25aa Protects the environment and prevents collateral damage.<\/p>\n<p>\u25aa Suitable for covering vehicles from small cars to large light commercial vehicles.<\/p>\n<p>\u25aa K\u00e9r\u00e9sre k\u00fcl\u00f6nb\u00f6z\u0151 m\u00e9retekben, valamint kis elektromos j\u00e1rm\u0171vekhez<br \/>\n(LEV-ek), p\u00e9ld\u00e1ul e-robog\u00f3khoz\/e-ker\u00e9kp\u00e1rokhoz is el\u00e9rhet\u0151.<\/p>","protected":false},"excerpt":{"rendered":"<p>The ULTIMATE EV Fire Blanket provides effective protection for electric cars in case of fire, resisting heat up to 1600 \u00b0C.<\/p>","protected":false},"featured_media":350785,"template":"","meta":[],"product_brand":[13224],"product_cat":[12998],"product_tag":[13227,13240,13234,13239,13225,13241],"class_list":{"0":"post-365265","1":"product","2":"type-product","3":"status-publish","4":"has-post-thumbnail","6":"product_brand-fireisolator","7":"product_cat-egyeb-termekek","8":"product_tag-biztonsag","9":"product_tag-elektromos-auto","10":"product_tag-kornyezetbarat","11":"product_tag-tuzgatlo","12":"product_tag-tuzvedelem","13":"product_tag-ujrahasznalhato","15":"first","16":"instock","17":"featured","18":"shipping-taxable","19":"product-type-simple"},"_links":{"self":[{"href":"https:\/\/staging.met-industry.hu\/en\/wp-json\/wp\/v2\/product\/365265","targetHints":{"allow":["GET"]}}],"collection":[{"href":"https:\/\/staging.met-industry.hu\/en\/wp-json\/wp\/v2\/product"}],"about":[{"href":"https:\/\/staging.met-industry.hu\/en\/wp-json\/wp\/v2\/types\/product"}],"version-history":[{"count":0,"href":"https:\/\/staging.met-industry.hu\/en\/wp-json\/wp\/v2\/product\/365265\/revisions"}],"wp:featuredmedia":[{"embeddable":true,"href":"https:\/\/staging.met-industry.hu\/en\/wp-json\/wp\/v2\/media\/350785"}],"wp:attachment":[{"href":"https:\/\/staging.met-industry.hu\/en\/wp-json\/wp\/v2\/media?parent=365265"}],"wp:term":[{"taxonomy":"product_brand","embeddable":true,"href":"https:\/\/staging.met-industry.hu\/en\/wp-json\/wp\/v2\/product_brand?post=365265"},{"taxonomy":"product_cat","embeddable":true,"href":"https:\/\/staging.met-industry.hu\/en\/wp-json\/wp\/v2\/product_cat?post=365265"},{"taxonomy":"product_tag","embeddable":true,"href":"https:\/\/staging.met-industry.hu\/en\/wp-json\/wp\/v2\/product_tag?post=365265"}],"curies":[{"name":"wp","href":"https:\/\/api.w.org\/{rel}","templated":true}]}}