{"id":365266,"date":"2026-03-18T13:37:00","date_gmt":"2026-03-18T11:37:00","guid":{"rendered":"https:\/\/staging.met-industry.hu\/?post_type=product&#038;p=365266"},"modified":"2026-03-18T13:37:03","modified_gmt":"2026-03-18T11:37:03","slug":"ultra-ev-tuzgatlo-takaro-biztonsag-elektromos-autokhoz","status":"publish","type":"product","link":"https:\/\/staging.met-industry.hu\/en\/uzlet\/ultra-ev-tuzgatlo-takaro-biztonsag-elektromos-autokhoz\/","title":{"rendered":"ULTRA EV Fire Blanket \u2013 Safety for Electric Cars"},"content":{"rendered":"<p>The ULTRA EV Fire Blanket is an extremely effective and reliable solution for the fire protection of electric vehicles. It is specifically designed to combat high temperatures, particularly the heat generated by lithium-ion batteries. By preventing the oxygen supply, the blanket reduces the formation of smoke and toxic gases, thus providing a safe area for potential firefighting operations while preventing the further spread of fire. ULTRA EV blankets are available in various sizes and have been tested according to the highest standards. The blanket is easy to store and can be reused up to 30 times, making it economical. If safety and peace of mind regarding your electric vehicle are important to you, choose the ULTRA EV Fire Blanket!<\/p>\n<p>Highly effective and high-temperature resistant cover, which was<br \/>\nspecifically designed for the conditions surrounding electric vehicle fires and<br \/>\ninsulation. By preventing oxygen supply, the cover<br \/>\nreduces the amount of smoke and toxic gases produced, and creates a sealed<br \/>\nspace required by aerosol devices for the flames to be<br \/>\neffectively extinguished. The fire does not spread further, thus preventing damage to<br \/>\nsurrounding areas.<\/p>\n<p>Fire blankets themselves are not capable of stopping the runaway heat generation in<br \/>\nlithium-ion battery-powered vehicles<br \/>\n(thermal runaway). The blankets help to contain the situation!<\/p>\n<p>Most common sizes:<br \/>\n9 x 6 m, 8 x 6 m, 5 x 5 m, 3 x 3 m, 2 x 2 m<\/p>\n<p>Types:<br \/>\nUltimate, Ultra, Economy<\/p>\n<p>All types of our covers, in the listed sizes and also in custom sizes<br \/>\nare available!<br \/>\nStorage options: in a cabinet, in a leather bag, in a backpack.<br \/>\nStorage in a backpack is recommended for smaller sizes (2 x 2 m and 3 x 3 m).<\/p>\n<p>BLULTRA0806 le\u00edr\u00e1sa<br \/>\nA BLULTRA0806 egy nagyon hat\u00e9kony \u00e9s er\u0151s t\u0171zolt\u00f3 takar\u00f3 professzion\u00e1lis<br \/>\nhaszn\u00e1latra, amelyet m\u00e9g magasabb h\u0151m\u00e9rs\u00e9kletre, ak\u00e1r 1700 \u00b0C-ra<br \/>\nterveztek. Ez a takar\u00f3 ultramagas szil\u00edcium-dioxid-tartalm\u00fa anyagb\u00f3l k\u00e9sz\u00fclt,<br \/>\nszilikon bevonattal, vagyis kett\u0151s bevonattal rendelkezik.<br \/>\nUltramagas szil\u00edcium-dioxid-tartalm\u00fa anyagokb\u00f3l k\u00e9sz\u00fclt, 2050 \u00b0C-ig h\u0151\u00e1ll\u00f3.<\/p>\n<p>\u25aa Size 8 x 6 meters.<\/p>\n<p>\u25aa The blanket can withstand a continuous temperature of 1400 \u00b0C.<\/p>\n<p>\u25aa According to ISO EN 13501-1, NFPA701 and ASTMD6413 standards<\/p>\n<p>tested.<br \/>\n\u25aa Datasheet and safety data sheet are available.<\/p>\n<p>\u25aa The fire blanket can be reused and cleaned up to 30 times.<\/p>\n<p>\u25aa Easy to use, equipped with colored loops.<\/p>\n<p>\u25aa Protects the environment and prevents collateral damage.<\/p>\n<p>\u25aa Can be used from small cars to large vans.<\/p>\n<p>K\u00e9r\u00e9sre k\u00fcl\u00f6nb\u00f6z\u0151 m\u00e9retekben kaphat\u00f3, valamint kis elektromos<br \/>\nj\u00e1rm\u0171vekhez (LEV-ek), p\u00e9ld\u00e1ul e-robog\u00f3khoz\/e-ker\u00e9kp\u00e1rokhoz is.<\/p>","protected":false},"excerpt":{"rendered":"<p>ULTRA EV Fire Blanket, which effectively protects electric cars against fire. Resistant to high temperatures, reusable, and available in various sizes.<\/p>","protected":false},"featured_media":350794,"template":"","meta":[],"product_brand":[13224],"product_cat":[12998],"product_tag":[13240,13243,13246,13245,13244,13239,13225,13241,13242],"class_list":{"0":"post-365266","1":"product","2":"type-product","3":"status-publish","4":"has-post-thumbnail","6":"product_brand-fireisolator","7":"product_cat-egyeb-termekek","8":"product_tag-elektromos-auto","9":"product_tag-hoallo","10":"product_tag-kornyezetvedelem","11":"product_tag-litium-ion","12":"product_tag-takaro","13":"product_tag-tuzgatlo","14":"product_tag-tuzvedelem","15":"product_tag-ujrahasznalhato","16":"product_tag-ultra-ev","18":"first","19":"instock","20":"featured","21":"shipping-taxable","22":"product-type-simple"},"_links":{"self":[{"href":"https:\/\/staging.met-industry.hu\/en\/wp-json\/wp\/v2\/product\/365266","targetHints":{"allow":["GET"]}}],"collection":[{"href":"https:\/\/staging.met-industry.hu\/en\/wp-json\/wp\/v2\/product"}],"about":[{"href":"https:\/\/staging.met-industry.hu\/en\/wp-json\/wp\/v2\/types\/product"}],"version-history":[{"count":0,"href":"https:\/\/staging.met-industry.hu\/en\/wp-json\/wp\/v2\/product\/365266\/revisions"}],"wp:featuredmedia":[{"embeddable":true,"href":"https:\/\/staging.met-industry.hu\/en\/wp-json\/wp\/v2\/media\/350794"}],"wp:attachment":[{"href":"https:\/\/staging.met-industry.hu\/en\/wp-json\/wp\/v2\/media?parent=365266"}],"wp:term":[{"taxonomy":"product_brand","embeddable":true,"href":"https:\/\/staging.met-industry.hu\/en\/wp-json\/wp\/v2\/product_brand?post=365266"},{"taxonomy":"product_cat","embeddable":true,"href":"https:\/\/staging.met-industry.hu\/en\/wp-json\/wp\/v2\/product_cat?post=365266"},{"taxonomy":"product_tag","embeddable":true,"href":"https:\/\/staging.met-industry.hu\/en\/wp-json\/wp\/v2\/product_tag?post=365266"}],"curies":[{"name":"wp","href":"https:\/\/api.w.org\/{rel}","templated":true}]}}