{"id":365268,"date":"2026-03-18T13:37:00","date_gmt":"2026-03-18T11:37:00","guid":{"rendered":"https:\/\/staging.met-industry.hu\/?post_type=product&#038;p=365268"},"modified":"2026-03-18T13:37:04","modified_gmt":"2026-03-18T11:37:04","slug":"lithium-tuzgatlo-takaro-2-x-2-biztonsagos-elektromos-jarmuvekhez","status":"publish","type":"product","link":"https:\/\/staging.met-industry.hu\/en\/uzlet\/lithium-tuzgatlo-takaro-2-x-2-biztonsagos-elektromos-jarmuvekhez\/","title":{"rendered":"LITHIUM Fire Retardant Blanket 2 x 2 \u2013 For Safe Electric Vehicles"},"content":{"rendered":"<p>The LITHIUM Fire Blanket in a 2 x 2 meter size offers an ideal solution for the fire extinguishing needs of electric vehicles. It is resistant to high temperatures, can withstand continuous use up to 1200 \u00b0C, and can shield up to 1600 \u00b0C, thus providing safe protection against flames. By preventing the supply of oxygen, it reduces the formation of smoke and toxic gases, thereby ensuring a suitable enclosed space for effective extinguishing. The blanket is easy to store, even in a backpack, making it practically portable. It can be cleaned and reused, maintaining its effectiveness even after five to six consistent uses. Tested according to ISO EN 13501-1 and NFPA701, it is a guaranteed high-quality firefighting tool. Stay safe and protect your environment from the risks of fire with the help of the LITHIUM Fire Blanket!<\/p>\n<p>Highly effective and high-temperature resistant cover, which was<br \/>\nspecifically designed for the conditions surrounding electric vehicle fires and<br \/>\ninsulation. By preventing oxygen supply, the cover<br \/>\nreduces the amount of smoke and toxic gases produced, and creates a sealed<br \/>\nspace required by aerosol devices for the flames to be<br \/>\neffectively extinguished. The fire does not spread further, thus preventing damage to<br \/>\nsurrounding areas.<\/p>\n<p>Fire blankets themselves are not capable of stopping the runaway heat generation in<br \/>\nlithium-ion battery-powered vehicles<br \/>\n(thermal runaway). The blankets help to contain the situation!<\/p>\n<p>All types of our covers, in the listed sizes and also in custom sizes<br \/>\nare available!<br \/>\nStorage options: in a cabinet, in a leather bag, in a backpack.<br \/>\nA h\u00e1tizs\u00e1kban val\u00f3 t\u00e1rol\u00e1s a kisebb m\u00e9retekhez javasolt.<\/p>\n<p>BL0202 Description<br \/>\nFor extinguishing fires of lithium-ion batteries, e-bikes, and e-scooters.<br \/>\nMade of open-weave, silicon dioxide-based materials, with a temperature resistance of 1600 \u00b0C (peak<br \/>\ntemperature) and environmentally friendly.<\/p>\n<p>\u25aa Size 2 x 2 meters.<\/p>\n<p>\u25aa The blanket can withstand a temperature of 1200 \u00b0C continuously.<\/p>\n<p>\u25aa According to ISO EN 13501-1 (Class A1), NFPA701 and ASTMD6413<br \/>\ntested.<\/p>\n<p>\u25aa Datasheet and safety data sheet available.<\/p>\n<p>\u25aa The fire blanket is reusable (6-7 times) and washable.<\/p>\n<p>\u25aa Easy to use (equipped with colored loops at the corners).<\/p>\n<p>\u25aa Protects the environment and prevents collateral damage.<\/p>","protected":false},"excerpt":{"rendered":"<p>A LITHIUM fire blanket, 2 x 2 meters, with excellent thermal protection for electric vehicles. Cleanable, reusable, perfect fire extinguishing solution.<\/p>","protected":false},"featured_media":350802,"template":"","meta":[],"product_brand":[13224],"product_cat":[12998],"product_tag":[13227,13240,13243,13234,13228,13232,13241],"class_list":{"0":"post-365268","1":"product","2":"type-product","3":"status-publish","4":"has-post-thumbnail","6":"product_brand-fireisolator","7":"product_cat-egyeb-termekek","8":"product_tag-biztonsag","9":"product_tag-elektromos-auto","10":"product_tag-hoallo","11":"product_tag-kornyezetbarat","12":"product_tag-tuzgatlo-takaro","13":"product_tag-tuzoltas","14":"product_tag-ujrahasznalhato","16":"first","17":"instock","18":"featured","19":"shipping-taxable","20":"product-type-simple"},"_links":{"self":[{"href":"https:\/\/staging.met-industry.hu\/en\/wp-json\/wp\/v2\/product\/365268","targetHints":{"allow":["GET"]}}],"collection":[{"href":"https:\/\/staging.met-industry.hu\/en\/wp-json\/wp\/v2\/product"}],"about":[{"href":"https:\/\/staging.met-industry.hu\/en\/wp-json\/wp\/v2\/types\/product"}],"version-history":[{"count":0,"href":"https:\/\/staging.met-industry.hu\/en\/wp-json\/wp\/v2\/product\/365268\/revisions"}],"wp:featuredmedia":[{"embeddable":true,"href":"https:\/\/staging.met-industry.hu\/en\/wp-json\/wp\/v2\/media\/350802"}],"wp:attachment":[{"href":"https:\/\/staging.met-industry.hu\/en\/wp-json\/wp\/v2\/media?parent=365268"}],"wp:term":[{"taxonomy":"product_brand","embeddable":true,"href":"https:\/\/staging.met-industry.hu\/en\/wp-json\/wp\/v2\/product_brand?post=365268"},{"taxonomy":"product_cat","embeddable":true,"href":"https:\/\/staging.met-industry.hu\/en\/wp-json\/wp\/v2\/product_cat?post=365268"},{"taxonomy":"product_tag","embeddable":true,"href":"https:\/\/staging.met-industry.hu\/en\/wp-json\/wp\/v2\/product_tag?post=365268"}],"curies":[{"name":"wp","href":"https:\/\/api.w.org\/{rel}","templated":true}]}}