{"id":365276,"date":"2026-03-18T13:37:00","date_gmt":"2026-03-18T11:37:00","guid":{"rendered":"https:\/\/staging.met-industry.hu\/?post_type=product&#038;p=365276"},"modified":"2026-03-18T13:37:08","modified_gmt":"2026-03-18T11:37:08","slug":"intercomp-520-sorozatu-rfx-vezetek-nelkuli-kezi-indikator","status":"publish","type":"product","link":"https:\/\/staging.met-industry.hu\/en\/uzlet\/intercomp-520-sorozatu-rfx-vezetek-nelkuli-kezi-indikator\/","title":{"rendered":"520\u2122 Series RFX\u00ae Wireless Handheld"},"content":{"rendered":"<p># Intercomp 520\u2122 Sorozat\u00fa RFX\u00ae Vezet\u00e9k N\u00e9lk\u00fcli K\u00e9zi Indik\u00e1tor<\/p>\n<p>The Intercomp 520\u2122 Series RFX\u00ae Wireless Handheld Indicator is the most modern solution for precise measurement and data acquisition, which can be excellently integrated into various Intercomp weighing systems, especially in aerospace, automotive, and industrial applications. This handheld unit combines reliability, flexibility, and user-friendly handling with the freedom offered by wireless technology.<\/p>\n<p>RFX\u00ae technology ensures stable and fast data transmission between the connected load cells or weighing systems (e.g., wheel scales, lift scales) and the indicator, minimizing the limitations and risk of signal loss caused by cables.<\/p>\n<p>## Main Features and Advantages<\/p>\n<p>The 520\u2122 Series handheld indicator is the ideal choice for environments where measurement accuracy and quick on-site intervention are essential.<\/p>\n<p>* **Vezet\u00e9k N\u00e9lk\u00fcli Kapcsolat (RFX\u00ae):** Robusztus r\u00e1di\u00f3frekvenci\u00e1s kommunik\u00e1ci\u00f3, amely nagy hat\u00f3t\u00e1vols\u00e1got \u00e9s megb\u00edzhat\u00f3 adat\u00e1tvitelt garant\u00e1l m\u00e9g zajos vagy akad\u00e1lyokkal teli k\u00f6rnyezetben is. Ez jelent\u0151sen n\u00f6veli a m\u00e9r\u00e9si folyamat rugalmass\u00e1g\u00e1t \u00e9s biztons\u00e1g\u00e1t.<br \/>\n* **Intuit\u00edv Kezel\u0151fel\u00fclet:** A felhaszn\u00e1l\u00f3bar\u00e1t kialak\u00edt\u00e1snak k\u00f6sz\u00f6nhet\u0151en a kezel\u00e9s egyszer\u0171, m\u00e9g \u00f6sszetett m\u00e9r\u00e9si feladatok eset\u00e9n is. A kijelz\u0151n azonnal megjelennek a kritikus adatok.<br \/>\n* **Modul\u00e1ris Kompatibilit\u00e1s:** Sz\u00e9lesk\u00f6r\u0171en kompatibilis az Intercomp k\u00fcl\u00f6nb\u00f6z\u0151 m\u00e9r\u0151rendszereivel, bele\u00e9rtve a rep\u00fcl\u0151g\u00e9p m\u00e9rlegeket (ACII\u2122, Jack Weigh k\u00e9szletek), ker\u00e9k- \u00e9s tengelyterhel\u00e9s m\u00e9r\u0151ket (PT300\u2122, LP600\u2122), valamint egy\u00e9b szenzorokat.<br \/>\n* **Adatgy\u0171jt\u00e9s \u00e9s T\u00e1rol\u00e1s:** K\u00e9pess\u00e9g a m\u00e9r\u00e9si adatok r\u00f6gz\u00edt\u00e9s\u00e9re \u00e9s t\u00e1rol\u00e1s\u00e1ra k\u00e9s\u0151bbi elemz\u00e9s c\u00e9lj\u00e1b\u00f3l, ami elengedhetetlen a min\u0151s\u00e9gbiztos\u00edt\u00e1si \u00e9s megfelel\u0151s\u00e9gi auditokhoz.<br \/>\n* **Robusztus Kialak\u00edt\u00e1s:** \u00dagy tervezt\u00e9k, hogy ellen\u00e1lljon a neh\u00e9z ipari \u00e9s rep\u00fcl\u0151t\u00e9ri k\u00f6rnyezetek viszontags\u00e1gainak.<\/p>\n<p>## Technical Specifications<\/p>\n<p>The table below summarizes the key technical parameters of the 520\u2122 Series RFX\u00ae Handheld Indicator.<\/p>\n<p>| Feature | Specification | Notes |<br \/>\n| :&#8212; | :&#8212; | :&#8212; |<br \/>\n| **Sorozat** | 520\u2122 Series | |<br \/>\n| **Kommunik\u00e1ci\u00f3** | RFX\u00ae Vezet\u00e9k n\u00e9lk\u00fcli | Stabil, nagy hat\u00f3t\u00e1vols\u00e1g\u00fa adat\u00e1tvitel |<br \/>\n| **Kompatibilit\u00e1s** | Sz\u00e9lesk\u00f6r\u0171 Intercomp rendszerek | Rep\u00fcl\u00e9stechnika, j\u00e1rm\u0171ipari, ipari m\u00e9rlegek |<br \/>\n| **Kijelz\u0151 T\u00edpus** | Nagy felbont\u00e1s\u00fa digit\u00e1lis kijelz\u0151 | K\u00f6nnyen olvashat\u00f3 f\u00e9nyviszonyokt\u00f3l f\u00fcggetlen\u00fcl |<br \/>\n| **T\u00e1pell\u00e1t\u00e1s** | Akkumul\u00e1toros (r\u00e9szletek a felhaszn\u00e1l\u00f3i k\u00e9zik\u00f6nyvben) | Hossz\u00fa \u00fczemid\u0151 a helysz\u00edni munk\u00e1khoz |<br \/>\n| **Funkcionalit\u00e1s** | S\u00faly kijelz\u00e9s, null\u00e1z\u00e1s, m\u00e9rt\u00e9kegys\u00e9g v\u00e1lt\u00e1s | Alapvet\u0151 m\u00e9r\u00e9si funkci\u00f3k |<br \/>\n| **Adatkezel\u00e9s** | Adatgy\u0171jt\u00e9si \u00e9s t\u00e1rol\u00e1si k\u00e9pess\u00e9g | Ut\u00f3lagos elemz\u00e9shez \u00e9s dokument\u00e1ci\u00f3hoz |<br \/>\n| **Kialak\u00edt\u00e1s** | Ergonomikus, k\u00e9zbe ill\u0151 h\u00e1z | Strapab\u00edr\u00f3 kivitel |<\/p>\n<p>## Application Areas<\/p>\n<p>Due to the versatility of the 520\u2122 RFX\u00ae Handheld Indicator, it can be used in several critical areas:<\/p>\n<p>### Rep\u00fcl\u00e9stechnika<\/p>\n<p>The indicator plays a crucial role in determining the center of gravity of aircraft, ensuring safe operation.<\/p>\n<p>* **Platform M\u00e9rlegekhez:** Kompatibilis az AC15-LP\u2122, AC40-LP\u2122, AC60-LP\u2122 \u00e9s AC30-60\u2122 t\u00edpus\u00fa alacsony profil\u00fa \u00e9s nagy teherb\u00edr\u00e1s\u00fa rep\u00fcl\u0151g\u00e9p platform m\u00e9rlegekkel.<br \/>\n* **Emel\u0151m\u00e9rleg K\u00e9szletekhez (Jack Weigh Kits):** Haszn\u00e1lhat\u00f3 az AC100\u2122 \u00e9s az EZ RFX\u00ae k\u00e9szletekkel a sz\u00e1rnyak \u00e9s a t\u00f6rzs emel\u00e9si pontjain\u00e1l m\u00e9rt terhel\u00e9sek val\u00f3s idej\u0171 monitoroz\u00e1s\u00e1ra.<br \/>\n* **Szoftver Integr\u00e1ci\u00f3:** T\u00e1mogatja az ACWeigh\u2122 \u00e9s iACWeigh\u2122 szoftverekkel t\u00f6rt\u00e9n\u0151 adatfeldolgoz\u00e1st.<\/p>\n<p>### J\u00e1rm\u0171ipari \u00e9s Teherforgalmi Alkalmaz\u00e1sok<\/p>\n<p>The wireless indicator is ideal for portable scales where the operator needs to remain at a safe distance from the vehicle during measurement.<\/p>\n<p>* **Hordozhat\u00f3 Ker\u00e9km\u00e9rlegek:** M\u0171k\u00f6dtethet\u0151 PT300\u2122, PT300DW\u2122 \u00e9s LTR788\u2122 t\u00edpus\u00fa m\u00e9rlegekkel, lehet\u0151v\u00e9 t\u00e9ve a tengelyterhel\u00e9sek gyors \u00e9s pontos m\u00e9r\u00e9s\u00e9t.<br \/>\n* **Alacsony Profil\u00fa M\u00e9rlegek:** Integr\u00e1lhat\u00f3 az LP600\u2122 \u00e9s LP788\u2122 rendszerekkel.<br \/>\n* **S\u00falym\u00e9r\u0151 Padok (AX900\u2122):** Haszn\u00e1lhat\u00f3 a hordozhat\u00f3 h\u00eddm\u00e9rlegek adatainak leolvas\u00e1s\u00e1ra.<br \/>\n* **S\u00falym\u00e9r\u00e9si Alkalmaz\u00e1sok:** Kiv\u00e1l\u00f3an alkalmas teherforgalmi termin\u00e1lokhoz, ideiglenes munkater\u00fcletekhez, valamint elektromos j\u00e1rm\u0171vek (EV) \u00e9s auton\u00f3m teheraut\u00f3k s\u00falyellen\u0151rz\u00e9s\u00e9hez.<\/p>\n<p>### Mez\u0151gazdas\u00e1gi M\u00e9r\u00e9sek<\/p>\n<p>Although agricultural systems often use dedicated displays, the RFX\u00ae handheld unit provides flexibility during harvesting or feed mixing processes.<\/p>\n<p>* **Fed\u00e9lzeti M\u00e9r\u0151rendszerek:** Kompatibilis a vet\u0151mag-sz\u00e1ll\u00edt\u00f3k, TMR takarm\u00e1nykever\u0151k \u00e9s gabonakosarak fed\u00e9lzeti m\u00e9r\u0151rendszereivel, amennyire az adott szenzor t\u00e1mogatja az RFX\u00ae kommunik\u00e1ci\u00f3t.<br \/>\n* **Terhel\u00e9sm\u00e9r\u0151 Cella Integr\u00e1ci\u00f3:** Haszn\u00e1lhat\u00f3 k\u00e9toldali megt\u00e1maszt\u00e1s\u00fa ny\u00edr\u00f3gerend\u00e1s, valamint LOADBAR\u2122 rudas terhel\u0151cell\u00e1k adatainak nyomon k\u00f6vet\u00e9s\u00e9re.<\/p>\n<p>## A Vezet\u00e9k N\u00e9lk\u00fcli Technol\u00f3gia El\u0151nyei a Gyakorlatban<\/p>\n<p>By using the 520\u2122 Series RFX\u00ae Handheld Indicator, users gain significant advantages over traditional wired systems:<\/p>\n<p>1. **Biztons\u00e1g N\u00f6vel\u00e9se:** A kezel\u0151 biztons\u00e1gos t\u00e1vols\u00e1gb\u00f3l v\u00e9gezheti a m\u00e9r\u00e9st, k\u00fcl\u00f6n\u00f6sen mozg\u00f3 j\u00e1rm\u0171vek vagy nagy teherb\u00edr\u00e1s\u00fa g\u00e9pek k\u00f6zel\u00e9ben. Ez cs\u00f6kkenti a balesetek kock\u00e1zat\u00e1t, amelyeket a k\u00e1beltapos\u00e1s vagy a k\u00e1bel s\u00e9r\u00fcl\u00e9se okozhat.<br \/>\n2. **Gyorsabb Be\u00e1ll\u00edt\u00e1s:** A k\u00e1belek elhelyez\u00e9s\u00e9nek \u00e9s elker\u00fcl\u00e9s\u00e9nek id\u0151ig\u00e9nyes folyamata megsz\u0171nik, ami drasztikusan felgyors\u00edtja a m\u00e9r\u00e9si folyamat be\u00e1ll\u00edt\u00e1s\u00e1t \u00e9s lebonyol\u00edt\u00e1s\u00e1t.<br \/>\n3. **Hordozhat\u00f3s\u00e1g \u00e9s Mobilit\u00e1s:** A k\u00e9zi egys\u00e9g k\u00f6nnyen mag\u00e1val vihet\u0151 a m\u00e9r\u00e9si pontok k\u00f6z\u00f6tt, biztos\u00edtva, hogy az adatokat ott lehessen r\u00f6gz\u00edteni, ahol a m\u00e9r\u00e9s t\u00f6rt\u00e9nik, an\u00e9lk\u00fcl, hogy vissza kellene t\u00e9rni egy k\u00f6zponti kijelz\u0151h\u00f6z.<\/p>\n<p>The Intercomp 520\u2122 Series RFX\u00ae Wireless Handheld Indicator represents the future of precision weighing, combining reliable hardware with modern wireless communication.<\/p>","protected":false},"excerpt":{"rendered":"<p>The most modern wireless handheld indicator for precise measurement and data acquisition. Excellently integrable into workshop equipment.<\/p>","protected":false},"featured_media":347968,"template":"","meta":[],"product_brand":[13685],"product_cat":[12998],"product_tag":[16303],"class_list":{"0":"post-365276","1":"product","2":"type-product","3":"status-publish","4":"has-post-thumbnail","6":"product_brand-intercompcompany","7":"product_cat-egyeb-termekek","8":"product_tag-intercomp-megoldasok-osszes","10":"first","11":"instock","12":"featured","13":"shipping-taxable","14":"product-type-simple"},"_links":{"self":[{"href":"https:\/\/staging.met-industry.hu\/en\/wp-json\/wp\/v2\/product\/365276","targetHints":{"allow":["GET"]}}],"collection":[{"href":"https:\/\/staging.met-industry.hu\/en\/wp-json\/wp\/v2\/product"}],"about":[{"href":"https:\/\/staging.met-industry.hu\/en\/wp-json\/wp\/v2\/types\/product"}],"version-history":[{"count":0,"href":"https:\/\/staging.met-industry.hu\/en\/wp-json\/wp\/v2\/product\/365276\/revisions"}],"wp:featuredmedia":[{"embeddable":true,"href":"https:\/\/staging.met-industry.hu\/en\/wp-json\/wp\/v2\/media\/347968"}],"wp:attachment":[{"href":"https:\/\/staging.met-industry.hu\/en\/wp-json\/wp\/v2\/media?parent=365276"}],"wp:term":[{"taxonomy":"product_brand","embeddable":true,"href":"https:\/\/staging.met-industry.hu\/en\/wp-json\/wp\/v2\/product_brand?post=365276"},{"taxonomy":"product_cat","embeddable":true,"href":"https:\/\/staging.met-industry.hu\/en\/wp-json\/wp\/v2\/product_cat?post=365276"},{"taxonomy":"product_tag","embeddable":true,"href":"https:\/\/staging.met-industry.hu\/en\/wp-json\/wp\/v2\/product_tag?post=365276"}],"curies":[{"name":"wp","href":"https:\/\/api.w.org\/{rel}","templated":true}]}}