{"id":365288,"date":"2026-03-18T13:37:01","date_gmt":"2026-03-18T11:37:01","guid":{"rendered":"https:\/\/staging.met-industry.hu\/?post_type=product&#038;p=365288"},"modified":"2026-03-18T13:37:11","modified_gmt":"2026-03-18T11:37:11","slug":"ls-wim-tengelymerleg-mezogazdasagi-alkalmazasra","status":"publish","type":"product","link":"https:\/\/staging.met-industry.hu\/en\/uzlet\/ls-wim-tengelymerleg-mezogazdasagi-alkalmazasra\/","title":{"rendered":"LS-WIM\u2122 Shaft Scale for Agricultural Application"},"content":{"rendered":"<p># Intercomp LS-WIM\u2122 Alacsony Sebess\u00e9g\u0171 Tengelym\u00e9rleg Rendszerek<\/p>\n<p>The Intercomp LS-WIM\u2122 (Low Speed Weigh-In-Motion) axle scale systems represent the forefront of precise, low-speed vehicle weight determination. These systems offer an ideal solution for applications where accurate measurement of axle load and gross weight is required while vehicles are moving slowly, whether for traffic monitoring, agricultural applications, or logistics inspections.<\/p>\n<p>LS-WIM\u2122 technology combines reliability and rapid deployment with high-precision measurement, minimizing traffic disruption.<\/p>\n<p>## Main Features and Advantages<\/p>\n<p>The Intercomp LS-WIM\u2122 systems feature several functions that distinguish them from competitors:<\/p>\n<p>* **Nagy Pontoss\u00e1g\u00fa M\u00e9r\u00e9s:** Kifejezetten \u00fagy tervezve, hogy alacsony sebess\u00e9gn\u00e9l (tipikusan 10-15 km\/h alatt) rendk\u00edv\u00fcl pontos tengely- \u00e9s \u00f6sszt\u00f6megadatokat szolg\u00e1ltasson.<br \/>\n* **Hordozhat\u00f3s\u00e1g \u00e9s Gyors Telep\u00edt\u00e9s:** A rendszer modul\u00e1ris fel\u00e9p\u00edt\u00e9se lehet\u0151v\u00e9 teszi a gyors telep\u00edt\u00e9st \u00e9s leszerel\u00e9st, ide\u00e1liss\u00e1 t\u00e9ve ideiglenes ellen\u0151rz\u0151pontokhoz vagy v\u00e1ltoz\u00f3 helysz\u00ednekhez.<br \/>\n* **Robusztus Kialak\u00edt\u00e1s:** Az ipari k\u00f6rnyezetben val\u00f3 tart\u00f3ss\u00e1gra tervezett alkatr\u00e9szek biztos\u00edtj\u00e1k a hossz\u00fa \u00e9lettartamot sz\u00e9ls\u0151s\u00e9ges k\u00f6r\u00fclm\u00e9nyek k\u00f6z\u00f6tt is.<br \/>\n* **Integr\u00e1lt Adatkezel\u00e9s:** Kompatibilis az Intercomp fejlett kijelz\u0151ivel \u00e9s szoftvereivel, amelyek lehet\u0151v\u00e9 teszik a val\u00f3s idej\u0171 adatgy\u0171jt\u00e9st, t\u00e1rol\u00e1st \u00e9s elemz\u00e9st.<br \/>\n* **Sokoldal\u00fa Alkalmazhat\u00f3s\u00e1g:** Kiv\u00e1l\u00f3an haszn\u00e1lhat\u00f3 teherg\u00e9pj\u00e1rm\u0171vek, mez\u0151gazdas\u00e1gi g\u00e9pek, \u00e9s speci\u00e1lis j\u00e1rm\u0171vek s\u00falyellen\u0151rz\u00e9s\u00e9re.<\/p>\n<p>## Technical Specifications<\/p>\n<p>The technical parameters of the LS-WIM\u2122 systems guarantee reliable performance even during the most demanding tasks.<\/p>\n<p>| Parameter | Details |<br \/>\n| :&#8212; | :&#8212; |<br \/>\n| **M\u00e9r\u00e9si \u00e9s M\u0171k\u00f6d\u00e9s** | Mozg\u00e1s k\u00f6zbeni m\u00e9r\u00e9s, alacsony sebess\u00e9g\u0171 \u00fczemm\u00f3d |<br \/>\n| **Pontoss\u00e1g** | Rendk\u00edv\u00fcl magas pontoss\u00e1g alacsony sebess\u00e9gn\u00e9l (r\u00e9szletek\u00e9rt l\u00e1sd a kalibr\u00e1ci\u00f3s dokument\u00e1ci\u00f3t) |<br \/>\n| **Sebess\u00e9gtartom\u00e1ny** | Optimaliz\u00e1lva lass\u00fa halad\u00e1sra (tipikusan 10-15 km\/h alatt) |<br \/>\n| **Kivitel** | Hordozhat\u00f3 vagy be\u00e9p\u00edthet\u0151 (El\u00e9rhet\u0151k m\u00e1s term\u00e9kcsal\u00e1dokon kereszt\u00fcl) |<br \/>\n| **Terhelhet\u0151s\u00e9g** | Tengelyterhel\u00e9s m\u00e9r\u00e9s\u00e9re optimaliz\u00e1lva, teljes j\u00e1rm\u0171s\u00faly meghat\u00e1roz\u00e1s\u00e1hoz |<br \/>\n| **Kompatibilis Kijelz\u0151k** | Intercomp TAC30\u2122 CPU, RFX\u00ae Wireless Handheld Indicator, \u00e9s egy\u00e9b kompatibilis kijelz\u0151k |<br \/>\n| **Adat\u00e1tvitel** | Vezet\u00e9kes \u00e9s vezet\u00e9k n\u00e9lk\u00fcli (RFX\u00ae) opci\u00f3k |<br \/>\n| **Alkalmaz\u00e1si Ter\u00fcletek** | K\u00f6z\u00fati ellen\u0151rz\u00e9s, kik\u00f6t\u0151i\/kapu ellen\u0151rz\u00e9s, mez\u0151gazdas\u00e1gi m\u00e9rlegel\u00e9s, ideiglenes helysz\u00ednek |<\/p>\n<p>## System Components and Accessories<\/p>\n<p>The flexibility of the LS-WIM\u2122 system is ensured by the wide range of available accessories and software, allowing for complete adaptation to user needs.<\/p>\n<p>### Kijelz\u0151k, Szoftverek \u00e9s Adatkezel\u00e9s<\/p>\n<p>For the processing and recording of measurements, Intercomp offers several advanced solutions:<\/p>\n<p>* **TAC30\u2122 CPU \u00c9rint\u0151k\u00e9perny\u0151s Indik\u00e1tor:** Intuit\u00edv felhaszn\u00e1l\u00f3i fel\u00fclet, nagy kapacit\u00e1s\u00fa adatb\u00e1zis-kezel\u00e9s \u00e9s egyszer\u0171 kezelhet\u0151s\u00e9g.<br \/>\n* **RFX\u00ae Vezet\u00e9k N\u00e9lk\u00fcli K\u00e9zi Indik\u00e1tor:** Lehet\u0151v\u00e9 teszi a kezel\u0151 sz\u00e1m\u00e1ra, hogy biztons\u00e1gos t\u00e1vols\u00e1gb\u00f3l olvassa le \u00e9s r\u00f6gz\u00edtse a s\u00falyadatokat, n\u00f6velve ezzel a biztons\u00e1got a forgalmas ter\u00fcleteken.<br \/>\n* **ACWeigh\u2122 Szoftver:** Speci\u00e1lis szoftver megold\u00e1sok a m\u00e9r\u00e9si adatok m\u00e9lyrehat\u00f3 elemz\u00e9s\u00e9hez, jelent\u00e9sek gener\u00e1l\u00e1s\u00e1hoz \u00e9s archiv\u00e1l\u00e1s\u00e1hoz.<br \/>\n* **iACWeigh\u2122:** Mobil alkalmaz\u00e1s alap\u00fa megold\u00e1sok a s\u00falyadatok azonnali hozz\u00e1f\u00e9r\u00e9s\u00e9hez \u00e9s kezel\u00e9s\u00e9hez.<\/p>\n<p>### Application Areas Details<\/p>\n<p>The versatility of LS-WIM\u2122 technology allows it to be used in numerous industries:<\/p>\n<p>1. **ITS\/Hat\u00f3s\u00e1gi Ellen\u0151rz\u00e9s:**<br \/>\n* **Hordozhat\u00f3 Ellen\u0151rz\u00e9s:** Gyorsan telep\u00edthet\u0151 a forgalmas \u00fatvonalakon a t\u00fals\u00falyos j\u00e1rm\u0171vek azonos\u00edt\u00e1s\u00e1ra.<br \/>\n* **Adatgy\u0171jt\u00e9s:** R\u00e9szletes forgalmi s\u00falyadatok gy\u0171jt\u00e9se az infrastrukt\u00fara tervez\u00e9s\u00e9hez.<br \/>\n* **Kik\u00f6t\u0151i \u00e9s Kapu Ellen\u0151rz\u00e9s:** A be- \u00e9s kil\u00e9p\u0151 j\u00e1rm\u0171vek s\u00faly\u00e1nak ellen\u0151rz\u00e9se a biztons\u00e1g \u00e9s a d\u00edjszab\u00e1s \u00e9rdek\u00e9ben.<\/p>\n<p>2. **Mez\u0151gazdas\u00e1gi Alkalmaz\u00e1sok:**<br \/>\n* B\u00e1r az LS-WIM\u2122 els\u0151sorban k\u00f6z\u00fati alkalmaz\u00e1sokra f\u00f3kusz\u00e1l, a hasonl\u00f3 technol\u00f3gi\u00e1j\u00fa hordozhat\u00f3 m\u00e9r\u0151rendszerek (pl.: SW\u2122 Hordozhat\u00f3 M\u00e9r\u0151padok) kiv\u00e1l\u00f3an kieg\u00e9sz\u00edtik a mez\u0151gazdas\u00e1gi m\u00e9rlegel\u00e9si ig\u00e9nyeket, mint p\u00e9ld\u00e1ul a vet\u0151mag-sz\u00e1ll\u00edt\u00f3k, takarm\u00e1nykever\u0151k (TMR Mixer Scales) vagy gabona-sz\u00e1ll\u00edt\u00f3k s\u00faly\u00e1nak ellen\u0151rz\u00e9se.<\/p>\n<p>3. **Kereskedelmi Flott\u00e1k \u00e9s Logisztika:**<br \/>\n* A flotta\u00fczemeltet\u0151k haszn\u00e1lhatj\u00e1k a j\u00e1rm\u0171vek terhel\u00e9s\u00e9nek optimaliz\u00e1l\u00e1s\u00e1ra \u00e9s a szab\u00e1lyok betart\u00e1s\u00e1nak ellen\u0151rz\u00e9s\u00e9re, minimaliz\u00e1lva a b\u00edrs\u00e1gok kock\u00e1zat\u00e1t.<\/p>\n<p>## A Hordozhat\u00f3s\u00e1g El\u0151nye<\/p>\n<p>A key element of Intercomp LS-WIM\u2122 systems is portability. The lightweight yet extremely durable weigh pads (similar to LS630-WIM\u2122 or LS788-WIM\u2122 models) allow for rapid relocation. This is especially important for police and temporary site applications where measurement points change frequently. The system can be quickly set up, and measurements can begin immediately after connecting the appropriate display unit.<\/p>\n<p>## Tov\u00e1bbi Kapcsol\u00f3d\u00f3 Intercomp Megold\u00e1sok<\/p>\n<p>The LS-WIM\u2122 product family is part of Intercomp's broader product range, which includes precision weighing for the most diverse fields:<\/p>\n<p>* **Ker\u00e9k\/Tengely M\u00e9rlegek:** Ide tartoznak a statikus m\u00e9r\u00e9sre szolg\u00e1l\u00f3 LP600\u2122 alacsony profil\u00fa m\u00e9rlegek, valamint a hordozhat\u00f3 PT300\u2122 \u00e9s LTR788\u2122 ker\u00e9km\u00e9rlegek.<br \/>\n* **ITS\/Rend\u00e9szeti M\u00e9rlegek:** Mag\u00e1ban foglalja a be\u00e9p\u00edtett WIM platformokat \u00e9s a statikus hordozhat\u00f3 m\u00e9rlegeket (pl.: AX900\u2122 tengelym\u00e9r\u0151 rendszerek).<br \/>\n* **Rep\u00fcl\u00e9stechnikai M\u00e9rlegek:** Nagy kapacit\u00e1s\u00fa platformm\u00e9rlegek (AC sorozat) \u00e9s emel\u0151m\u00e9rleg-k\u00e9szletek (Jack Weigh Kits) rep\u00fcl\u0151g\u00e9pek s\u00faly\u00e1nak \u00e9s s\u00falypontj\u00e1nak meghat\u00e1roz\u00e1s\u00e1ra.<br \/>\n* **Katonai Alkalmaz\u00e1sok:** Speci\u00e1lisan meger\u0151s\u00edtett \u00e9s tan\u00fas\u00edtott m\u00e9r\u0151rendszerek (pl.: LS630-MIL), amelyek megfelelnek a szigor\u00fa katonai szabv\u00e1nyoknak.<\/p>\n<p>Intercomp is committed to providing the highest quality measurement solutions, ensuring that the LS-WIM\u2122 system delivers reliable and accurate results in every application.<\/p>","protected":false},"excerpt":{"rendered":"<p>Intercomp LS-WIM\u2122 low-speed axle weighing systems for precise vehicle weight determination in industrial and agricultural environments.<\/p>","protected":false},"featured_media":347912,"template":"","meta":[],"product_brand":[13685],"product_cat":[12998],"product_tag":[16303],"class_list":{"0":"post-365288","1":"product","2":"type-product","3":"status-publish","4":"has-post-thumbnail","6":"product_brand-intercompcompany","7":"product_cat-egyeb-termekek","8":"product_tag-intercomp-megoldasok-osszes","10":"first","11":"instock","12":"featured","13":"shipping-taxable","14":"product-type-simple"},"_links":{"self":[{"href":"https:\/\/staging.met-industry.hu\/en\/wp-json\/wp\/v2\/product\/365288","targetHints":{"allow":["GET"]}}],"collection":[{"href":"https:\/\/staging.met-industry.hu\/en\/wp-json\/wp\/v2\/product"}],"about":[{"href":"https:\/\/staging.met-industry.hu\/en\/wp-json\/wp\/v2\/types\/product"}],"version-history":[{"count":0,"href":"https:\/\/staging.met-industry.hu\/en\/wp-json\/wp\/v2\/product\/365288\/revisions"}],"wp:featuredmedia":[{"embeddable":true,"href":"https:\/\/staging.met-industry.hu\/en\/wp-json\/wp\/v2\/media\/347912"}],"wp:attachment":[{"href":"https:\/\/staging.met-industry.hu\/en\/wp-json\/wp\/v2\/media?parent=365288"}],"wp:term":[{"taxonomy":"product_brand","embeddable":true,"href":"https:\/\/staging.met-industry.hu\/en\/wp-json\/wp\/v2\/product_brand?post=365288"},{"taxonomy":"product_cat","embeddable":true,"href":"https:\/\/staging.met-industry.hu\/en\/wp-json\/wp\/v2\/product_cat?post=365288"},{"taxonomy":"product_tag","embeddable":true,"href":"https:\/\/staging.met-industry.hu\/en\/wp-json\/wp\/v2\/product_tag?post=365288"}],"curies":[{"name":"wp","href":"https:\/\/api.w.org\/{rel}","templated":true}]}}