{"id":365292,"date":"2026-03-18T13:37:01","date_gmt":"2026-03-18T11:37:01","guid":{"rendered":"https:\/\/staging.met-industry.hu\/?post_type=product&#038;p=365292"},"modified":"2026-03-18T13:37:12","modified_gmt":"2026-03-18T11:37:12","slug":"pt300-kerekmerleg-mezogazdasagi-alkalmazasra","status":"publish","type":"product","link":"https:\/\/staging.met-industry.hu\/en\/uzlet\/pt300-kerekmerleg-mezogazdasagi-alkalmazasra\/","title":{"rendered":"PT300\u2122 Wheel Load Scales for Agriculture"},"content":{"rendered":"<p># PT300\u2122 Ker\u00e9km\u00e9rleg \u2013 Prec\u00edz Mez\u0151gazdas\u00e1gi M\u00e9rlegrendszer<\/p>\n<p>The Intercomp PT300\u2122 wheel weigher is an extremely reliable and portable weighing system developed for modern agricultural and industrial measurements. This high-quality scale offers an ideal solution for quickly and accurately determining vehicle axle loads as well as total weight, whether for operations in the field or in the yard. The PT300\u2122 combines portability with industrial-grade accuracy, ensuring efficient and compliant operation.<\/p>\n<p>## Main Features and Advantages<\/p>\n<p>The PT300\u2122 system is designed to meet the strictest load measurement requirements while providing maximum flexibility for the user.<\/p>\n<p>* **Kiv\u00e9teles Hordozhat\u00f3s\u00e1g:** A kompakt kialak\u00edt\u00e1s \u00e9s az alacsony profil\u00fa kialak\u00edt\u00e1s rendk\u00edv\u00fcl egyszer\u0171v\u00e9 teszi a m\u00e9r\u0151padok sz\u00e1ll\u00edt\u00e1s\u00e1t \u00e9s telep\u00edt\u00e9s\u00e9t b\u00e1rmilyen helysz\u00ednen.<br \/>\n* **Nagy Pontoss\u00e1g:** A prec\u00edzi\u00f3san gy\u00e1rtott terhel\u0151cell\u00e1k garant\u00e1lj\u00e1k a megb\u00edzhat\u00f3 \u00e9s ism\u00e9telhet\u0151 m\u00e9r\u00e9si eredm\u00e9nyeket, amelyek elengedhetetlenek a s\u00falykorl\u00e1toz\u00e1sok betart\u00e1s\u00e1hoz \u00e9s a j\u00e1rm\u0171vek optim\u00e1lis terhel\u00e9s\u00e9hez.<br \/>\n* **Robusztus Kialak\u00edt\u00e1s:** A mez\u0151gazdas\u00e1gi k\u00f6rnyezet viszontags\u00e1gait figyelembe v\u00e9ve k\u00e9sz\u00fclt, ellen\u00e1ll a durva k\u00f6r\u00fclm\u00e9nyeknek, biztos\u00edtva a hossz\u00fa \u00e9lettartamot.<br \/>\n* **Vezet\u00e9k n\u00e9lk\u00fcli Kommunik\u00e1ci\u00f3:** A rendszer gyakran t\u00e1mogatja a vezet\u00e9k n\u00e9lk\u00fcli adat\u00e1tvitelt a kijelz\u0151egys\u00e9g fel\u00e9, minimaliz\u00e1lva a k\u00e1belez\u00e9si probl\u00e9m\u00e1kat \u00e9s n\u00f6velve a telep\u00edt\u00e9si sebess\u00e9get.<br \/>\n* **Sz\u00e9lesk\u00f6r\u0171 Alkalmazhat\u00f3s\u00e1g:** Ide\u00e1lis teherg\u00e9pj\u00e1rm\u0171vek, mez\u0151gazdas\u00e1gi g\u00e9pek (pl.: traktorok, komb\u00e1jnok), valamint speci\u00e1lis j\u00e1rm\u0171vek tengely- \u00e9s ker\u00e9km\u00e9r\u00e9s\u00e9re.<\/p>\n<p>## Technical Specifications<\/p>\n<p>The technical data of the PT300\u2122 wheel weigher ensures the reliability and performance of the system even during the most demanding tasks.<\/p>\n<p>| Parameter | Specification | Notes |<br \/>\n| :&#8212; | :&#8212; | :&#8212; |<br \/>\n| **M\u00e9rleg T\u00edpusa** | Hordozhat\u00f3 Ker\u00e9km\u00e9rleg | Mez\u0151gazdas\u00e1gi \u00e9s teherg\u00e9pj\u00e1rm\u0171 alkalmaz\u00e1sokhoz |<br \/>\n| **Modell** | PT300\u2122 | Alapmodell |<br \/>\n| **Kapacit\u00e1s** | R\u00e9szletezett adatok a konfigur\u00e1ci\u00f3t\u00f3l f\u00fcgg\u0151en | \u00c1ltal\u00e1ban tengelyenk\u00e9nti vagy kerekenk\u00e9nti kapacit\u00e1s |<br \/>\n| **Pontoss\u00e1g** | Rendk\u00edv\u00fcl magas (tipikusan \u00b10.5% vagy jobb) | A pontos kalibr\u00e1ci\u00f3t\u00f3l f\u00fcgg\u0151en |<br \/>\n| **Kijelz\u0151** | Kompatibilis Intercomp kijelz\u0151kkel (pl.: RFX\u00ae Wireless Handheld Indicator) | K\u00fcl\u00f6n megv\u00e1s\u00e1rolhat\u00f3 vagy csomagban el\u00e9rhet\u0151 |<br \/>\n| **Kommunik\u00e1ci\u00f3** | Vezet\u00e9k n\u00e9lk\u00fcli vagy k\u00e1beles opci\u00f3k | A vezet\u00e9k n\u00e9lk\u00fcli hat\u00f3t\u00e1vols\u00e1g \u00e9s megb\u00edzhat\u00f3s\u00e1g kiemelked\u0151 |<br \/>\n| **Konstrukci\u00f3** | Nagy szil\u00e1rds\u00e1g\u00fa alum\u00ednium vagy ac\u00e9l \u00f6tv\u00f6zet | A tart\u00f3ss\u00e1g \u00e9s a s\u00falycs\u00f6kkent\u00e9s \u00e9rdek\u00e9ben |<br \/>\n| **Alkalmaz\u00e1si K\u00f6rnyezet** | K\u00fclt\u00e9ri, id\u0151j\u00e1r\u00e1s\u00e1ll\u00f3 | IP v\u00e9detts\u00e9gi besorol\u00e1s (konfigur\u00e1ci\u00f3f\u00fcgg\u0151) |<br \/>\n| **H\u0151m\u00e9rs\u00e9kleti Tartom\u00e1ny** | Sz\u00e9les m\u0171k\u00f6d\u00e9si tartom\u00e1ny | -20\u00b0C-t\u00f3l +50\u00b0C-ig (tipikusan) |<br \/>\n| **Rendszer B\u0151v\u00edthet\u0151s\u00e9g** | Kompatibilis m\u00e1s Intercomp rendszerekkel | Pl.: s\u00faly- \u00e9s egyens\u00faly szoftverekkel |<\/p>\n<p>## A PT300\u2122 Alkalmaz\u00e1si Ter\u00fcletei a Mez\u0151gazdas\u00e1gban<\/p>\n<p>The PT300\u2122 wheel weigher is a crucial tool for optimizing agricultural logistics and fleet management:<\/p>\n<p>1. **J\u00e1rm\u0171 Terhel\u00e9s Ellen\u0151rz\u00e9s:** Pontos m\u00e9r\u00e9st biztos\u00edt a traktorok, komb\u00e1jnok \u00e9s egy\u00e9b nagy teljes\u00edtm\u00e9ny\u0171 mez\u0151gazdas\u00e1gi g\u00e9pek tengelyterhel\u00e9s\u00e9r\u0151l, seg\u00edtve a talajnyom\u00e1s minimaliz\u00e1l\u00e1s\u00e1t \u00e9s a gumik \u00e9lettartam\u00e1nak n\u00f6vel\u00e9s\u00e9t.<br \/>\n2. **Betakar\u00edt\u00e1si M\u0171veletek:** A gabona vagy egy\u00e9b term\u00e9nyek sz\u00e1ll\u00edt\u00e1s\u00e1ra haszn\u00e1lt p\u00f3tkocsik \u00e9s teheraut\u00f3k azonnali s\u00falyellen\u0151rz\u00e9se a maxim\u00e1lis sz\u00e1ll\u00edt\u00e1si hat\u00e9konys\u00e1g \u00e9rdek\u00e9ben, elker\u00fclve a t\u00fals\u00falyt.<br \/>\n3. **M\u0171tr\u00e1gya \u00e9s Vet\u0151mag Kezel\u00e9s:** A vet\u0151mag- \u00e9s m\u0171tr\u00e1gyasz\u00e1ll\u00edt\u00f3 tart\u00e1lyok pontos s\u00faly\u00e1nak meghat\u00e1roz\u00e1sa a prec\u00edzi\u00f3s gazd\u00e1lkod\u00e1s t\u00e1mogat\u00e1s\u00e1hoz.<br \/>\n4. **Hordozhat\u00f3 M\u00e9r\u00e9si Pontok:** Ide\u00e1lis megold\u00e1s olyan helysz\u00edneken, ahol nincs \u00e1lland\u00f3 h\u00eddm\u00e9rleg, gyors \u00e9s hiteles m\u00e9r\u00e9sre van sz\u00fcks\u00e9g.<\/p>\n<p>## Integration and Accessory Systems<\/p>\n<p>Intercomp's extensive accessory portfolio allows for the complete customization of the PT300\u2122 system:<\/p>\n<p>* **Indik\u00e1torok \u00e9s Szoftverek:** A m\u00e9r\u00e9sek feldolgoz\u00e1s\u00e1ra \u00e9s r\u00f6gz\u00edt\u00e9s\u00e9re szolg\u00e1l\u00f3 fejlett kijelz\u0151k, mint p\u00e9ld\u00e1ul az \u00e9rint\u0151k\u00e9perny\u0151s CPU-k vagy a vezet\u00e9k n\u00e9lk\u00fcli k\u00e9zi indik\u00e1torok, azonnali visszajelz\u00e9st adnak a kezel\u0151nek. A szoftverek (pl.: ACWeigh\u2122 vagy iACWeigh\u2122 t\u00edpus\u00fa anal\u00f3gok) lehet\u0151v\u00e9 teszik az adatok t\u00e1rol\u00e1s\u00e1t, elemz\u00e9s\u00e9t \u00e9s jelent\u00e9sek k\u00e9sz\u00edt\u00e9s\u00e9t.<br \/>\n* **Tengely- \u00e9s S\u00falym\u00e9r\u0151 Rendszerek:** A PT300\u2122 kiv\u00e1l\u00f3an integr\u00e1lhat\u00f3 m\u00e1s Intercomp megold\u00e1sokkal, mint p\u00e9ld\u00e1ul az LS-WIM\u00ae (Weigh-In-Motion) rendszerekkel vagy az AX900\u2122 h\u00eddm\u00e9rlegekkel, komplex logisztikai m\u00e9r\u00e9si h\u00e1l\u00f3zatok ki\u00e9p\u00edt\u00e9s\u00e9hez.<br \/>\n* **Kalibr\u00e1ci\u00f3s Eszk\u00f6z\u00f6k:** A rendszer pontoss\u00e1g\u00e1nak fenntart\u00e1sa \u00e9rdek\u00e9ben el\u00e9rhet\u0151k speci\u00e1lis er\u0151m\u00e9r\u0151 vizsg\u00e1l\u00f3\u00e1llv\u00e1ny, amelyekkel a m\u00e9rlegek rendszeresen ellen\u0151rizhet\u0151k \u00e9s kalibr\u00e1lhat\u00f3k.<\/p>\n<p>## A PT300DW\u2122 V\u00e1ltozat<\/p>\n<p>A PT300\u2122 csal\u00e1d r\u00e9sze a **PT300DW\u2122 Sz\u00e9les Ker\u00e9km\u00e9rleg** is, amely kifejezetten sz\u00e9lesebb fut\u00f3fel\u00fclet\u0171 vagy ikerabroncsos j\u00e1rm\u0171vek m\u00e9r\u00e9s\u00e9re optimaliz\u00e1lt. Ez a v\u00e1ltozat biztos\u00edtja, hogy a sz\u00e9lesebb kerekek vagy speci\u00e1lis gumik \u00e1ltal gener\u00e1lt terhel\u00e9st is pontosan r\u00f6gz\u00edteni lehessen, kiterjesztve a hordozhat\u00f3 m\u00e9r\u00e9si k\u00e9pess\u00e9gek k\u00f6r\u00e9t.<\/p>\n<p>## Summary<\/p>\n<p>The Intercomp PT300\u2122 wheel weigher is the benchmark for reliability, accuracy, and portability in the agricultural weighing sector. This robust device guarantees that vehicle loads are always optimal, contributing to safe operation and compliance with legal requirements even under the most varied field conditions.<\/p>","protected":false},"excerpt":{"rendered":"<p>Intercomp PT300\u2122 Wheel Weigher: a reliable, portable measuring system for accurately determining the weight of agricultural machinery and vehicles.<\/p>","protected":false},"featured_media":347701,"template":"","meta":[],"product_brand":[13685],"product_cat":[12998],"product_tag":[16303],"class_list":{"0":"post-365292","1":"product","2":"type-product","3":"status-publish","4":"has-post-thumbnail","6":"product_brand-intercompcompany","7":"product_cat-egyeb-termekek","8":"product_tag-intercomp-megoldasok-osszes","10":"first","11":"instock","12":"featured","13":"shipping-taxable","14":"product-type-simple"},"_links":{"self":[{"href":"https:\/\/staging.met-industry.hu\/en\/wp-json\/wp\/v2\/product\/365292","targetHints":{"allow":["GET"]}}],"collection":[{"href":"https:\/\/staging.met-industry.hu\/en\/wp-json\/wp\/v2\/product"}],"about":[{"href":"https:\/\/staging.met-industry.hu\/en\/wp-json\/wp\/v2\/types\/product"}],"version-history":[{"count":0,"href":"https:\/\/staging.met-industry.hu\/en\/wp-json\/wp\/v2\/product\/365292\/revisions"}],"wp:featuredmedia":[{"embeddable":true,"href":"https:\/\/staging.met-industry.hu\/en\/wp-json\/wp\/v2\/media\/347701"}],"wp:attachment":[{"href":"https:\/\/staging.met-industry.hu\/en\/wp-json\/wp\/v2\/media?parent=365292"}],"wp:term":[{"taxonomy":"product_brand","embeddable":true,"href":"https:\/\/staging.met-industry.hu\/en\/wp-json\/wp\/v2\/product_brand?post=365292"},{"taxonomy":"product_cat","embeddable":true,"href":"https:\/\/staging.met-industry.hu\/en\/wp-json\/wp\/v2\/product_cat?post=365292"},{"taxonomy":"product_tag","embeddable":true,"href":"https:\/\/staging.met-industry.hu\/en\/wp-json\/wp\/v2\/product_tag?post=365292"}],"curies":[{"name":"wp","href":"https:\/\/api.w.org\/{rel}","templated":true}]}}