{"id":365329,"date":"2026-03-18T13:37:13","date_gmt":"2026-03-18T11:37:13","guid":{"rendered":"https:\/\/staging.met-industry.hu\/?post_type=product&#038;p=365329"},"modified":"2026-03-18T13:37:17","modified_gmt":"2026-03-18T11:37:17","slug":"ac15-lp-alacsony-profilu-repulogep-merlegrendszer","status":"publish","type":"product","link":"https:\/\/staging.met-industry.hu\/en\/uzlet\/ac15-lp-alacsony-profilu-repulogep-merlegrendszer\/","title":{"rendered":"AC15-LP\u2122 Low Profile Aircraft Weighing System"},"content":{"rendered":"<p># AC15-LP\u2122 Alacsony profil\u00fa Rep\u00fcl\u0151g\u00e9p M\u00e9rlegrendszer<\/p>\n<p>The AC15-LP\u2122 low profile platform scale is a highlight of Intercomp's portfolio of precision measuring instruments, specifically designed for the extremely accurate determination of aircraft weight and center of gravity. This model combines reliability, easy portability, and a compact design, making it ideal for ground weighing of both smaller and medium-sized aircraft.<\/p>\n<p>The extremely low profile of the AC15-LP\u2122 minimizes the need for ramps, facilitating placement under the aircraft's wheels or landing gear, ensuring quick and safe setup in various airport and maintenance environments.<\/p>\n<p>## Main Features and Advantages<\/p>\n<p>The AC15-LP\u2122 weighing system represents the highest standards in aerospace weighing, ensuring safe and compliant operation.<\/p>\n<p>* **Alacsony Profil\u00fa Kialak\u00edt\u00e1s:** A rendk\u00edv\u00fcl alacsony \u00e9p\u00edt\u00e9si magass\u00e1g megk\u00f6nny\u00edti a r\u00e1mpa n\u00e9lk\u00fcli vagy minim\u00e1lis r\u00e1mp\u00e1val t\u00f6rt\u00e9n\u0151 fel\u00e1ll\u00edt\u00e1st, ami kritikus a sz\u0171k helyeken vagy gyors helysz\u00edni m\u00e9r\u00e9sekn\u00e9l.<br \/>\n* **Nagy Pontoss\u00e1g:** Az Intercomp m\u00e9r\u0151cell\u00e1kkal \u00e9s digit\u00e1lis kijelz\u0151kkel (k\u00fcl\u00f6n megv\u00e1s\u00e1rolhat\u00f3ak, mint p\u00e9ld\u00e1ul a TAC30\u2122 vagy RFX\u00ae) p\u00e1ros\u00edtva rendk\u00edv\u00fcl pontos s\u00falyadatokat szolg\u00e1ltat, ami elengedhetetlen a rep\u00fcl\u0151g\u00e9p s\u00falypontj\u00e1nak helyes meghat\u00e1roz\u00e1s\u00e1hoz.<br \/>\n* **Robusztus Konstrukci\u00f3:** \u00dagy tervezt\u00e9k, hogy ellen\u00e1lljon a rep\u00fcl\u0151t\u00e9ri k\u00f6rnyezet viszontags\u00e1gainak, biztos\u00edtva a hossz\u00fa \u00e9lettartamot \u00e9s a konzisztens teljes\u00edtm\u00e9nyt.<br \/>\n* **Kompatibilit\u00e1s:** Teljesen integr\u00e1lhat\u00f3 az Intercomp fejlett s\u00faly- \u00e9s egyens\u00falykezel\u0151 szoftvereivel (pl.: ACWeigh\u2122 vagy iACWeigh\u2122), valamint vezet\u00e9k n\u00e9lk\u00fcli kijelz\u0151kkel (RFX\u00ae), maximaliz\u00e1lva a rugalmass\u00e1got a m\u00e9r\u00e9si folyamat sor\u00e1n.<br \/>\n* **Alkalmaz\u00e1si Sokoldal\u00fas\u00e1g:** Ide\u00e1lis kisebb \u00e9s k\u00f6zepes kapacit\u00e1s\u00fa rep\u00fcl\u0151g\u00e9pekhez, bele\u00e9rtve a k\u00f6nny\u0171 \u00e1ltal\u00e1nos c\u00e9l\u00fa rep\u00fcl\u0151g\u00e9peket \u00e9s bizonyos katonai vagy speci\u00e1lis c\u00e9l\u00fa l\u00e9gi j\u00e1rm\u0171veket.<\/p>\n<p>## Technical Data<\/p>\n<p>The specifications of the AC15-LP\u2122 platform scale ensure reliable performance in the most demanding aviation applications.<\/p>\n<p>| Parameter | Specification | Notes |<br \/>\n| :&#8212; | :&#8212; | :&#8212; |<br \/>\n| **Modell** | AC15-LP\u2122 | Low-Profile Aircraft Scale |<br \/>\n| **Kapacit\u00e1s** | 15 000 font (kb. 6804 kg) | Maxim\u00e1lis terhelhet\u0151s\u00e9g |<br \/>\n| **Pontoss\u00e1g** | Rendk\u00edv\u00fcl magas | A kijelz\u0151t\u0151l \u00e9s kalibr\u00e1ci\u00f3t\u00f3l f\u00fcgg\u0151en |<br \/>\n| **Profil Magass\u00e1g** | Alacsony profil\u00fa | Minim\u00e1lis r\u00e1mpa ig\u00e9ny |<br \/>\n| **Alkalmaz\u00e1si Ter\u00fclet** | Rep\u00fcl\u0151g\u00e9p S\u00faly- \u00e9s Egyens\u00faly M\u00e9r\u00e9s | Platformos m\u00e9r\u00e9s |<br \/>\n| **Kompatibilis Kijelz\u0151k** | TAC30\u2122 CPU, RFX\u00ae Wireless Handheld | K\u00fcl\u00f6n megv\u00e1s\u00e1rolhat\u00f3 |<br \/>\n| **Szoftver Kompatibilit\u00e1s** | ACWeigh\u2122, iACWeigh\u2122 | S\u00falypont sz\u00e1m\u00edt\u00e1s |<\/p>\n<p>## Detailed Application Areas<\/p>\n<p>The AC15-LP\u2122 compact platform scale is the ideal choice for the following aerospace applications:<\/p>\n<p>### Kism\u00e9ret\u0171 \u00e9s K\u00f6zepes Kapacit\u00e1s\u00fa Rep\u00fcl\u0151g\u00e9pek M\u00e9r\u00e9se<br \/>\nThis model is excellently suited for aircraft that do not require extremely high load capacity but require precise weight data for safe operation.<\/p>\n<p>* **\u00c1ltal\u00e1nos Rep\u00fcl\u00e9s:** Kis- \u00e9s k\u00f6zepes dugatty\u00fas vagy turb\u00f3l\u00e9gcsavaros g\u00e9pek.<br \/>\n* **K\u00f6nny\u0171 Sz\u00e1ll\u00edt\u00f3 Rep\u00fcl\u0151g\u00e9pek:** Olyan t\u00edpusok, amelyek s\u00falya a 15 000 font alatti tartom\u00e1nyban mozog.<\/p>\n<p>### S\u00falypont M\u00e9r\u00e9s<br \/>\nThe correct determination of the center of gravity is critical for aircraft stability and controllability. The AC15-LP\u2122 platforms ensure the necessary accuracy for measuring axle loads, based on which the center of gravity calculation can be performed.<\/p>\n<p>* **Elj\u00e1r\u00e1sok T\u00e1mogat\u00e1sa:** A m\u00e9rlegek haszn\u00e1lhat\u00f3k a hagyom\u00e1nyos s\u00falypont sz\u00e1m\u00edt\u00e1si m\u00f3dszerekhez, ahol a kerekek s\u00faly\u00e1t k\u00f6zvetlen\u00fcl a platformon m\u00e9rik.<br \/>\n* **Adatgy\u0171jt\u00e9s:** A digit\u00e1lis kijelz\u0151kkel \u00e9s szoftverekkel (pl.: ACWeigh\u2122) a m\u00e9r\u00e9si adatok azonnal r\u00f6gz\u00edthet\u0151k \u00e9s feldolgozhat\u00f3k, minimaliz\u00e1lva a k\u00e9zi \u00e1t\u00edr\u00e1sb\u00f3l ered\u0151 hib\u00e1kat.<\/p>\n<p>### Karbantart\u00e1si \u00e9s M\u0171szaki K\u00f6rnyezetek<br \/>\nDue to its ease of handling and compact design, the AC15-LP\u2122 is an ideal choice for regular checks in hangars and maintenance bases.<\/p>\n<p>* **Gyors Telep\u00edt\u00e9s:** A felhaszn\u00e1l\u00f3k gyorsan elhelyezhetik a m\u00e9rlegeket a fut\u00f3m\u0171vek al\u00e1, elv\u00e9gezhetik a m\u00e9r\u00e9st, majd k\u00f6nnyed\u00e9n elsz\u00e1ll\u00edthatj\u00e1k azokat a k\u00f6vetkez\u0151 feladathoz.<br \/>\n* **Rendszer-integr\u00e1ci\u00f3:** K\u00e9pes egy\u00fcttm\u0171k\u00f6dni m\u00e1s Intercomp rendszerekkel, mint p\u00e9ld\u00e1ul a Jack Weigh k\u00e9szletekkel (AC100\u2122 vagy EZ RFX\u00ae), ha a s\u00falypont m\u00e9r\u00e9s\u00e9t emelt \u00e1llapotban kell elv\u00e9gezni.<\/p>\n<p>## Kieg\u00e9sz\u00edt\u0151 Rendszerek \u00e9s T\u00e1mogat\u00e1s<\/p>\n<p>The AC15-LP\u2122 platform itself is an excellent quality sensor, but it becomes a full-value weighing system with the appropriate accessories:<\/p>\n<p>### Indicators and Software<br \/>\nThe accuracy of the measurement and the user experience are significantly influenced by the display unit used:<\/p>\n<p>* **TAC30\u2122 CPU:** \u00c9rint\u0151k\u00e9perny\u0151s kijelz\u0151, amely fejlett sz\u00e1m\u00edt\u00e1si funkci\u00f3kat \u00e9s intuit\u00edv kezel\u0151fel\u00fcletet biztos\u00edt.<br \/>\n* **RFX\u00ae Wireless Handheld Indicator:** Vezet\u00e9k n\u00e9lk\u00fcli megold\u00e1s, amely lehet\u0151v\u00e9 teszi a kezel\u0151 sz\u00e1m\u00e1ra, hogy biztons\u00e1gos t\u00e1vols\u00e1gb\u00f3l olvassa le a s\u00falyadatokat, mik\u00f6zben a m\u00e9rlegek a hely\u00fck\u00f6n vannak.<br \/>\n* **ACWeigh\u2122 \/ iACWeigh\u2122 Szoftver:** Speci\u00e1lisan rep\u00fcl\u0151g\u00e9pek s\u00faly- \u00e9s egyens\u00faly sz\u00e1m\u00edt\u00e1s\u00e1ra kifejlesztett alkalmaz\u00e1sok, amelyek a platformok \u00e1ltal szolg\u00e1ltatott tengelyterhel\u00e9si adatok alapj\u00e1n automatikusan meghat\u00e1rozz\u00e1k a s\u00falypontot \u00e9s ellen\u0151rzik a megengedett hat\u00e1rokat.<\/p>\n<p>### Kalibr\u00e1ci\u00f3 \u00e9s Karbantart\u00e1s<br \/>\nAz Intercomp elk\u00f6telezett a m\u00e9r\u0151eszk\u00f6z\u00f6k hossz\u00fa t\u00e1v\u00fa pontoss\u00e1ga mellett. Az AC15-LP\u2122 rendszerhez el\u00e9rhet\u0151ek kalibr\u00e1ci\u00f3s \u00e9s ellen\u0151rz\u0151 rendszerek, mint p\u00e9ld\u00e1ul a **CSM\u2122 Manu\u00e1lis Teszt\u00e1llv\u00e1ny** vagy a **CSA\u2122 Automata Teszt\u00e1llv\u00e1ny**, amelyek biztos\u00edtj\u00e1k, hogy a m\u00e9rleg mindig megfeleljen a szigor\u00fa rep\u00fcl\u00e9stechnikai el\u0151\u00edr\u00e1soknak.<\/p>\n<p>The AC15-LP\u2122 low-profile aircraft scale is the foundation for reliable, precise, and efficient weight and balance management in modern aviation operations.<\/p>","protected":false},"excerpt":{"rendered":"<p>AC15-LP\u2122 low profile platform scale for the precise determination of aircraft weight and center of gravity. Ideal for confined spaces.<\/p>","protected":false},"featured_media":347661,"template":"","meta":[],"product_brand":[13685],"product_cat":[12998],"product_tag":[16303],"class_list":{"0":"post-365329","1":"product","2":"type-product","3":"status-publish","4":"has-post-thumbnail","6":"product_brand-intercompcompany","7":"product_cat-egyeb-termekek","8":"product_tag-intercomp-megoldasok-osszes","10":"first","11":"instock","12":"featured","13":"shipping-taxable","14":"product-type-simple"},"_links":{"self":[{"href":"https:\/\/staging.met-industry.hu\/en\/wp-json\/wp\/v2\/product\/365329","targetHints":{"allow":["GET"]}}],"collection":[{"href":"https:\/\/staging.met-industry.hu\/en\/wp-json\/wp\/v2\/product"}],"about":[{"href":"https:\/\/staging.met-industry.hu\/en\/wp-json\/wp\/v2\/types\/product"}],"version-history":[{"count":0,"href":"https:\/\/staging.met-industry.hu\/en\/wp-json\/wp\/v2\/product\/365329\/revisions"}],"wp:featuredmedia":[{"embeddable":true,"href":"https:\/\/staging.met-industry.hu\/en\/wp-json\/wp\/v2\/media\/347661"}],"wp:attachment":[{"href":"https:\/\/staging.met-industry.hu\/en\/wp-json\/wp\/v2\/media?parent=365329"}],"wp:term":[{"taxonomy":"product_brand","embeddable":true,"href":"https:\/\/staging.met-industry.hu\/en\/wp-json\/wp\/v2\/product_brand?post=365329"},{"taxonomy":"product_cat","embeddable":true,"href":"https:\/\/staging.met-industry.hu\/en\/wp-json\/wp\/v2\/product_cat?post=365329"},{"taxonomy":"product_tag","embeddable":true,"href":"https:\/\/staging.met-industry.hu\/en\/wp-json\/wp\/v2\/product_tag?post=365329"}],"curies":[{"name":"wp","href":"https:\/\/api.w.org\/{rel}","templated":true}]}}