{"id":365333,"date":"2026-03-18T13:37:13","date_gmt":"2026-03-18T11:37:13","guid":{"rendered":"https:\/\/staging.met-industry.hu\/?post_type=product&#038;p=365333"},"modified":"2026-03-18T13:37:19","modified_gmt":"2026-03-18T11:37:19","slug":"acii-repulogep-merlegrendszer","status":"publish","type":"product","link":"https:\/\/staging.met-industry.hu\/en\/uzlet\/acii-repulogep-merlegrendszer\/","title":{"rendered":"ACII\u2122 Aircraft Weighing System"},"content":{"rendered":"<p># ACII\u2122 Rep\u00fcl\u0151g\u00e9p M\u00e9rlegrendszer<\/p>\n<p>The ACII\u2122 Aircraft Weighing System is the premium solution from the Intercomp group of companies for the extremely precise determination of aircraft weight and center of gravity. This system is an ideal choice for all flight operations where strict adherence to weight and balance requirements is essential, whether for commercial, private, or military applications. The ACII\u2122 platform scales excellently combine a robust design with the latest measurement technology, ensuring reliable and fast results.<\/p>\n<p>## Main Features and Advantages<\/p>\n<p>The ACII\u2122 system was created in the spirit of accuracy, durability, and user-friendliness. The platform design allows for the measurement of each landing gear strut or jacking point of the aircraft, which is essential for accurate center of gravity calculation.<\/p>\n<p>* **Kiemelked\u0151 Pontoss\u00e1g:** A rendszer a legmagasabb ipar\u00e1gi szabv\u00e1nyoknak megfelel\u0151 pontoss\u00e1got biztos\u00edt, minimaliz\u00e1lva a m\u00e9r\u00e9si hib\u00e1kat, ami kritikus a biztons\u00e1gos rep\u00fcl\u00e9s \u00e9rdek\u00e9ben.<br \/>\n* **Robusztus Kialak\u00edt\u00e1s:** A m\u00e9r\u0151platformok tart\u00f3s anyagokb\u00f3l k\u00e9sz\u00fclnek, amelyek ellen\u00e1llnak a rep\u00fcl\u0151t\u00e9ri k\u00f6rnyezet viszontags\u00e1gainak, bele\u00e9rtve a sz\u00e9ls\u0151s\u00e9ges h\u0151m\u00e9rs\u00e9kleteket \u00e9s a mechanikai terhel\u00e9st.<br \/>\n* **Integr\u00e1lt Megold\u00e1sok:** Az ACII\u2122 rendszer kiv\u00e1l\u00f3an integr\u00e1lhat\u00f3 az Intercomp fejlett kijelz\u0151- \u00e9s szoftvereszk\u00f6zeivel, mint p\u00e9ld\u00e1ul a TAC30\u2122 \u00e9rint\u0151k\u00e9perny\u0151s kijelz\u0151vel vagy az RFX\u00ae vezet\u00e9k n\u00e9lk\u00fcli megold\u00e1sokkal, megk\u00f6nny\u00edtve az adatok r\u00f6gz\u00edt\u00e9s\u00e9t \u00e9s feldolgoz\u00e1s\u00e1t.<br \/>\n* **Sokoldal\u00fa Alkalmazhat\u00f3s\u00e1g:** K\u00fcl\u00f6nb\u00f6z\u0151 kapacit\u00e1s\u00fa konfigur\u00e1ci\u00f3kban \u00e9rhet\u0151 el, hogy megfeleljen a kis mag\u00e1nrep\u00fcl\u0151g\u00e9pekt\u0151l a nagyobb, k\u00f6zepes kapacit\u00e1s\u00fa g\u00e9pekig terjed\u0151 ig\u00e9nyeknek.<br \/>\n* **Egyszer\u0171s\u00edtett S\u00falypont Sz\u00e1m\u00edt\u00e1s:** A rendszerhez kapcsol\u00f3d\u00f3 szoftverek (pl.: ACWeigh\u2122 vagy iACWeigh\u2122) automatiz\u00e1lj\u00e1k a s\u00falypont sz\u00e1m\u00edt\u00e1si folyamatokat a m\u00e9rt adatok alapj\u00e1n.<\/p>\n<p>## Technical Specifications<\/p>\n<p>The technical data for the ACII\u2122 Aircraft Weighing System reflects reliability and performance. Although precise specifications depend on the chosen configuration (e.g., AC15-LP\u2122, AC40-LP\u2122, AC60-LP\u2122, AC30-60\u2122), the table below summarizes the general characteristics of the system and associated technologies.<\/p>\n<p>| Jellemz\u0151 | Le\u00edr\u00e1s \/ Param\u00e9ter | Megjegyz\u00e9s |<br \/>\n| :&#8212; | :&#8212; | :&#8212; |<br \/>\n| **Rendszer T\u00edpusa** | Platformos rep\u00fcl\u0151g\u00e9p m\u00e9rlegrendszer | Statikus m\u00e9r\u00e9shez optimaliz\u00e1lva. |<br \/>\n| **Alkalmaz\u00e1si Ter\u00fclet** | S\u00faly- \u00e9s egyens\u00faly m\u00e9r\u00e9s | Kereskedelmi \u00e9s mag\u00e1nrep\u00fcl\u0151g\u00e9pekhez. |<br \/>\n| **Kijelz\u0151 Opci\u00f3k** | TAC30\u2122 \u00c9rint\u0151k\u00e9perny\u0151s CPU, RFX\u00ae Vezet\u00e9k n\u00e9lk\u00fcli Indik\u00e1tor | Rugalmas adatbeviteli \u00e9s megjelen\u00edt\u00e9si lehet\u0151s\u00e9gek. |<br \/>\n| **Vezet\u00e9k N\u00e9lk\u00fcli Kapcsolat** | RFX\u00ae Technol\u00f3gia | Lehet\u0151v\u00e9 teszi a m\u00e9r\u0151platformok t\u00e1voli leolvas\u00e1s\u00e1t. |<br \/>\n| **Szoftver Kompatibilit\u00e1s** | ACWeigh\u2122, iACWeigh\u2122 | Automatikus s\u00falypont sz\u00e1m\u00edt\u00e1s. |<br \/>\n| **Kalibr\u00e1ci\u00f3s Eszk\u00f6z\u00f6k** | CSM\u2122 Manu\u00e1lis Teszt\u00e1llv\u00e1ny, CSA\u2122 Automatikus Teszt\u00e1llv\u00e1ny | A rendszer rendszeres ellen\u0151rz\u00e9s\u00e9hez \u00e9s kalibr\u00e1l\u00e1s\u00e1hoz. |<br \/>\n| **Kapacit\u00e1s Tartom\u00e1ny** | Alacsony, K\u00f6zepes \u00e9s Magas Kapacit\u00e1s\u00fa Konfigur\u00e1ci\u00f3k | A konkr\u00e9t modell (pl.: AC60-LP\u2122) hat\u00e1rozza meg. |<br \/>\n| **Platform Kialak\u00edt\u00e1s** | Alacsony Profil\u00fa opci\u00f3k el\u00e9rhet\u0151k | Megk\u00f6nny\u00edti a fut\u00f3m\u0171vek al\u00e1 helyez\u00e9st. |<\/p>\n<p>## A Platformos M\u00e9rlegrendszer El\u0151nyei<\/p>\n<p>Compared to traditional lift-style weighing systems, ACII\u2122 platform scales offer numerous advantages in the weighing process:<\/p>\n<p>1. **Gyorsabb M\u00e9r\u00e9s:** A platformok k\u00f6zvetlen\u00fcl a fut\u00f3m\u0171vek al\u00e1 helyezhet\u0151k, ami gyorsabb be\u00e1ll\u00edt\u00e1st \u00e9s m\u00e9r\u00e9st tesz lehet\u0151v\u00e9, k\u00fcl\u00f6n\u00f6sen a gyakori s\u00falyoz\u00e1st ig\u00e9nyl\u0151 k\u00f6rnyezetekben.<br \/>\n2. **Stabilit\u00e1s:** A sz\u00e9les, stabil platformok kiv\u00e1l\u00f3 al\u00e1t\u00e1maszt\u00e1st ny\u00fajtanak, cs\u00f6kkentve a platform elmozdul\u00e1s\u00e1nak kock\u00e1zat\u00e1t a m\u00e9r\u00e9s sor\u00e1n.<br \/>\n3. **Kapacit\u00e1s Sk\u00e1l\u00e1zhat\u00f3s\u00e1g:** A rendszer modul\u00e1ris fel\u00e9p\u00edt\u00e9se lehet\u0151v\u00e9 teszi a felhaszn\u00e1l\u00f3k sz\u00e1m\u00e1ra, hogy a megl\u00e9v\u0151 platformokat kieg\u00e9sz\u00edts\u00e9k vagy cser\u00e9lj\u00e9k, ahogy a rep\u00fcl\u0151g\u00e9pparkjuk ig\u00e9nyei v\u00e1ltoznak.<\/p>\n<p>### Kapcsol\u00f3d\u00f3 Kieg\u00e9sz\u00edt\u0151 Rendszerek<\/p>\n<p>The ACII\u2122 system benefits from Intercomp's wide range of accessories, ensuring a complete weighing ecosystem:<\/p>\n<p>* **Jack Weigh Kitek:** Az AC100\u2122 \u00e9s az EZ RFX\u00ae Jack Weigh Kitek alternat\u00edv megold\u00e1st ny\u00fajtanak, k\u00fcl\u00f6n\u00f6sen akkor, ha a platform elhelyez\u00e9se nem lehets\u00e9ges, vagy ha a s\u00falypontot a f\u0151 emel\u0151pontokn\u00e1l kell meghat\u00e1rozni.<br \/>\n* **Indik\u00e1torok \u00e9s Szoftverek:** A TAC30\u2122 CPU \u00e9rint\u0151k\u00e9perny\u0151s kezel\u0151fel\u00fcletet biztos\u00edt a m\u00e9r\u00e9sek azonnali megjelen\u00edt\u00e9s\u00e9hez \u00e9s r\u00f6gz\u00edt\u00e9s\u00e9hez. Az RFX\u00ae vezet\u00e9k n\u00e9lk\u00fcli technol\u00f3gia n\u00f6veli a rugalmass\u00e1got a m\u00e9r\u0151pontok k\u00f6r\u00fcl.<br \/>\n* **Kalibr\u00e1ci\u00f3s Rendszerek:** A CSM\u2122 (manu\u00e1lis) \u00e9s CSA\u2122 (automatiz\u00e1lt) teszt\u00e1llv\u00e1nyok garant\u00e1lj\u00e1k, hogy a m\u00e9r\u0151rendszer folyamatosan megfeleljen a szigor\u00fa rep\u00fcl\u00e9stechnikai el\u0151\u00edr\u00e1soknak.<\/p>\n<p>## Application Areas<\/p>\n<p>The ACII\u2122 Aircraft Weighing System is widely applicable in numerous segments of the aviation industry:<\/p>\n<p>* **Kereskedelmi L\u00e9git\u00e1rsas\u00e1gok:** A napi vagy heti s\u00faly- \u00e9s egyens\u00faly ellen\u0151rz\u00e9sekhez, optimaliz\u00e1lva az \u00fczemanyag-felhaszn\u00e1l\u00e1st \u00e9s a hasznos terhel\u00e9st.<br \/>\n* **Karbantart\u00e1si \u00e9s Jav\u00edt\u00f3 L\u00e9tes\u00edtm\u00e9nyek:** Nagy pontoss\u00e1g\u00fa m\u00e9r\u00e9sek sz\u00fcks\u00e9gesek a szerkezeti munk\u00e1k ut\u00e1ni ellen\u0151rz\u00e9sekhez.<br \/>\n* **eVTOL Fejleszt\u00e9s:** Az \u00faj gener\u00e1ci\u00f3s elektromos f\u00fcgg\u0151leges fel- \u00e9s lesz\u00e1ll\u00e1s\u00fa j\u00e1rm\u0171vek (eVTOL) s\u00falypontj\u00e1nak \u00e9s dinamikus terhel\u00e9s\u00e9nek meghat\u00e1roz\u00e1s\u00e1hoz.<br \/>\n* **Katonai Alkalmaz\u00e1sok:** A katonai szegmens sz\u00e1m\u00e1ra dedik\u00e1lt megold\u00e1sok (l\u00e1sd Katonai M\u00e9rlegek), amelyek megfelelnek a szigor\u00fa v\u00e9delmi szabv\u00e1nyoknak.<br \/>\n* **Alacsony \u00e9s K\u00f6zepes Kapacit\u00e1s\u00fa Rep\u00fcl\u0151g\u00e9pek:** Az AC15-LP\u2122 \u00e9s AC40-LP\u2122 modellek ide\u00e1lisak kisebb, k\u00f6nny\u0171 rep\u00fcl\u0151g\u00e9pekhez, ahol a helysz\u0171ke probl\u00e9ma lehet.<br \/>\n* **Nagy Kapacit\u00e1s\u00fa Platformok:** Az AC60-LP\u2122 \u00e9s AC30-60\u2122 rendszerek a nagyobb teherb\u00edr\u00e1st ig\u00e9nyl\u0151 alkalmaz\u00e1sokhoz ny\u00fajtanak megold\u00e1st.<\/p>\n<p>The ACII\u2122 is not just a weighing device; it is a comprehensive solution for increasing flight safety and efficiency in the field of weight management. The system's reliability and the expertise provided by Intercomp guarantee that every measurement is taken with the highest level of accuracy.<\/p>","protected":false},"excerpt":{"rendered":"<p>The ACII\u2122 Aircraft Weighing System is Intercomp's premium solution for extremely accurate determination of aircraft weight and center of gravity.<\/p>","protected":false},"featured_media":347603,"template":"","meta":[],"product_brand":[13685],"product_cat":[12998],"product_tag":[16303],"class_list":{"0":"post-365333","1":"product","2":"type-product","3":"status-publish","4":"has-post-thumbnail","6":"product_brand-intercompcompany","7":"product_cat-egyeb-termekek","8":"product_tag-intercomp-megoldasok-osszes","10":"first","11":"instock","12":"featured","13":"shipping-taxable","14":"product-type-simple"},"_links":{"self":[{"href":"https:\/\/staging.met-industry.hu\/en\/wp-json\/wp\/v2\/product\/365333","targetHints":{"allow":["GET"]}}],"collection":[{"href":"https:\/\/staging.met-industry.hu\/en\/wp-json\/wp\/v2\/product"}],"about":[{"href":"https:\/\/staging.met-industry.hu\/en\/wp-json\/wp\/v2\/types\/product"}],"version-history":[{"count":0,"href":"https:\/\/staging.met-industry.hu\/en\/wp-json\/wp\/v2\/product\/365333\/revisions"}],"wp:featuredmedia":[{"embeddable":true,"href":"https:\/\/staging.met-industry.hu\/en\/wp-json\/wp\/v2\/media\/347603"}],"wp:attachment":[{"href":"https:\/\/staging.met-industry.hu\/en\/wp-json\/wp\/v2\/media?parent=365333"}],"wp:term":[{"taxonomy":"product_brand","embeddable":true,"href":"https:\/\/staging.met-industry.hu\/en\/wp-json\/wp\/v2\/product_brand?post=365333"},{"taxonomy":"product_cat","embeddable":true,"href":"https:\/\/staging.met-industry.hu\/en\/wp-json\/wp\/v2\/product_cat?post=365333"},{"taxonomy":"product_tag","embeddable":true,"href":"https:\/\/staging.met-industry.hu\/en\/wp-json\/wp\/v2\/product_tag?post=365333"}],"curies":[{"name":"wp","href":"https:\/\/api.w.org\/{rel}","templated":true}]}}