{"id":365340,"date":"2026-03-18T13:37:14","date_gmt":"2026-03-18T11:37:14","guid":{"rendered":"https:\/\/staging.met-industry.hu\/?post_type=product&#038;p=365340"},"modified":"2026-03-18T13:37:20","modified_gmt":"2026-03-18T11:37:20","slug":"hh60-rfx-indikator-daru-es-anyagmozgato-merlegekhez","status":"publish","type":"product","link":"https:\/\/staging.met-industry.hu\/en\/uzlet\/hh60-rfx-indikator-daru-es-anyagmozgato-merlegekhez\/","title":{"rendered":"HH60\u2122 RFX Indicator for Crane &amp; Material Handling Scales"},"content":{"rendered":"<p># RFX\u00ae Vezet\u00e9k N\u00e9lk\u00fcli K\u00e9zi M\u00e9r\u0151m\u0171szer<\/p>\n<p>The Intercomp RFX\u00ae Wireless Handheld Weighing Indicator is an extremely versatile and reliable display unit designed to work seamlessly with compatible Intercomp weighing systems, especially wheel, axle, and aircraft scales. This portable device combines the power of wireless technology with precise measurement and user-friendly operation, offering an ideal solution for a wide range of logistics, aviation, agricultural, and industrial applications.<\/p>\n<p>The RFX\u00ae system is built on wireless communication, which significantly increases flexibility during weighing processes as there is no need for disruptive cables between the weighing platforms and the display. This freedom is critically important in environments where cable damage or entanglement can pose a hazard, or where weighing points are far from the central control unit.<\/p>\n<p>## Main Features and Advantages<\/p>\n<p>The RFX\u00ae handheld indicator is designed to provide maximum performance and reliability, even during the most demanding weighing tasks:<\/p>\n<p>* **Vezet\u00e9k N\u00e9lk\u00fcli Kapcsolat:** Az RFX\u00ae technol\u00f3gia biztos\u00edtja a stabil \u00e9s biztons\u00e1gos adat\u00e1tvitelt a m\u00e9r\u0151cell\u00e1kr\u00f3l a kijelz\u0151re, minimaliz\u00e1lva a telep\u00edt\u00e9si id\u0151t \u00e9s a k\u00e1belez\u00e9ssel j\u00e1r\u00f3 kock\u00e1zatokat.<br \/>\n* **Hordozhat\u00f3s\u00e1g \u00e9s felhaszn\u00e1l\u00f3bar\u00e1t kialak\u00edt\u00e1s:** Kompakt kialak\u00edt\u00e1sa \u00e9s k\u00e9zbe ill\u0151 m\u00e9retei lehet\u0151v\u00e9 teszik a kezel\u0151k sz\u00e1m\u00e1ra, hogy a m\u00e9r\u00e9si pont k\u00f6zel\u00e9ben maradjanak, biztos\u00edtva a val\u00f3s idej\u0171 adatok azonnali ellen\u0151rz\u00e9s\u00e9t.<br \/>\n* **Sokoldal\u00fa Kompatibilit\u00e1s:** Az eszk\u00f6z sz\u00e9les k\u00f6rben kompatibilis az Intercomp k\u00fcl\u00f6nb\u00f6z\u0151 m\u00e9r\u0151rendszereivel, bele\u00e9rtve a ker\u00e9k- \u00e9s tengelym\u00e9rlegeket, valamint a rep\u00fcl\u0151g\u00e9p m\u00e9r\u0151rendszereket (pl.: AC100\u2122).<br \/>\n* **Intuit\u00edv Felhaszn\u00e1l\u00f3i Interf\u00e9sz:** A kijelz\u0151t \u00fagy tervezt\u00e9k, hogy a legfontosabb m\u00e9r\u00e9si adatok k\u00f6nnyen leolvashat\u00f3k legyenek, m\u00e9g rossz f\u00e9nyviszonyok mellett is.<br \/>\n* **Robusztus Kialak\u00edt\u00e1s:** \u00dagy \u00e9p\u00edtett\u00e9k, hogy ellen\u00e1lljon a durva ipari \u00e9s k\u00fclt\u00e9ri k\u00f6rnyezeteknek, biztos\u00edtva a hossz\u00fa \u00e9lettartamot \u00e9s a megb\u00edzhat\u00f3 m\u0171k\u00f6d\u00e9st.<\/p>\n<p>## Application Areas<\/p>\n<p>The RFX\u00ae wireless weighing indicator is an ideal choice for numerous industries where fast, accurate, and wireless weighing is essential:<\/p>\n<p>1. **J\u00e1rm\u0171- \u00e9s Teherg\u00e9pj\u00e1rm\u0171 M\u00e9r\u00e9s:**<br \/>\n* **Tengelyterhel\u00e9s Ellen\u0151rz\u00e9s:** Ide\u00e1lis a s\u00falykorl\u00e1toz\u00e1sok betart\u00e1s\u00e1nak ellen\u0151rz\u00e9s\u00e9re \u00faton, \u00e1trakod\u00f3 \u00e1llom\u00e1sokon vagy kik\u00f6t\u0151kben.<br \/>\n* **Hordozhat\u00f3 M\u00e9rlegrendszerek:** Z\u00f6kken\u0151mentes m\u0171k\u00f6d\u00e9s az SW\u2122 hordozhat\u00f3 m\u00e9r\u0151padokkal vagy az LP sz\u00e9ri\u00e1j\u00fa alacsony profil\u00fa m\u00e9rlegekkel.<br \/>\n* **Teheraut\u00f3 Flott\u00e1k Kezel\u00e9se:** Pontos adatok gy\u0171jt\u00e9se a rakom\u00e1ny s\u00faly\u00e1r\u00f3l a hat\u00e9konyabb logisztika \u00e9rdek\u00e9ben.<\/p>\n<p>2. **Rep\u00fcl\u00e9stechnika:**<br \/>\n* **S\u00faly- \u00e9s Egyens\u00falyoz\u00e1s:** Kritikus szerepet j\u00e1tszik a rep\u00fcl\u0151g\u00e9pek biztons\u00e1gos \u00fczemeltet\u00e9s\u00e9ben, k\u00fcl\u00f6n\u00f6sen az AC100\u2122 rendszerekkel p\u00e1ros\u00edtva.<br \/>\n* **Jack Weigh Rendszerek:** Vezet\u00e9k n\u00e9lk\u00fcli adatgy\u0171jt\u00e9s a rep\u00fcl\u0151g\u00e9p emel\u00e9si pontjain\u00e1l m\u00e9rt s\u00falyokhoz.<\/p>\n<p>3. **Mez\u0151gazdas\u00e1g:**<br \/>\n* **Fed\u00e9lzeti M\u00e9r\u0151rendszerek:** Haszn\u00e1lhat\u00f3 vet\u0151mag-sz\u00e1ll\u00edt\u00f3 kocsik, TMR kever\u0151k vagy gabonat\u00e1rol\u00f3k s\u00faly\u00e1nak monitoroz\u00e1s\u00e1ra.<\/p>\n<p>4. **Verseny- \u00e9s Motorsport:**<br \/>\n* B\u00e1r a motorsport specifikus kijelz\u0151k is el\u00e9rhet\u0151k, az RFX\u00ae alapvet\u0151 k\u00e9pess\u00e9gei hasznosak lehetnek a j\u00e1rm\u0171vek s\u00falyeloszl\u00e1s\u00e1nak gyors ellen\u0151rz\u00e9s\u00e9hez.<\/p>\n<p>## Technical Specifications<\/p>\n<p>The RFX\u00ae handheld indicator's technical parameters ensure professional performance and system integration.<\/p>\n<p>| Feature | Specification | Notes |<br \/>\n| :&#8212; | :&#8212; | :&#8212; |<br \/>\n| **Kommunik\u00e1ci\u00f3s Protokoll** | RFX\u00ae Vezet\u00e9k N\u00e9lk\u00fcli | Biztos\u00edtja a nagy sebess\u00e9g\u0171, megb\u00edzhat\u00f3 adat\u00e1tvitelt. |<br \/>\n| **Kompatibilit\u00e1s** | Intercomp RFX\u00ae kompatibilis m\u00e9rlegek | Bele\u00e9rtve a ker\u00e9k-, tengely- \u00e9s rep\u00fcl\u0151g\u00e9p m\u00e9r\u0151rendszereket. |<br \/>\n| **Kijelz\u0151 T\u00edpusa** | Nagy felbont\u00e1s\u00fa digit\u00e1lis kijelz\u0151 | Optimaliz\u00e1lt olvashat\u00f3s\u00e1g. |<br \/>\n| **T\u00e1pell\u00e1t\u00e1s** | Akkumul\u00e1toros (r\u00e9szletek a felhaszn\u00e1l\u00f3i k\u00e9zik\u00f6nyvben) | Hossz\u00fa \u00fczemid\u0151 a terepi munk\u00e1khoz. |<br \/>\n| **Kivitel** | Robusztus, k\u00e9zbe ill\u0151 h\u00e1z | Ellen\u00e1ll a k\u00f6rnyezeti hat\u00e1soknak. |<br \/>\n| **Funkci\u00f3k** | Nett\u00f3\/Brutt\u00f3 s\u00faly kijelz\u00e9s, T\u00e1ra funkci\u00f3, Akkumul\u00e1tor t\u00f6lt\u00f6tts\u00e9g jelz\u00e9se | Alapvet\u0151 m\u00e9r\u00e9si funkci\u00f3k. |<br \/>\n| **Adatkezel\u00e9s** | Val\u00f3s idej\u0171 adat\u00e1tvitel | Azonnali visszajelz\u00e9s a m\u00e9r\u00e9si eredm\u00e9nyekr\u0151l. |<\/p>\n<p>## R\u00e9szletes Funkci\u00f3k \u00e9s M\u0171k\u00f6d\u00e9s<\/p>\n<p>The RFX\u00ae indicator is not just a simple display; it is an advanced data processing unit that instantly converts raw data arriving from the wireless load cells into interpretable weight values.<\/p>\n<p>### A Vezet\u00e9k N\u00e9lk\u00fcli \u00d6kosziszt\u00e9ma K\u00f6zpontja<\/p>\n<p>The RFX\u00ae is a crucial element of Intercomp's modular weighing systems. When a weighing pad (e.g., a wheel scale or an aircraft jack) detects weight, the built-in RFX\u00ae transmitter unit sends the data via an encrypted radio frequency signal. The handheld indicator receives these signals, processes them, taking into account the system calibration data, and displays the final, verified weight value.<\/p>\n<p>Ez a vezet\u00e9k n\u00e9lk\u00fcli architekt\u00fara k\u00fcl\u00f6n\u00f6sen el\u0151ny\u00f6s a **mobil alkalmaz\u00e1sokban**, ahol a m\u00e9r\u0151egys\u00e9geket gyorsan kell telep\u00edteni \u00e9s elmozd\u00edtani. Nincs sz\u00fcks\u00e9g arra, hogy a kezel\u0151 a m\u00e9r\u0151platform mellett \u00e1lljon, ami n\u00f6veli a biztons\u00e1got \u00e9s a hat\u00e9konys\u00e1got.<\/p>\n<p>### S\u00falykezel\u00e9si Funkci\u00f3k<\/p>\n<p>The user experience is supported by the following functions:<\/p>\n<p>* **T\u00e1ra:** Lehet\u0151v\u00e9 teszi a m\u00e9r\u0151fel\u00fclet vagy b\u00e1rmilyen el\u0151re meghat\u00e1rozott s\u00faly null\u00e1z\u00e1s\u00e1t, \u00edgy csak a t\u00e9nyleges rakom\u00e1ny s\u00falya jelenik meg. Ez elengedhetetlen a kont\u00e9nerek vagy sz\u00e1ll\u00edt\u00e1si tart\u00e1lyok s\u00faly\u00e1nak m\u00e9r\u00e9s\u00e9n\u00e9l.<br \/>\n* **\u00d6sszegz\u00e9s:** Bizonyos konfigur\u00e1ci\u00f3kban az RFX\u00ae k\u00e9pes lehet t\u00f6bb egym\u00e1st k\u00f6vet\u0151 m\u00e9r\u00e9s \u00f6sszegz\u00e9s\u00e9re, ami hasznos lehet a teljes rakom\u00e1ny t\u00f6meg\u00e9nek gyors meghat\u00e1roz\u00e1s\u00e1hoz.<br \/>\n* **Stabiliz\u00e1ci\u00f3:** A kijelz\u0151 fejlett algoritmusokat haszn\u00e1l a m\u00e9r\u00e9s stabiliz\u00e1l\u00e1s\u00e1ra, kisz\u0171rve a kisebb vibr\u00e1ci\u00f3kat vagy a j\u00e1rm\u0171 enyhe mozg\u00e1s\u00e1t, \u00edgy biztos\u00edtva, hogy a kijelzett \u00e9rt\u00e9k a legpontosabb statikus s\u00falyt t\u00fckr\u00f6zze.<\/p>\n<p>### Integr\u00e1ci\u00f3 a Speci\u00e1lis Rendszerekkel<\/p>\n<p>The RFX\u00ae display is designed for Intercomp's wide product range:<\/p>\n<p>* **Ker\u00e9k- \u00e9s Tengelym\u00e9rlegekhez:** Az RFX\u00ae ide\u00e1lis kieg\u00e9sz\u00edt\u0151je a hordozhat\u00f3 PT300\u2122 vagy az alacsony profil\u00fa LP600\u2122 rendszereknek, lehet\u0151v\u00e9 t\u00e9ve a teljes j\u00e1rm\u0171 s\u00faly\u00e1nak \u00e9s tengelyterhel\u00e9s\u00e9nek gyors ellen\u0151rz\u00e9s\u00e9t.<br \/>\n* **Rep\u00fcl\u00e9stechnikai Alkalmaz\u00e1sokhoz:** A rep\u00fcl\u0151g\u00e9p s\u00faly- \u00e9s egyens\u00falyoz\u00e1si feladatokn\u00e1l az RFX\u00ae k\u00f6zvetlen\u00fcl kommunik\u00e1lhat a Jack Weigh rendszerekkel (pl.: Jack Weigh EZ RFX\u00ae Kit), biztos\u00edtva a kritikus s\u00falypontadatok azonnali megjelen\u00edt\u00e9s\u00e9t.<\/p>\n<p>The RFX\u00ae Wireless Handheld Meter is the answer to modern engineering demands, combining wireless freedom and Intercomp-guaranteed accuracy in a robust, portable package. This device is an essential tool for any professional who needs reliable, cable-free weight data acquisition in the field.<\/p>","protected":false},"excerpt":{"rendered":"<p>Intercomp RFX\u00ae Wireless Handheld Indicator: versatile and reliable display unit for seamless operation with weighing systems.<\/p>","protected":false},"featured_media":347574,"template":"","meta":[],"product_brand":[13685],"product_cat":[12998],"product_tag":[16303],"class_list":{"0":"post-365340","1":"product","2":"type-product","3":"status-publish","4":"has-post-thumbnail","6":"product_brand-intercompcompany","7":"product_cat-egyeb-termekek","8":"product_tag-intercomp-megoldasok-osszes","10":"first","11":"instock","12":"featured","13":"shipping-taxable","14":"product-type-simple"},"_links":{"self":[{"href":"https:\/\/staging.met-industry.hu\/en\/wp-json\/wp\/v2\/product\/365340","targetHints":{"allow":["GET"]}}],"collection":[{"href":"https:\/\/staging.met-industry.hu\/en\/wp-json\/wp\/v2\/product"}],"about":[{"href":"https:\/\/staging.met-industry.hu\/en\/wp-json\/wp\/v2\/types\/product"}],"version-history":[{"count":0,"href":"https:\/\/staging.met-industry.hu\/en\/wp-json\/wp\/v2\/product\/365340\/revisions"}],"wp:featuredmedia":[{"embeddable":true,"href":"https:\/\/staging.met-industry.hu\/en\/wp-json\/wp\/v2\/media\/347574"}],"wp:attachment":[{"href":"https:\/\/staging.met-industry.hu\/en\/wp-json\/wp\/v2\/media?parent=365340"}],"wp:term":[{"taxonomy":"product_brand","embeddable":true,"href":"https:\/\/staging.met-industry.hu\/en\/wp-json\/wp\/v2\/product_brand?post=365340"},{"taxonomy":"product_cat","embeddable":true,"href":"https:\/\/staging.met-industry.hu\/en\/wp-json\/wp\/v2\/product_cat?post=365340"},{"taxonomy":"product_tag","embeddable":true,"href":"https:\/\/staging.met-industry.hu\/en\/wp-json\/wp\/v2\/product_tag?post=365340"}],"curies":[{"name":"wp","href":"https:\/\/api.w.org\/{rel}","templated":true}]}}