{"id":365344,"date":"2026-03-18T13:37:14","date_gmt":"2026-03-18T11:37:14","guid":{"rendered":"https:\/\/staging.met-industry.hu\/?post_type=product&#038;p=365344"},"modified":"2026-03-18T13:37:21","modified_gmt":"2026-03-18T11:37:21","slug":"pt20-cpu-daru-es-anyagmozgato-merlegekhez","status":"publish","type":"product","link":"https:\/\/staging.met-industry.hu\/en\/uzlet\/pt20-cpu-daru-es-anyagmozgato-merlegekhez\/","title":{"rendered":"PT20\u2122 CPU for Crane &amp; Material Handling Scales"},"content":{"rendered":"<p># RFX\u00ae Wireless PT20\u2122 CPU \u2013 Vezet\u00e9k n\u00e9lk\u00fcli M\u00e9rlegvez\u00e9rl\u0151 Egys\u00e9g<\/p>\n<p>The RFX\u00ae Wireless PT20\u2122 CPU is the central control unit for Intercomp's advanced weighing systems, designed for maximum flexibility and reliability. This high-performance, wireless CPU is ideal for numerous industrial, logistics, and aerospace applications requiring precise weight measurement and data management. The PT20\u2122 CPU utilizes RFX\u00ae wireless technology for communication between load cells and displays, ensuring fast, interference-free data transfer and easy installation.<\/p>\n<p>## Main Features and Advantages<\/p>\n<p>The PT20\u2122 CPU is extremely versatile and offers several functions that optimize the weighing process:<\/p>\n<p>* **Vezet\u00e9k N\u00e9lk\u00fcli Kapcsolat:** Az RFX\u00ae technol\u00f3gia lehet\u0151v\u00e9 teszi a m\u00e9r\u0151cell\u00e1k \u00e9s a kijelz\u0151k k\u00f6z\u00f6tti megb\u00edzhat\u00f3, vezet\u00e9k n\u00e9lk\u00fcli kommunik\u00e1ci\u00f3t, kik\u00fcsz\u00f6b\u00f6lve a k\u00e1belez\u00e9ssel j\u00e1r\u00f3 probl\u00e9m\u00e1kat \u00e9s n\u00f6velve a rugalmass\u00e1got a telep\u00edt\u00e9s sor\u00e1n.<br \/>\n* **Modul\u00e1ris Kompatibilit\u00e1s:** Sz\u00e9les k\u00f6r\u0171 kompatibilit\u00e1s az Intercomp m\u00e9rlegrendszereivel, bele\u00e9rtve a ker\u00e9km\u00e9rlegeket, tengelyterhel\u00e9s-m\u00e9r\u0151ket, rep\u00fcl\u0151g\u00e9p-m\u00e9rlegeket \u00e9s egy\u00e9b ipari m\u00e9r\u0151eszk\u00f6z\u00f6ket.<br \/>\n* **Nagy Teljes\u00edtm\u00e9ny\u0171 Feldolgoz\u00e1s:** Gyors \u00e9s pontos adatfeldolgoz\u00e1s, amely kritikus a dinamikus m\u00e9r\u00e9sek (pl. s\u00faly-\u00e1tmenet m\u00e9r\u00e9s) \u00e9s a nagy pontoss\u00e1g\u00fa statikus m\u00e9r\u00e9sek sor\u00e1n.<br \/>\n* **Robusztus Kivitel:** \u00dagy tervezt\u00e9k, hogy ellen\u00e1lljon a zord ipari k\u00f6rnyezeteknek, biztos\u00edtva a hossz\u00fa t\u00e1v\u00fa megb\u00edzhat\u00f3s\u00e1got.<br \/>\n* **Felhaszn\u00e1l\u00f3bar\u00e1t Kezel\u00e9s:** Intuit\u00edv kezel\u0151fel\u00fclet (amely a csatlakoztatott kijelz\u0151k\u00f6n kereszt\u00fcl \u00e9rhet\u0151 el) a gyors be\u00e1ll\u00edt\u00e1sokhoz \u00e9s a m\u00e9r\u00e9sek egyszer\u0171 monitoroz\u00e1s\u00e1hoz.<\/p>\n<p>## Technical Specifications<\/p>\n<p>The RFX\u00ae Wireless PT20\u2122 CPU features the following technical parameters that guarantee professional performance:<\/p>\n<p>| Feature | Specification |<br \/>\n| :&#8212; | :&#8212; |<br \/>\n| **Term\u00e9kcsal\u00e1d** | RFX\u00ae Wireless |<br \/>\n| **Modell** | PT20\u2122 CPU |<br \/>\n| **Kommunik\u00e1ci\u00f3** | Vezet\u00e9k n\u00e9lk\u00fcli (RFX\u00ae technol\u00f3gia) |<br \/>\n| **Kompatibilis M\u00e9rlegek** | Ker\u00e9k- \u00e9s tengelyterhel\u00e9s-m\u00e9r\u0151k, rep\u00fcl\u0151g\u00e9p-m\u00e9rlegek, teheraut\u00f3-m\u00e9rlegek, stb. |<br \/>\n| **T\u00e1pell\u00e1t\u00e1s** | (R\u00e9szletek a csatlakoztatott kijelz\u0151\/t\u00e1pell\u00e1t\u00f3 egys\u00e9g specifik\u00e1ci\u00f3it\u00f3l f\u00fcggenek) |<br \/>\n| **Kijelz\u0151 Kompatibilit\u00e1s** | Kompatibilis az RFX\u00ae vezet\u00e9k n\u00e9lk\u00fcli kijelz\u0151kkel (pl.: RFX\u00ae Wireless Handheld Indicator, TAC30\u2122 CPU) |<br \/>\n| **Adatgy\u0171jt\u00e9s** | T\u00e1mogatja a val\u00f3s idej\u0171 adatgy\u0171jt\u00e9st \u00e9s t\u00e1rol\u00e1st (a csatlakoztatott kijelz\u0151 funkci\u00f3it\u00f3l f\u00fcgg\u0151en) |<br \/>\n| **K\u00f6rnyezeti Ellen\u00e1ll\u00e1s** | Ipari szabv\u00e1nyoknak megfelel\u0151 v\u00e9delem (r\u00e9szletek a pontos k\u00f6rnyezeti besorol\u00e1sr\u00f3l a felhaszn\u00e1l\u00f3i k\u00e9zik\u00f6nyvben tal\u00e1lhat\u00f3k) |<br \/>\n| **Alkalmaz\u00e1si Ter\u00fcletek** | Teherg\u00e9pj\u00e1rm\u0171-m\u00e9r\u00e9s, rep\u00fcl\u0151t\u00e9ri s\u00falym\u00e9r\u00e9s, ipari anyagmozgat\u00e1s, logisztika, katonai alkalmaz\u00e1sok. |<\/p>\n<p>## Detailed Application Areas<\/p>\n<p>The PT20\u2122 CPU integrates excellently as a central unit into Intercomp's wide product range, including the following:<\/p>\n<p>### J\u00e1rm\u0171- \u00e9s Teherforgalmi M\u00e9r\u00e9s<\/p>\n<p>The PT20\u2122 CPU is an ideal choice for monitoring and managing vehicle weights:<\/p>\n<p>* **Hordozhat\u00f3 Tengelyterhel\u00e9s-m\u00e9r\u0151k:** Kompatibilis az olyan rendszerekkel, mint az LS-WIM\u00ae (Weigh-In-Motion) \u00e9s a hordozhat\u00f3 statikus m\u00e9rlegek (pl.: LP788\u2122, AX900\u2122), lehet\u0151v\u00e9 t\u00e9ve a gyors helysz\u00edni ellen\u0151rz\u00e9st.<br \/>\n* **S\u00falym\u00e9r\u00e9s \u00c1tmenet K\u00f6zben:** T\u00e1mogatja a nagy sebess\u00e9g\u0171 \u00e9s alacsony sebess\u00e9g\u0171 WIM alkalmaz\u00e1sokat (pl.: LS630-WIM\u2122), biztos\u00edtva a forgalom folyamatoss\u00e1g\u00e1t a m\u00e9r\u00e9s alatt.<br \/>\n* **ITS\/V\u00e9grehajt\u00e1si Alkalmaz\u00e1sok:** Haszn\u00e1lhat\u00f3 hat\u00f3s\u00e1gi ellen\u0151rz\u00e9sekn\u00e9l, kik\u00f6t\u0151i \u00e9s kapurendszerekn\u00e9l, valamint \u00fatd\u00edjrendszerekben.<\/p>\n<p>### Rep\u00fcl\u00e9stechnikai M\u00e9r\u00e9s \u00e9s S\u00falypont Sz\u00e1m\u00edt\u00e1s<\/p>\n<p>In the aerospace sector, the PT20\u2122 CPU plays a vital role in safe center of gravity calculations:<\/p>\n<p>* **Platform M\u00e9rlegek:** Kompatibilis az AC15-LP\u2122, AC40-LP\u2122 \u00e9s AC60-LP\u2122 t\u00edpus\u00fa alacsony profil\u00fa rep\u00fcl\u0151g\u00e9p-m\u00e9rlegekkel, valamint a nagy kapacit\u00e1s\u00fa AC30-60\u2122 rendszerekkel.<br \/>\n* **Emel\u0151m\u00e9rleg K\u00e9szletek (Jack Weigh Kits):** Integr\u00e1lhat\u00f3 az AC100\u2122 \u00e9s az EZ RFX\u00ae Jack Weigh k\u00e9szletekkel, amelyek prec\u00edz emel\u00e9si pont s\u00falyadatokat szolg\u00e1ltatnak a teljes rep\u00fcl\u0151g\u00e9p s\u00faly\u00e1nak \u00e9s s\u00falypontj\u00e1nak meghat\u00e1roz\u00e1s\u00e1hoz.<br \/>\n* **Szoftver Integr\u00e1ci\u00f3:** T\u00e1mogatja az olyan szoftvereket, mint az ACWeigh\u2122 \u00e9s iACWeigh\u2122, amelyek automatiz\u00e1lj\u00e1k a s\u00falypont sz\u00e1m\u00edt\u00e1sokat a PT20\u2122 CPU \u00e1ltal gy\u0171jt\u00f6tt adatok alapj\u00e1n.<\/p>\n<p>### Agricultural Applications<\/p>\n<p>In the agricultural sector, the PT20\u2122 CPU can be used to control on-board weighing systems:<\/p>\n<p>* **Takarm\u00e1nykever\u0151k \u00e9s Vet\u0151magtart\u00e1lyok:** Alkalmas TMR kever\u0151m\u00e9rlegekhez \u00e9s vet\u0151mag-tender m\u00e9rlegekhez, biztos\u00edtva a pontos adagol\u00e1st \u00e9s rakt\u00e1rk\u00e9szlet-kezel\u00e9st.<br \/>\n* **Ker\u00e9km\u00e9rlegek:** Kompatibilis a PT300\u2122 ker\u00e9km\u00e9rlegekkel, amelyek a mez\u0151gazdas\u00e1gi g\u00e9pek tengelyterhel\u00e9s\u00e9nek monitoroz\u00e1s\u00e1ra szolg\u00e1lnak.<\/p>\n<p>## RFX\u00ae Vezet\u00e9k N\u00e9lk\u00fcli \u00d6kosziszt\u00e9ma<\/p>\n<p>The PT20\u2122 CPU is part of the RFX\u00ae wireless ecosystem, which offers the following advantages:<\/p>\n<p>1. **Egyszer\u0171s\u00edtett Telep\u00edt\u00e9s:** A vezet\u00e9k n\u00e9lk\u00fcli kapcsolat drasztikusan cs\u00f6kkenti a telep\u00edt\u00e9si id\u0151t \u00e9s k\u00f6lts\u00e9geket, mivel nincs sz\u00fcks\u00e9g k\u00e1belek lefektet\u00e9s\u00e9re a m\u00e9r\u0151cell\u00e1k \u00e9s a k\u00f6zponti egys\u00e9g k\u00f6z\u00f6tt.<br \/>\n2. **Jelent\u0151s Hat\u00f3t\u00e1vols\u00e1g:** Az RFX\u00ae technol\u00f3gia stabil \u00e9s megb\u00edzhat\u00f3 kommunik\u00e1ci\u00f3t biztos\u00edt nagy t\u00e1vols\u00e1gokon kereszt\u00fcl is, ami elengedhetetlen nagy teheraut\u00f3-m\u00e9rlegek vagy kiterjedt rep\u00fcl\u0151t\u00e9ri platformok eset\u00e9n.<br \/>\n3. **Adatbiztons\u00e1g:** A rendszer titkos\u00edtott adat\u00e1tvitelt haszn\u00e1l, biztos\u00edtva a m\u00e9r\u00e9si adatok integrit\u00e1s\u00e1t \u00e9s v\u00e9delm\u00e9t.<\/p>\n<p>The RFX\u00ae Wireless PT20\u2122 CPU is the foundation for modern, flexible, and high-precision weighing that increases the reliability of many critical industrial processes.<\/p>","protected":false},"excerpt":{"rendered":"<p>RFX\u00ae Wireless PT20\u2122 CPU: the central control unit for Intercomp's advanced weighing systems, ensuring maximum flexibility.<\/p>","protected":false},"featured_media":347561,"template":"","meta":[],"product_brand":[13685],"product_cat":[12998],"product_tag":[16303],"class_list":{"0":"post-365344","1":"product","2":"type-product","3":"status-publish","4":"has-post-thumbnail","6":"product_brand-intercompcompany","7":"product_cat-egyeb-termekek","8":"product_tag-intercomp-megoldasok-osszes","10":"first","11":"instock","12":"featured","13":"shipping-taxable","14":"product-type-simple"},"_links":{"self":[{"href":"https:\/\/staging.met-industry.hu\/en\/wp-json\/wp\/v2\/product\/365344","targetHints":{"allow":["GET"]}}],"collection":[{"href":"https:\/\/staging.met-industry.hu\/en\/wp-json\/wp\/v2\/product"}],"about":[{"href":"https:\/\/staging.met-industry.hu\/en\/wp-json\/wp\/v2\/types\/product"}],"version-history":[{"count":0,"href":"https:\/\/staging.met-industry.hu\/en\/wp-json\/wp\/v2\/product\/365344\/revisions"}],"wp:featuredmedia":[{"embeddable":true,"href":"https:\/\/staging.met-industry.hu\/en\/wp-json\/wp\/v2\/media\/347561"}],"wp:attachment":[{"href":"https:\/\/staging.met-industry.hu\/en\/wp-json\/wp\/v2\/media?parent=365344"}],"wp:term":[{"taxonomy":"product_brand","embeddable":true,"href":"https:\/\/staging.met-industry.hu\/en\/wp-json\/wp\/v2\/product_brand?post=365344"},{"taxonomy":"product_cat","embeddable":true,"href":"https:\/\/staging.met-industry.hu\/en\/wp-json\/wp\/v2\/product_cat?post=365344"},{"taxonomy":"product_tag","embeddable":true,"href":"https:\/\/staging.met-industry.hu\/en\/wp-json\/wp\/v2\/product_tag?post=365344"}],"curies":[{"name":"wp","href":"https:\/\/api.w.org\/{rel}","templated":true}]}}