{"id":365349,"date":"2026-03-18T13:37:14","date_gmt":"2026-03-18T11:37:14","guid":{"rendered":"https:\/\/staging.met-industry.hu\/?post_type=product&#038;p=365349"},"modified":"2026-03-18T13:37:23","modified_gmt":"2026-03-18T11:37:23","slug":"hh400-iwh-rfx-indikator-kerek-tengely-merlegekhez","status":"publish","type":"product","link":"https:\/\/staging.met-industry.hu\/en\/uzlet\/hh400-iwh-rfx-indikator-kerek-tengely-merlegekhez\/","title":{"rendered":"HH400\u2122 (IWH) RFX Indicator for Wheel\/Axle Scales"},"content":{"rendered":"<p># Intercomp HH400\u2122 (IWH) RFX Indik\u00e1tor Ker\u00e9k- \u00e9s Tengelys\u00falym\u00e9r\u0151 Rendszerekhez<\/p>\n<p>The Intercomp HH400\u2122 (IWH) RFX Indicator is a state-of-the-art, wireless measuring instrument designed specifically for integration with high-precision wheel and axle weighing systems. This indicator offers a combination of reliability, user-friendliness, and advanced wireless communication capabilities, making it an ideal choice for professional applications such as automotive measurements, logistics, agriculture, and specialized industrial tasks.<\/p>\n<p>RFX technology enables immediate and stable transmission of load cell data, minimizing problems associated with cabling and increasing flexibility at the measurement site.<\/p>\n<p>## Main Features and Advantages<\/p>\n<p>The HH400\u2122 RFX Indicator features several functions that optimize weighing processes:<\/p>\n<p>* **Vezet\u00e9k N\u00e9lk\u00fcli Kapcsolat:** Stabil, nagy hat\u00f3t\u00e1vols\u00e1g\u00fa r\u00e1di\u00f3frekvenci\u00e1s kommunik\u00e1ci\u00f3 a m\u00e9r\u0151cell\u00e1kkal, ami jelent\u0151sen leegyszer\u0171s\u00edti a telep\u00edt\u00e9st \u00e9s a haszn\u00e1latot bonyolult k\u00f6rnyezetben is.<br \/>\n* **Nagy Felbont\u00e1s\u00fa Kijelz\u0151:** Tiszta, k\u00f6nnyen leolvashat\u00f3 kijelz\u0151, amely biztos\u00edtja a pontos s\u00faly\u00e9rt\u00e9kek azonnali vizu\u00e1lis ellen\u0151rz\u00e9s\u00e9t.<br \/>\n* **Robusztus Kialak\u00edt\u00e1s:** \u00dagy tervezt\u00e9k, hogy ellen\u00e1lljon a zord ipari \u00e9s k\u00fclt\u00e9ri k\u00f6r\u00fclm\u00e9nyeknek, biztos\u00edtva a hossz\u00fa \u00e9lettartamot \u00e9s a megb\u00edzhat\u00f3 m\u0171k\u00f6d\u00e9st.<br \/>\n* **Integr\u00e1lt Funkcionalit\u00e1s:** K\u00e9pes kezelni a k\u00fcl\u00f6nb\u00f6z\u0151 m\u00e9r\u00e9si m\u00f3dokat, bele\u00e9rtve a statikus m\u00e9r\u00e9st, a tengelyterhel\u00e9s m\u00e9r\u00e9s\u00e9t \u00e9s a s\u00falyeloszl\u00e1s elemz\u00e9s\u00e9t.<br \/>\n* **Adatkezel\u00e9s:** Lehet\u0151s\u00e9g van a m\u00e9r\u00e9si adatok t\u00e1rol\u00e1s\u00e1ra, lek\u00e9rdez\u00e9s\u00e9re \u00e9s export\u00e1l\u00e1s\u00e1ra k\u00e9s\u0151bbi elemz\u00e9sek c\u00e9lj\u00e1b\u00f3l (a kapcsol\u00f3d\u00f3 szoftverekkel egy\u00fcttm\u0171k\u00f6dve).<\/p>\n<p>## Technical Specifications<\/p>\n<p>The technical parameters of the HH400\u2122 RFX Indicator ensure precise and efficient operation even in the most demanding applications.<\/p>\n<p>| Parameter | Specification | Notes |<br \/>\n| :&#8212; | :&#8212; | :&#8212; |<br \/>\n| **Indik\u00e1tor T\u00edpusa** | HH400\u2122 (IWH) RFX | Vezet\u00e9k n\u00e9lk\u00fcli k\u00e9zi kijelz\u0151 |<br \/>\n| **Kommunik\u00e1ci\u00f3** | R\u00e1di\u00f3frekvencia | Stabil adat\u00e1tvitel a m\u00e9r\u0151cell\u00e1kr\u00f3l |<br \/>\n| **Kompatibilit\u00e1s** | Intercomp Ker\u00e9k\/Tengely M\u00e9r\u0151rendszerek | Sz\u00e9les sk\u00e1l\u00e1j\u00fa kompatibilit\u00e1s |<br \/>\n| **Kijelz\u0151** | Nagy felbont\u00e1s\u00fa digit\u00e1lis kijelz\u0151 | K\u00f6nny\u0171 olvashat\u00f3s\u00e1g k\u00fcl\u00f6nb\u00f6z\u0151 f\u00e9nyviszonyok mellett |<br \/>\n| **T\u00e1pell\u00e1t\u00e1s** | Akkumul\u00e1toros (specifik\u00e1ci\u00f3k f\u00fcggnek a konfigur\u00e1ci\u00f3t\u00f3l) | Hossz\u00fa \u00fczemid\u0151 biztos\u00edt\u00e1sa |<br \/>\n| **K\u00f6rnyezeti V\u00e9delem** | Robusztus, id\u0151j\u00e1r\u00e1s\u00e1ll\u00f3 h\u00e1z | Ipari \u00e9s k\u00fclt\u00e9ri haszn\u00e1latra alkalmas |<br \/>\n| **M\u00e9rt\u00e9kegys\u00e9gek** | V\u00e1ltoztathat\u00f3 (pl.: kg, lb) | Rugalmas alkalmazhat\u00f3s\u00e1g |<br \/>\n| **Funkci\u00f3k** | Null\u00e1z\u00e1s, T\u00e1ra funkci\u00f3, Adatt\u00e1rol\u00e1s | Alapvet\u0151 m\u00e9r\u00e9si seg\u00e9dfunkci\u00f3k |<\/p>\n<p>## Application Areas<\/p>\n<p>The HH400\u2122 RFX Indicator integrates excellently into Intercomp's broad product range, including:<\/p>\n<p>### Automotive and Logistics Applications<br \/>\nThis indicator is an ideal accessory for the following systems:<\/p>\n<p>* **Hordozhat\u00f3 Teheraut\u00f3 M\u00e9rlegek:** Pontos tengelyterhel\u00e9s \u00e9s \u00f6sszt\u00f6meg m\u00e9r\u00e9s sz\u00e1ll\u00edt\u00e1si csom\u00f3pontokon, rakt\u00e1rakban \u00e9s ideiglenes helysz\u00edneken.<br \/>\n* **S\u00faly-Intelligens K\u00f6zleked\u00e9si Rendszerek:** T\u00e1mogatja a forgalomir\u00e1ny\u00edt\u00e1st \u00e9s a t\u00fals\u00falyos j\u00e1rm\u0171vek azonos\u00edt\u00e1s\u00e1t.<br \/>\n* **WIM Rendszerek:** B\u00e1r a WIM m\u00e9r\u00e9sekhez speci\u00e1lis szoftver sz\u00fcks\u00e9ges, az RFX indik\u00e1tor biztos\u00edtja a vezet\u00e9k n\u00e9lk\u00fcli adatgy\u0171jt\u00e9st a mozg\u00f3 tengelyekr\u0151l.<br \/>\n* **Alacsony Profil\u00fa M\u00e9rlegek (LP600\u2122, LP788\u2122):** K\u00f6nny\u0171 \u00e9s gyors telep\u00edt\u00e9st tesz lehet\u0151v\u00e9, ahol a k\u00e1belez\u00e9s akad\u00e1lyt jelentene.<\/p>\n<p>### Speci\u00e1lis J\u00e1rm\u0171vek \u00e9s Mez\u0151gazdas\u00e1g<br \/>\nThe wireless capability is especially advantageous in hard-to-reach locations:<\/p>\n<p>* **Mez\u0151gazdas\u00e1gi On-Board M\u00e9rlegrendszerek:** Magok, takarm\u00e1nyok vagy m\u0171tr\u00e1gy\u00e1k pontos adagol\u00e1s\u00e1nak \u00e9s sz\u00e1ll\u00edt\u00e1s\u00e1nak ellen\u0151rz\u00e9se.<br \/>\n* **Elektromos J\u00e1rm\u0171vek (EV) \u00e9s Auton\u00f3m Teheraut\u00f3k:** A j\u00f6v\u0151beni j\u00e1rm\u0171vek s\u00faly\u00e1nak \u00e9s s\u00falyeloszl\u00e1s\u00e1nak monitoroz\u00e1sa.<\/p>\n<p>### Rep\u00fcl\u00e9stechnikai Alkalmaz\u00e1sok (Kieg\u00e9sz\u00edt\u0151k\u00e9nt)<br \/>\nAlthough the HH400\u2122 primarily focuses on wheel\/axle measurements, RFX technology also shows overlap with Intercomp's aerospace systems, such as the AC100\u2122 Jack Weigh systems, where wireless communication is key for weight and balance calculations.<\/p>\n<p>## Az RFX Vezet\u00e9k N\u00e9lk\u00fcli El\u0151ny<\/p>\n<p>RFX technology is the central element of the HH400\u2122 indicator. This system ensures that even extremely fine weight changes sensed by the load cells are transmitted instantly and interference-free to the display unit.<\/p>\n<p>**A vezet\u00e9k n\u00e9lk\u00fcli el\u0151ny\u00f6k r\u00e9szletez\u00e9se:**<\/p>\n<p>1. **Biztons\u00e1g \u00e9s Rugalmass\u00e1g:** A kezel\u0151 biztons\u00e1gos t\u00e1vols\u00e1gb\u00f3l fel\u00fcgyelheti a m\u00e9r\u00e9st, elker\u00fclve a j\u00e1rm\u0171 alatti vagy k\u00f6zvetlen k\u00f6zel\u00e9ben l\u00e9v\u0151 vesz\u00e9lyeket.<br \/>\n2. **Gyors Telep\u00edt\u00e9s:** Nincs sz\u00fcks\u00e9g id\u0151ig\u00e9nyes k\u00e1belh\u00faz\u00e1sra \u00e9s -csatlakoztat\u00e1sra minden egyes m\u00e9r\u00e9s el\u0151tt, ami drasztikusan cs\u00f6kkenti a m\u00e9r\u00e9si ciklusok idej\u00e9t.<br \/>\n3. **K\u00f6rnyezeti Alkalmazkod\u00e1s:** A vezet\u00e9k n\u00e9lk\u00fcli kapcsolat kev\u00e9sb\u00e9 \u00e9rz\u00e9keny a s\u00e1rra, porra, v\u00edzre vagy a k\u00e1belek s\u00e9r\u00fcl\u00e9s\u00e9re, amelyek gyakori probl\u00e9m\u00e1t jelentenek a szabadt\u00e9ri vagy \u00e9p\u00edtkez\u00e9si helysz\u00edneken.<\/p>\n<p>The Intercomp HH400\u2122 (IWH) RFX Indicator is the perfect synergy of precision, durability, and modern wireless technology, providing an indispensable tool for every professional weighing task.<\/p>","protected":false},"excerpt":{"rendered":"<p>Intercomp HH400\u2122 (IWH) RFX Indicator wireless, spike technology display for high-precision wheel and axle weighing systems.<\/p>","protected":false},"featured_media":347540,"template":"","meta":[],"product_brand":[13685],"product_cat":[12998],"product_tag":[16303],"class_list":{"0":"post-365349","1":"product","2":"type-product","3":"status-publish","4":"has-post-thumbnail","6":"product_brand-intercompcompany","7":"product_cat-egyeb-termekek","8":"product_tag-intercomp-megoldasok-osszes","10":"first","11":"instock","12":"featured","13":"shipping-taxable","14":"product-type-simple"},"_links":{"self":[{"href":"https:\/\/staging.met-industry.hu\/en\/wp-json\/wp\/v2\/product\/365349","targetHints":{"allow":["GET"]}}],"collection":[{"href":"https:\/\/staging.met-industry.hu\/en\/wp-json\/wp\/v2\/product"}],"about":[{"href":"https:\/\/staging.met-industry.hu\/en\/wp-json\/wp\/v2\/types\/product"}],"version-history":[{"count":0,"href":"https:\/\/staging.met-industry.hu\/en\/wp-json\/wp\/v2\/product\/365349\/revisions"}],"wp:featuredmedia":[{"embeddable":true,"href":"https:\/\/staging.met-industry.hu\/en\/wp-json\/wp\/v2\/media\/347540"}],"wp:attachment":[{"href":"https:\/\/staging.met-industry.hu\/en\/wp-json\/wp\/v2\/media?parent=365349"}],"wp:term":[{"taxonomy":"product_brand","embeddable":true,"href":"https:\/\/staging.met-industry.hu\/en\/wp-json\/wp\/v2\/product_brand?post=365349"},{"taxonomy":"product_cat","embeddable":true,"href":"https:\/\/staging.met-industry.hu\/en\/wp-json\/wp\/v2\/product_cat?post=365349"},{"taxonomy":"product_tag","embeddable":true,"href":"https:\/\/staging.met-industry.hu\/en\/wp-json\/wp\/v2\/product_tag?post=365349"}],"curies":[{"name":"wp","href":"https:\/\/api.w.org\/{rel}","templated":true}]}}