{"id":365385,"date":"2026-03-18T13:37:25","date_gmt":"2026-03-18T11:37:25","guid":{"rendered":"https:\/\/staging.met-industry.hu\/?post_type=product&#038;p=365385"},"modified":"2026-03-18T13:37:27","modified_gmt":"2026-03-18T11:37:27","slug":"ls-wim-menetkozbeni-tengely-merleg-its-ellenorzeshez","status":"publish","type":"product","link":"https:\/\/staging.met-industry.hu\/en\/uzlet\/ls-wim-menetkozbeni-tengely-merleg-its-ellenorzeshez\/","title":{"rendered":"LS-WIM\u00ae Weigh-In-Motion Axle Scale for ITS\/Enforcement"},"content":{"rendered":"<p># LS-WIM Sorozat: Alacsony Sebess\u00e9g\u0171 Menet K\u00f6zbeni M\u00e9rlegrendszerek<\/p>\n<p>The LS-WIM (Low Speed Weigh-In-Motion) platform scale systems are advanced solutions from the Intercomp group of companies, specifically designed for the high-precision determination of vehicle low-speed in-motion axle and axle group loads, as well as gross vehicle weight. These systems are ideal for highway enforcement, weight restriction enforcement, tolling, and traffic counting applications where fast and accurate measurement is critical.<\/p>\n<p>LS-WIM platform scales combine the flexibility of traditional static weighing with the speed of in-motion measurement, minimizing traffic disruption.<\/p>\n<p>## Main Features and Advantages<\/p>\n<p>The robust design and sophisticated weighing technology of the LS-WIM systems ensure reliable performance even in the most demanding environments.<\/p>\n<p>* **Nagy Pontoss\u00e1g Alacsony Sebess\u00e9gn\u00e9l:** A rendszer kiv\u00e1l\u00f3 pontoss\u00e1got biztos\u00edt, amikor a j\u00e1rm\u0171vek lassan (tipikusan 10-15 km\/h alatt) haladnak \u00e1t a m\u00e9r\u0151fel\u00fcleten. Ez ide\u00e1lis a hat\u00f3s\u00e1gi ellen\u0151rz\u00e9sekhez, ahol a pontoss\u00e1g elengedhetetlen.<br \/>\n* **Gyors Telep\u00edt\u00e9s \u00e9s \u00dczembe helyez\u00e9s:** A platform kialak\u00edt\u00e1snak k\u00f6sz\u00f6nhet\u0151en a telep\u00edt\u00e9s gyors \u00e9s egyszer\u0171, ide\u00e1lis ideiglenes vagy mobil ellen\u0151rz\u0151pontok kialak\u00edt\u00e1s\u00e1hoz.<br \/>\n* **Robusztus Kialak\u00edt\u00e1s:** A m\u00e9r\u0151platformok tart\u00f3s anyagokb\u00f3l k\u00e9sz\u00fclnek, amelyek ellen\u00e1llnak a nagy terhel\u00e9seknek \u00e9s a zord id\u0151j\u00e1r\u00e1si viszonyoknak, biztos\u00edtva a hossz\u00fa \u00e9lettartamot.<br \/>\n* **Integr\u00e1lt Szoftver Megold\u00e1sok:** Kompatibilis az Intercomp fejlett kijelz\u0151kkel \u00e9s szoftverekkel, amelyek lehet\u0151v\u00e9 teszik az adatok r\u00f6gz\u00edt\u00e9s\u00e9t, elemz\u00e9s\u00e9t \u00e9s jelent\u00e9sek k\u00e9sz\u00edt\u00e9s\u00e9t (bele\u00e9rtve a tengelyterhel\u00e9s, tengelycsoport terhel\u00e9s \u00e9s teljes t\u00f6meg m\u00e9r\u00e9s\u00e9t).<br \/>\n* **Sokoldal\u00fa Alkalmazhat\u00f3s\u00e1g:** Kiv\u00e1l\u00f3an haszn\u00e1lhat\u00f3 k\u00f6z\u00fati forgalomfel\u00fcgyeletben, kik\u00f6t\u0151i\/kapu ellen\u0151rz\u00e9sekben, valamint d\u00edjszed\u00e9si rendszerekben.<\/p>\n<p>## M\u0171szaki Specifik\u00e1ci\u00f3k (\u00c1ltal\u00e1nos)<\/p>\n<p>Since the source text did not contain a specific model-based table, the following general technical parameters characteristic of the LS-WIM category are presented, reflecting the basic features of the platform scales. Precise data may vary depending on the specific LS-WIM model selected.<\/p>\n<p>| Parameter | Description \/ Value |<br \/>\n| :&#8212; | :&#8212; |<br \/>\n| **M\u00e9r\u00e9si Elv** | Menet k\u00f6zbeni |<br \/>\n| **Sebess\u00e9gtartom\u00e1ny** | Alacsony sebess\u00e9g\u0171 |<br \/>\n| **M\u00e9r\u00e9si Pontoss\u00e1g** | Rendk\u00edv\u00fcl magas pontoss\u00e1g alacsony sebess\u00e9gn\u00e9l (tipikusan \u00b11-3% a sebess\u00e9gt\u0151l f\u00fcgg\u0151en) |<br \/>\n| **Platform T\u00edpus** | Be\u00e9p\u00edtett vagy Hordozhat\u00f3 opci\u00f3k el\u00e9rhet\u0151k |<br \/>\n| **Terhelhet\u0151s\u00e9g** | Tengelyterhel\u00e9s \u00e9s teljes j\u00e1rm\u0171terhel\u00e9s m\u00e9r\u00e9s\u00e9re optimaliz\u00e1lva |<br \/>\n| **Kijelz\u0151 Kompatibilit\u00e1s** | Kompatibilis az Intercomp TAC30\u2122 CPU -val \u00e9s RFX\u00ae vezet\u00e9k n\u00e9lk\u00fcli kijelz\u0151kkel |<br \/>\n| **K\u00f6rnyezeti V\u00e9delem** | Robusztus, id\u0151j\u00e1r\u00e1s\u00e1ll\u00f3 kialak\u00edt\u00e1s |<br \/>\n| **Kommunik\u00e1ci\u00f3** | Adatr\u00f6gz\u00edt\u00e9si \u00e9s jelent\u00e9sk\u00e9sz\u00edt\u00e9si k\u00e9pess\u00e9g |<\/p>\n<p>## Application Areas<\/p>\n<p>LS-WIM platform scales offer a wide range of applications in the field of weight-based regulation and enforcement:<\/p>\n<p>### ITS \/ Hat\u00f3s\u00e1gi Ellen\u0151rz\u00e9s<\/p>\n<p>These in-ground systems provide continuous traffic monitoring at permanent or semi-permanent enforcement sites.<\/p>\n<p>* **T\u00fals\u00falyos J\u00e1rm\u0171vek Azonos\u00edt\u00e1sa:** Hat\u00e9konyan sz\u0171rik ki a szab\u00e1lytalanul t\u00falterhelt teherg\u00e9pj\u00e1rm\u0171veket, cs\u00f6kkentve az \u00fath\u00e1l\u00f3zat k\u00e1rosod\u00e1s\u00e1t \u00e9s n\u00f6velve a k\u00f6zleked\u00e9sbiztons\u00e1got.<br \/>\n* **Adatgy\u0171jt\u00e9s \u00e9s Forgalomstatisztika:** Pontos adatok szolg\u00e1ltat\u00e1sa a forgalom \u00f6sszet\u00e9tel\u00e9r\u0151l, s\u00falyeloszl\u00e1s\u00e1r\u00f3l, ami elengedhetetlen a k\u00f6zleked\u00e9sfejleszt\u00e9si tervez\u00e9shez.<br \/>\n* **Portok \u00e9s Kapuk:** A be- \u00e9s kirakod\u00e1si pontokon t\u00f6rt\u00e9n\u0151 gyors s\u00falyellen\u0151rz\u00e9s a logisztikai folyamatok optimaliz\u00e1l\u00e1sa \u00e9rdek\u00e9ben.<\/p>\n<p>### Hordozhat\u00f3 WIM Megold\u00e1sok (LS630-WIM\u2122)<\/p>\n<p>Although the focus is on the built-in systems, the LS-WIM category also includes portable low-speed WIM solutions (such as the LS630-WIM\u2122), offering flexibility:<\/p>\n<p>* **Ideiglenes Ellen\u0151rz\u0151pontok:** Gyorsan telep\u00edthet\u0151 \u00e9s leszerelhet\u0151 rendszerek, amelyek ideiglenes forgalomkorl\u00e1toz\u00e1sok vagy speci\u00e1lis ellen\u0151rz\u00e9si kamp\u00e1nyok sor\u00e1n vethet\u0151k be.<br \/>\n* **Mobil M\u0171szaki Ellen\u0151rz\u00e9s:** Lehet\u0151v\u00e9 teszi a hat\u00f3s\u00e1gok sz\u00e1m\u00e1ra, hogy b\u00e1rhol m\u00e9rj\u00e9k a j\u00e1rm\u0171veket an\u00e9lk\u00fcl, hogy statikus m\u00e9rlegre tereln\u00e9k \u0151ket.<\/p>\n<p>## Technol\u00f3giai El\u0151ny\u00f6k<\/p>\n<p>Intercomp LS-WIM systems are the result of precise engineering work, applying the most modern sensor technology:<\/p>\n<p>1. **Szenzorok Integr\u00e1ci\u00f3ja:** A platformokba integr\u00e1lt nagy teherb\u00edr\u00e1s\u00fa m\u00e9r\u0151cell\u00e1k biztos\u00edtj\u00e1k a terhel\u00e9s pontos \u00e1tvitel\u00e9t a jelfeldolgoz\u00f3 egys\u00e9g fel\u00e9.<br \/>\n2. **Jelkondicion\u00e1l\u00e1s:** A be\u00e9p\u00edtett elektronik\u00e1k kisz\u0171rik a zajokat \u00e9s kompenz\u00e1lj\u00e1k a h\u0151m\u00e9rs\u00e9klet-v\u00e1ltoz\u00e1sokat, garant\u00e1lva a stabil m\u00e9r\u00e9si jelet.<br \/>\n3. **Sebess\u00e9g Kompenz\u00e1ci\u00f3:** A WIM rendszerek kulcsfontoss\u00e1g\u00fa eleme a sebess\u00e9g m\u00e9r\u00e9se \u00e9s a dinamikus terhel\u00e9s korrekci\u00f3ja. Az LS-WIM rendszerek alacsony sebess\u00e9gn\u00e9l minimaliz\u00e1lj\u00e1k a dinamikus hat\u00e1sokat, \u00edgy a statikus m\u00e9r\u00e9shez k\u00f6zeli eredm\u00e9nyeket produk\u00e1lnak.<\/p>\n<p>## Rendszer-kieg\u00e9sz\u00edt\u0151k \u00e9s Szoftverek<\/p>\n<p>The LS-WIM platforms form a complete value measurement system when paired with Intercomp displays and software:<\/p>\n<p>* **Indik\u00e1torok \u00e9s Kijelz\u0151k:** A dedik\u00e1lt kijelz\u0151k (pl.: TAC30\u2122 CPU) \u00e9rint\u0151k\u00e9perny\u0151s fel\u00fcletet biztos\u00edtanak a gyors adatbevitelhez, a m\u00e9r\u00e9sek megjelen\u00edt\u00e9s\u00e9hez \u00e9s a felhaszn\u00e1l\u00f3i interakci\u00f3hoz.<br \/>\n* **Adatkezel\u00e9s:** A szoftverek lehet\u0151v\u00e9 teszik a tengelykonfigur\u00e1ci\u00f3k (pl.: 2-tengelyes, 3-tengelyes teheraut\u00f3k) automatikus felismer\u00e9s\u00e9t, a t\u00fals\u00faly riaszt\u00e1sok be\u00e1ll\u00edt\u00e1s\u00e1t \u00e9s a teljes m\u00e9r\u00e9si napl\u00f3 archiv\u00e1l\u00e1s\u00e1t.<br \/>\n* **Kalibr\u00e1ci\u00f3s Eszk\u00f6z\u00f6k:** A rendszer pontoss\u00e1g\u00e1nak fenntart\u00e1sa \u00e9rdek\u00e9ben el\u00e9rhet\u0151k kalibr\u00e1ci\u00f3s teszt\u00e1llv\u00e1nyok \u00e9s elj\u00e1r\u00e1sok, amelyek biztos\u00edtj\u00e1k a hat\u00f3s\u00e1gi megfelel\u0151s\u00e9get.<\/p>\n<p>The LS-WIM series is the ideal choice for any agency seeking a reliable, high-performance, and fast weight measurement solution for monitoring road traffic.<\/p>","protected":false},"excerpt":{"rendered":"<p>LS-WIM series low-speed Weigh-In-Motion (WIM) axle weighing system, ideally suited for traffic enforcement and industrial applications.<\/p>","protected":false},"featured_media":347503,"template":"","meta":[],"product_brand":[13685],"product_cat":[12998],"product_tag":[16303],"class_list":{"0":"post-365385","1":"product","2":"type-product","3":"status-publish","4":"has-post-thumbnail","6":"product_brand-intercompcompany","7":"product_cat-egyeb-termekek","8":"product_tag-intercomp-megoldasok-osszes","10":"first","11":"instock","12":"featured","13":"shipping-taxable","14":"product-type-simple"},"_links":{"self":[{"href":"https:\/\/staging.met-industry.hu\/en\/wp-json\/wp\/v2\/product\/365385","targetHints":{"allow":["GET"]}}],"collection":[{"href":"https:\/\/staging.met-industry.hu\/en\/wp-json\/wp\/v2\/product"}],"about":[{"href":"https:\/\/staging.met-industry.hu\/en\/wp-json\/wp\/v2\/types\/product"}],"version-history":[{"count":0,"href":"https:\/\/staging.met-industry.hu\/en\/wp-json\/wp\/v2\/product\/365385\/revisions"}],"wp:featuredmedia":[{"embeddable":true,"href":"https:\/\/staging.met-industry.hu\/en\/wp-json\/wp\/v2\/media\/347503"}],"wp:attachment":[{"href":"https:\/\/staging.met-industry.hu\/en\/wp-json\/wp\/v2\/media?parent=365385"}],"wp:term":[{"taxonomy":"product_brand","embeddable":true,"href":"https:\/\/staging.met-industry.hu\/en\/wp-json\/wp\/v2\/product_brand?post=365385"},{"taxonomy":"product_cat","embeddable":true,"href":"https:\/\/staging.met-industry.hu\/en\/wp-json\/wp\/v2\/product_cat?post=365385"},{"taxonomy":"product_tag","embeddable":true,"href":"https:\/\/staging.met-industry.hu\/en\/wp-json\/wp\/v2\/product_tag?post=365385"}],"curies":[{"name":"wp","href":"https:\/\/api.w.org\/{rel}","templated":true}]}}