{"id":365404,"date":"2026-03-18T13:37:26","date_gmt":"2026-03-18T11:37:26","guid":{"rendered":"https:\/\/staging.met-industry.hu\/?post_type=product&#038;p=365404"},"modified":"2026-03-18T13:37:32","modified_gmt":"2026-03-18T11:37:32","slug":"hh60-rfx-indikator-katonai-merlegekhez","status":"publish","type":"product","link":"https:\/\/staging.met-industry.hu\/en\/uzlet\/hh60-rfx-indikator-katonai-merlegekhez\/","title":{"rendered":"HH60\u2122 RFX Indicator for Military Scales"},"content":{"rendered":"<p># HH60\u2122 RFX Indik\u00e1tor Katonai M\u00e9rlegekhez<\/p>\n<p>The Intercomp HH60\u2122 RFX indicator is the ideal accessory for wheel scales and axle weighing systems designed for military applications. This robust, wireless display unit ensures excellent accuracy and reliability for weighing and vehicle control in the most demanding military environments. RFX technology enables seamless, interference-free communication with the weighing platforms, ensuring fast and accurate data transfer.<\/p>\n<p>## Main Features and Advantages<\/p>\n<p>The HH60\u2122 RFX indicator has been specifically developed to meet the special requirements of military logistics and inspection tasks.<\/p>\n<p>* **Katonai Szabv\u00e1nyoknak Megfelel\u0151 Kivitel:** \u00dagy tervezt\u00e9k, hogy ellen\u00e1lljon a sz\u00e9ls\u0151s\u00e9ges k\u00f6rnyezeti felt\u00e9teleknek, bele\u00e9rtve a r\u00e1zk\u00f3d\u00e1st, rezg\u00e9st, sz\u00e9ls\u0151s\u00e9ges h\u0151m\u00e9rs\u00e9kleteket \u00e9s a nedvess\u00e9get, amelyek jellemz\u0151ek a katonai m\u0171veletekre.<br \/>\n* **Vezet\u00e9k N\u00e9lk\u00fcli RFX Kommunik\u00e1ci\u00f3:** Az Intercomp saj\u00e1t, nagy megb\u00edzhat\u00f3s\u00e1g\u00fa r\u00e1di\u00f3frekvenci\u00e1s technol\u00f3gi\u00e1ja biztos\u00edtja a stabil kapcsolatot a m\u00e9r\u0151cell\u00e1kkal, kik\u00fcsz\u00f6b\u00f6lve a k\u00e1belek okozta balesetvesz\u00e9lyt \u00e9s a telep\u00edt\u00e9si neh\u00e9zs\u00e9geket.<br \/>\n* **Nagy Teljes\u00edtm\u00e9ny\u0171 Kijelz\u0151:** A k\u00f6nnyen olvashat\u00f3 kijelz\u0151 biztos\u00edtja a gyors \u00e9s pontos s\u00falyadatok megjelen\u00edt\u00e9s\u00e9t m\u00e9g rossz f\u00e9nyviszonyok mellett is.<br \/>\n* **Integr\u00e1lt Funkcionalit\u00e1s:** Kifejezetten a katonai j\u00e1rm\u0171vek s\u00faly\u00e1nak m\u00e9r\u00e9s\u00e9re optimaliz\u00e1lt funkci\u00f3kat k\u00edn\u00e1l, bele\u00e9rtve a tengelyterhel\u00e9s m\u00e9r\u00e9s\u00e9t \u00e9s a teljes j\u00e1rm\u0171s\u00faly meghat\u00e1roz\u00e1s\u00e1t.<br \/>\n* **Kompatibilit\u00e1s:** Teljesen kompatibilis az Intercomp katonai ker\u00e9k- \u00e9s tengelyterhel\u00e9s-m\u00e9r\u0151 rendszereivel (pl.: PT300\u2122 MIL, LP600\u2122 MIL, LS630\u2122 MIL, AX900\u2122 MIL).<\/p>\n<p>## Technical Specifications<\/p>\n<p>The technical specifications of the HH60\u2122 RFX indicator guarantee military-grade performance and reliability.<\/p>\n<p>| Feature | Specification |<br \/>\n| :&#8212; | :&#8212; |<br \/>\n| **Term\u00e9kcsal\u00e1d** | HH60\u2122 RFX |<br \/>\n| **Alkalmaz\u00e1s** | Katonai ker\u00e9k- \u00e9s tengelyterhel\u00e9s-m\u00e9r\u0151 rendszerek |<br \/>\n| **Kommunik\u00e1ci\u00f3** | RFX Vezet\u00e9k N\u00e9lk\u00fcli |<br \/>\n| **Display Type** | High-resolution digital display |<br \/>\n| **T\u00e1pell\u00e1t\u00e1s** | Akkumul\u00e1toros (r\u00e9szletek\u00e9rt l\u00e1sd a kompatibilis m\u00e9rlegrendszer le\u00edr\u00e1s\u00e1t) |<br \/>\n| **K\u00f6rnyezeti V\u00e9delem** | Katonai k\u00f6rnyezeti szabv\u00e1nyoknak megfelel\u0151 kialak\u00edt\u00e1s |<br \/>\n| **Kompatibilis M\u00e9rlegek** | PT300\u2122 MIL, LP600\u2122 MIL, LS630\u2122 MIL, AX900\u2122 MIL \u00e9s m\u00e1s RFX-k\u00e9pes rendszerek |<br \/>\n| **Funkci\u00f3k** | S\u00falykijelz\u00e9s, m\u00e9rt\u00e9kegys\u00e9g v\u00e1lt\u00e1s, null\u00e1z\u00e1s, t\u00e1rol\u00e1s (rendszert\u0151l f\u00fcgg\u0151en) |<\/p>\n<p>## Detailed Functions and Application Areas<\/p>\n<p>The HH60\u2122 RFX indicator is not just a display; it is an intelligent control unit that optimizes measurement processes in the military sector.<\/p>\n<p>### Intelligens S\u00falykezel\u00e9s<\/p>\n<p>The indicator enables users to quickly and efficiently perform critical weighing tasks:<\/p>\n<p>1. **Tengelyterhel\u00e9s M\u00e9r\u00e9s:** K\u00e9pes fogadni \u00e9s feldolgozni az egyes kerekek vagy tengelyek \u00e1ltal kifejtett terhel\u00e9si adatokat, amelyek az RFX ad\u00f3kon kereszt\u00fcl \u00e9rkeznek. Ez elengedhetetlen a j\u00e1rm\u0171vek s\u00falyeloszl\u00e1s\u00e1nak ellen\u0151rz\u00e9s\u00e9hez.<br \/>\n2. **Teljes J\u00e1rm\u0171s\u00faly Sz\u00e1m\u00edt\u00e1s:** Az egyedi tengelyterhel\u00e9sek \u00f6sszead\u00e1s\u00e1val az indik\u00e1tor azonnal megjelen\u00edti a teljes j\u00e1rm\u0171s\u00falyt, ami l\u00e9tfontoss\u00e1g\u00fa a sz\u00e1ll\u00edtm\u00e1nyoz\u00e1si korl\u00e1toz\u00e1sok betart\u00e1s\u00e1hoz \u00e9s a logisztikai tervez\u00e9shez.<br \/>\n3. **M\u00e9rt\u00e9kegys\u00e9g Rugalmass\u00e1g:** T\u00e1mogatja a k\u00fcl\u00f6nb\u00f6z\u0151 m\u00e9rt\u00e9kegys\u00e9gek k\u00f6z\u00f6tti gyors v\u00e1lt\u00e1st (pl.: fontr\u00f3l kilogrammra), ami glob\u00e1lis katonai m\u0171veletek sor\u00e1n elengedhetetlen.<\/p>\n<p>### Robusztus Kialak\u00edt\u00e1s \u00e9s \u00dczemeltet\u00e9si El\u0151ny\u00f6k<\/p>\n<p>Military use demands exceptional durability. The HH60\u2122 RFX indicator was developed with this requirement in mind:<\/p>\n<p>* **K\u00e1belmentes M\u0171k\u00f6d\u00e9s:** A vezet\u00e9k n\u00e9lk\u00fcli technol\u00f3gia drasztikusan cs\u00f6kkenti a telep\u00edt\u00e9si id\u0151t \u00e9s minimaliz\u00e1lja a terepi k\u00e1rosod\u00e1s kock\u00e1zat\u00e1t. A m\u00e9r\u0151platformok gyorsan elhelyezhet\u0151k, \u00e9s az indik\u00e1tor azonnal haszn\u00e1latra k\u00e9sz.<br \/>\n* **Interferencia-Immunit\u00e1s:** Az RFX protokoll \u00fagy van kialak\u00edtva, hogy ellen\u00e1lljon a r\u00e1di\u00f3frekvenci\u00e1s zajoknak, amelyek m\u00e1s vezet\u00e9k n\u00e9lk\u00fcli eszk\u00f6z\u00f6kb\u0151l sz\u00e1rmazhatnak, biztos\u00edtva a m\u00e9r\u00e9si integrit\u00e1st.<br \/>\n* **Hordozhat\u00f3s\u00e1g:** Kompakt kialak\u00edt\u00e1sa miatt az indik\u00e1tor k\u00f6nnyen sz\u00e1ll\u00edthat\u00f3 \u00e9s telep\u00edthet\u0151 k\u00fcl\u00f6nb\u00f6z\u0151 helysz\u00edneken, legyen sz\u00f3 ideiglenes ellen\u0151rz\u0151 pontokr\u00f3l vagy mobil karbantart\u00f3 b\u00e1zisokr\u00f3l.<\/p>\n<p>### Kompatibilit\u00e1s a Katonai M\u00e9rlegrendszerekkel<\/p>\n<p>The HH60\u2122 RFX indicator is optimized to work with Intercomp MIL (Military) series scales, including:<\/p>\n<p>* **PT300\u2122 MIL Ker\u00e9km\u00e9rleg:** Ide\u00e1lis egyedi ker\u00e9kterhel\u00e9sek m\u00e9r\u00e9s\u00e9re.<br \/>\n* **LP600\u2122 MIL Alacsony Profil\u00fa Ker\u00e9km\u00e9rleg:** Nagy teherb\u00edr\u00e1s\u00fa, de k\u00f6nnyen telep\u00edthet\u0151 megold\u00e1s.<br \/>\n* **LS630\u2122 MIL Alacsony Sebess\u00e9g\u0171 S\u00falym\u00e9r\u0151 Rendszer (WIM):** B\u00e1r els\u0151sorban statikus m\u00e9r\u00e9sre haszn\u00e1lj\u00e1k, az indik\u00e1tor t\u00e1mogatja a WIM rendszerekb\u0151l \u00e9rkez\u0151 adatokat is, ha a konfigur\u00e1ci\u00f3 ezt lehet\u0151v\u00e9 teszi.<br \/>\n* **AX900\u2122 MIL Tengelym\u00e9r\u0151 Rendszerek:** Teljes tengelyterhel\u00e9s \u00e9s j\u00e1rm\u0171\u00f6sszs\u00faly meghat\u00e1roz\u00e1s\u00e1hoz.<\/p>\n<p>This display unit is a key component in accurately, quickly, and safely checking the weight of military vehicles, supporting operational efficiency and compliance with safety regulations.<\/p>","protected":false},"excerpt":{"rendered":"<p>The Intercomp HH60\u2122 RFX indicator is an ideal, rugged, wireless display for military wheel scales and axle weighing systems.<\/p>","protected":false},"featured_media":347367,"template":"","meta":[],"product_brand":[13685],"product_cat":[12998],"product_tag":[16303],"class_list":{"0":"post-365404","1":"product","2":"type-product","3":"status-publish","4":"has-post-thumbnail","6":"product_brand-intercompcompany","7":"product_cat-egyeb-termekek","8":"product_tag-intercomp-megoldasok-osszes","10":"first","11":"instock","12":"featured","13":"shipping-taxable","14":"product-type-simple"},"_links":{"self":[{"href":"https:\/\/staging.met-industry.hu\/en\/wp-json\/wp\/v2\/product\/365404","targetHints":{"allow":["GET"]}}],"collection":[{"href":"https:\/\/staging.met-industry.hu\/en\/wp-json\/wp\/v2\/product"}],"about":[{"href":"https:\/\/staging.met-industry.hu\/en\/wp-json\/wp\/v2\/types\/product"}],"version-history":[{"count":0,"href":"https:\/\/staging.met-industry.hu\/en\/wp-json\/wp\/v2\/product\/365404\/revisions"}],"wp:featuredmedia":[{"embeddable":true,"href":"https:\/\/staging.met-industry.hu\/en\/wp-json\/wp\/v2\/media\/347367"}],"wp:attachment":[{"href":"https:\/\/staging.met-industry.hu\/en\/wp-json\/wp\/v2\/media?parent=365404"}],"wp:term":[{"taxonomy":"product_brand","embeddable":true,"href":"https:\/\/staging.met-industry.hu\/en\/wp-json\/wp\/v2\/product_brand?post=365404"},{"taxonomy":"product_cat","embeddable":true,"href":"https:\/\/staging.met-industry.hu\/en\/wp-json\/wp\/v2\/product_cat?post=365404"},{"taxonomy":"product_tag","embeddable":true,"href":"https:\/\/staging.met-industry.hu\/en\/wp-json\/wp\/v2\/product_tag?post=365404"}],"curies":[{"name":"wp","href":"https:\/\/api.w.org\/{rel}","templated":true}]}}