{"id":365412,"date":"2026-03-18T13:37:26","date_gmt":"2026-03-18T11:37:26","guid":{"rendered":"https:\/\/staging.met-industry.hu\/?post_type=product&#038;p=365412"},"modified":"2026-03-18T13:37:35","modified_gmt":"2026-03-18T11:37:35","slug":"intercomp-pt300dw-kerekmerleg-dupla-kerekhez-es-flotation-gumiabroncsokhoz","status":"publish","type":"product","link":"https:\/\/staging.met-industry.hu\/en\/uzlet\/intercomp-pt300dw-kerekmerleg-dupla-kerekhez-es-flotation-gumiabroncsokhoz\/","title":{"rendered":"PT300DW\u2122 Wheel Load Scales for the Military"},"content":{"rendered":"<p># Intercomp PT300DW\u2122 Katonai J\u00e1rm\u0171 M\u00e9rleg \u2013 Dupla Kerekekhez \u00e9s Alacsony Nyom\u00e1s\u00fa Gumiabroncsokhoz<\/p>\n<p>The Intercomp PT300DW\u2122 portable wheel load scale has been specifically designed for the special requirements of the military sector, with particular consideration for accurately measuring the axle and wheel load of vehicles equipped with dual wheel configurations and large low-pressure tires. This robust, reliable weighing system ensures the quick and precise acquisition of critical weight data in the field, supporting operational efficiency and safe load distribution.<\/p>\n<p>The PT300DW\u2122 is an essential tool for military logistics, maintenance, and technical inspections, excellently suited for verifying vehicle weights, optimizing load distribution, and guaranteeing compliance with axle load regulations.<\/p>\n<p>## Main Features and Advantages<\/p>\n<p>The PT300DW\u2122 scale is built to meet the stringent requirements of the military environment, combining portability with high load capacity and accuracy.<\/p>\n<p>* **Kifejezetten Dupla Kerekekhez \u00e9s Alacsony Nyom\u00e1s\u00fa, Nagy Fel\u00fclet\u0171 Gumiabroncsokhoz:** A sz\u00e9lesebb platformkialak\u00edt\u00e1s lehet\u0151v\u00e9 teszi a standard \u00e9s a sz\u00e9les profil\u00fa, alacsony nyom\u00e1s\u00fa gumiabroncsok biztons\u00e1gos \u00e9s pontos m\u00e9r\u00e9s\u00e9t, ami elengedhetetlen a speci\u00e1lis fel\u00e9p\u00edt\u00e9s\u0171 katonai j\u00e1rm\u0171vek eset\u00e9ben.<br \/>\n* **Robusztus Katonai Kivitel:** A m\u00e9r\u0151rendszer ellen\u00e1ll a sz\u00e9ls\u0151s\u00e9ges k\u00f6rnyezeti felt\u00e9teleknek, bele\u00e9rtve a durva terepet, a sz\u00e9ls\u0151s\u00e9ges h\u0151m\u00e9rs\u00e9kleteket \u00e9s a vibr\u00e1ci\u00f3t, biztos\u00edtva a folyamatos m\u0171k\u00f6d\u00e9st.<br \/>\n* **Nagy Pontoss\u00e1g:** A prec\u00edzi\u00f3s terhel\u00e9s\u00e9rz\u00e9kel\u0151k garant\u00e1lj\u00e1k a rendk\u00edv\u00fcl pontos s\u00falyadatokat, amelyek elengedhetetlenek a biztons\u00e1gos \u00fczemeltet\u00e9shez \u00e9s a jogszab\u00e1lyi megfelel\u0151s\u00e9ghez.<br \/>\n* **Hordozhat\u00f3s\u00e1g \u00e9s Gyors Telep\u00edt\u00e9s:** A k\u00f6nny\u0171, modul\u00e1ris kialak\u00edt\u00e1s lehet\u0151v\u00e9 teszi a gyors telep\u00edt\u00e9st \u00e9s sz\u00e1ll\u00edt\u00e1s\u00e1t a k\u00fcl\u00f6nb\u00f6z\u0151 helysz\u00ednek k\u00f6z\u00f6tt, minimaliz\u00e1lva az \u00e1ll\u00e1sid\u0151t.<br \/>\n* **Kompatibilit\u00e1s:** Teljesen integr\u00e1lhat\u00f3 az Intercomp sz\u00e9les k\u00f6r\u0171 kijelz\u0151 \u00e9s adatgy\u0171jt\u0151 rendszereivel (pl.: RFX\u00ae vezet\u00e9k n\u00e9lk\u00fcli kijelz\u0151k), lehet\u0151v\u00e9 t\u00e9ve a val\u00f3s idej\u0171 adatfeldolgoz\u00e1st \u00e9s t\u00e1rol\u00e1st.<\/p>\n<p>## Technical Specifications<\/p>\n<p>The table below details the critical technical parameters of the PT300DW\u2122 military wheel scale.<\/p>\n<p>| Parameter | Specification | Notes |<br \/>\n| :&#8212; | :&#8212; | :&#8212; |<br \/>\n| **Modell** | PT300DW\u2122 | Dual-Wheel \/ Flotation Tire Scale |<br \/>\n| **Alkalmaz\u00e1si ter\u00fclet** | Katonai J\u00e1rm\u0171vek S\u00falym\u00e9r\u00e9se | Dupla ker\u00e9k \u00e9s sz\u00e9les gumiabroncsokhoz optimaliz\u00e1lva |<br \/>\n| **M\u00e9r\u00e9si M\u00f3d** | Statikus Ker\u00e9ks\u00faly | Pontos tengely- \u00e9s ker\u00e9ks\u00faly meghat\u00e1roz\u00e1s |<br \/>\n| **Kapacit\u00e1s (Kerekenk\u00e9nt)** | Meghat\u00e1rozott a konfigur\u00e1ci\u00f3t\u00f3l f\u00fcgg\u0151en | K\u00e9rj\u00fck, tekintse meg a pontos terhel\u00e9si t\u00e1bl\u00e1zatot |<br \/>\n| **Pontoss\u00e1g** | Rendk\u00edv\u00fcl magas (tipikusan \u00b10.1% vagy jobb) | A telep\u00edt\u00e9si \u00e9s kalibr\u00e1ci\u00f3s k\u00f6r\u00fclm\u00e9nyekt\u0151l f\u00fcgg\u0151en |<br \/>\n| **Platform Sz\u00e9less\u00e9g** | Sz\u00e9les\u00edtett kialak\u00edt\u00e1s | Alacsony nyom\u00e1s\u00fa \u00e9s dupla ker\u00e9k konfigur\u00e1ci\u00f3k befogad\u00e1s\u00e1ra |<br \/>\n| **Anyaghaszn\u00e1lat** | Nagy szil\u00e1rds\u00e1g\u00fa alum\u00ednium\/ac\u00e9l \u00f6tv\u00f6zetek | Maxim\u00e1lis tart\u00f3ss\u00e1g \u00e9s korr\u00f3zi\u00f3\u00e1ll\u00f3s\u00e1g |<br \/>\n| **Csatlakoz\u00e1s** | Vezet\u00e9kes vagy RFX\u00ae Vezet\u00e9k n\u00e9lk\u00fcli opci\u00f3k | Kompatibilis az Intercomp kijelz\u0151kkel |<br \/>\n| **\u00dczemi H\u0151m\u00e9rs\u00e9klet** | Katonai szabv\u00e1nyoknak megfelel\u0151 tartom\u00e1ny | Sz\u00e9ls\u0151s\u00e9ges hideg \u00e9s h\u0151s\u00e9g ellen\u00e1ll\u00e1s |<br \/>\n| **V\u00edz\u00e1ll\u00f3s\u00e1g\/V\u00e9detts\u00e9g** | Magas IP besorol\u00e1s | Por- \u00e9s v\u00edz\u00e1ll\u00f3s\u00e1g a terepi haszn\u00e1lathoz |<br \/>\n| **Hordozhat\u00f3s\u00e1g** | K\u00f6nny\u0171, hordozhat\u00f3 kialak\u00edt\u00e1s | Gyors telep\u00edt\u00e9s \u00e9s sz\u00e1ll\u00edt\u00e1s |<\/p>\n<p>## Detailed Functional Description<\/p>\n<p>The PT300DW\u2122 system is not just a measuring tool; it is an integrated solution for weight management in military vehicles.<\/p>\n<p>### 1. Platform Kialak\u00edt\u00e1s \u00e9s Teherb\u00edr\u00e1s<\/p>\n<p>The PT300DW\u2122 platform is designed to stably support the axles of military vehicles, which often have wider track widths or dual-wheel arrangements. This wider surface is critical for flotation tires where weight distribution differs from standard tires. The platforms are made of extremely durable materials capable of handling high dynamic loads while maintaining measurement integrity.<\/p>\n<p>### 2. Integr\u00e1ci\u00f3 \u00e9s Adatkezel\u00e9s<\/p>\n<p>The signals provided by the load cells are processed through Intercomp's advanced display units. The system supports the following functions:<\/p>\n<p>* **Tengelys\u00faly Sz\u00e1m\u00edt\u00e1s:** A rendszer automatikusan \u00f6sszeadja a m\u00e9r\u0151padokon l\u00e9v\u0151 kerekek s\u00faly\u00e1t, hogy megkapja a teljes tengelyterhel\u00e9st.<br \/>\n* **Teljes J\u00e1rm\u0171s\u00faly:** T\u00f6bb tengely m\u00e9r\u00e9s\u00e9vel lehet\u0151s\u00e9g van a teljes j\u00e1rm\u0171s\u00faly meghat\u00e1roz\u00e1s\u00e1ra.<br \/>\n* **Adatnapl\u00f3z\u00e1s:** A modern kijelz\u0151kkel (p\u00e9ld\u00e1ul a TAC30\u2122 vagy RFX\u00ae rendszerekkel) a m\u00e9r\u00e9si adatok r\u00f6gz\u00edthet\u0151k, id\u0151b\u00e9lyeggel l\u00e1that\u00f3k el, \u00e9s k\u00e9s\u0151bb export\u00e1lhat\u00f3k elemz\u00e9s c\u00e9lj\u00e1b\u00f3l. Ez elengedhetetlen a m\u0171veleti jelent\u00e9sekhez \u00e9s a karbantart\u00e1si napl\u00f3z\u00e1shoz.<br \/>\n* **Vezet\u00e9k N\u00e9lk\u00fcli Kapcsolat:** Az RFX\u00ae technol\u00f3gia lehet\u0151v\u00e9 teszi a kezel\u0151 sz\u00e1m\u00e1ra, hogy biztons\u00e1gos t\u00e1vols\u00e1gb\u00f3l, a j\u00e1rm\u0171 k\u00f6zel\u00e9b\u0151l fel\u00fcgyelje a m\u00e9r\u00e9st, n\u00f6velve ezzel a szem\u00e9lyi biztons\u00e1got.<\/p>\n<p>### 3. Alkalmaz\u00e1si Ter\u00fcletek a Katonai Szektorban<\/p>\n<p>The PT300DW\u2122 scales are ideal for the following military applications:<\/p>\n<p>* **Logisztikai Ellen\u0151rz\u00e9s:** A sz\u00e1ll\u00edtott rakom\u00e1ny s\u00faly\u00e1nak ellen\u0151rz\u00e9se a j\u00e1rm\u0171vek t\u00falterhel\u00e9s\u00e9nek megel\u0151z\u00e9se \u00e9rdek\u00e9ben.<br \/>\n* **M\u0171szaki Karbantart\u00e1s:** A fut\u00f3m\u0171 \u00e9s a felf\u00fcggeszt\u00e9si rendszerek terhel\u00e9s\u00e9nek pontos meghat\u00e1roz\u00e1sa szervizel\u00e9s el\u0151tt vagy ut\u00e1n.<br \/>\n* **Terhel\u00e9seloszt\u00e1s Optimaliz\u00e1l\u00e1sa:** Biztos\u00edtja, hogy a j\u00e1rm\u0171vek s\u00falya egyenletesen oszoljon el a tengelyek k\u00f6z\u00f6tt, maximaliz\u00e1lva a stabilit\u00e1st \u00e9s a gumiabroncsok \u00e9lettartam\u00e1t.<br \/>\n* **Gyors Bevet\u00e9si Pontok:** A hordozhat\u00f3s\u00e1g miatt ide\u00e1lis ideiglenes ellen\u0151rz\u0151pontok fel\u00e1ll\u00edt\u00e1s\u00e1hoz.<\/p>\n<p>The Intercomp PT300DW\u2122 is not just a scale, but a strategic tool to support the efficient and safe operation of military vehicle fleets, guaranteeing the highest level of measurement reliability even under the most demanding conditions.<\/p>","protected":false},"excerpt":{"rendered":"<p>PT300DW\u2122 portable wheel load scale for the special requirements of the military sector, for accurate measurement of dual wheels and low-pressure tires.<\/p>","protected":false},"featured_media":347323,"template":"","meta":[],"product_brand":[13685],"product_cat":[12998],"product_tag":[16303],"class_list":{"0":"post-365412","1":"product","2":"type-product","3":"status-publish","4":"has-post-thumbnail","6":"product_brand-intercompcompany","7":"product_cat-egyeb-termekek","8":"product_tag-intercomp-megoldasok-osszes","10":"first","11":"instock","12":"featured","13":"shipping-taxable","14":"product-type-simple"},"_links":{"self":[{"href":"https:\/\/staging.met-industry.hu\/en\/wp-json\/wp\/v2\/product\/365412","targetHints":{"allow":["GET"]}}],"collection":[{"href":"https:\/\/staging.met-industry.hu\/en\/wp-json\/wp\/v2\/product"}],"about":[{"href":"https:\/\/staging.met-industry.hu\/en\/wp-json\/wp\/v2\/types\/product"}],"version-history":[{"count":0,"href":"https:\/\/staging.met-industry.hu\/en\/wp-json\/wp\/v2\/product\/365412\/revisions"}],"wp:featuredmedia":[{"embeddable":true,"href":"https:\/\/staging.met-industry.hu\/en\/wp-json\/wp\/v2\/media\/347323"}],"wp:attachment":[{"href":"https:\/\/staging.met-industry.hu\/en\/wp-json\/wp\/v2\/media?parent=365412"}],"wp:term":[{"taxonomy":"product_brand","embeddable":true,"href":"https:\/\/staging.met-industry.hu\/en\/wp-json\/wp\/v2\/product_brand?post=365412"},{"taxonomy":"product_cat","embeddable":true,"href":"https:\/\/staging.met-industry.hu\/en\/wp-json\/wp\/v2\/product_cat?post=365412"},{"taxonomy":"product_tag","embeddable":true,"href":"https:\/\/staging.met-industry.hu\/en\/wp-json\/wp\/v2\/product_tag?post=365412"}],"curies":[{"name":"wp","href":"https:\/\/api.w.org\/{rel}","templated":true}]}}