{"id":365583,"date":"2026-03-18T13:37:57","date_gmt":"2026-03-18T11:37:57","guid":{"rendered":"https:\/\/staging.met-industry.hu\/?post_type=product&#038;p=365583"},"modified":"2026-03-18T13:38:03","modified_gmt":"2026-03-18T11:38:03","slug":"sw700-xbt-vezetek-nelkuli-expert-weigh-tablet-meregtrendszer","status":"publish","type":"product","link":"https:\/\/staging.met-industry.hu\/en\/uzlet\/sw700-xbt-vezetek-nelkuli-expert-weigh-tablet-meregtrendszer\/","title":{"rendered":"SW700\u2122 XBT\u2122 WIRELESS EXPERT WEIGH\u2122 TABLET SCALE SYSTEM"},"content":{"rendered":"<p># SW700\u2122 XBT\u2122 Wireless Expert Weigh\u2122 Tablet Weighing System<\/p>\n<p>This detailed description introduces the SW700\u2122 XBT\u2122 Wireless Expert Weigh\u2122 Tablet Weighing System, which combines the most modern technology with the requirements of precise race car weighing and adjustments. This system is an ideal choice for professional racers and mechanics who strive for maximum accuracy and wireless convenience during adjustments.<\/p>\n<p>## Overview and Key Features<\/p>\n<p>The SW700\u2122 XBT\u2122 system is a turnkey solution for measuring vehicle axle weights and cross-weight distribution. The central element of the system is an intuitive, high-resolution touchscreen tablet that communicates wirelessly with the extremely precise weighing pads. This design provides maximum flexibility and ease of handling on the racetrack or in the workshop.<\/p>\n<p>The wireless technology eliminates cable interference and accident hazards, while the dedicated software offers advanced data management and analysis functions. The name Expert Weigh\u2122 emphasizes the system's outstanding accuracy and the expert-level measurement capabilities provided to the user.<\/p>\n<p>### Advantages of Wireless Connection<\/p>\n<p>Wireless technology is crucial in modern motorsport. In the case of the SW700\u2122 XBT\u2122 system, this means the following:<\/p>\n<p>* **K\u00e1belmentes M\u0171k\u00f6d\u00e9s:** Nincs t\u00f6bb\u00e9 sz\u00fcks\u00e9g a m\u00e9r\u0151padok \u00e9s a kijelz\u0151 k\u00f6z\u00f6tti fizikai \u00f6sszek\u00f6ttet\u00e9sre, ami n\u00f6veli a biztons\u00e1got \u00e9s a telep\u00edt\u00e9s gyorsas\u00e1g\u00e1t.<br \/>\n* **Robusztus Kommunik\u00e1ci\u00f3:** A megb\u00edzhat\u00f3 r\u00e1di\u00f3frekvenci\u00e1s kapcsolat biztos\u00edtja a folyamatos \u00e9s k\u00e9sleltet\u00e9smentes adat\u00e1tvitelt a m\u00e9r\u0151padok \u00e9s a tablet k\u00f6z\u00f6tt.<br \/>\n* **Hordozhat\u00f3s\u00e1g \u00e9s Rugalmass\u00e1g:** A tablet b\u00e1rhol elhelyezhet\u0151 a maxim\u00e1lis l\u00e1that\u00f3s\u00e1g \u00e9rdek\u00e9ben, an\u00e9lk\u00fcl, hogy a k\u00e1belek korl\u00e1tozn\u00e1k a poz\u00edci\u00f3t.<\/p>\n<p>### Tablet Interface and Software<\/p>\n<p>The central control unit of the system is a dedicated tablet that provides a user-friendly interface and complex calculation functions.<\/p>\n<p>* **Intuit\u00edv Kezel\u0151fel\u00fclet:** A tablet kijelz\u0151je optimaliz\u00e1lva van a gyors \u00e9s pontos adatbevitelre, valamint a val\u00f3s idej\u0171 s\u00falyadatok megjelen\u00edt\u00e9s\u00e9re.<br \/>\n* **Expert Weigh\u2122 Szoftver:** A szoftver lehet\u0151v\u00e9 teszi a m\u00e9r\u00e9sek azonnali r\u00f6gz\u00edt\u00e9s\u00e9t, t\u00e1rol\u00e1s\u00e1t \u00e9s elemz\u00e9s\u00e9t. K\u00e9pes megjelen\u00edteni az \u00f6sszes ker\u00e9k s\u00faly\u00e1t, a tengelyterhel\u00e9st, valamint a kritikus keresztir\u00e1ny\u00fa s\u00falyeloszl\u00e1st.<br \/>\n* **Adatkezel\u00e9s:** Lehet\u0151s\u00e9g van a be\u00e1ll\u00edt\u00e1sok elment\u00e9s\u00e9re, \u00f6sszehasonl\u00edt\u00e1s\u00e1ra, valamint a kor\u00e1bbi adatok visszah\u00edv\u00e1s\u00e1ra, ami elengedhetetlen a fejl\u0151d\u00e9s nyomon k\u00f6vet\u00e9s\u00e9hez.<\/p>\n<p>## Technical Specifications<\/p>\n<p>The precision of the SW700\u2122 XBT\u2122 system is ensured by high-quality hardware. The table below summarizes the most important technical parameters:<\/p>\n<p>| Feature | Specification | Notes |<br \/>\n| :&#8212; | :&#8212; | :&#8212; |<br \/>\n| **System Type** | Wireless Tablet Weighing System | Expert Weigh\u2122 |<br \/>\n| **Kommunik\u00e1ci\u00f3** | R\u00e1di\u00f3frekvenci\u00e1s | K\u00e1belmentes m\u0171k\u00f6d\u00e9s |<br \/>\n| **Display** | High-Resolution Touchscreen Tablet | Intuitive User Interface |<br \/>\n| **Scale Capacity** | (Exact capacity depends on configuration, but generally optimized for race cars) | Heavy-duty design |<br \/>\n| **Accuracy** | Extremely high (typically 0.1% or better) | Adjusted to racing specific requirements |<br \/>\n| **Units of Measure** | Pound (lb) and Kilogram (kg) | Switchable display |<br \/>\n| **Data Storage** | Internal memory and\/or export capability | Recording settings |<br \/>\n| **Power Supply** | Rechargeable batteries (for scales) | Ensuring long operating time |<\/p>\n<p>## System Advantages in Motorsports<\/p>\n<p>The SW700\u2122 XBT\u2122 system is not just a measuring device; it is a complete setup solution that brings direct benefits to performance optimization:<\/p>\n<p>1. **Maxim\u00e1lis Pontoss\u00e1g a S\u00falyeloszt\u00e1sban:** A prec\u00edz m\u00e9r\u00e9sek lehet\u0151v\u00e9 teszik a fut\u00f3m\u0171 geometri\u00e1j\u00e1nak \u00e9s a rug\u00f3z\u00e1s finomhangol\u00e1s\u00e1t a p\u00e1lya- \u00e9s id\u0151j\u00e1r\u00e1si viszonyokhoz igaz\u00edtva. A pontos keresztir\u00e1ny\u00fa s\u00falyoz\u00e1s elengedhetetlen a kanyarv\u00e9teli stabilit\u00e1s \u00e9s a tapad\u00e1s maximaliz\u00e1l\u00e1s\u00e1hoz.<br \/>\n2. **Gyors Iter\u00e1ci\u00f3k:** A vezet\u00e9k n\u00e9lk\u00fcli kapcsolat \u00e9s a gyors adatfeldolgoz\u00e1s r\u00e9v\u00e9n a szerel\u0151csapatok sokkal gyorsabban tudnak v\u00e1ltoztat\u00e1sokat v\u00e9grehajtani \u00e9s ellen\u0151rizni azok hat\u00e1s\u00e1t, cs\u00f6kkentve ezzel a dobozban t\u00f6lt\u00f6tt id\u0151t.<br \/>\n3. **Adatvez\u00e9relt D\u00f6nt\u00e9shozatal:** A szoftver \u00e1ltal ny\u00fajtott r\u00e9szletes jelent\u00e9sek \u00e9s a kor\u00e1bbi adatokkal val\u00f3 \u00f6sszehasonl\u00edt\u00e1s lehet\u0151s\u00e9ge objekt\u00edv alapokat biztos\u00edt a be\u00e1ll\u00edt\u00e1si d\u00f6nt\u00e9sekhez, minimaliz\u00e1lva a tal\u00e1lgat\u00e1sokat.<br \/>\n4. **Tart\u00f3ss\u00e1g \u00e9s Megb\u00edzhat\u00f3s\u00e1g:** A Billet Scale Systems kateg\u00f3ri\u00e1ba tartoz\u00f3 term\u00e9kek \u00e1ltal\u00e1ban rendk\u00edv\u00fcl robusztus kialak\u00edt\u00e1s\u00faak, ellen\u00e1llva a versenyp\u00e1lya kem\u00e9ny k\u00f6r\u00fclm\u00e9nyeinek.<\/p>\n<p>## Compatibility and Accessories<\/p>\n<p>The SW700\u2122 XBT\u2122 system can be flexibly integrated with other systems and accessories that further increase functionality:<\/p>\n<p>* **M\u00e9r\u0151padok:** A rendszer kompatibilis a gy\u00e1rt\u00f3 k\u00fcl\u00f6nb\u00f6z\u0151 t\u00edpus\u00fa, nagy teherb\u00edr\u00e1s\u00fa m\u00e9r\u0151padjaival (pl.: 4&#8243;-os vagy 2.5&#8243;-os padok), biztos\u00edtva a k\u00fcl\u00f6nb\u00f6z\u0151 j\u00e1rm\u0171m\u00e9retekhez \u00e9s s\u00falyokhoz val\u00f3 illeszked\u00e9st.<br \/>\n* **Kieg\u00e9sz\u00edt\u0151 Tartoz\u00e9kok:** A rendszer kieg\u00e9sz\u00edthet\u0151 speci\u00e1lis kieg\u00e9sz\u00edt\u0151kkel, mint p\u00e9ld\u00e1ul:<br \/>\n* **Szintez\u0151 Rendszerek:** L\u00e9zeres szintez\u0151 rendszerek a m\u00e9r\u0151padok t\u00f6k\u00e9letes v\u00edzszintes be\u00e1ll\u00edt\u00e1s\u00e1hoz, ami alapvet\u0151 a pontos m\u00e9r\u00e9shez.<br \/>\n* **Hordoz\u00f3 \u00e9s T\u00e1rol\u00f3 Megold\u00e1sok:** Speci\u00e1lis sz\u00e1ll\u00edt\u00f3t\u00e1sk\u00e1k a m\u00e9r\u0151padok \u00e9s a tablet biztons\u00e1gos sz\u00e1ll\u00edt\u00e1s\u00e1hoz \u00e9s t\u00e1rol\u00e1s\u00e1hoz.<br \/>\n* **T\u00e1pell\u00e1t\u00e1s:** \u00dajrat\u00f6lthet\u0151 akkumul\u00e1torok (pl.: 9V NiCad vagy AA NiMH) biztos\u00edtj\u00e1k a folyamatos m\u0171k\u00f6d\u00e9st a hossz\u00fa versenynapok sor\u00e1n.<br \/>\n* **H\u0151nyomtat\u00f3k:** Lehet\u0151s\u00e9g van a m\u00e9rt adatok azonnali kinyomtat\u00e1s\u00e1ra a helysz\u00ednen.<\/p>\n<p>## Summary<\/p>\n<p>The SW700\u2122 XBT\u2122 Wireless Expert Weigh\u2122 Tablet Scale System is the perfect combination of precision, wireless freedom, and advanced software analysis. This system meets the demands of the highest level of motorsport, enabling teams to optimize their vehicle weight distribution faster and more accurately than ever before to achieve maximum performance. The robust construction and user-friendly tablet interface guarantee that this weighing system will be an indispensable tool for race preparation.<\/p>","protected":false},"excerpt":{"rendered":"<p>SW700\u2122 XBT\u2122 Wireless Expert Weigh\u2122 Tablet Weighing System with the most modern technology. Precise weight measurement and adjustments from the tablet.<\/p>","protected":false},"featured_media":334760,"template":"","meta":[],"product_brand":[13686],"product_cat":[12998],"product_tag":[],"class_list":{"0":"post-365583","1":"product","2":"type-product","3":"status-publish","4":"has-post-thumbnail","6":"product_brand-intercompracing","7":"product_cat-egyeb-termekek","9":"first","10":"instock","11":"featured","12":"shipping-taxable","13":"product-type-simple"},"_links":{"self":[{"href":"https:\/\/staging.met-industry.hu\/en\/wp-json\/wp\/v2\/product\/365583","targetHints":{"allow":["GET"]}}],"collection":[{"href":"https:\/\/staging.met-industry.hu\/en\/wp-json\/wp\/v2\/product"}],"about":[{"href":"https:\/\/staging.met-industry.hu\/en\/wp-json\/wp\/v2\/types\/product"}],"version-history":[{"count":0,"href":"https:\/\/staging.met-industry.hu\/en\/wp-json\/wp\/v2\/product\/365583\/revisions"}],"wp:featuredmedia":[{"embeddable":true,"href":"https:\/\/staging.met-industry.hu\/en\/wp-json\/wp\/v2\/media\/334760"}],"wp:attachment":[{"href":"https:\/\/staging.met-industry.hu\/en\/wp-json\/wp\/v2\/media?parent=365583"}],"wp:term":[{"taxonomy":"product_brand","embeddable":true,"href":"https:\/\/staging.met-industry.hu\/en\/wp-json\/wp\/v2\/product_brand?post=365583"},{"taxonomy":"product_cat","embeddable":true,"href":"https:\/\/staging.met-industry.hu\/en\/wp-json\/wp\/v2\/product_cat?post=365583"},{"taxonomy":"product_tag","embeddable":true,"href":"https:\/\/staging.met-industry.hu\/en\/wp-json\/wp\/v2\/product_tag?post=365583"}],"curies":[{"name":"wp","href":"https:\/\/api.w.org\/{rel}","templated":true}]}}