{"id":365704,"date":"2026-03-18T13:38:17","date_gmt":"2026-03-18T11:38:17","guid":{"rendered":"https:\/\/staging.met-industry.hu\/?post_type=product&#038;p=365704"},"modified":"2026-03-18T13:38:27","modified_gmt":"2026-03-18T11:38:27","slug":"dynamic-checkweigher-gcw-100dn","status":"publish","type":"product","link":"https:\/\/staging.met-industry.hu\/en\/uzlet\/dynamic-checkweigher-gcw-100dn\/","title":{"rendered":"Dynamic Checkweigher GCW-100DN"},"content":{"rendered":"<div class=\"sajat-markdown-content\">\n<h3>GCW-100DN Precision Dynamic Checkweigher \u2013 The Peak of Performance and Compliance<\/h3>\n<p>The GCW-100DN checkweigher is an indispensable tool for modern production lines, which <strong>guarantees exceptional accuracy even at high throughput rates<\/strong>. Designed to maximize productivity while ensuring compliance with strict regulatory requirements on any production line. This dynamic weighing system is the benchmark for precision, speed, and conformity.<\/p>\n<h4>Key Features and Advantages<\/h4>\n<h5>Precision Operation in Motion<\/h5>\n<p>The GCW-100DN makes it possible to check every single product <strong>with consistent accuracy<\/strong> even on high-speed conveyors. This maintains quality and consistency throughout the entire production process without requiring a line stop.<\/p>\n<h5>Maximum Performance and Stability<\/h5>\n<p>The system's sector-configurable dynamic operation enables operation <strong>at speeds up to 160 ppm (pieces\/minute)<\/strong>, with full stability. This increase in speed directly translates to increased productivity without compromising measurement accuracy.<\/p>\n<h5>Full Regulatory Compliance<\/h5>\n<p>The GCW-100DN <strong>fully complies with the MID Directive<\/strong> (2014\/32\/EU) \u00e9s az \u201e\u212e\u201d tartalom-ellen\u0151rz\u00e9si el\u0151\u00edr\u00e1soknak. Ez biztos\u00edtja az eur\u00f3pai szab\u00e1lyoz\u00e1si konformit\u00e1st bonyodalmak n\u00e9lk\u00fcl, megk\u00f6nny\u00edtve a tan\u00fas\u00edt\u00e1si folyamatokat.<\/p>\n<h5>Full Process Control and Traceability<\/h5>\n<p>Az adatok Etherneten vagy RS232 -n kereszt\u00fcl export\u00e1lhat\u00f3k, lehet\u0151v\u00e9 t\u00e9ve a <strong>full traceability<\/strong> az automatikus elutas\u00edt\u00f3 rendszerekkel kombin\u00e1lva. Ez egy 100% -ban hat\u00e9kony gy\u00e1rt\u00f3sor kialak\u00edt\u00e1s\u00e1t teszi lehet\u0151v\u00e9, ahol minden l\u00e9p\u00e9s dokument\u00e1lva van.<\/p>\n<h4>Technical Data Sheet \u2013 GCW-100DN<\/h4>\n<p>The table below summarizes the key technical parameters of the GCW-100DN checkweigher:<\/p>\n<table>\n<thead>\n<tr>\n<th style=\"text-align: left;\">Parameter<\/th>\n<th style=\"text-align: left;\">Spezification<\/th>\n<th style=\"text-align: left;\">Note<\/th>\n<\/tr>\n<\/thead>\n<tbody>\n<tr>\n<td style=\"text-align: left;\"><strong>Measurement Type<\/strong><\/td>\n<td style=\"text-align: left;\">Dynamic or static<\/td>\n<td style=\"text-align: left;\">Flexible applicability<\/td>\n<\/tr>\n<tr>\n<td style=\"text-align: left;\"><strong>Capacity<\/strong><\/td>\n<td style=\"text-align: left;\">1,5 kg -t\u00f3l 30 kg -ig<\/td>\n<td style=\"text-align: left;\">May vary depending on the model<\/td>\n<\/tr>\n<tr>\n<td style=\"text-align: left;\"><strong>Accuracy (Resolution)<\/strong><\/td>\n<td style=\"text-align: left;\">0,5 g -t\u00f3l 10 g -ig<\/td>\n<td style=\"text-align: left;\">Depends on the selected measuring range<\/td>\n<\/tr>\n<tr>\n<td style=\"text-align: left;\"><strong>Maximum throughput<\/strong><\/td>\n<td style=\"text-align: left;\">Up to 160 ppm<\/td>\n<td style=\"text-align: left;\">With section-based configuration<\/td>\n<\/tr>\n<tr>\n<td style=\"text-align: left;\"><strong>Power supply (Electric)<\/strong><\/td>\n<td style=\"text-align: left;\">230 V AC<\/td>\n<td style=\"text-align: left;\">Standard mains voltage<\/td>\n<\/tr>\n<tr>\n<td style=\"text-align: left;\"><strong>Power supply (Air)<\/strong><\/td>\n<td style=\"text-align: left;\">Max. 150 l\/min @ 6 bar<\/td>\n<td style=\"text-align: left;\">For operation of the rejection system<\/td>\n<\/tr>\n<tr>\n<td style=\"text-align: left;\"><strong>Rated Power<\/strong><\/td>\n<td style=\"text-align: left;\">800 W<\/td>\n<td style=\"text-align: left;\">Energy consumption<\/td>\n<\/tr>\n<tr>\n<td style=\"text-align: left;\"><strong>Operating Temperature<\/strong><\/td>\n<td style=\"text-align: left;\">0 \u00b0C \u2013 40 \u00b0C<\/td>\n<td style=\"text-align: left;\">Designed for industrial environments<\/td>\n<\/tr>\n<tr>\n<td style=\"text-align: left;\"><strong>Protection Class<\/strong><\/td>\n<td style=\"text-align: left;\">IP65<\/td>\n<td style=\"text-align: left;\">Housing and display dust and splash-proof<\/td>\n<\/tr>\n<tr>\n<td style=\"text-align: left;\"><strong>Certifications<\/strong><\/td>\n<td style=\"text-align: left;\">MID 2014\/32\/EU (Optional)<\/td>\n<td style=\"text-align: left;\">Directive on automatic measuring instruments<\/td>\n<\/tr>\n<tr>\n<td style=\"text-align: left;\"><strong>Tartalom-ellen\u0151rz\u00e9s<\/strong><\/td>\n<td style=\"text-align: left;\">\u201e\u212e\u201d \u2013 European Directive 76\/211\/EEC<\/td>\n<td style=\"text-align: left;\">Accurate volume\/weight inspection<\/td>\n<\/tr>\n<\/tbody>\n<\/table>\n<h5>Conveying System and Structure<\/h5>\n<p>The robust and hygienic design of the GCW-100DN ensures a long service life and easy cleanability.<\/p>\n<table>\n<thead>\n<tr>\n<th style=\"text-align: left;\">Component<\/th>\n<th style=\"text-align: left;\">Specifications<\/th>\n<th style=\"text-align: left;\">Optional Components<\/th>\n<\/tr>\n<\/thead>\n<tbody>\n<tr>\n<td style=\"text-align: left;\"><strong>Weighing Platform Dimensions (H \u00d7 W)<\/strong><\/td>\n<td style=\"text-align: left;\">300\u00d7200 \/ 400\u00d7280 \/ 400\u00d7400 \/ 600\u00d7400 mm<\/td>\n<td style=\"text-align: left;\">Adaptable to different product sizes<\/td>\n<\/tr>\n<tr>\n<td style=\"text-align: left;\"><strong>Working height<\/strong><\/td>\n<td style=\"text-align: left;\">850 \u2013 950 mm (\u00b150 mm adjustable)<\/td>\n<td style=\"text-align: left;\">Ergonomic adjustment option<\/td>\n<\/tr>\n<tr>\n<td style=\"text-align: left;\"><strong>Conveying Direction<\/strong><\/td>\n<td style=\"text-align: left;\">From right to left or reversed<\/td>\n<td style=\"text-align: left;\">To be specified upon ordering<\/td>\n<\/tr>\n<tr>\n<td style=\"text-align: left;\"><strong>Flow Rate<\/strong><\/td>\n<td style=\"text-align: left;\">Independent configuration according to sections (input, measurement, output)<\/td>\n<td style=\"text-align: left;\">Setting dynamic speed profiles<\/td>\n<\/tr>\n<tr>\n<td style=\"text-align: left;\"><strong>Conveyor Belts<\/strong><\/td>\n<td style=\"text-align: left;\">FDA-compliant, high-adhesion or pusher type<\/td>\n<td style=\"text-align: left;\">Selection dependent on the application<\/td>\n<\/tr>\n<tr>\n<td style=\"text-align: left;\"><strong>Frame Structure<\/strong><\/td>\n<td style=\"text-align: left;\">AISI 304L stainless steel \/ Anodized aluminum<\/td>\n<td style=\"text-align: left;\">Excellent Corrosion Resistance<\/td>\n<\/tr>\n<tr>\n<td style=\"text-align: left;\"><strong>Conduits<\/strong><\/td>\n<td style=\"text-align: left;\">AISI 304L stainless steel, anodized aluminum<\/td>\n<td style=\"text-align: left;\">APM (Optional)<\/td>\n<\/tr>\n<\/tbody>\n<\/table>\n<h5>Rejector System (Optional)<\/h5>\n<p>Removal of non-conforming products quickly and efficiently:<\/p>\n<ul>\n<li><strong>Types:<\/strong> Leveg\u0151vel m\u0171k\u00f6d\u0151, dugatty\u00fas vagy lap\u00e1tos elutas\u00edt\u00e1s.<\/li>\n<li><strong>Advantage:<\/strong> Precise removal without stopping the production line or reducing performance.<\/li>\n<li><strong>Rejection Bin:<\/strong> Made of stainless steel, with polycarbonate doors, ensuring quick access for cleaning, maintenance, and inspection of rejected items.<\/li>\n<\/ul>\n<h4>Interface, Software &amp; Connectivity<\/h4>\n<p>The GCW-100DN features advanced digital control that can integrate into modern industrial environments.<\/p>\n<h5>Display and User Interface<\/h5>\n<ul>\n<li><strong>Display:<\/strong> 10.4-inch LCD touchscreen<\/li>\n<li><strong>Resolution:<\/strong> 1024\u00d7768 px<\/li>\n<li><strong>Protection:<\/strong> IP65<\/li>\n<\/ul>\n<h5>Software Capabilities<\/h5>\n<ul>\n<li><strong>Web Interface:<\/strong> B\u00f6ng\u00e9sz\u0151n kereszt\u00fcl (pl.: Google Chrome) el\u00e9rhet\u0151, lehet\u0151v\u00e9 teszi a t\u00e1voli fel\u00fcgyeletet \u00e9s konfigur\u00e1ci\u00f3t.<\/li>\n<li><strong>Data Handling:<\/strong> Export in Excel or CSV format, grouped by item or product.<\/li>\n<li><strong>Product Configuration:<\/strong> Configurable minimum\/maximum weight, product code, name and image display.<\/li>\n<li><strong>Remote Monitoring:<\/strong> Connection from any network device for real-time monitoring of processes.<\/li>\n<\/ul>\n<h5>Communication Ports<\/h5>\n<p>Broad connectivity ensures data acquisition and communication between systems:<\/p>\n<ul>\n<li>Ethernet<\/li>\n<li>RS232<\/li>\n<li>4\u00d7 USB 3.0 ports<\/li>\n<\/ul>\n<h5>Customization Options<\/h5>\n<p>The system can be flexibly expanded to meet specific needs:<\/p>\n<ul>\n<li><strong>RFID Activation:<\/strong> Introduction of identification cards for operators and packages.<\/li>\n<li><strong>Auxiliary Sensors:<\/strong> Product presence sensors, line start\/stop control, auxiliary outputs.<\/li>\n<\/ul>\n<h4>Giscale Pro \u2013 The Monitoring and Analysis Tool<\/h4>\n<p>The efficiency of the GCW-100DN can be further increased by the <strong>Giscale Pro<\/strong> with software that is an ideal partner for meeting the requirements of Industry 4.0.<\/p>\n<p>With Giscale Pro, you can monitor, record, and analyze in seconds:<\/p>\n<ol>\n<li><strong>Connecting Multiple Measuring Units:<\/strong> Manage all measuring instruments connected to the system on a unified interface.<\/li>\n<li><strong>Historical Data Review:<\/strong> Access to previous production data.<\/li>\n<li><strong>Export:<\/strong> Data export in PDF, XLS or CSV format.<\/li>\n<li><strong>Real-Time Control:<\/strong> Full process control during production.<\/li>\n<\/ol>\n<p>The GCW-100DN dynamic weighing system is the perfect combination of precision, speed, and regulatory compliance, optimizing traceability and increasing production efficiency.<\/p>\n<\/div>","protected":false},"excerpt":{"rendered":"<p>**GCW-100DN: Revolutionary precision, even at speeds up to 160 ppm!** Maximize productivity while guaranteeing strict MID compliance.<\/p>","protected":false},"featured_media":354534,"template":"","meta":[],"product_brand":[358],"product_cat":[12998],"product_tag":[],"class_list":{"0":"post-365704","1":"product","2":"type-product","3":"status-publish","4":"has-post-thumbnail","6":"product_brand-giropes","7":"product_cat-egyeb-termekek","9":"first","10":"instock","11":"featured","12":"shipping-taxable","13":"product-type-simple"},"_links":{"self":[{"href":"https:\/\/staging.met-industry.hu\/en\/wp-json\/wp\/v2\/product\/365704","targetHints":{"allow":["GET"]}}],"collection":[{"href":"https:\/\/staging.met-industry.hu\/en\/wp-json\/wp\/v2\/product"}],"about":[{"href":"https:\/\/staging.met-industry.hu\/en\/wp-json\/wp\/v2\/types\/product"}],"version-history":[{"count":0,"href":"https:\/\/staging.met-industry.hu\/en\/wp-json\/wp\/v2\/product\/365704\/revisions"}],"wp:featuredmedia":[{"embeddable":true,"href":"https:\/\/staging.met-industry.hu\/en\/wp-json\/wp\/v2\/media\/354534"}],"wp:attachment":[{"href":"https:\/\/staging.met-industry.hu\/en\/wp-json\/wp\/v2\/media?parent=365704"}],"wp:term":[{"taxonomy":"product_brand","embeddable":true,"href":"https:\/\/staging.met-industry.hu\/en\/wp-json\/wp\/v2\/product_brand?post=365704"},{"taxonomy":"product_cat","embeddable":true,"href":"https:\/\/staging.met-industry.hu\/en\/wp-json\/wp\/v2\/product_cat?post=365704"},{"taxonomy":"product_tag","embeddable":true,"href":"https:\/\/staging.met-industry.hu\/en\/wp-json\/wp\/v2\/product_tag?post=365704"}],"curies":[{"name":"wp","href":"https:\/\/api.w.org\/{rel}","templated":true}]}}