{"id":365746,"date":"2026-03-18T13:38:31","date_gmt":"2026-03-18T11:38:31","guid":{"rendered":"https:\/\/staging.met-industry.hu\/?post_type=product&#038;p=365746"},"modified":"2026-03-18T13:38:34","modified_gmt":"2026-03-18T11:38:34","slug":"g1i","status":"publish","type":"product","link":"https:\/\/staging.met-industry.hu\/en\/uzlet\/g1i\/","title":{"rendered":"G1i"},"content":{"rendered":"<div class=\"sajat-markdown-content\">\n<h3>G1i Load Cell: Reliability and Precision in Industrial Environments<\/h3>\n<p>The G1i load cell is the perfect fusion of precise measurement and robust industrial application. It is specifically designed to meet the strictest measurement requirements, optimizing resource management and ensuring reliable operation in the most diverse industrial environments, such as in silos, tanks, and hoppers.<\/p>\n<p>The G1i load cell is the result of engineering excellence, enabling users to elevate measurement processes to the highest level. The versatility of the product family and the wide selection of available accessories ensure that an immediate and effective solution is available for any installation challenge.<\/p>\n<h4>Key Features and Advantages<\/h4>\n<ul>\n<li><strong>Reliable and Accurate Measurement:<\/strong> The G1i offers an excellent accuracy class, which is essential for optimizing production and strictly monitoring material consumption.<\/li>\n<li><strong>Versatile Application:<\/strong> Ideal for all types of industrial installation and environment, whether for measuring the weight of tanks, silos, or hoppers.<\/li>\n<li><strong>IP69K Protection:<\/strong> Exceptional protection level that guarantees dust and water resistance, even in the case of cleaning with a high-pressure water jet, ensuring a long service life even in harsh conditions.<\/li>\n<li><strong>Certifiability:<\/strong> G1i load cells are suitable for commercial (or legal for trade) measurements, increasing the transparency and accuracy of transactions.<\/li>\n<li><strong>Robust Design:<\/strong> The use of excellent quality materials and professional manufacturing ensures durability and reliability under continuous industrial load.<\/li>\n<\/ul>\n<h4>Technical Specifications<\/h4>\n<p>The G1i load cell is available with the following capacities and technical parameters:<\/p>\n<table>\n<thead>\n<tr>\n<th style=\"text-align: center;\">N\u00e9vleges Terhel\u00e9s \u2013 I_n (kg)<\/th>\n<th style=\"text-align: center;\">Accuracy Class (n)<\/th>\n<th style=\"text-align: center;\">Oszt\u00e1lyoz\u00e1si T\u00e9nyez\u0151 (e<em>max \/ v<\/em>min)<\/th>\n<th style=\"text-align: center;\">Material<\/th>\n<th style=\"text-align: center;\">Protection<\/th>\n<th style=\"text-align: center;\">Commercial Approval<\/th>\n<\/tr>\n<\/thead>\n<tbody>\n<tr>\n<td style=\"text-align: center;\">50<\/td>\n<td style=\"text-align: center;\">C4<\/td>\n<td style=\"text-align: center;\">9000<\/td>\n<td style=\"text-align: center;\">Stainless steel<\/td>\n<td style=\"text-align: center;\">IP69K<\/td>\n<td style=\"text-align: center;\">Yes<\/td>\n<\/tr>\n<tr>\n<td style=\"text-align: center;\">75<\/td>\n<td style=\"text-align: center;\">C4<\/td>\n<td style=\"text-align: center;\">9000<\/td>\n<td style=\"text-align: center;\">Stainless steel<\/td>\n<td style=\"text-align: center;\">IP69K<\/td>\n<td style=\"text-align: center;\">Yes<\/td>\n<\/tr>\n<tr>\n<td style=\"text-align: center;\">100<\/td>\n<td style=\"text-align: center;\">C4<\/td>\n<td style=\"text-align: center;\">9000<\/td>\n<td style=\"text-align: center;\">Stainless steel<\/td>\n<td style=\"text-align: center;\">IP69K<\/td>\n<td style=\"text-align: center;\">Yes<\/td>\n<\/tr>\n<tr>\n<td style=\"text-align: center;\">150<\/td>\n<td style=\"text-align: center;\">C4<\/td>\n<td style=\"text-align: center;\">9000<\/td>\n<td style=\"text-align: center;\">Stainless steel<\/td>\n<td style=\"text-align: center;\">IP69K<\/td>\n<td style=\"text-align: center;\">Yes<\/td>\n<\/tr>\n<tr>\n<td style=\"text-align: center;\">200<\/td>\n<td style=\"text-align: center;\">C4<\/td>\n<td style=\"text-align: center;\">9000<\/td>\n<td style=\"text-align: center;\">Stainless steel<\/td>\n<td style=\"text-align: center;\">IP69K<\/td>\n<td style=\"text-align: center;\">Yes<\/td>\n<\/tr>\n<tr>\n<td style=\"text-align: center;\">300<\/td>\n<td style=\"text-align: center;\">C4<\/td>\n<td style=\"text-align: center;\">9000<\/td>\n<td style=\"text-align: center;\">Stainless steel<\/td>\n<td style=\"text-align: center;\">IP69K<\/td>\n<td style=\"text-align: center;\">Yes<\/td>\n<\/tr>\n<tr>\n<td style=\"text-align: center;\">500<\/td>\n<td style=\"text-align: center;\">C4<\/td>\n<td style=\"text-align: center;\">9000<\/td>\n<td style=\"text-align: center;\">Stainless steel<\/td>\n<td style=\"text-align: center;\">IP69K<\/td>\n<td style=\"text-align: center;\">Yes<\/td>\n<\/tr>\n<tr>\n<td style=\"text-align: center;\">750<\/td>\n<td style=\"text-align: center;\">C4<\/td>\n<td style=\"text-align: center;\">9000<\/td>\n<td style=\"text-align: center;\">Stainless steel<\/td>\n<td style=\"text-align: center;\">IP69K<\/td>\n<td style=\"text-align: center;\">Yes<\/td>\n<\/tr>\n<tr>\n<td style=\"text-align: center;\">1000<\/td>\n<td style=\"text-align: center;\">C4<\/td>\n<td style=\"text-align: center;\">9000<\/td>\n<td style=\"text-align: center;\">Stainless steel<\/td>\n<td style=\"text-align: center;\">IP69K<\/td>\n<td style=\"text-align: center;\">Yes<\/td>\n<\/tr>\n<tr>\n<td style=\"text-align: center;\">1500<\/td>\n<td style=\"text-align: center;\">C4<\/td>\n<td style=\"text-align: center;\">9000<\/td>\n<td style=\"text-align: center;\">Stainless steel<\/td>\n<td style=\"text-align: center;\">IP69K<\/td>\n<td style=\"text-align: center;\">Yes<\/td>\n<\/tr>\n<\/tbody>\n<\/table>\n<p><strong>Further Technical Details:<\/strong><\/p>\n<ul>\n<li><strong>Capacity range:<\/strong> 50 kg -t\u00f3l 1500 kg -ig terjed\u0151 n\u00e9vleges terhel\u00e9sek.<\/li>\n<li><strong>Accuracy Class:<\/strong> C4 (OIML szerint), ami kiv\u00e1l\u00f3 felbont\u00e1st \u00e9s megb\u00edzhat\u00f3s\u00e1got biztos\u00edt.<\/li>\n<li><strong>Material:<\/strong> All models are made of stainless steel, which guarantees excellent corrosion resistance and hygienic properties.<\/li>\n<li><strong>Protection:<\/strong> IP69K \u2013 Maximum protection against the ingress of dust and water.<\/li>\n<\/ul>\n<h4>Installation Solutions and Accessories<\/h4>\n<p>The flexibility of the G1i load cell is further enhanced by specially developed mounting kits and accessories, which allow the cell to be integrated into almost any weighing system, especially in the case of silos and hoppers.<\/p>\n<h5>Szerel\u00e9si K\u00e9szletek<\/h5>\n<p>These kits enable the adaptation of G1i cells to any installation requirement, especially for systems used to weigh the contents of silos and hoppers.<\/p>\n<h5>H\u00faz\u00f3er\u0151re Alkalmazhat\u00f3 Szerkezet<\/h5>\n<ul>\n<li><strong>Material:<\/strong> Structure made of galvanized steel.<\/li>\n<li><strong>Function:<\/strong> This design allows the load cell to be used for measuring traction force (as opposed to standard compression force), increasing system flexibility.<\/li>\n<\/ul>\n<h5>Rezg\u00e9scsillap\u00edt\u00f3 Kieg\u00e9sz\u00edt\u0151<\/h5>\n<ul>\n<li><strong>Material:<\/strong> Made of zinc-plated or stainless steel.<\/li>\n<li><strong>Function:<\/strong> This accessory is an anti-vibration structure specifically designed for tanks and hoppers. It helps minimize the effect of external mechanical noise and vibrations on measurement accuracy.<\/li>\n<\/ul>\n<h5>Base plate<\/h5>\n<ul>\n<li><strong>Material:<\/strong> Made of zinc-plated or stainless steel.<\/li>\n<li><strong>Function:<\/strong> Ez a szerkezet lehet\u0151v\u00e9 teszi a telep\u00edt\u00e9st billen\u00e9sg\u00e1tl\u00f3 tart\u00e1lyalapokkal vagy rezg\u00e9scsillap\u00edt\u00f3 elemekkel egy\u00fctt. Stabil alapot biztos\u00edt a terhel\u00e9sm\u00e9r\u0151 cella sz\u00e1m\u00e1ra.<\/li>\n<\/ul>\n<h4>Application Areas<\/h4>\n<p>The G1i load cell is the ideal choice in all industrial sectors where precise material quantity control is critical:<\/p>\n<ul>\n<li><strong>Industrial Environments:<\/strong> General manufacturing processes where reliability is a fundamental requirement.<\/li>\n<li><strong>Silos and Bins:<\/strong> Nagy mennyis\u00e9g\u0171 \u00f6mlesztett anyag (pl.: gabona, porok, granul\u00e1tumok) pontos m\u00e9r\u00e9se \u00e9s k\u00e9szletk\u00f6vet\u00e9se.<\/li>\n<li><strong>Adagol\u00f3 t\u00f6lcs\u00e9rek:<\/strong> Ensuring precise material feeding in dosing and mixing processes.<\/li>\n<li><strong>Hybrid Weighing Platforms:<\/strong> Also ideally applicable for weighing platforms designed with four load cells.<\/li>\n<\/ul>\n<p>The G1i load cell is the guarantee of precision, durability, and flexibility for your industrial weighing tasks. It is designed with attention to every detail to create value in every segment of production.<\/p>\n<\/div>","protected":false},"excerpt":{"rendered":"<p>G1i: IP69K protected, stainless steel load cell. **Ensure uncompromising accuracy** in silos and tanks!<\/p>","protected":false},"featured_media":354462,"template":"","meta":[],"product_brand":[358],"product_cat":[12998],"product_tag":[],"class_list":{"0":"post-365746","1":"product","2":"type-product","3":"status-publish","4":"has-post-thumbnail","6":"product_brand-giropes","7":"product_cat-egyeb-termekek","9":"first","10":"instock","11":"featured","12":"shipping-taxable","13":"product-type-simple"},"_links":{"self":[{"href":"https:\/\/staging.met-industry.hu\/en\/wp-json\/wp\/v2\/product\/365746","targetHints":{"allow":["GET"]}}],"collection":[{"href":"https:\/\/staging.met-industry.hu\/en\/wp-json\/wp\/v2\/product"}],"about":[{"href":"https:\/\/staging.met-industry.hu\/en\/wp-json\/wp\/v2\/types\/product"}],"version-history":[{"count":0,"href":"https:\/\/staging.met-industry.hu\/en\/wp-json\/wp\/v2\/product\/365746\/revisions"}],"wp:featuredmedia":[{"embeddable":true,"href":"https:\/\/staging.met-industry.hu\/en\/wp-json\/wp\/v2\/media\/354462"}],"wp:attachment":[{"href":"https:\/\/staging.met-industry.hu\/en\/wp-json\/wp\/v2\/media?parent=365746"}],"wp:term":[{"taxonomy":"product_brand","embeddable":true,"href":"https:\/\/staging.met-industry.hu\/en\/wp-json\/wp\/v2\/product_brand?post=365746"},{"taxonomy":"product_cat","embeddable":true,"href":"https:\/\/staging.met-industry.hu\/en\/wp-json\/wp\/v2\/product_cat?post=365746"},{"taxonomy":"product_tag","embeddable":true,"href":"https:\/\/staging.met-industry.hu\/en\/wp-json\/wp\/v2\/product_tag?post=365746"}],"curies":[{"name":"wp","href":"https:\/\/api.w.org\/{rel}","templated":true}]}}