{"id":365749,"date":"2026-03-18T13:38:31","date_gmt":"2026-03-18T11:38:31","guid":{"rendered":"https:\/\/staging.met-industry.hu\/?post_type=product&#038;p=365749"},"modified":"2026-03-18T13:38:35","modified_gmt":"2026-03-18T11:38:35","slug":"bppse-evo","status":"publish","type":"product","link":"https:\/\/staging.met-industry.hu\/en\/uzlet\/bppse-evo\/","title":{"rendered":"BPPSE EVO"},"content":{"rendered":"<div class=\"sajat-markdown-content\">\n<h3>BPPSE EVOMix Modular Weighing System \u2013 Robust, Flexible and Precise Industrial Solution<\/h3>\n<p>A BPPSE EVOMix egy rendk\u00edv\u00fcl robusztus \u00e9s rugalmas kialak\u00edt\u00e1s\u00fa h\u00eddm\u00e9rleg rendszer, amelyet \u00fagy terveztek, hogy megfeleljen a legszigor\u00fabb ipari m\u00e9r\u00e9si k\u00f6vetelm\u00e9nyeknek. A teljesen s\u00edk fut\u00f3fel\u00fclettel \u00e9s mind\u00f6ssze 300 mm -es teljes magass\u00e1ggal rendelkez\u0151 m\u00e9rleg ide\u00e1lis megold\u00e1st ny\u00fajt mind talajszintre telep\u00edt\u00e9sre, mind s\u00fcllyesztett (\u00e1rokba \u00e9p\u00edtett) kivitelre. Modul\u00e1ris fel\u00e9p\u00edt\u00e9se p\u00e1ratlan rugalmass\u00e1got biztos\u00edt a telep\u00edt\u00e9s sor\u00e1n, lehet\u0151v\u00e9 t\u00e9ve a betonoz\u00e1st ak\u00e1r a gy\u00e1rban, ak\u00e1r a helysz\u00ednen, ezzel maximaliz\u00e1lva az \u00fcgyf\u00e9l ig\u00e9nyeinek kiel\u00e9g\u00edt\u00e9s\u00e9t.<\/p>\n<h4>Key Features and Advantages<\/h4>\n<h5>Robust Structure and Durability<\/h5>\n<p>The BPPSE EVO series is built from steel modules with an reinforced grid structure, guaranteeing exceptional rigidity and long service life. The surface features a rough concrete finish, which effectively prevents vehicles from slipping, ensuring safe approach and exit.<\/p>\n<h5>Modular Design and Ease of Handling<\/h5>\n<p>The modular construction significantly facilitates transport and assembly. The center plate allows for customizing the scale's width according to exact requirements, and also provides easier access for maintenance and cleaning, minimizing the accumulation of dust and debris that could affect weighing accuracy.<\/p>\n<h5>Flexible Concreting Options<\/h5>\n<p>We offer two main installation methods that optimize project time and costs:<\/p>\n<ol>\n<li><strong>Factory Concrete Bedding:<\/strong> The scale arrives pre-concreted at the factory, saving significant installation and curing time on site.<\/li>\n<li><strong>Site Poured Concrete:<\/strong> The version delivered with formwork welded to the platform, allowing concreting to take place at the installation site.<\/li>\n<\/ol>\n<h5>Integrated Solutions and Automation<\/h5>\n<p>A teljes m\u00e9r\u00e9si optimaliz\u00e1l\u00e1s \u00e9rdek\u00e9ben a BPPSE EVO m\u00e9rleg kiv\u00e1l\u00f3an integr\u00e1lhat\u00f3 a Giropes termin\u00e1lokkal (pl.: GST sorozat\u00fa \u00f6nkiszolg\u00e1l\u00f3 \u00e1llom\u00e1sok), amelyek lehet\u0151v\u00e9 teszik a felhaszn\u00e1l\u00f3 sz\u00e1m\u00e1ra a teljes m\u00e9r\u00e9si folyamat auton\u00f3m \u00e9s hat\u00e9kony v\u00e9grehajt\u00e1s\u00e1t. A Gestruck2 \u00e9s\/vagy Gestnet2 menedzsment szoftverekkel t\u00f6rt\u00e9n\u0151 integr\u00e1ci\u00f3 r\u00e9v\u00e9n \u00e1tfog\u00f3 adatvez\u00e9rl\u00e9s \u00e9rhet\u0151 el, megalapozott d\u00f6nt\u00e9shozatalt t\u00e1mogatva a pontos inform\u00e1ci\u00f3k alapj\u00e1n.<\/p>\n<h4>BPPSE EVO Versions and Capacities<\/h4>\n<p>The BPPSE EVO family is available in four main versions, differing based on the total width and the size of the center plate; each has a basic width of 3 meters (except for the 3.3 and 3.5 meter options).<\/p>\n<table>\n<thead>\n<tr>\n<th style=\"text-align: left;\">Model Description<\/th>\n<th style=\"text-align: left;\">Total Width<\/th>\n<th style=\"text-align: left;\">Center Plate Size<\/th>\n<th style=\"text-align: left;\">Module Size<\/th>\n<th style=\"text-align: left;\">Available Capacity (tons)<\/th>\n<\/tr>\n<\/thead>\n<tbody>\n<tr>\n<td style=\"text-align: left;\"><strong>BPPSE EVO<\/strong><\/td>\n<td style=\"text-align: left;\">3.0 meters<\/td>\n<td style=\"text-align: left;\">N\/A<\/td>\n<td style=\"text-align: left;\">1.5 m modules<\/td>\n<td style=\"text-align: left;\">30, 60, 80<\/td>\n<\/tr>\n<tr>\n<td style=\"text-align: left;\"><strong>BPPSE EVO XC<\/strong><\/td>\n<td style=\"text-align: left;\">3.0 meters<\/td>\n<td style=\"text-align: left;\">300 mm<\/td>\n<td style=\"text-align: left;\">1.35 m modules<\/td>\n<td style=\"text-align: left;\">30, 60<\/td>\n<\/tr>\n<tr>\n<td style=\"text-align: left;\"><strong>BPPSE EVO<\/strong><\/td>\n<td style=\"text-align: left;\">3.3 meters<\/td>\n<td style=\"text-align: left;\">300 mm<\/td>\n<td style=\"text-align: left;\">1.5 m modules<\/td>\n<td style=\"text-align: left;\">30, 60<\/td>\n<\/tr>\n<tr>\n<td style=\"text-align: left;\"><strong>BPPSE EVO<\/strong><\/td>\n<td style=\"text-align: left;\">3.5 meter<\/td>\n<td style=\"text-align: left;\">500 mm<\/td>\n<td style=\"text-align: left;\">1.5 m modules<\/td>\n<td style=\"text-align: left;\">30, 60<\/td>\n<\/tr>\n<\/tbody>\n<\/table>\n<h5>Technical Data Sheet \u2013 30-60 Ton Capacity<\/h5>\n<p>This table presents the specifications for models with a maximum capacity of 30 and 60 tons, including possible lengths and the required number of load cells.<\/p>\n<table>\n<thead>\n<tr>\n<th style=\"text-align: left;\">Capacity (tons)<\/th>\n<th style=\"text-align: left;\">Length (m)<\/th>\n<th style=\"text-align: left;\">Height (mm)<\/th>\n<th style=\"text-align: left;\">Number of load cells<\/th>\n<th style=\"text-align: left;\">Galvanized Option<\/th>\n<\/tr>\n<\/thead>\n<tbody>\n<tr>\n<td style=\"text-align: left;\">30<\/td>\n<td style=\"text-align: left;\">6<\/td>\n<td style=\"text-align: left;\">300<\/td>\n<td style=\"text-align: left;\">4<\/td>\n<td style=\"text-align: left;\">\u2022<\/td>\n<\/tr>\n<tr>\n<td style=\"text-align: left;\">30<\/td>\n<td style=\"text-align: left;\">8<\/td>\n<td style=\"text-align: left;\">300<\/td>\n<td style=\"text-align: left;\">6<\/td>\n<td style=\"text-align: left;\">\u2022<\/td>\n<\/tr>\n<tr>\n<td style=\"text-align: left;\">30<\/td>\n<td style=\"text-align: left;\">10<\/td>\n<td style=\"text-align: left;\">300<\/td>\n<td style=\"text-align: left;\">6<\/td>\n<td style=\"text-align: left;\">\u2022<\/td>\n<\/tr>\n<tr>\n<td style=\"text-align: left;\">60<\/td>\n<td style=\"text-align: left;\">12<\/td>\n<td style=\"text-align: left;\">300<\/td>\n<td style=\"text-align: left;\">6<\/td>\n<td style=\"text-align: left;\">\u2022<\/td>\n<\/tr>\n<tr>\n<td style=\"text-align: left;\">60<\/td>\n<td style=\"text-align: left;\">14<\/td>\n<td style=\"text-align: left;\">300<\/td>\n<td style=\"text-align: left;\">8<\/td>\n<td style=\"text-align: left;\">\u2022<\/td>\n<\/tr>\n<tr>\n<td style=\"text-align: left;\">60<\/td>\n<td style=\"text-align: left;\">16<\/td>\n<td style=\"text-align: left;\">300<\/td>\n<td style=\"text-align: left;\">8<\/td>\n<td style=\"text-align: left;\">\u2022<\/td>\n<\/tr>\n<tr>\n<td style=\"text-align: left;\">60<\/td>\n<td style=\"text-align: left;\">18<\/td>\n<td style=\"text-align: left;\">300<\/td>\n<td style=\"text-align: left;\">8<\/td>\n<td style=\"text-align: left;\">\u2022<\/td>\n<\/tr>\n<tr>\n<td style=\"text-align: left;\">60<\/td>\n<td style=\"text-align: left;\">20<\/td>\n<td style=\"text-align: left;\">300<\/td>\n<td style=\"text-align: left;\">10<\/td>\n<td style=\"text-align: left;\">\u2022<\/td>\n<\/tr>\n<tr>\n<td style=\"text-align: left;\">60<\/td>\n<td style=\"text-align: left;\">21<\/td>\n<td style=\"text-align: left;\">300<\/td>\n<td style=\"text-align: left;\">10<\/td>\n<td style=\"text-align: left;\">\u2022<\/td>\n<\/tr>\n<tr>\n<td style=\"text-align: left;\">60<\/td>\n<td style=\"text-align: left;\">22<\/td>\n<td style=\"text-align: left;\">300<\/td>\n<td style=\"text-align: left;\">10<\/td>\n<td style=\"text-align: left;\">\u2022<\/td>\n<\/tr>\n<tr>\n<td style=\"text-align: left;\">60<\/td>\n<td style=\"text-align: left;\">24<\/td>\n<td style=\"text-align: left;\">300<\/td>\n<td style=\"text-align: left;\">10<\/td>\n<td style=\"text-align: left;\">\u2022<\/td>\n<\/tr>\n<tr>\n<td style=\"text-align: left;\">60<\/td>\n<td style=\"text-align: left;\">26<\/td>\n<td style=\"text-align: left;\">300<\/td>\n<td style=\"text-align: left;\">12<\/td>\n<td style=\"text-align: left;\">\u2022<\/td>\n<\/tr>\n<\/tbody>\n<\/table>\n<h5>Technical Data Sheet \u2013 80 Ton Capacity<\/h5>\n<p>This table details the specifications for models with a maximum capacity of 80 tons.<\/p>\n<table>\n<thead>\n<tr>\n<th style=\"text-align: left;\">Capacity (tons)<\/th>\n<th style=\"text-align: left;\">Length (m)<\/th>\n<th style=\"text-align: left;\">Height (mm)<\/th>\n<th style=\"text-align: left;\">Number of load cells<\/th>\n<th style=\"text-align: left;\">Galvanized Option<\/th>\n<\/tr>\n<\/thead>\n<tbody>\n<tr>\n<td style=\"text-align: left;\">60<\/td>\n<td style=\"text-align: left;\">6<\/td>\n<td style=\"text-align: left;\">300<\/td>\n<td style=\"text-align: left;\">4<\/td>\n<td style=\"text-align: left;\">\u2022<\/td>\n<\/tr>\n<tr>\n<td style=\"text-align: left;\">60<\/td>\n<td style=\"text-align: left;\">8<\/td>\n<td style=\"text-align: left;\">300<\/td>\n<td style=\"text-align: left;\">6<\/td>\n<td style=\"text-align: left;\">\u2022<\/td>\n<\/tr>\n<tr>\n<td style=\"text-align: left;\">60<\/td>\n<td style=\"text-align: left;\">10<\/td>\n<td style=\"text-align: left;\">300<\/td>\n<td style=\"text-align: left;\">6<\/td>\n<td style=\"text-align: left;\">\u2022<\/td>\n<\/tr>\n<tr>\n<td style=\"text-align: left;\">80<\/td>\n<td style=\"text-align: left;\">12<\/td>\n<td style=\"text-align: left;\">300<\/td>\n<td style=\"text-align: left;\">6<\/td>\n<td style=\"text-align: left;\">\u2022<\/td>\n<\/tr>\n<tr>\n<td style=\"text-align: left;\">80<\/td>\n<td style=\"text-align: left;\">14<\/td>\n<td style=\"text-align: left;\">300<\/td>\n<td style=\"text-align: left;\">8<\/td>\n<td style=\"text-align: left;\">\u2022<\/td>\n<\/tr>\n<tr>\n<td style=\"text-align: left;\">80<\/td>\n<td style=\"text-align: left;\">16<\/td>\n<td style=\"text-align: left;\">300<\/td>\n<td style=\"text-align: left;\">8<\/td>\n<td style=\"text-align: left;\">\u2022<\/td>\n<\/tr>\n<tr>\n<td style=\"text-align: left;\">80<\/td>\n<td style=\"text-align: left;\">18<\/td>\n<td style=\"text-align: left;\">300<\/td>\n<td style=\"text-align: left;\">8<\/td>\n<td style=\"text-align: left;\">\u2022<\/td>\n<\/tr>\n<tr>\n<td style=\"text-align: left;\">80<\/td>\n<td style=\"text-align: left;\">20<\/td>\n<td style=\"text-align: left;\">300<\/td>\n<td style=\"text-align: left;\">10<\/td>\n<td style=\"text-align: left;\">\u2022<\/td>\n<\/tr>\n<tr>\n<td style=\"text-align: left;\">80<\/td>\n<td style=\"text-align: left;\">21<\/td>\n<td style=\"text-align: left;\">300<\/td>\n<td style=\"text-align: left;\">10<\/td>\n<td style=\"text-align: left;\">\u2022<\/td>\n<\/tr>\n<tr>\n<td style=\"text-align: left;\">80<\/td>\n<td style=\"text-align: left;\">22<\/td>\n<td style=\"text-align: left;\">300<\/td>\n<td style=\"text-align: left;\">10<\/td>\n<td style=\"text-align: left;\">\u2022<\/td>\n<\/tr>\n<tr>\n<td style=\"text-align: left;\">80<\/td>\n<td style=\"text-align: left;\">24<\/td>\n<td style=\"text-align: left;\">300<\/td>\n<td style=\"text-align: left;\">10<\/td>\n<td style=\"text-align: left;\">\u2022<\/td>\n<\/tr>\n<tr>\n<td style=\"text-align: left;\">80<\/td>\n<td style=\"text-align: left;\">26<\/td>\n<td style=\"text-align: left;\">300<\/td>\n<td style=\"text-align: left;\">12<\/td>\n<td style=\"text-align: left;\">\u2022<\/td>\n<\/tr>\n<\/tbody>\n<\/table>\n<p><em>Note: The marking in the \u201eGalvanized Option\u201d column indicates the corrosion-resistant surface treatment available in the specified configuration.<\/em><\/p>\n<h4>Installation Configurations<\/h4>\n<p>The installation of BPPSE EVO scales can be done in several ways, adapting to site conditions and user preferences:<\/p>\n<ul>\n<li>S\u00fcllyesztett<\/li>\n<li>F\u00f6ld feletti<\/li>\n<li>Gy\u00e1rban betonozott<\/li>\n<li>Helysz\u00ednen betonozott<\/li>\n<\/ul>\n<h4>Custom Accessories and Customization Options<\/h4>\n<p>A m\u00e9rlegek kieg\u00e9sz\u00edt\u0151k sz\u00e9les v\u00e1laszt\u00e9k\u00e1val testre szabhat\u00f3k, hogy a legpontosabb megold\u00e1st ny\u00fajts\u00e1k az \u00fcgyf\u00e9l sz\u00e1m\u00e1ra:<\/p>\n<ul>\n<li><strong>Hordoz\u00f3vezet\u00e9kek:<\/strong> Removable railings with a tube-shaped edge that guide the truck on the load-bearing track. Recommended specifically for fully solid surface, above-ground scales.<\/li>\n<li><strong>Peremsz\u00f6g:<\/strong> Anchors equipped with angle iron that close off the perimeter of the pit for recessed or above-ground scales.<\/li>\n<li><strong>Horganyz\u00e1s:<\/strong> The galvanized surface provides excellent corrosion resistance, facilitates maintenance, and extends the lifespan of the scale.<\/li>\n<li><strong>Metal Ramps:<\/strong> These ramps ensure access to the weighing area during approach and exit.<\/li>\n<li><strong>M\u00e9rlegakna burkolatok:<\/strong> The appropriate engineering foundation design allows for the installation of scales even in areas where the ground is less stable, ensuring proper compression of the cells and accurate measurement.<\/li>\n<li><strong>Fejl\u00e9cek:<\/strong> IPE profiles that must be fixed at the entrance and exit of the scale. These serve as formwork for the concrete ramp or the access surfaces leading to the scale.<\/li>\n<\/ul>\n<h4>Taking Measurement to the Next Level<\/h4>\n<p>The BPPSE EVO system can be upgraded with advanced displays, weighers, and integrated software. Our team of experts provides assistance in integrating the GISCALE program, which can be adapted to the customer's specific needs for efficient management and analysis of measurement data. This complete solution ensures that the weighing system operates at the highest level, whether it's from a single platform or an entire industrial installation.<\/p>\n<\/div>","protected":false},"excerpt":{"rendered":"<p>**BPPSE EVO: Robust, modular weighbridge. Available with factory or on-site concreting \u2013 maximum flexibility and precision for industrial demands!**<\/p>","protected":false},"featured_media":354447,"template":"","meta":[],"product_brand":[358],"product_cat":[12998],"product_tag":[],"class_list":{"0":"post-365749","1":"product","2":"type-product","3":"status-publish","4":"has-post-thumbnail","6":"product_brand-giropes","7":"product_cat-egyeb-termekek","9":"first","10":"instock","11":"featured","12":"shipping-taxable","13":"product-type-simple"},"_links":{"self":[{"href":"https:\/\/staging.met-industry.hu\/en\/wp-json\/wp\/v2\/product\/365749","targetHints":{"allow":["GET"]}}],"collection":[{"href":"https:\/\/staging.met-industry.hu\/en\/wp-json\/wp\/v2\/product"}],"about":[{"href":"https:\/\/staging.met-industry.hu\/en\/wp-json\/wp\/v2\/types\/product"}],"version-history":[{"count":0,"href":"https:\/\/staging.met-industry.hu\/en\/wp-json\/wp\/v2\/product\/365749\/revisions"}],"wp:featuredmedia":[{"embeddable":true,"href":"https:\/\/staging.met-industry.hu\/en\/wp-json\/wp\/v2\/media\/354447"}],"wp:attachment":[{"href":"https:\/\/staging.met-industry.hu\/en\/wp-json\/wp\/v2\/media?parent=365749"}],"wp:term":[{"taxonomy":"product_brand","embeddable":true,"href":"https:\/\/staging.met-industry.hu\/en\/wp-json\/wp\/v2\/product_brand?post=365749"},{"taxonomy":"product_cat","embeddable":true,"href":"https:\/\/staging.met-industry.hu\/en\/wp-json\/wp\/v2\/product_cat?post=365749"},{"taxonomy":"product_tag","embeddable":true,"href":"https:\/\/staging.met-industry.hu\/en\/wp-json\/wp\/v2\/product_tag?post=365749"}],"curies":[{"name":"wp","href":"https:\/\/api.w.org\/{rel}","templated":true}]}}