{"id":365815,"date":"2026-03-18T13:38:45","date_gmt":"2026-03-18T11:38:45","guid":{"rendered":"https:\/\/staging.met-industry.hu\/?post_type=product&#038;p=365815"},"modified":"2026-03-18T13:38:51","modified_gmt":"2026-03-18T11:38:51","slug":"ptc","status":"publish","type":"product","link":"https:\/\/staging.met-industry.hu\/en\/uzlet\/ptc\/","title":{"rendered":"PTC"},"content":{"rendered":"<div class=\"sajat-markdown-content\">\n<h3>PTC Industrial Platform Scale \u2013 Robust and Precise Weighing Solution<\/h3>\n<p>The PTC series industrial platform scale family is designed for reliable and high-precision weighing in the most demanding environments. The massive, tubular structure ensures excellent stability, whether for spot loads or evenly distributed loads. The platform must be installed on the floor using four mounting plates, which guarantees measurement accuracy by preventing the scale from moving.<\/p>\n<h4>Excellent Quality Design and Durability<\/h4>\n<p>For durability and long service life, the surface treatment of the platforms has undergone significant development. The high-quality, satin-finish painting process provides increased resistance against wear and environmental effects, ensuring that PTC platforms maintain their reliability in the long term.<\/p>\n<p>PTC platforms are available in three types of construction, flexibly adapting to different industrial requirements:<\/p>\n<ol>\n<li><strong>Painted:<\/strong> Painted structure and sheet metal covering.<\/li>\n<li><strong>Mixed:<\/strong> Painted structure and stainless steel sheet covering.<\/li>\n<li><strong>Inox AISI 304:<\/strong> Completely AISI 304 stainless steel construction (with painted structure).<\/li>\n<\/ol>\n<h4>Technical Characteristics and Load Cells<\/h4>\n<p>A m\u00e9r\u00e9si pontoss\u00e1got n\u00e9gy darab, kiv\u00e1l\u00f3 min\u0151s\u00e9g\u0171 terhel\u00e9s\u00e9rz\u00e9kel\u0151 garant\u00e1lja. A v\u00e1lasztott kivitel hat\u00e1rozza meg a be\u00e9p\u00edtett \u00e9rz\u00e9kel\u0151 t\u00edpus\u00e1t:<\/p>\n<ul>\n<li><strong>PTC Stainless Steel Model (Inox):<\/strong> A <strong>G5i<\/strong> is equipped with a load cell. This model is ideal for wet and demanding environments, as it <strong>IP69k<\/strong> has protection. Furthermore, this sensor is <strong>verifiable<\/strong>.<\/li>\n<li><strong>PTC Painted or Mixed Model:<\/strong> A <strong>G5n<\/strong> ny\u00edr\u00f3szil\u00e1rds\u00e1g\u00fa terhel\u00e9s\u00e9rz\u00e9kel\u0151vel van felszerelve. Ez a modell nikkelezett ac\u00e9lb\u00f3l k\u00e9sz\u00fcl, \u00e9s l\u00e9zerhegeszt\u00e9ssel hermetikusan z\u00e1rt.<\/li>\n<\/ul>\n<h5>Installation Options<\/h5>\n<p>PTC platforms offer flexible installation options:<\/p>\n<ul>\n<li><strong>F\u00f6ld feletti telep\u00edt\u00e9s:<\/strong> An optional ramp is available to facilitate easy loading with a forklift or pallet jack.<\/li>\n<li><strong>S\u00fcllyesztett telep\u00edt\u00e9s:<\/strong> S\u00fcllyesztett be\u00e9p\u00edt\u00e9shez keret vagy tok biztos\u00edtott a perem kialak\u00edt\u00e1s\u00e1hoz.<\/li>\n<\/ul>\n<h5>Optional Accessories for Transport Convenience<\/h5>\n<p>Optionally for facilitating the transport and movement of the platforms <strong>\u201eU\u201d profile conveyor accessory<\/strong> rendelhet\u0151, amely egyben extra stabilit\u00e1st is ny\u00fajt a platformnak.<\/p>\n<h4>Capacities and Dimensions<\/h4>\n<p>The PTC platforms are available in a wide range of sizes and capacities to meet every industrial requirement:<\/p>\n<p><strong>Kapacit\u00e1sok:<\/strong> 300 kg -t\u00f3l 3000 kg -ig.<\/p>\n<p><strong>Dimensions:<\/strong> 800 x 800 mm -t\u0151l 2000 x 1500 mm -ig.<\/p>\n<table>\n<thead>\n<tr>\n<th style=\"text-align: center;\">Dimensions (mm)<\/th>\n<th style=\"text-align: center;\">Capacity (kg)<\/th>\n<th style=\"text-align: center;\">Division value (g) \u2013 Painted<\/th>\n<th style=\"text-align: center;\">Division value (g) \u2013 Mixed<\/th>\n<th style=\"text-align: center;\">Division value (g) \u2013 Inox AISI 304<\/th>\n<\/tr>\n<\/thead>\n<tbody>\n<tr>\n<td style=\"text-align: center;\">800 x 800<\/td>\n<td style=\"text-align: center;\">300<\/td>\n<td style=\"text-align: center;\">100<\/td>\n<td style=\"text-align: center;\">\u00b7\u00b7\u00b7<\/td>\n<td style=\"text-align: center;\">\u00b7\u00b7\u00b7<\/td>\n<\/tr>\n<tr>\n<td style=\"text-align: center;\">800 x 800<\/td>\n<td style=\"text-align: center;\">600<\/td>\n<td style=\"text-align: center;\">200<\/td>\n<td style=\"text-align: center;\">\u00b7\u00b7\u00b7<\/td>\n<td style=\"text-align: center;\">\u00b7\u00b7\u00b7<\/td>\n<\/tr>\n<tr>\n<td style=\"text-align: center;\">1000 x 1000<\/td>\n<td style=\"text-align: center;\">300<\/td>\n<td style=\"text-align: center;\">100<\/td>\n<td style=\"text-align: center;\">\u00b7\u00b7\u00b7<\/td>\n<td style=\"text-align: center;\">\u00b7\u00b7\u00b7<\/td>\n<\/tr>\n<tr>\n<td style=\"text-align: center;\">1000 x 1000<\/td>\n<td style=\"text-align: center;\">600<\/td>\n<td style=\"text-align: center;\">200<\/td>\n<td style=\"text-align: center;\">\u00b7\u00b7\u00b7<\/td>\n<td style=\"text-align: center;\">\u00b7\u00b7\u00b7<\/td>\n<\/tr>\n<tr>\n<td style=\"text-align: center;\">1250 x 1000<\/td>\n<td style=\"text-align: center;\">600<\/td>\n<td style=\"text-align: center;\">200<\/td>\n<td style=\"text-align: center;\">\u00b7\u00b7\u00b7<\/td>\n<td style=\"text-align: center;\">\u00b7\u00b7\u00b7<\/td>\n<\/tr>\n<tr>\n<td style=\"text-align: center;\">1250 x 1000<\/td>\n<td style=\"text-align: center;\">1500<\/td>\n<td style=\"text-align: center;\">500<\/td>\n<td style=\"text-align: center;\">\u00b7\u00b7\u00b7<\/td>\n<td style=\"text-align: center;\">\u00b7\u00b7\u00b7<\/td>\n<\/tr>\n<tr>\n<td style=\"text-align: center;\">1250 x 1000<\/td>\n<td style=\"text-align: center;\">3000<\/td>\n<td style=\"text-align: center;\">1000<\/td>\n<td style=\"text-align: center;\">\u00b7\u00b7\u00b7<\/td>\n<td style=\"text-align: center;\">\u00b7\u00b7\u00b7<\/td>\n<\/tr>\n<tr>\n<td style=\"text-align: center;\">1250 x 1250<\/td>\n<td style=\"text-align: center;\">600<\/td>\n<td style=\"text-align: center;\">200<\/td>\n<td style=\"text-align: center;\">\u00b7\u00b7\u00b7<\/td>\n<td style=\"text-align: center;\">\u00b7\u00b7\u00b7<\/td>\n<\/tr>\n<tr>\n<td style=\"text-align: center;\">1250 x 1250<\/td>\n<td style=\"text-align: center;\">1500<\/td>\n<td style=\"text-align: center;\">500<\/td>\n<td style=\"text-align: center;\">\u00b7\u00b7\u00b7<\/td>\n<td style=\"text-align: center;\">\u00b7\u00b7\u00b7<\/td>\n<\/tr>\n<tr>\n<td style=\"text-align: center;\">1250 x 1250<\/td>\n<td style=\"text-align: center;\">3000<\/td>\n<td style=\"text-align: center;\">1000<\/td>\n<td style=\"text-align: center;\">\u00b7\u00b7\u00b7<\/td>\n<td style=\"text-align: center;\">\u00b7\u00b7\u00b7<\/td>\n<\/tr>\n<tr>\n<td style=\"text-align: center;\">1500 x 1250<\/td>\n<td style=\"text-align: center;\">600<\/td>\n<td style=\"text-align: center;\">200<\/td>\n<td style=\"text-align: center;\">\u00b7\u00b7\u00b7<\/td>\n<td style=\"text-align: center;\">\u00b7\u00b7\u00b7<\/td>\n<\/tr>\n<tr>\n<td style=\"text-align: center;\">1500 x 1250<\/td>\n<td style=\"text-align: center;\">1500<\/td>\n<td style=\"text-align: center;\">500<\/td>\n<td style=\"text-align: center;\">\u00b7\u00b7\u00b7<\/td>\n<td style=\"text-align: center;\">\u00b7\u00b7\u00b7<\/td>\n<\/tr>\n<tr>\n<td style=\"text-align: center;\">1500 x 1250<\/td>\n<td style=\"text-align: center;\">3000<\/td>\n<td style=\"text-align: center;\">1000<\/td>\n<td style=\"text-align: center;\">\u00b7\u00b7\u00b7<\/td>\n<td style=\"text-align: center;\">\u00b7\u00b7\u00b7<\/td>\n<\/tr>\n<tr>\n<td style=\"text-align: center;\">1500 x 1500<\/td>\n<td style=\"text-align: center;\">1500<\/td>\n<td style=\"text-align: center;\">500<\/td>\n<td style=\"text-align: center;\">\u00b7\u00b7\u00b7<\/td>\n<td style=\"text-align: center;\">\u00b7\u00b7\u00b7<\/td>\n<\/tr>\n<tr>\n<td style=\"text-align: center;\">1500 x 1500<\/td>\n<td style=\"text-align: center;\">3000<\/td>\n<td style=\"text-align: center;\">1000<\/td>\n<td style=\"text-align: center;\">\u00b7\u00b7\u00b7<\/td>\n<td style=\"text-align: center;\">\u00b7\u00b7\u00b7<\/td>\n<\/tr>\n<tr>\n<td style=\"text-align: center;\">2000 x 1500<\/td>\n<td style=\"text-align: center;\">1500<\/td>\n<td style=\"text-align: center;\">500<\/td>\n<td style=\"text-align: center;\">\u00b7\u00b7\u00b7<\/td>\n<td style=\"text-align: center;\">\u00b7\u00b7\u00b7<\/td>\n<\/tr>\n<tr>\n<td style=\"text-align: center;\">2000 x 1500<\/td>\n<td style=\"text-align: center;\">3000<\/td>\n<td style=\"text-align: center;\">1000<\/td>\n<td style=\"text-align: center;\">\u00b7\u00b7\u00b7<\/td>\n<td style=\"text-align: center;\">\u00b7\u00b7\u00b7<\/td>\n<\/tr>\n<\/tbody>\n<\/table>\n<p><em>Note: In the table, the notation \u201e\u00b7\u00b7\u00b7\u201d indicates that the specific version (Mixed or Inox) is not available for the given size-capacity combination, or the division might be different, but according to standard specifications, the above values are authoritative with G5i\/G5n load cells.<\/em><\/p>\n<h4>Accessories for the Complete Weighing System<\/h4>\n<p>A PTC platformok testre szabhat\u00f3s\u00e1g\u00e1t kieg\u00e9sz\u00edt\u0151k sz\u00e9les v\u00e1laszt\u00e9ka biztos\u00edtja, amelyekkel egyedi megold\u00e1sok hozhat\u00f3k l\u00e9tre:<\/p>\n<ul>\n<li><strong>Column:<\/strong> Columns for indicator (display) placement.<\/li>\n<li><strong>U Sz\u00e1ll\u00edt\u00e1si Kieg\u00e9sz\u00edt\u0151:<\/strong> Accessory that assists in platform transport.<\/li>\n<li><strong>Horganyzott g\u00f6rg\u0151k:<\/strong> For BMC systems, for better insulation of the sensor against external environmental influences.<\/li>\n<li><strong>Platform r\u00e1mp\u00e1k:<\/strong> To facilitate access to the PTC-B4C-WPI type weighing surface.<\/li>\n<li><strong>Platform f\u00fclk\u00e9k:<\/strong> For PTC-WPL-B4C-WPI types.<\/li>\n<li><strong>\u00c1sott keret:<\/strong> Sz\u00f6gac\u00e9lb\u00f3l k\u00e9sz\u00fclt keret, amely a s\u00fcllyesztett \u00e1rok \u00e9p\u00edt\u00e9s\u00e9nek befejez\u00e9s\u00e9hez sz\u00fcks\u00e9ges.<\/li>\n<\/ul>\n<h4>Integrated Weighing Solutions and Software<\/h4>\n<p>The platforms can be integrated into complete weighing control systems with displays, repeaters, and software. The expert team provides assistance in the <strong>GISCALE<\/strong> program integr\u00e1l\u00e1s\u00e1ban, amely testre szabhat\u00f3 a specifikus ig\u00e9nyekhez a m\u00e9r\u00e9sadatok hat\u00e9kony kezel\u00e9se \u00e9s elemz\u00e9se \u00e9rdek\u00e9ben.<\/p>\n<h5>Recommended Indicators (Displays)<\/h5>\n<p>Several display options are available for the system, which perform different functions:<\/p>\n<ul>\n<li><strong>GI400-EX:<\/strong> Weight indicator for explosive atmospheres (ATEX Zone 2 and 22, Group II, Category 3). With IP68 protection and numerous functions.<\/li>\n<li><strong>GI410i LCD PRINT:<\/strong> Numerikus kijelz\u0151 nyomtat\u00f3val, darabsz\u00e1ml\u00e1l\u00e1si \u00e9s ellen\u0151rz\u0151 m\u00e9r\u00e9si funkci\u00f3kkal. 8 el\u0151re defini\u00e1lt \u00e9s 1 testre szabhat\u00f3 bizonylat form\u00e1tummal.<\/li>\n<li><strong>GI400 BAT LI ION:<\/strong> S\u00faly\/t\u00e1ra kijelz\u0151 LCD kijelz\u0151vel, ABS vagy rozsdamentes ac\u00e9l h\u00e1zzal. L\u00edtium-ion akkumul\u00e1torral, ak\u00e1r 8 \u00f3r\u00e1s intenz\u00edv haszn\u00e1latot biztos\u00edt egy t\u00f6lt\u00e9ssel.<\/li>\n<li><strong>GI400i LCD STAINLESS STEEL:<\/strong> S\u00faly\/t\u00e1ra kijelz\u0151 mem\u00f3ri\u00e1val ak\u00e1r 6 manu\u00e1lisan bevezetett t\u00e9tel (t\u00e1ra mem\u00f3ria) t\u00e1rol\u00e1s\u00e1ra. Bizonylatok nyomtat\u00e1sa ak\u00e1r 8 k\u00fcl\u00f6nb\u00f6z\u0151 form\u00e1tumban \u00e9s t\u00f6bb nyelven.<\/li>\n<\/ul>\n<h5>Software Control<\/h5>\n<ul>\n<li><strong>Giscale:<\/strong> A Giropes Solutions div\u00edzi\u00f3 \u00e1ltal tervezett \u00e9s implement\u00e1lt szoftver, amely teljes k\u00f6r\u0171 kontrollt biztos\u00edt az ipari m\u00e9r\u0151rendszerek felett a gy\u00e1rt\u00e1si folyamatokban.<\/li>\n<\/ul>\n<p>The PTC platforms offer the perfect combination of precision, robust design, and modular expandability to meet the highest requirements of industrial weighing.<\/p>\n<\/div>","protected":false},"excerpt":{"rendered":"<p>PTC Platform M\u00e9rleg: Robusztus, prec\u00edz ipari m\u00e9r\u00e9s 300-3000 kg -ig. **Maxim\u00e1lis stabilit\u00e1s \u00e9s hossz\u00fa \u00e9lettartam** a szat\u00e9n f\u00e9ny\u0171 fest\u00e9snek k\u00f6sz\u00f6nhet\u0151en!<\/p>","protected":false},"featured_media":354248,"template":"","meta":[],"product_brand":[358],"product_cat":[12998],"product_tag":[],"class_list":{"0":"post-365815","1":"product","2":"type-product","3":"status-publish","4":"has-post-thumbnail","6":"product_brand-giropes","7":"product_cat-egyeb-termekek","9":"first","10":"instock","11":"featured","12":"shipping-taxable","13":"product-type-simple"},"_links":{"self":[{"href":"https:\/\/staging.met-industry.hu\/en\/wp-json\/wp\/v2\/product\/365815","targetHints":{"allow":["GET"]}}],"collection":[{"href":"https:\/\/staging.met-industry.hu\/en\/wp-json\/wp\/v2\/product"}],"about":[{"href":"https:\/\/staging.met-industry.hu\/en\/wp-json\/wp\/v2\/types\/product"}],"version-history":[{"count":0,"href":"https:\/\/staging.met-industry.hu\/en\/wp-json\/wp\/v2\/product\/365815\/revisions"}],"wp:featuredmedia":[{"embeddable":true,"href":"https:\/\/staging.met-industry.hu\/en\/wp-json\/wp\/v2\/media\/354248"}],"wp:attachment":[{"href":"https:\/\/staging.met-industry.hu\/en\/wp-json\/wp\/v2\/media?parent=365815"}],"wp:term":[{"taxonomy":"product_brand","embeddable":true,"href":"https:\/\/staging.met-industry.hu\/en\/wp-json\/wp\/v2\/product_brand?post=365815"},{"taxonomy":"product_cat","embeddable":true,"href":"https:\/\/staging.met-industry.hu\/en\/wp-json\/wp\/v2\/product_cat?post=365815"},{"taxonomy":"product_tag","embeddable":true,"href":"https:\/\/staging.met-industry.hu\/en\/wp-json\/wp\/v2\/product_tag?post=365815"}],"curies":[{"name":"wp","href":"https:\/\/api.w.org\/{rel}","templated":true}]}}